


{"id":78855,"date":"2022-06-13T14:52:51","date_gmt":"2022-06-13T12:52:51","guid":{"rendered":"https:\/\/www.icon-icon.com\/?post_type=product&#038;p=78855"},"modified":"2022-06-13T14:56:51","modified_gmt":"2022-06-13T12:56:51","slug":"le-pourquoi-pas-hotel-castelbrac","status":"publish","type":"product","link":"https:\/\/www.icon-icon.com\/en\/produit\/le-pourquoi-pas-hotel-castelbrac\/","title":{"rendered":"Le Pourquoi Pas &#8211; H\u00f4tel Castelbrac"},"content":{"rendered":"","protected":false},"excerpt":{"rendered":"<p><b>Avis d\u2019Icon-Icon :\u00a0<\/b><\/p>\n<p>Une \u00e9toile Michelin pour ce restaurant au cadre idyllique, baign\u00e9 par la mer. Le Guide Michelin, qui le couronne, note ainsi: \u00ab\u00a0Le restaurant de l&#8217;h\u00f4tel Castelbrac porte le nom du bateau du commandant Charcot, c\u00e9l\u00e8bre explorateur des zones polaires. N\u00e9 \u00e0 Dinan, le chef Julien Hennote a lui aussi explor\u00e9 d\u2019autres horizons (culinaires), comme ceux de la C\u00f4te d\u2019Azur et m\u00eame de la Polyn\u00e9sie. En cuisine, il privil\u00e9gie les produits du terroir et la p\u00eache c\u00f4ti\u00e8re durable (coquilles Saint-Jacques et ormeaux de plong\u00e9e, homard, algues) dans le respect des ressources. Ses recettes, ambitieuses, s&#8217;av\u00e8rent \u00e9l\u00e9gantes et savoureuses. Mention sp\u00e9ciale pour les d\u00e9licieux desserts.\u00a0\u00bb A tester donc !<\/p>\n<p><b>Restaurant : <\/b>Le Pourquoi Pas &#8211; H\u00f4tel Castelbrac &#8211; 1 \u00e9toile Michelin<\/p>\n<p><b>Adresse :<\/b> 17 Av. George V, Dinard<\/p>\n<p><b>Contacts :\u00a0<\/b>Pour toute demande d\u2019information ou de r\u00e9servation, contactez les \u00e9quipes par t\u00e9l\u00e9phone au <a href=\"https:\/\/www.google.com\/search?client=safari&amp;rls=en&amp;q=Le+Pourquoi+Pas+-+H%C3%B4tel+Castelbrac+-+1+%C3%A9toile+Michelin+dinr&amp;ie=UTF-8&amp;oe=UTF-8#\" data-dtype=\"d3ph\" data-local-attribute=\"d3ph\" data-ved=\"2ahUKEwjJxeXRu6r4AhUV_IUKHQ8WB1IQkAgoAHoECHMQAw\"><span aria-label=\"Appeler le 02 99 80 30 00\">02 99 80 30 00<\/span><\/a><\/p>\n","protected":false},"featured_media":78856,"template":"","meta":{"_acf_changed":false},"product_brand":[],"product_cat":[32847,25963,32849,27164],"product_tag":[32850,22280,32851,28709,32808,28698,22283,22281,28927,32806,30966],"class_list":{"0":"post-78855","1":"product","2":"type-product","3":"status-publish","4":"has-post-thumbnail","6":"product_cat-brittany","7":"product_cat-destinations-en","8":"product_cat-dinars-en","9":"product_cat-restaurants-en","10":"product_tag-bretagne","11":"product_tag-destination-en","12":"product_tag-dinard","13":"product_tag-experience-en","14":"product_tag-gastronomie-en","15":"product_tag-icone-en","16":"product_tag-iconique-en","17":"product_tag-luxe-en","18":"product_tag-restaurant-en","19":"product_tag-restaurant-gastronomique","20":"product_tag-voyage-en","22":"first","23":"instock","24":"product-type-external"},"acf":[],"yoast_head":"<!-- This site is optimized with the Yoast SEO plugin v27.2 - https:\/\/yoast.com\/product\/yoast-seo-wordpress\/ -->\n<title>Le Pourquoi Pas - H\u00f4tel Castelbrac - ICON-ICON<\/title>\n<meta name=\"robots\" content=\"index, follow, max-snippet:-1, max-image-preview:large, max-video-preview:-1\" \/>\n<link rel=\"canonical\" href=\"https:\/\/www.icon-icon.com\/en\/produit\/le-pourquoi-pas-hotel-castelbrac\/\" \/>\n<meta property=\"og:locale\" content=\"en_US\" \/>\n<meta property=\"og:type\" content=\"article\" \/>\n<meta property=\"og:title\" content=\"Le Pourquoi Pas - H\u00f4tel Castelbrac - ICON-ICON\" \/>\n<meta property=\"og:description\" content=\"Avis d\u2019Icon-Icon :\u00a0  Une \u00e9toile Michelin pour ce restaurant au cadre idyllique, baign\u00e9 par la mer. Le Guide Michelin, qui le couronne, note ainsi: \u00ab\u00a0Le restaurant de l&#039;h\u00f4tel Castelbrac porte le nom du bateau du commandant Charcot, c\u00e9l\u00e8bre explorateur des zones polaires. N\u00e9 \u00e0 Dinan, le chef Julien Hennote a lui aussi explor\u00e9 d\u2019autres horizons (culinaires), comme ceux de la C\u00f4te d\u2019Azur et m\u00eame de la Polyn\u00e9sie. En cuisine, il privil\u00e9gie les produits du terroir et la p\u00eache c\u00f4ti\u00e8re durable (coquilles Saint-Jacques et ormeaux de plong\u00e9e, homard, algues) dans le respect des ressources. Ses recettes, ambitieuses, s&#039;av\u00e8rent \u00e9l\u00e9gantes et savoureuses. Mention sp\u00e9ciale pour les d\u00e9licieux desserts.\u00a0\u00bb A tester donc !  Restaurant : Le Pourquoi Pas - H\u00f4tel Castelbrac - 1 \u00e9toile Michelin  Adresse : 17 Av. George V, Dinard  Contacts :\u00a0Pour toute demande d\u2019information ou de r\u00e9servation, contactez les \u00e9quipes par t\u00e9l\u00e9phone au 02 99 80 30 00\" \/>\n<meta property=\"og:url\" content=\"https:\/\/www.icon-icon.com\/en\/produit\/le-pourquoi-pas-hotel-castelbrac\/\" \/>\n<meta property=\"og:site_name\" content=\"ICON-ICON\" \/>\n<meta property=\"article:modified_time\" content=\"2022-06-13T12:56:51+00:00\" \/>\n<meta property=\"og:image\" content=\"https:\/\/www.icon-icon.com\/wp-content\/uploads\/2022\/06\/4-Le-Pourquoi-Pas_-Hotel-Castelbrac-1.jpg\" \/>\n\t<meta property=\"og:image:width\" content=\"500\" \/>\n\t<meta property=\"og:image:height\" content=\"500\" \/>\n\t<meta property=\"og:image:type\" content=\"image\/jpeg\" \/>\n<meta name=\"twitter:card\" content=\"summary_large_image\" \/>\n<script type=\"application\/ld+json\" class=\"yoast-schema-graph\">{\"@context\":\"https:\/\/schema.org\",\"@graph\":[{\"@type\":\"WebPage\",\"@id\":\"https:\/\/www.icon-icon.com\/en\/produit\/le-pourquoi-pas-hotel-castelbrac\/\",\"url\":\"https:\/\/www.icon-icon.com\/en\/produit\/le-pourquoi-pas-hotel-castelbrac\/\",\"name\":\"Le Pourquoi Pas - H\u00f4tel Castelbrac - ICON-ICON\",\"isPartOf\":{\"@id\":\"https:\/\/www.icon-icon.com\/#website\"},\"primaryImageOfPage\":{\"@id\":\"https:\/\/www.icon-icon.com\/en\/produit\/le-pourquoi-pas-hotel-castelbrac\/#primaryimage\"},\"image\":{\"@id\":\"https:\/\/www.icon-icon.com\/en\/produit\/le-pourquoi-pas-hotel-castelbrac\/#primaryimage\"},\"thumbnailUrl\":\"https:\/\/www.icon-icon.com\/wp-content\/uploads\/2022\/06\/4-Le-Pourquoi-Pas_-Hotel-Castelbrac-1.jpg\",\"datePublished\":\"2022-06-13T12:52:51+00:00\",\"dateModified\":\"2022-06-13T12:56:51+00:00\",\"breadcrumb\":{\"@id\":\"https:\/\/www.icon-icon.com\/en\/produit\/le-pourquoi-pas-hotel-castelbrac\/#breadcrumb\"},\"inLanguage\":\"en-US\",\"potentialAction\":[{\"@type\":\"ReadAction\",\"target\":[\"https:\/\/www.icon-icon.com\/en\/produit\/le-pourquoi-pas-hotel-castelbrac\/\"]}]},{\"@type\":\"ImageObject\",\"inLanguage\":\"en-US\",\"@id\":\"https:\/\/www.icon-icon.com\/en\/produit\/le-pourquoi-pas-hotel-castelbrac\/#primaryimage\",\"url\":\"https:\/\/www.icon-icon.com\/wp-content\/uploads\/2022\/06\/4-Le-Pourquoi-Pas_-Hotel-Castelbrac-1.jpg\",\"contentUrl\":\"https:\/\/www.icon-icon.com\/wp-content\/uploads\/2022\/06\/4-Le-Pourquoi-Pas_-Hotel-Castelbrac-1.jpg\",\"width\":500,\"height\":500},{\"@type\":\"BreadcrumbList\",\"@id\":\"https:\/\/www.icon-icon.com\/en\/produit\/le-pourquoi-pas-hotel-castelbrac\/#breadcrumb\",\"itemListElement\":[{\"@type\":\"ListItem\",\"position\":1,\"name\":\"Accueil\",\"item\":\"https:\/\/www.icon-icon.com\/en\/\"},{\"@type\":\"ListItem\",\"position\":2,\"name\":\"Shop\",\"item\":\"https:\/\/www.icon-icon.com\/en\/shop-2\/\"},{\"@type\":\"ListItem\",\"position\":3,\"name\":\"Le Pourquoi Pas &#8211; H\u00f4tel Castelbrac\"}]},{\"@type\":\"WebSite\",\"@id\":\"https:\/\/www.icon-icon.com\/#website\",\"url\":\"https:\/\/www.icon-icon.com\/\",\"name\":\"ICON-ICON\",\"description\":\"Luxury Stories\",\"potentialAction\":[{\"@type\":\"SearchAction\",\"target\":{\"@type\":\"EntryPoint\",\"urlTemplate\":\"https:\/\/www.icon-icon.com\/?s={search_term_string}\"},\"query-input\":{\"@type\":\"PropertyValueSpecification\",\"valueRequired\":true,\"valueName\":\"search_term_string\"}}],\"inLanguage\":\"en-US\"}]}<\/script>\n<!-- \/ Yoast SEO plugin. -->","yoast_head_json":{"title":"Le Pourquoi Pas - H\u00f4tel Castelbrac - ICON-ICON","robots":{"index":"index","follow":"follow","max-snippet":"max-snippet:-1","max-image-preview":"max-image-preview:large","max-video-preview":"max-video-preview:-1"},"canonical":"https:\/\/www.icon-icon.com\/en\/produit\/le-pourquoi-pas-hotel-castelbrac\/","og_locale":"en_US","og_type":"article","og_title":"Le Pourquoi Pas - H\u00f4tel Castelbrac - ICON-ICON","og_description":"Avis d\u2019Icon-Icon :\u00a0  Une \u00e9toile Michelin pour ce restaurant au cadre idyllique, baign\u00e9 par la mer. Le Guide Michelin, qui le couronne, note ainsi: \u00ab\u00a0Le restaurant de l'h\u00f4tel Castelbrac porte le nom du bateau du commandant Charcot, c\u00e9l\u00e8bre explorateur des zones polaires. N\u00e9 \u00e0 Dinan, le chef Julien Hennote a lui aussi explor\u00e9 d\u2019autres horizons (culinaires), comme ceux de la C\u00f4te d\u2019Azur et m\u00eame de la Polyn\u00e9sie. En cuisine, il privil\u00e9gie les produits du terroir et la p\u00eache c\u00f4ti\u00e8re durable (coquilles Saint-Jacques et ormeaux de plong\u00e9e, homard, algues) dans le respect des ressources. Ses recettes, ambitieuses, s'av\u00e8rent \u00e9l\u00e9gantes et savoureuses. Mention sp\u00e9ciale pour les d\u00e9licieux desserts.\u00a0\u00bb A tester donc !  Restaurant : Le Pourquoi Pas - H\u00f4tel Castelbrac - 1 \u00e9toile Michelin  Adresse : 17 Av. George V, Dinard  Contacts :\u00a0Pour toute demande d\u2019information ou de r\u00e9servation, contactez les \u00e9quipes par t\u00e9l\u00e9phone au 02 99 80 30 00","og_url":"https:\/\/www.icon-icon.com\/en\/produit\/le-pourquoi-pas-hotel-castelbrac\/","og_site_name":"ICON-ICON","article_modified_time":"2022-06-13T12:56:51+00:00","og_image":[{"width":500,"height":500,"url":"https:\/\/www.icon-icon.com\/wp-content\/uploads\/2022\/06\/4-Le-Pourquoi-Pas_-Hotel-Castelbrac-1.jpg","type":"image\/jpeg"}],"twitter_card":"summary_large_image","schema":{"@context":"https:\/\/schema.org","@graph":[{"@type":"WebPage","@id":"https:\/\/www.icon-icon.com\/en\/produit\/le-pourquoi-pas-hotel-castelbrac\/","url":"https:\/\/www.icon-icon.com\/en\/produit\/le-pourquoi-pas-hotel-castelbrac\/","name":"Le Pourquoi Pas - H\u00f4tel Castelbrac - ICON-ICON","isPartOf":{"@id":"https:\/\/www.icon-icon.com\/#website"},"primaryImageOfPage":{"@id":"https:\/\/www.icon-icon.com\/en\/produit\/le-pourquoi-pas-hotel-castelbrac\/#primaryimage"},"image":{"@id":"https:\/\/www.icon-icon.com\/en\/produit\/le-pourquoi-pas-hotel-castelbrac\/#primaryimage"},"thumbnailUrl":"https:\/\/www.icon-icon.com\/wp-content\/uploads\/2022\/06\/4-Le-Pourquoi-Pas_-Hotel-Castelbrac-1.jpg","datePublished":"2022-06-13T12:52:51+00:00","dateModified":"2022-06-13T12:56:51+00:00","breadcrumb":{"@id":"https:\/\/www.icon-icon.com\/en\/produit\/le-pourquoi-pas-hotel-castelbrac\/#breadcrumb"},"inLanguage":"en-US","potentialAction":[{"@type":"ReadAction","target":["https:\/\/www.icon-icon.com\/en\/produit\/le-pourquoi-pas-hotel-castelbrac\/"]}]},{"@type":"ImageObject","inLanguage":"en-US","@id":"https:\/\/www.icon-icon.com\/en\/produit\/le-pourquoi-pas-hotel-castelbrac\/#primaryimage","url":"https:\/\/www.icon-icon.com\/wp-content\/uploads\/2022\/06\/4-Le-Pourquoi-Pas_-Hotel-Castelbrac-1.jpg","contentUrl":"https:\/\/www.icon-icon.com\/wp-content\/uploads\/2022\/06\/4-Le-Pourquoi-Pas_-Hotel-Castelbrac-1.jpg","width":500,"height":500},{"@type":"BreadcrumbList","@id":"https:\/\/www.icon-icon.com\/en\/produit\/le-pourquoi-pas-hotel-castelbrac\/#breadcrumb","itemListElement":[{"@type":"ListItem","position":1,"name":"Accueil","item":"https:\/\/www.icon-icon.com\/en\/"},{"@type":"ListItem","position":2,"name":"Shop","item":"https:\/\/www.icon-icon.com\/en\/shop-2\/"},{"@type":"ListItem","position":3,"name":"Le Pourquoi Pas &#8211; H\u00f4tel Castelbrac"}]},{"@type":"WebSite","@id":"https:\/\/www.icon-icon.com\/#website","url":"https:\/\/www.icon-icon.com\/","name":"ICON-ICON","description":"Luxury Stories","potentialAction":[{"@type":"SearchAction","target":{"@type":"EntryPoint","urlTemplate":"https:\/\/www.icon-icon.com\/?s={search_term_string}"},"query-input":{"@type":"PropertyValueSpecification","valueRequired":true,"valueName":"search_term_string"}}],"inLanguage":"en-US"}]}},"_links":{"self":[{"href":"https:\/\/www.icon-icon.com\/en\/wp-json\/wp\/v2\/product\/78855","targetHints":{"allow":["GET"]}}],"collection":[{"href":"https:\/\/www.icon-icon.com\/en\/wp-json\/wp\/v2\/product"}],"about":[{"href":"https:\/\/www.icon-icon.com\/en\/wp-json\/wp\/v2\/types\/product"}],"wp:featuredmedia":[{"embeddable":true,"href":"https:\/\/www.icon-icon.com\/en\/wp-json\/wp\/v2\/media\/78856"}],"wp:attachment":[{"href":"https:\/\/www.icon-icon.com\/en\/wp-json\/wp\/v2\/media?parent=78855"}],"wp:term":[{"taxonomy":"product_brand","embeddable":true,"href":"https:\/\/www.icon-icon.com\/en\/wp-json\/wp\/v2\/product_brand?post=78855"},{"taxonomy":"product_cat","embeddable":true,"href":"https:\/\/www.icon-icon.com\/en\/wp-json\/wp\/v2\/product_cat?post=78855"},{"taxonomy":"product_tag","embeddable":true,"href":"https:\/\/www.icon-icon.com\/en\/wp-json\/wp\/v2\/product_tag?post=78855"}],"curies":[{"name":"wp","href":"https:\/\/api.w.org\/{rel}","templated":true}]}}