


{"id":78790,"date":"2022-06-13T12:13:11","date_gmt":"2022-06-13T10:13:11","guid":{"rendered":"https:\/\/www.icon-icon.com\/?post_type=product&#038;p=78790"},"modified":"2022-06-13T12:15:40","modified_gmt":"2022-06-13T10:15:40","slug":"le-pavillon-hotel-westminster","status":"publish","type":"product","link":"https:\/\/www.icon-icon.com\/en\/produit\/le-pavillon-hotel-westminster\/","title":{"rendered":"Le Pavillon &#8211; H\u00f4tel Westminster"},"content":{"rendered":"","protected":false},"excerpt":{"rendered":"<p><b>Avis d\u2019Icon-Icon :\u00a0<\/b><\/p>\n<p>Epicentre du go\u00fbt des ann\u00e9es 30, il conserve aujourd\u2019hui tout de ce panache. En cuisine, on se d\u00e9lecte des associations terre\/mer, port\u00e9es par la cuisine &#8211; \u00e9toil\u00e9e &#8211; du Chef William Elliott. Le tout dans une ambiance tamis\u00e9e, avec vue sur le c\u00e9l\u00e8bre phare de La Canche.<\/p>\n<p><b>Restaurant : <\/b>Le Pavillon &#8211; H\u00f4tel Westminster &#8211; 1 \u00e9toile Michelin<\/p>\n<p><b>Adresse :<\/b> Avenue du Verger 62520, Le Touquet France<\/p>\n<p><b>Contacts :\u00a0<\/b>Pour toute demande d\u2019information ou de r\u00e9servation, contactez les \u00e9quipes par t\u00e9l\u00e9phone au +33 (0) 3 21 05 48 48<\/p>\n","protected":false},"featured_media":78791,"template":"","meta":{"_acf_changed":false},"product_brand":[],"product_cat":[25963,32804,27164],"product_tag":[28709,27956,32808,28698,22283,32807,32805,28927,32806,30966],"class_list":{"0":"post-78790","1":"product","2":"type-product","3":"status-publish","4":"has-post-thumbnail","6":"product_cat-destinations-en","7":"product_cat-le-touquet-en","8":"product_cat-restaurants-en","9":"product_tag-experience-en","10":"product_tag-france-en","11":"product_tag-gastronomie-en","12":"product_tag-icone-en","13":"product_tag-iconique-en","14":"product_tag-le-pavillon-hotel-westminster","15":"product_tag-le-touquet","16":"product_tag-restaurant-en","17":"product_tag-restaurant-gastronomique","18":"product_tag-voyage-en","20":"first","21":"instock","22":"product-type-external"},"acf":[],"yoast_head":"<!-- This site is optimized with the Yoast SEO plugin v27.2 - https:\/\/yoast.com\/product\/yoast-seo-wordpress\/ -->\n<title>Le Pavillon - H\u00f4tel Westminster - ICON-ICON<\/title>\n<meta name=\"robots\" content=\"index, follow, max-snippet:-1, max-image-preview:large, max-video-preview:-1\" \/>\n<link rel=\"canonical\" href=\"https:\/\/www.icon-icon.com\/en\/produit\/le-pavillon-hotel-westminster\/\" \/>\n<meta property=\"og:locale\" content=\"en_US\" \/>\n<meta property=\"og:type\" content=\"article\" \/>\n<meta property=\"og:title\" content=\"Le Pavillon - H\u00f4tel Westminster - ICON-ICON\" \/>\n<meta property=\"og:description\" content=\"Avis d\u2019Icon-Icon :\u00a0  Epicentre du go\u00fbt des ann\u00e9es 30, il conserve aujourd\u2019hui tout de ce panache. En cuisine, on se d\u00e9lecte des associations terre\/mer, port\u00e9es par la cuisine - \u00e9toil\u00e9e - du Chef William Elliott. Le tout dans une ambiance tamis\u00e9e, avec vue sur le c\u00e9l\u00e8bre phare de La Canche.  Restaurant : Le Pavillon - H\u00f4tel Westminster - 1 \u00e9toile Michelin  Adresse : Avenue du Verger 62520, Le Touquet France  Contacts :\u00a0Pour toute demande d\u2019information ou de r\u00e9servation, contactez les \u00e9quipes par t\u00e9l\u00e9phone au +33 (0) 3 21 05 48 48\" \/>\n<meta property=\"og:url\" content=\"https:\/\/www.icon-icon.com\/en\/produit\/le-pavillon-hotel-westminster\/\" \/>\n<meta property=\"og:site_name\" content=\"ICON-ICON\" \/>\n<meta property=\"article:modified_time\" content=\"2022-06-13T10:15:40+00:00\" \/>\n<meta property=\"og:image\" content=\"https:\/\/www.icon-icon.com\/wp-content\/uploads\/2022\/06\/7-Le-pavillion-1.jpg\" \/>\n\t<meta property=\"og:image:width\" content=\"500\" \/>\n\t<meta property=\"og:image:height\" content=\"500\" \/>\n\t<meta property=\"og:image:type\" content=\"image\/jpeg\" \/>\n<meta name=\"twitter:card\" content=\"summary_large_image\" \/>\n<script type=\"application\/ld+json\" class=\"yoast-schema-graph\">{\"@context\":\"https:\/\/schema.org\",\"@graph\":[{\"@type\":\"WebPage\",\"@id\":\"https:\/\/www.icon-icon.com\/en\/produit\/le-pavillon-hotel-westminster\/\",\"url\":\"https:\/\/www.icon-icon.com\/en\/produit\/le-pavillon-hotel-westminster\/\",\"name\":\"Le Pavillon - H\u00f4tel Westminster - ICON-ICON\",\"isPartOf\":{\"@id\":\"https:\/\/www.icon-icon.com\/#website\"},\"primaryImageOfPage\":{\"@id\":\"https:\/\/www.icon-icon.com\/en\/produit\/le-pavillon-hotel-westminster\/#primaryimage\"},\"image\":{\"@id\":\"https:\/\/www.icon-icon.com\/en\/produit\/le-pavillon-hotel-westminster\/#primaryimage\"},\"thumbnailUrl\":\"https:\/\/www.icon-icon.com\/wp-content\/uploads\/2022\/06\/7-Le-pavillion-1.jpg\",\"datePublished\":\"2022-06-13T10:13:11+00:00\",\"dateModified\":\"2022-06-13T10:15:40+00:00\",\"breadcrumb\":{\"@id\":\"https:\/\/www.icon-icon.com\/en\/produit\/le-pavillon-hotel-westminster\/#breadcrumb\"},\"inLanguage\":\"en-US\",\"potentialAction\":[{\"@type\":\"ReadAction\",\"target\":[\"https:\/\/www.icon-icon.com\/en\/produit\/le-pavillon-hotel-westminster\/\"]}]},{\"@type\":\"ImageObject\",\"inLanguage\":\"en-US\",\"@id\":\"https:\/\/www.icon-icon.com\/en\/produit\/le-pavillon-hotel-westminster\/#primaryimage\",\"url\":\"https:\/\/www.icon-icon.com\/wp-content\/uploads\/2022\/06\/7-Le-pavillion-1.jpg\",\"contentUrl\":\"https:\/\/www.icon-icon.com\/wp-content\/uploads\/2022\/06\/7-Le-pavillion-1.jpg\",\"width\":500,\"height\":500},{\"@type\":\"BreadcrumbList\",\"@id\":\"https:\/\/www.icon-icon.com\/en\/produit\/le-pavillon-hotel-westminster\/#breadcrumb\",\"itemListElement\":[{\"@type\":\"ListItem\",\"position\":1,\"name\":\"Accueil\",\"item\":\"https:\/\/www.icon-icon.com\/en\/\"},{\"@type\":\"ListItem\",\"position\":2,\"name\":\"Shop\",\"item\":\"https:\/\/www.icon-icon.com\/en\/shop-2\/\"},{\"@type\":\"ListItem\",\"position\":3,\"name\":\"Le Pavillon &#8211; H\u00f4tel Westminster\"}]},{\"@type\":\"WebSite\",\"@id\":\"https:\/\/www.icon-icon.com\/#website\",\"url\":\"https:\/\/www.icon-icon.com\/\",\"name\":\"ICON-ICON\",\"description\":\"Luxury Stories\",\"potentialAction\":[{\"@type\":\"SearchAction\",\"target\":{\"@type\":\"EntryPoint\",\"urlTemplate\":\"https:\/\/www.icon-icon.com\/?s={search_term_string}\"},\"query-input\":{\"@type\":\"PropertyValueSpecification\",\"valueRequired\":true,\"valueName\":\"search_term_string\"}}],\"inLanguage\":\"en-US\"}]}<\/script>\n<!-- \/ Yoast SEO plugin. -->","yoast_head_json":{"title":"Le Pavillon - H\u00f4tel Westminster - ICON-ICON","robots":{"index":"index","follow":"follow","max-snippet":"max-snippet:-1","max-image-preview":"max-image-preview:large","max-video-preview":"max-video-preview:-1"},"canonical":"https:\/\/www.icon-icon.com\/en\/produit\/le-pavillon-hotel-westminster\/","og_locale":"en_US","og_type":"article","og_title":"Le Pavillon - H\u00f4tel Westminster - ICON-ICON","og_description":"Avis d\u2019Icon-Icon :\u00a0  Epicentre du go\u00fbt des ann\u00e9es 30, il conserve aujourd\u2019hui tout de ce panache. En cuisine, on se d\u00e9lecte des associations terre\/mer, port\u00e9es par la cuisine - \u00e9toil\u00e9e - du Chef William Elliott. Le tout dans une ambiance tamis\u00e9e, avec vue sur le c\u00e9l\u00e8bre phare de La Canche.  Restaurant : Le Pavillon - H\u00f4tel Westminster - 1 \u00e9toile Michelin  Adresse : Avenue du Verger 62520, Le Touquet France  Contacts :\u00a0Pour toute demande d\u2019information ou de r\u00e9servation, contactez les \u00e9quipes par t\u00e9l\u00e9phone au +33 (0) 3 21 05 48 48","og_url":"https:\/\/www.icon-icon.com\/en\/produit\/le-pavillon-hotel-westminster\/","og_site_name":"ICON-ICON","article_modified_time":"2022-06-13T10:15:40+00:00","og_image":[{"width":500,"height":500,"url":"https:\/\/www.icon-icon.com\/wp-content\/uploads\/2022\/06\/7-Le-pavillion-1.jpg","type":"image\/jpeg"}],"twitter_card":"summary_large_image","schema":{"@context":"https:\/\/schema.org","@graph":[{"@type":"WebPage","@id":"https:\/\/www.icon-icon.com\/en\/produit\/le-pavillon-hotel-westminster\/","url":"https:\/\/www.icon-icon.com\/en\/produit\/le-pavillon-hotel-westminster\/","name":"Le Pavillon - H\u00f4tel Westminster - ICON-ICON","isPartOf":{"@id":"https:\/\/www.icon-icon.com\/#website"},"primaryImageOfPage":{"@id":"https:\/\/www.icon-icon.com\/en\/produit\/le-pavillon-hotel-westminster\/#primaryimage"},"image":{"@id":"https:\/\/www.icon-icon.com\/en\/produit\/le-pavillon-hotel-westminster\/#primaryimage"},"thumbnailUrl":"https:\/\/www.icon-icon.com\/wp-content\/uploads\/2022\/06\/7-Le-pavillion-1.jpg","datePublished":"2022-06-13T10:13:11+00:00","dateModified":"2022-06-13T10:15:40+00:00","breadcrumb":{"@id":"https:\/\/www.icon-icon.com\/en\/produit\/le-pavillon-hotel-westminster\/#breadcrumb"},"inLanguage":"en-US","potentialAction":[{"@type":"ReadAction","target":["https:\/\/www.icon-icon.com\/en\/produit\/le-pavillon-hotel-westminster\/"]}]},{"@type":"ImageObject","inLanguage":"en-US","@id":"https:\/\/www.icon-icon.com\/en\/produit\/le-pavillon-hotel-westminster\/#primaryimage","url":"https:\/\/www.icon-icon.com\/wp-content\/uploads\/2022\/06\/7-Le-pavillion-1.jpg","contentUrl":"https:\/\/www.icon-icon.com\/wp-content\/uploads\/2022\/06\/7-Le-pavillion-1.jpg","width":500,"height":500},{"@type":"BreadcrumbList","@id":"https:\/\/www.icon-icon.com\/en\/produit\/le-pavillon-hotel-westminster\/#breadcrumb","itemListElement":[{"@type":"ListItem","position":1,"name":"Accueil","item":"https:\/\/www.icon-icon.com\/en\/"},{"@type":"ListItem","position":2,"name":"Shop","item":"https:\/\/www.icon-icon.com\/en\/shop-2\/"},{"@type":"ListItem","position":3,"name":"Le Pavillon &#8211; H\u00f4tel Westminster"}]},{"@type":"WebSite","@id":"https:\/\/www.icon-icon.com\/#website","url":"https:\/\/www.icon-icon.com\/","name":"ICON-ICON","description":"Luxury Stories","potentialAction":[{"@type":"SearchAction","target":{"@type":"EntryPoint","urlTemplate":"https:\/\/www.icon-icon.com\/?s={search_term_string}"},"query-input":{"@type":"PropertyValueSpecification","valueRequired":true,"valueName":"search_term_string"}}],"inLanguage":"en-US"}]}},"_links":{"self":[{"href":"https:\/\/www.icon-icon.com\/en\/wp-json\/wp\/v2\/product\/78790","targetHints":{"allow":["GET"]}}],"collection":[{"href":"https:\/\/www.icon-icon.com\/en\/wp-json\/wp\/v2\/product"}],"about":[{"href":"https:\/\/www.icon-icon.com\/en\/wp-json\/wp\/v2\/types\/product"}],"wp:featuredmedia":[{"embeddable":true,"href":"https:\/\/www.icon-icon.com\/en\/wp-json\/wp\/v2\/media\/78791"}],"wp:attachment":[{"href":"https:\/\/www.icon-icon.com\/en\/wp-json\/wp\/v2\/media?parent=78790"}],"wp:term":[{"taxonomy":"product_brand","embeddable":true,"href":"https:\/\/www.icon-icon.com\/en\/wp-json\/wp\/v2\/product_brand?post=78790"},{"taxonomy":"product_cat","embeddable":true,"href":"https:\/\/www.icon-icon.com\/en\/wp-json\/wp\/v2\/product_cat?post=78790"},{"taxonomy":"product_tag","embeddable":true,"href":"https:\/\/www.icon-icon.com\/en\/wp-json\/wp\/v2\/product_tag?post=78790"}],"curies":[{"name":"wp","href":"https:\/\/api.w.org\/{rel}","templated":true}]}}