


{"id":78065,"date":"2022-05-31T12:27:25","date_gmt":"2022-05-31T14:40:15","guid":{"rendered":"https:\/\/www.icon-icon.com\/produit\/morrocan-fare-la-maison-arabe\/"},"modified":"2022-05-31T16:40:15","modified_gmt":"2022-05-31T14:40:15","slug":"morrocan-fare-la-maison-arabe-2","status":"publish","type":"product","link":"https:\/\/www.icon-icon.com\/en\/produit\/morrocan-fare-la-maison-arabe-2\/","title":{"rendered":"Morrocan Fare &#8211; La Maison Arabe"},"content":{"rendered":"","protected":false},"excerpt":{"rendered":"<p><b>Icon-Icon Opinion : <\/b><\/p>\n<p>A restaurant nesteled in an than100 years old setting- the restaurant of La Maison Arabe offers a culinary refined experience which celebrates the enticingfinesse of Moroccan cuisine. A setting where the nature pours its absolute charm intoa Riad adorned with doors of ancient palace and Italian lamps under a somptuous Zukah celling&#8230;<\/p>\n<p><b>Restaurant : <\/b>Morrocan Fare \u00e0 la Maison Arabe<\/p>\n<p><b>Address :<\/b> 1, Derb Assehb\u00e9, Bab Doukkala, Marrakech M\u00e9dina, Morocco<\/p>\n<p><b>Contacts : <\/b>For any information or reservation request, please contact the teams by phone at +212 524 38 70 10<\/p>\n","protected":false},"featured_media":77991,"template":"","meta":{"_acf_changed":false},"product_brand":[],"product_cat":[25963,30028,25961,30026,27164],"product_tag":[28709,26945,28698,22283,32513,22281,32500,32499,32514,28927,30966],"class_list":{"0":"post-78065","1":"product","2":"type-product","3":"status-publish","4":"has-post-thumbnail","6":"product_cat-destinations-en","7":"product_cat-gastronomic-restaurant-marrakech","8":"product_cat-lifestyle-en","9":"product_cat-marocco","10":"product_cat-restaurants-en","11":"product_tag-experience-en","12":"product_tag-gastronomy","13":"product_tag-icone-en","14":"product_tag-iconique-en","15":"product_tag-la-maison-arabe-en","16":"product_tag-luxe-en","17":"product_tag-marrakech-en","18":"product_tag-morocco","19":"product_tag-morrocan-fare-en","20":"product_tag-restaurant-en","21":"product_tag-voyage-en","23":"first","24":"instock","25":"product-type-external"},"acf":[],"yoast_head":"<!-- This site is optimized with the Yoast SEO plugin v27.2 - https:\/\/yoast.com\/product\/yoast-seo-wordpress\/ -->\n<title>Morrocan Fare - La Maison Arabe - ICON-ICON<\/title>\n<meta name=\"robots\" content=\"index, follow, max-snippet:-1, max-image-preview:large, max-video-preview:-1\" \/>\n<link rel=\"canonical\" href=\"https:\/\/www.icon-icon.com\/en\/produit\/morrocan-fare-la-maison-arabe-2\/\" \/>\n<meta property=\"og:locale\" content=\"en_US\" \/>\n<meta property=\"og:type\" content=\"article\" \/>\n<meta property=\"og:title\" content=\"Morrocan Fare - La Maison Arabe - ICON-ICON\" \/>\n<meta property=\"og:description\" content=\"Icon-Icon Opinion :  A restaurant nesteled in an than100 years old setting- the restaurant of La Maison Arabe offers a culinary refined experience which celebrates the enticingfinesse of Moroccan cuisine. A setting where the nature pours its absolute charm intoa Riad adorned with doors of ancient palace and Italian lamps under a somptuous Zukah celling... Restaurant : Morrocan Fare \u00e0 la Maison Arabe Address : 1, Derb Assehb\u00e9, Bab Doukkala, Marrakech M\u00e9dina, Morocco Contacts : For any information or reservation request, please contact the teams by phone at +212 524 38 70 10\" \/>\n<meta property=\"og:url\" content=\"https:\/\/www.icon-icon.com\/en\/produit\/morrocan-fare-la-maison-arabe-2\/\" \/>\n<meta property=\"og:site_name\" content=\"ICON-ICON\" \/>\n<meta property=\"og:image\" content=\"https:\/\/www.icon-icon.com\/wp-content\/uploads\/2022\/05\/Morrocan-Fare-a-La-Maison-Arabe.jpg\" \/>\n\t<meta property=\"og:image:width\" content=\"500\" \/>\n\t<meta property=\"og:image:height\" content=\"500\" \/>\n\t<meta property=\"og:image:type\" content=\"image\/jpeg\" \/>\n<meta name=\"twitter:card\" content=\"summary_large_image\" \/>\n<script type=\"application\/ld+json\" class=\"yoast-schema-graph\">{\"@context\":\"https:\/\/schema.org\",\"@graph\":[{\"@type\":\"WebPage\",\"@id\":\"https:\/\/www.icon-icon.com\/en\/produit\/morrocan-fare-la-maison-arabe-2\/\",\"url\":\"https:\/\/www.icon-icon.com\/en\/produit\/morrocan-fare-la-maison-arabe-2\/\",\"name\":\"Morrocan Fare - La Maison Arabe - ICON-ICON\",\"isPartOf\":{\"@id\":\"https:\/\/www.icon-icon.com\/#website\"},\"primaryImageOfPage\":{\"@id\":\"https:\/\/www.icon-icon.com\/en\/produit\/morrocan-fare-la-maison-arabe-2\/#primaryimage\"},\"image\":{\"@id\":\"https:\/\/www.icon-icon.com\/en\/produit\/morrocan-fare-la-maison-arabe-2\/#primaryimage\"},\"thumbnailUrl\":\"https:\/\/www.icon-icon.com\/wp-content\/uploads\/2022\/05\/Morrocan-Fare-a-La-Maison-Arabe.jpg\",\"datePublished\":\"2022-05-31T14:40:15+00:00\",\"breadcrumb\":{\"@id\":\"https:\/\/www.icon-icon.com\/en\/produit\/morrocan-fare-la-maison-arabe-2\/#breadcrumb\"},\"inLanguage\":\"en-US\",\"potentialAction\":[{\"@type\":\"ReadAction\",\"target\":[\"https:\/\/www.icon-icon.com\/en\/produit\/morrocan-fare-la-maison-arabe-2\/\"]}]},{\"@type\":\"ImageObject\",\"inLanguage\":\"en-US\",\"@id\":\"https:\/\/www.icon-icon.com\/en\/produit\/morrocan-fare-la-maison-arabe-2\/#primaryimage\",\"url\":\"https:\/\/www.icon-icon.com\/wp-content\/uploads\/2022\/05\/Morrocan-Fare-a-La-Maison-Arabe.jpg\",\"contentUrl\":\"https:\/\/www.icon-icon.com\/wp-content\/uploads\/2022\/05\/Morrocan-Fare-a-La-Maison-Arabe.jpg\",\"width\":500,\"height\":500},{\"@type\":\"BreadcrumbList\",\"@id\":\"https:\/\/www.icon-icon.com\/en\/produit\/morrocan-fare-la-maison-arabe-2\/#breadcrumb\",\"itemListElement\":[{\"@type\":\"ListItem\",\"position\":1,\"name\":\"Accueil\",\"item\":\"https:\/\/www.icon-icon.com\/en\/\"},{\"@type\":\"ListItem\",\"position\":2,\"name\":\"Shop\",\"item\":\"https:\/\/www.icon-icon.com\/en\/shop-2\/\"},{\"@type\":\"ListItem\",\"position\":3,\"name\":\"Morrocan Fare &#8211; La Maison Arabe\"}]},{\"@type\":\"WebSite\",\"@id\":\"https:\/\/www.icon-icon.com\/#website\",\"url\":\"https:\/\/www.icon-icon.com\/\",\"name\":\"ICON-ICON\",\"description\":\"Luxury Stories\",\"potentialAction\":[{\"@type\":\"SearchAction\",\"target\":{\"@type\":\"EntryPoint\",\"urlTemplate\":\"https:\/\/www.icon-icon.com\/?s={search_term_string}\"},\"query-input\":{\"@type\":\"PropertyValueSpecification\",\"valueRequired\":true,\"valueName\":\"search_term_string\"}}],\"inLanguage\":\"en-US\"}]}<\/script>\n<!-- \/ Yoast SEO plugin. -->","yoast_head_json":{"title":"Morrocan Fare - La Maison Arabe - ICON-ICON","robots":{"index":"index","follow":"follow","max-snippet":"max-snippet:-1","max-image-preview":"max-image-preview:large","max-video-preview":"max-video-preview:-1"},"canonical":"https:\/\/www.icon-icon.com\/en\/produit\/morrocan-fare-la-maison-arabe-2\/","og_locale":"en_US","og_type":"article","og_title":"Morrocan Fare - La Maison Arabe - ICON-ICON","og_description":"Icon-Icon Opinion :  A restaurant nesteled in an than100 years old setting- the restaurant of La Maison Arabe offers a culinary refined experience which celebrates the enticingfinesse of Moroccan cuisine. A setting where the nature pours its absolute charm intoa Riad adorned with doors of ancient palace and Italian lamps under a somptuous Zukah celling... Restaurant : Morrocan Fare \u00e0 la Maison Arabe Address : 1, Derb Assehb\u00e9, Bab Doukkala, Marrakech M\u00e9dina, Morocco Contacts : For any information or reservation request, please contact the teams by phone at +212 524 38 70 10","og_url":"https:\/\/www.icon-icon.com\/en\/produit\/morrocan-fare-la-maison-arabe-2\/","og_site_name":"ICON-ICON","og_image":[{"width":500,"height":500,"url":"https:\/\/www.icon-icon.com\/wp-content\/uploads\/2022\/05\/Morrocan-Fare-a-La-Maison-Arabe.jpg","type":"image\/jpeg"}],"twitter_card":"summary_large_image","schema":{"@context":"https:\/\/schema.org","@graph":[{"@type":"WebPage","@id":"https:\/\/www.icon-icon.com\/en\/produit\/morrocan-fare-la-maison-arabe-2\/","url":"https:\/\/www.icon-icon.com\/en\/produit\/morrocan-fare-la-maison-arabe-2\/","name":"Morrocan Fare - La Maison Arabe - ICON-ICON","isPartOf":{"@id":"https:\/\/www.icon-icon.com\/#website"},"primaryImageOfPage":{"@id":"https:\/\/www.icon-icon.com\/en\/produit\/morrocan-fare-la-maison-arabe-2\/#primaryimage"},"image":{"@id":"https:\/\/www.icon-icon.com\/en\/produit\/morrocan-fare-la-maison-arabe-2\/#primaryimage"},"thumbnailUrl":"https:\/\/www.icon-icon.com\/wp-content\/uploads\/2022\/05\/Morrocan-Fare-a-La-Maison-Arabe.jpg","datePublished":"2022-05-31T14:40:15+00:00","breadcrumb":{"@id":"https:\/\/www.icon-icon.com\/en\/produit\/morrocan-fare-la-maison-arabe-2\/#breadcrumb"},"inLanguage":"en-US","potentialAction":[{"@type":"ReadAction","target":["https:\/\/www.icon-icon.com\/en\/produit\/morrocan-fare-la-maison-arabe-2\/"]}]},{"@type":"ImageObject","inLanguage":"en-US","@id":"https:\/\/www.icon-icon.com\/en\/produit\/morrocan-fare-la-maison-arabe-2\/#primaryimage","url":"https:\/\/www.icon-icon.com\/wp-content\/uploads\/2022\/05\/Morrocan-Fare-a-La-Maison-Arabe.jpg","contentUrl":"https:\/\/www.icon-icon.com\/wp-content\/uploads\/2022\/05\/Morrocan-Fare-a-La-Maison-Arabe.jpg","width":500,"height":500},{"@type":"BreadcrumbList","@id":"https:\/\/www.icon-icon.com\/en\/produit\/morrocan-fare-la-maison-arabe-2\/#breadcrumb","itemListElement":[{"@type":"ListItem","position":1,"name":"Accueil","item":"https:\/\/www.icon-icon.com\/en\/"},{"@type":"ListItem","position":2,"name":"Shop","item":"https:\/\/www.icon-icon.com\/en\/shop-2\/"},{"@type":"ListItem","position":3,"name":"Morrocan Fare &#8211; La Maison Arabe"}]},{"@type":"WebSite","@id":"https:\/\/www.icon-icon.com\/#website","url":"https:\/\/www.icon-icon.com\/","name":"ICON-ICON","description":"Luxury Stories","potentialAction":[{"@type":"SearchAction","target":{"@type":"EntryPoint","urlTemplate":"https:\/\/www.icon-icon.com\/?s={search_term_string}"},"query-input":{"@type":"PropertyValueSpecification","valueRequired":true,"valueName":"search_term_string"}}],"inLanguage":"en-US"}]}},"_links":{"self":[{"href":"https:\/\/www.icon-icon.com\/en\/wp-json\/wp\/v2\/product\/78065","targetHints":{"allow":["GET"]}}],"collection":[{"href":"https:\/\/www.icon-icon.com\/en\/wp-json\/wp\/v2\/product"}],"about":[{"href":"https:\/\/www.icon-icon.com\/en\/wp-json\/wp\/v2\/types\/product"}],"wp:featuredmedia":[{"embeddable":true,"href":"https:\/\/www.icon-icon.com\/en\/wp-json\/wp\/v2\/media\/77991"}],"wp:attachment":[{"href":"https:\/\/www.icon-icon.com\/en\/wp-json\/wp\/v2\/media?parent=78065"}],"wp:term":[{"taxonomy":"product_brand","embeddable":true,"href":"https:\/\/www.icon-icon.com\/en\/wp-json\/wp\/v2\/product_brand?post=78065"},{"taxonomy":"product_cat","embeddable":true,"href":"https:\/\/www.icon-icon.com\/en\/wp-json\/wp\/v2\/product_cat?post=78065"},{"taxonomy":"product_tag","embeddable":true,"href":"https:\/\/www.icon-icon.com\/en\/wp-json\/wp\/v2\/product_tag?post=78065"}],"curies":[{"name":"wp","href":"https:\/\/api.w.org\/{rel}","templated":true}]}}