


{"id":77723,"date":"2022-05-25T15:19:13","date_gmt":"2022-05-25T14:35:15","guid":{"rendered":"https:\/\/www.icon-icon.com\/produit\/aop-cotes-de-provence-la-londe-confidentielle-rose\/"},"modified":"2022-05-25T16:35:15","modified_gmt":"2022-05-25T14:35:15","slug":"aop-cotes-de-provence-la-londe-confidentielle-rose-2","status":"publish","type":"product","link":"https:\/\/www.icon-icon.com\/en\/produit\/aop-cotes-de-provence-la-londe-confidentielle-rose-2\/","title":{"rendered":"AOP C\u00f4tes de Provence- La Londe Confidentielle Ros\u00e9"},"content":{"rendered":"","protected":false},"excerpt":{"rendered":"<p><b>Icon-Icon Opinion :<\/b><\/p>\n<p>The Figui\u00e8re estate delivers here a ros\u00e9 as we like to taste them in season. A Mourv\u00e8dre \u2013 Cinsault \u2013 Grenache variety that delivers a full and crisp wine with the most delicious aromatic complexity!<\/p>\n<p><b>Domain : <\/b>Figui\u00e8re<b> <\/b><\/p>\n<p><b>Description : <\/b>An exceptional ros\u00e9 A delicately salmon colour. A delicate but complex nose of an impressive minerality with notes of yellow fruits such as apricot, grapevine peach, and brugnon.<\/p>\n","protected":false},"featured_media":77688,"template":"","meta":{"_acf_changed":false},"product_brand":[],"product_cat":[32363,24621,23619],"product_tag":[32402,28698,22283,32403,22281,32216,32396,25829],"class_list":{"0":"post-77723","1":"product","2":"type-product","3":"status-publish","4":"has-post-thumbnail","6":"product_cat-rose-en-2","7":"product_cat-wines","8":"product_cat-wines-spirits-and-gastronomy","9":"product_tag-aop-cotes-de-provence-en","10":"product_tag-icone-en","11":"product_tag-iconique-en","12":"product_tag-la-londe-confidentielle-rose-figuiere-en","13":"product_tag-luxe-en","14":"product_tag-vignoble-en","15":"product_tag-vin-rose-en","16":"product_tag-wine","18":"first","19":"instock","20":"product-type-external"},"acf":[],"yoast_head":"<!-- This site is optimized with the Yoast SEO plugin v27.2 - https:\/\/yoast.com\/product\/yoast-seo-wordpress\/ -->\n<title>AOP C\u00f4tes de Provence- La Londe Confidentielle Ros\u00e9 - ICON-ICON<\/title>\n<meta name=\"robots\" content=\"index, follow, max-snippet:-1, max-image-preview:large, max-video-preview:-1\" \/>\n<link rel=\"canonical\" href=\"http:\/\/www.icon-icon.com\/en\/produit\/aop-cotes-de-provence-la-londe-confidentielle-rose-2\/\" \/>\n<meta property=\"og:locale\" content=\"en_US\" \/>\n<meta property=\"og:type\" content=\"article\" \/>\n<meta property=\"og:title\" content=\"AOP C\u00f4tes de Provence- La Londe Confidentielle Ros\u00e9 - ICON-ICON\" \/>\n<meta property=\"og:description\" content=\"Icon-Icon Opinion : The Figui\u00e8re estate delivers here a ros\u00e9 as we like to taste them in season. A Mourv\u00e8dre \u2013 Cinsault \u2013 Grenache variety that delivers a full and crisp wine with the most delicious aromatic complexity! Domain : Figui\u00e8re  Description : An exceptional ros\u00e9 A delicately salmon colour. A delicate but complex nose of an impressive minerality with notes of yellow fruits such as apricot, grapevine peach, and brugnon.\" \/>\n<meta property=\"og:url\" content=\"http:\/\/www.icon-icon.com\/en\/produit\/aop-cotes-de-provence-la-londe-confidentielle-rose-2\/\" \/>\n<meta property=\"og:site_name\" content=\"ICON-ICON\" \/>\n<meta property=\"og:image\" content=\"http:\/\/www.icon-icon.com\/wp-content\/uploads\/2022\/05\/giguiere.jpg\" \/>\n\t<meta property=\"og:image:width\" content=\"500\" \/>\n\t<meta property=\"og:image:height\" content=\"500\" \/>\n\t<meta property=\"og:image:type\" content=\"image\/jpeg\" \/>\n<meta name=\"twitter:card\" content=\"summary_large_image\" \/>\n<script type=\"application\/ld+json\" class=\"yoast-schema-graph\">{\"@context\":\"https:\/\/schema.org\",\"@graph\":[{\"@type\":\"WebPage\",\"@id\":\"http:\/\/www.icon-icon.com\/en\/produit\/aop-cotes-de-provence-la-londe-confidentielle-rose-2\/\",\"url\":\"http:\/\/www.icon-icon.com\/en\/produit\/aop-cotes-de-provence-la-londe-confidentielle-rose-2\/\",\"name\":\"AOP C\u00f4tes de Provence- La Londe Confidentielle Ros\u00e9 - ICON-ICON\",\"isPartOf\":{\"@id\":\"https:\/\/www.icon-icon.com\/#website\"},\"primaryImageOfPage\":{\"@id\":\"http:\/\/www.icon-icon.com\/en\/produit\/aop-cotes-de-provence-la-londe-confidentielle-rose-2\/#primaryimage\"},\"image\":{\"@id\":\"http:\/\/www.icon-icon.com\/en\/produit\/aop-cotes-de-provence-la-londe-confidentielle-rose-2\/#primaryimage\"},\"thumbnailUrl\":\"https:\/\/www.icon-icon.com\/wp-content\/uploads\/2022\/05\/giguiere.jpg\",\"datePublished\":\"2022-05-25T14:35:15+00:00\",\"breadcrumb\":{\"@id\":\"http:\/\/www.icon-icon.com\/en\/produit\/aop-cotes-de-provence-la-londe-confidentielle-rose-2\/#breadcrumb\"},\"inLanguage\":\"en-US\",\"potentialAction\":[{\"@type\":\"ReadAction\",\"target\":[\"http:\/\/www.icon-icon.com\/en\/produit\/aop-cotes-de-provence-la-londe-confidentielle-rose-2\/\"]}]},{\"@type\":\"ImageObject\",\"inLanguage\":\"en-US\",\"@id\":\"http:\/\/www.icon-icon.com\/en\/produit\/aop-cotes-de-provence-la-londe-confidentielle-rose-2\/#primaryimage\",\"url\":\"https:\/\/www.icon-icon.com\/wp-content\/uploads\/2022\/05\/giguiere.jpg\",\"contentUrl\":\"https:\/\/www.icon-icon.com\/wp-content\/uploads\/2022\/05\/giguiere.jpg\",\"width\":500,\"height\":500},{\"@type\":\"BreadcrumbList\",\"@id\":\"http:\/\/www.icon-icon.com\/en\/produit\/aop-cotes-de-provence-la-londe-confidentielle-rose-2\/#breadcrumb\",\"itemListElement\":[{\"@type\":\"ListItem\",\"position\":1,\"name\":\"Accueil\",\"item\":\"https:\/\/www.icon-icon.com\/en\/\"},{\"@type\":\"ListItem\",\"position\":2,\"name\":\"Shop\",\"item\":\"https:\/\/www.icon-icon.com\/en\/shop-2\/\"},{\"@type\":\"ListItem\",\"position\":3,\"name\":\"AOP C\u00f4tes de Provence- La Londe Confidentielle Ros\u00e9\"}]},{\"@type\":\"WebSite\",\"@id\":\"https:\/\/www.icon-icon.com\/#website\",\"url\":\"https:\/\/www.icon-icon.com\/\",\"name\":\"ICON-ICON\",\"description\":\"Luxury Stories\",\"potentialAction\":[{\"@type\":\"SearchAction\",\"target\":{\"@type\":\"EntryPoint\",\"urlTemplate\":\"https:\/\/www.icon-icon.com\/?s={search_term_string}\"},\"query-input\":{\"@type\":\"PropertyValueSpecification\",\"valueRequired\":true,\"valueName\":\"search_term_string\"}}],\"inLanguage\":\"en-US\"}]}<\/script>\n<!-- \/ Yoast SEO plugin. -->","yoast_head_json":{"title":"AOP C\u00f4tes de Provence- La Londe Confidentielle Ros\u00e9 - ICON-ICON","robots":{"index":"index","follow":"follow","max-snippet":"max-snippet:-1","max-image-preview":"max-image-preview:large","max-video-preview":"max-video-preview:-1"},"canonical":"http:\/\/www.icon-icon.com\/en\/produit\/aop-cotes-de-provence-la-londe-confidentielle-rose-2\/","og_locale":"en_US","og_type":"article","og_title":"AOP C\u00f4tes de Provence- La Londe Confidentielle Ros\u00e9 - ICON-ICON","og_description":"Icon-Icon Opinion : The Figui\u00e8re estate delivers here a ros\u00e9 as we like to taste them in season. A Mourv\u00e8dre \u2013 Cinsault \u2013 Grenache variety that delivers a full and crisp wine with the most delicious aromatic complexity! Domain : Figui\u00e8re  Description : An exceptional ros\u00e9 A delicately salmon colour. A delicate but complex nose of an impressive minerality with notes of yellow fruits such as apricot, grapevine peach, and brugnon.","og_url":"http:\/\/www.icon-icon.com\/en\/produit\/aop-cotes-de-provence-la-londe-confidentielle-rose-2\/","og_site_name":"ICON-ICON","og_image":[{"width":500,"height":500,"url":"http:\/\/www.icon-icon.com\/wp-content\/uploads\/2022\/05\/giguiere.jpg","type":"image\/jpeg"}],"twitter_card":"summary_large_image","schema":{"@context":"https:\/\/schema.org","@graph":[{"@type":"WebPage","@id":"http:\/\/www.icon-icon.com\/en\/produit\/aop-cotes-de-provence-la-londe-confidentielle-rose-2\/","url":"http:\/\/www.icon-icon.com\/en\/produit\/aop-cotes-de-provence-la-londe-confidentielle-rose-2\/","name":"AOP C\u00f4tes de Provence- La Londe Confidentielle Ros\u00e9 - ICON-ICON","isPartOf":{"@id":"https:\/\/www.icon-icon.com\/#website"},"primaryImageOfPage":{"@id":"http:\/\/www.icon-icon.com\/en\/produit\/aop-cotes-de-provence-la-londe-confidentielle-rose-2\/#primaryimage"},"image":{"@id":"http:\/\/www.icon-icon.com\/en\/produit\/aop-cotes-de-provence-la-londe-confidentielle-rose-2\/#primaryimage"},"thumbnailUrl":"https:\/\/www.icon-icon.com\/wp-content\/uploads\/2022\/05\/giguiere.jpg","datePublished":"2022-05-25T14:35:15+00:00","breadcrumb":{"@id":"http:\/\/www.icon-icon.com\/en\/produit\/aop-cotes-de-provence-la-londe-confidentielle-rose-2\/#breadcrumb"},"inLanguage":"en-US","potentialAction":[{"@type":"ReadAction","target":["http:\/\/www.icon-icon.com\/en\/produit\/aop-cotes-de-provence-la-londe-confidentielle-rose-2\/"]}]},{"@type":"ImageObject","inLanguage":"en-US","@id":"http:\/\/www.icon-icon.com\/en\/produit\/aop-cotes-de-provence-la-londe-confidentielle-rose-2\/#primaryimage","url":"https:\/\/www.icon-icon.com\/wp-content\/uploads\/2022\/05\/giguiere.jpg","contentUrl":"https:\/\/www.icon-icon.com\/wp-content\/uploads\/2022\/05\/giguiere.jpg","width":500,"height":500},{"@type":"BreadcrumbList","@id":"http:\/\/www.icon-icon.com\/en\/produit\/aop-cotes-de-provence-la-londe-confidentielle-rose-2\/#breadcrumb","itemListElement":[{"@type":"ListItem","position":1,"name":"Accueil","item":"https:\/\/www.icon-icon.com\/en\/"},{"@type":"ListItem","position":2,"name":"Shop","item":"https:\/\/www.icon-icon.com\/en\/shop-2\/"},{"@type":"ListItem","position":3,"name":"AOP C\u00f4tes de Provence- La Londe Confidentielle Ros\u00e9"}]},{"@type":"WebSite","@id":"https:\/\/www.icon-icon.com\/#website","url":"https:\/\/www.icon-icon.com\/","name":"ICON-ICON","description":"Luxury Stories","potentialAction":[{"@type":"SearchAction","target":{"@type":"EntryPoint","urlTemplate":"https:\/\/www.icon-icon.com\/?s={search_term_string}"},"query-input":{"@type":"PropertyValueSpecification","valueRequired":true,"valueName":"search_term_string"}}],"inLanguage":"en-US"}]}},"_links":{"self":[{"href":"https:\/\/www.icon-icon.com\/en\/wp-json\/wp\/v2\/product\/77723","targetHints":{"allow":["GET"]}}],"collection":[{"href":"https:\/\/www.icon-icon.com\/en\/wp-json\/wp\/v2\/product"}],"about":[{"href":"https:\/\/www.icon-icon.com\/en\/wp-json\/wp\/v2\/types\/product"}],"wp:featuredmedia":[{"embeddable":true,"href":"https:\/\/www.icon-icon.com\/en\/wp-json\/wp\/v2\/media\/77688"}],"wp:attachment":[{"href":"https:\/\/www.icon-icon.com\/en\/wp-json\/wp\/v2\/media?parent=77723"}],"wp:term":[{"taxonomy":"product_brand","embeddable":true,"href":"https:\/\/www.icon-icon.com\/en\/wp-json\/wp\/v2\/product_brand?post=77723"},{"taxonomy":"product_cat","embeddable":true,"href":"https:\/\/www.icon-icon.com\/en\/wp-json\/wp\/v2\/product_cat?post=77723"},{"taxonomy":"product_tag","embeddable":true,"href":"https:\/\/www.icon-icon.com\/en\/wp-json\/wp\/v2\/product_tag?post=77723"}],"curies":[{"name":"wp","href":"https:\/\/api.w.org\/{rel}","templated":true}]}}