


{"id":77717,"date":"2022-05-25T14:54:55","date_gmt":"2022-05-25T14:21:03","guid":{"rendered":"https:\/\/www.icon-icon.com\/produit\/chateau-desclans-cotes-de-provence-garrus-2018\/"},"modified":"2022-05-25T16:21:14","modified_gmt":"2022-05-25T14:21:14","slug":"chateau-desclans-cotes-de-provence-garrus-2018","status":"publish","type":"product","link":"https:\/\/www.icon-icon.com\/en\/produit\/chateau-desclans-cotes-de-provence-garrus-2018\/","title":{"rendered":"Ch\u00e2teau d\u2019Esclans- C\u00f4tes de Provence, Garrus 2018"},"content":{"rendered":"","protected":false},"excerpt":{"rendered":"<p><b>Icon-Icon Opinion :<\/b><\/p>\n<p>Known for its prestigious wines, the Ch\u00e2teau d&#8217;Esclans undoubtedly produces the most iconic and desired ros\u00e9 wines. The Garrus cuv\u00e9e, in addition to being the most expensive cuv\u00e9e of ros\u00e9s, is especially one of the most divine! And this wine is according to James Suckling, the best critic in the field, \u00abthe ultimate ros\u00e9.\u00bb<\/p>\n<p><b>Domain : <\/b>Ch\u00e2teau d\u2019Esclans<\/p>\n<p><b>Year : <\/b>2018<\/p>\n<p><b>Description :<\/b> A unique ros\u00e9 worthy of the largest tables that is often highlighted as one of the best ros\u00e9s in the world. The Esclans Castle was acquired by Sacha Lichine, former owner of the Priory-Lichine Castle in Margaux in the early 2000s.<\/p>\n","protected":false},"featured_media":77679,"template":"","meta":{"_acf_changed":false},"product_brand":[],"product_cat":[32363,24621,23619],"product_tag":[32392,32393,32394,32395,28698,22283,22281,32216,32396,25829],"class_list":{"0":"post-77717","1":"product","2":"type-product","3":"status-publish","4":"has-post-thumbnail","6":"product_cat-rose-en-2","7":"product_cat-wines","8":"product_cat-wines-spirits-and-gastronomy","9":"product_tag-2018-en","10":"product_tag-chateau-desclans-en","11":"product_tag-cotes-de-provence-en","12":"product_tag-garrus-en","13":"product_tag-icone-en","14":"product_tag-iconique-en","15":"product_tag-luxe-en","16":"product_tag-vignoble-en","17":"product_tag-vin-rose-en","18":"product_tag-wine","20":"first","21":"instock","22":"product-type-external"},"acf":[],"yoast_head":"<!-- This site is optimized with the Yoast SEO plugin v27.2 - https:\/\/yoast.com\/product\/yoast-seo-wordpress\/ -->\n<title>Ch\u00e2teau d\u2019Esclans- C\u00f4tes de Provence, Garrus 2018 - ICON-ICON<\/title>\n<meta name=\"robots\" content=\"index, follow, max-snippet:-1, max-image-preview:large, max-video-preview:-1\" \/>\n<link rel=\"canonical\" href=\"https:\/\/www.icon-icon.com\/en\/produit\/chateau-desclans-cotes-de-provence-garrus-2018\/\" \/>\n<meta property=\"og:locale\" content=\"en_US\" \/>\n<meta property=\"og:type\" content=\"article\" \/>\n<meta property=\"og:title\" content=\"Ch\u00e2teau d\u2019Esclans- C\u00f4tes de Provence, Garrus 2018 - ICON-ICON\" \/>\n<meta property=\"og:description\" content=\"Icon-Icon Opinion : Known for its prestigious wines, the Ch\u00e2teau d&#039;Esclans undoubtedly produces the most iconic and desired ros\u00e9 wines. The Garrus cuv\u00e9e, in addition to being the most expensive cuv\u00e9e of ros\u00e9s, is especially one of the most divine! And this wine is according to James Suckling, the best critic in the field, \u00abthe ultimate ros\u00e9.\u00bb Domain : Ch\u00e2teau d\u2019Esclans Year : 2018 Description : A unique ros\u00e9 worthy of the largest tables that is often highlighted as one of the best ros\u00e9s in the world. The Esclans Castle was acquired by Sacha Lichine, former owner of the Priory-Lichine Castle in Margaux in the early 2000s.\" \/>\n<meta property=\"og:url\" content=\"https:\/\/www.icon-icon.com\/en\/produit\/chateau-desclans-cotes-de-provence-garrus-2018\/\" \/>\n<meta property=\"og:site_name\" content=\"ICON-ICON\" \/>\n<meta property=\"article:modified_time\" content=\"2022-05-25T14:21:14+00:00\" \/>\n<meta property=\"og:image\" content=\"https:\/\/www.icon-icon.com\/wp-content\/uploads\/2022\/05\/garrus.jpg\" \/>\n\t<meta property=\"og:image:width\" content=\"500\" \/>\n\t<meta property=\"og:image:height\" content=\"500\" \/>\n\t<meta property=\"og:image:type\" content=\"image\/jpeg\" \/>\n<meta name=\"twitter:card\" content=\"summary_large_image\" \/>\n<script type=\"application\/ld+json\" class=\"yoast-schema-graph\">{\"@context\":\"https:\/\/schema.org\",\"@graph\":[{\"@type\":\"WebPage\",\"@id\":\"https:\/\/www.icon-icon.com\/en\/produit\/chateau-desclans-cotes-de-provence-garrus-2018\/\",\"url\":\"https:\/\/www.icon-icon.com\/en\/produit\/chateau-desclans-cotes-de-provence-garrus-2018\/\",\"name\":\"Ch\u00e2teau d\u2019Esclans- C\u00f4tes de Provence, Garrus 2018 - ICON-ICON\",\"isPartOf\":{\"@id\":\"https:\/\/www.icon-icon.com\/#website\"},\"primaryImageOfPage\":{\"@id\":\"https:\/\/www.icon-icon.com\/en\/produit\/chateau-desclans-cotes-de-provence-garrus-2018\/#primaryimage\"},\"image\":{\"@id\":\"https:\/\/www.icon-icon.com\/en\/produit\/chateau-desclans-cotes-de-provence-garrus-2018\/#primaryimage\"},\"thumbnailUrl\":\"https:\/\/www.icon-icon.com\/wp-content\/uploads\/2022\/05\/garrus.jpg\",\"datePublished\":\"2022-05-25T14:21:03+00:00\",\"dateModified\":\"2022-05-25T14:21:14+00:00\",\"breadcrumb\":{\"@id\":\"https:\/\/www.icon-icon.com\/en\/produit\/chateau-desclans-cotes-de-provence-garrus-2018\/#breadcrumb\"},\"inLanguage\":\"en-US\",\"potentialAction\":[{\"@type\":\"ReadAction\",\"target\":[\"https:\/\/www.icon-icon.com\/en\/produit\/chateau-desclans-cotes-de-provence-garrus-2018\/\"]}]},{\"@type\":\"ImageObject\",\"inLanguage\":\"en-US\",\"@id\":\"https:\/\/www.icon-icon.com\/en\/produit\/chateau-desclans-cotes-de-provence-garrus-2018\/#primaryimage\",\"url\":\"https:\/\/www.icon-icon.com\/wp-content\/uploads\/2022\/05\/garrus.jpg\",\"contentUrl\":\"https:\/\/www.icon-icon.com\/wp-content\/uploads\/2022\/05\/garrus.jpg\",\"width\":500,\"height\":500},{\"@type\":\"BreadcrumbList\",\"@id\":\"https:\/\/www.icon-icon.com\/en\/produit\/chateau-desclans-cotes-de-provence-garrus-2018\/#breadcrumb\",\"itemListElement\":[{\"@type\":\"ListItem\",\"position\":1,\"name\":\"Accueil\",\"item\":\"https:\/\/www.icon-icon.com\/en\/\"},{\"@type\":\"ListItem\",\"position\":2,\"name\":\"Shop\",\"item\":\"https:\/\/www.icon-icon.com\/en\/shop-2\/\"},{\"@type\":\"ListItem\",\"position\":3,\"name\":\"Ch\u00e2teau d\u2019Esclans- C\u00f4tes de Provence, Garrus 2018\"}]},{\"@type\":\"WebSite\",\"@id\":\"https:\/\/www.icon-icon.com\/#website\",\"url\":\"https:\/\/www.icon-icon.com\/\",\"name\":\"ICON-ICON\",\"description\":\"Luxury Stories\",\"potentialAction\":[{\"@type\":\"SearchAction\",\"target\":{\"@type\":\"EntryPoint\",\"urlTemplate\":\"https:\/\/www.icon-icon.com\/?s={search_term_string}\"},\"query-input\":{\"@type\":\"PropertyValueSpecification\",\"valueRequired\":true,\"valueName\":\"search_term_string\"}}],\"inLanguage\":\"en-US\"}]}<\/script>\n<!-- \/ Yoast SEO plugin. -->","yoast_head_json":{"title":"Ch\u00e2teau d\u2019Esclans- C\u00f4tes de Provence, Garrus 2018 - ICON-ICON","robots":{"index":"index","follow":"follow","max-snippet":"max-snippet:-1","max-image-preview":"max-image-preview:large","max-video-preview":"max-video-preview:-1"},"canonical":"https:\/\/www.icon-icon.com\/en\/produit\/chateau-desclans-cotes-de-provence-garrus-2018\/","og_locale":"en_US","og_type":"article","og_title":"Ch\u00e2teau d\u2019Esclans- C\u00f4tes de Provence, Garrus 2018 - ICON-ICON","og_description":"Icon-Icon Opinion : Known for its prestigious wines, the Ch\u00e2teau d'Esclans undoubtedly produces the most iconic and desired ros\u00e9 wines. The Garrus cuv\u00e9e, in addition to being the most expensive cuv\u00e9e of ros\u00e9s, is especially one of the most divine! And this wine is according to James Suckling, the best critic in the field, \u00abthe ultimate ros\u00e9.\u00bb Domain : Ch\u00e2teau d\u2019Esclans Year : 2018 Description : A unique ros\u00e9 worthy of the largest tables that is often highlighted as one of the best ros\u00e9s in the world. The Esclans Castle was acquired by Sacha Lichine, former owner of the Priory-Lichine Castle in Margaux in the early 2000s.","og_url":"https:\/\/www.icon-icon.com\/en\/produit\/chateau-desclans-cotes-de-provence-garrus-2018\/","og_site_name":"ICON-ICON","article_modified_time":"2022-05-25T14:21:14+00:00","og_image":[{"width":500,"height":500,"url":"https:\/\/www.icon-icon.com\/wp-content\/uploads\/2022\/05\/garrus.jpg","type":"image\/jpeg"}],"twitter_card":"summary_large_image","schema":{"@context":"https:\/\/schema.org","@graph":[{"@type":"WebPage","@id":"https:\/\/www.icon-icon.com\/en\/produit\/chateau-desclans-cotes-de-provence-garrus-2018\/","url":"https:\/\/www.icon-icon.com\/en\/produit\/chateau-desclans-cotes-de-provence-garrus-2018\/","name":"Ch\u00e2teau d\u2019Esclans- C\u00f4tes de Provence, Garrus 2018 - ICON-ICON","isPartOf":{"@id":"https:\/\/www.icon-icon.com\/#website"},"primaryImageOfPage":{"@id":"https:\/\/www.icon-icon.com\/en\/produit\/chateau-desclans-cotes-de-provence-garrus-2018\/#primaryimage"},"image":{"@id":"https:\/\/www.icon-icon.com\/en\/produit\/chateau-desclans-cotes-de-provence-garrus-2018\/#primaryimage"},"thumbnailUrl":"https:\/\/www.icon-icon.com\/wp-content\/uploads\/2022\/05\/garrus.jpg","datePublished":"2022-05-25T14:21:03+00:00","dateModified":"2022-05-25T14:21:14+00:00","breadcrumb":{"@id":"https:\/\/www.icon-icon.com\/en\/produit\/chateau-desclans-cotes-de-provence-garrus-2018\/#breadcrumb"},"inLanguage":"en-US","potentialAction":[{"@type":"ReadAction","target":["https:\/\/www.icon-icon.com\/en\/produit\/chateau-desclans-cotes-de-provence-garrus-2018\/"]}]},{"@type":"ImageObject","inLanguage":"en-US","@id":"https:\/\/www.icon-icon.com\/en\/produit\/chateau-desclans-cotes-de-provence-garrus-2018\/#primaryimage","url":"https:\/\/www.icon-icon.com\/wp-content\/uploads\/2022\/05\/garrus.jpg","contentUrl":"https:\/\/www.icon-icon.com\/wp-content\/uploads\/2022\/05\/garrus.jpg","width":500,"height":500},{"@type":"BreadcrumbList","@id":"https:\/\/www.icon-icon.com\/en\/produit\/chateau-desclans-cotes-de-provence-garrus-2018\/#breadcrumb","itemListElement":[{"@type":"ListItem","position":1,"name":"Accueil","item":"https:\/\/www.icon-icon.com\/en\/"},{"@type":"ListItem","position":2,"name":"Shop","item":"https:\/\/www.icon-icon.com\/en\/shop-2\/"},{"@type":"ListItem","position":3,"name":"Ch\u00e2teau d\u2019Esclans- C\u00f4tes de Provence, Garrus 2018"}]},{"@type":"WebSite","@id":"https:\/\/www.icon-icon.com\/#website","url":"https:\/\/www.icon-icon.com\/","name":"ICON-ICON","description":"Luxury Stories","potentialAction":[{"@type":"SearchAction","target":{"@type":"EntryPoint","urlTemplate":"https:\/\/www.icon-icon.com\/?s={search_term_string}"},"query-input":{"@type":"PropertyValueSpecification","valueRequired":true,"valueName":"search_term_string"}}],"inLanguage":"en-US"}]}},"_links":{"self":[{"href":"https:\/\/www.icon-icon.com\/en\/wp-json\/wp\/v2\/product\/77717","targetHints":{"allow":["GET"]}}],"collection":[{"href":"https:\/\/www.icon-icon.com\/en\/wp-json\/wp\/v2\/product"}],"about":[{"href":"https:\/\/www.icon-icon.com\/en\/wp-json\/wp\/v2\/types\/product"}],"wp:featuredmedia":[{"embeddable":true,"href":"https:\/\/www.icon-icon.com\/en\/wp-json\/wp\/v2\/media\/77679"}],"wp:attachment":[{"href":"https:\/\/www.icon-icon.com\/en\/wp-json\/wp\/v2\/media?parent=77717"}],"wp:term":[{"taxonomy":"product_brand","embeddable":true,"href":"https:\/\/www.icon-icon.com\/en\/wp-json\/wp\/v2\/product_brand?post=77717"},{"taxonomy":"product_cat","embeddable":true,"href":"https:\/\/www.icon-icon.com\/en\/wp-json\/wp\/v2\/product_cat?post=77717"},{"taxonomy":"product_tag","embeddable":true,"href":"https:\/\/www.icon-icon.com\/en\/wp-json\/wp\/v2\/product_tag?post=77717"}],"curies":[{"name":"wp","href":"https:\/\/api.w.org\/{rel}","templated":true}]}}