


{"id":75187,"date":"2022-04-19T13:27:58","date_gmt":"2022-04-20T08:39:54","guid":{"rendered":"https:\/\/www.icon-icon.com\/produit\/le-relais-plaza\/"},"modified":"2022-04-20T10:39:54","modified_gmt":"2022-04-20T08:39:54","slug":"le-relais-plaza-2","status":"publish","type":"product","link":"https:\/\/www.icon-icon.com\/en\/produit\/le-relais-plaza-2\/","title":{"rendered":"Le Relais Plaza"},"content":{"rendered":"","protected":false},"excerpt":{"rendered":"<p><b>Icon-Icon Opinion : <\/b><\/p>\n<p>&#8220;Discover how our rich past has created our present. One thing is for sure: you will not find an identical place to the H\u00f4tel Plaza Ath\u00e9n\u00e9e because it is unique.&#8221; and the Maison is right! The luxury hotel that inspired the most iconic piece of couture- Dior&#8217;s bar suit- is a temple of this way of life&#8230;<\/p>\n<p><b>Restaurant : <\/b>Le Relais Plaza<\/p>\n<p><b>Address :<\/b> 25 avenue Montaigne, 75008 Paris<\/p>\n<p><b>Contacts :<\/b><\/p>\n<p>For any request for information or dinner reservation, contact the teams by phone at +33 (0)1 53 67 64 00<\/p>\n","protected":false},"featured_media":75126,"template":"","meta":{"_acf_changed":false},"product_brand":[],"product_cat":[25963,28249,25961,28877,27164],"product_tag":[26945,28698,22283,31425,22281,27732,28927],"class_list":{"0":"post-75187","1":"product","2":"type-product","3":"status-publish","4":"has-post-thumbnail","6":"product_cat-destinations-en","7":"product_cat-great-tables","8":"product_cat-lifestyle-en","9":"product_cat-paris-en-2","10":"product_cat-restaurants-en","11":"product_tag-gastronomy","12":"product_tag-icone-en","13":"product_tag-iconique-en","14":"product_tag-le-relais-plaza-en","15":"product_tag-luxe-en","16":"product_tag-paris-en","17":"product_tag-restaurant-en","19":"first","20":"instock","21":"product-type-external"},"acf":[],"yoast_head":"<!-- This site is optimized with the Yoast SEO plugin v27.2 - https:\/\/yoast.com\/product\/yoast-seo-wordpress\/ -->\n<title>Le Relais Plaza - ICON-ICON<\/title>\n<meta name=\"robots\" content=\"index, follow, max-snippet:-1, max-image-preview:large, max-video-preview:-1\" \/>\n<link rel=\"canonical\" href=\"https:\/\/www.icon-icon.com\/en\/produit\/le-relais-plaza-2\/\" \/>\n<meta property=\"og:locale\" content=\"en_US\" \/>\n<meta property=\"og:type\" content=\"article\" \/>\n<meta property=\"og:title\" content=\"Le Relais Plaza - ICON-ICON\" \/>\n<meta property=\"og:description\" content=\"Icon-Icon Opinion :  &quot;Discover how our rich past has created our present. One thing is for sure: you will not find an identical place to the H\u00f4tel Plaza Ath\u00e9n\u00e9e because it is unique.&quot; and the Maison is right! The luxury hotel that inspired the most iconic piece of couture- Dior&#039;s bar suit- is a temple of this way of life... Restaurant : Le Relais Plaza Address : 25 avenue Montaigne, 75008 Paris Contacts : For any request for information or dinner reservation, contact the teams by phone at +33 (0)1 53 67 64 00\" \/>\n<meta property=\"og:url\" content=\"https:\/\/www.icon-icon.com\/en\/produit\/le-relais-plaza-2\/\" \/>\n<meta property=\"og:site_name\" content=\"ICON-ICON\" \/>\n<meta property=\"og:image\" content=\"https:\/\/www.icon-icon.com\/wp-content\/uploads\/2022\/04\/PLAZA.jpg\" \/>\n\t<meta property=\"og:image:width\" content=\"500\" \/>\n\t<meta property=\"og:image:height\" content=\"500\" \/>\n\t<meta property=\"og:image:type\" content=\"image\/jpeg\" \/>\n<meta name=\"twitter:card\" content=\"summary_large_image\" \/>\n<script type=\"application\/ld+json\" class=\"yoast-schema-graph\">{\"@context\":\"https:\/\/schema.org\",\"@graph\":[{\"@type\":\"WebPage\",\"@id\":\"https:\/\/www.icon-icon.com\/en\/produit\/le-relais-plaza-2\/\",\"url\":\"https:\/\/www.icon-icon.com\/en\/produit\/le-relais-plaza-2\/\",\"name\":\"Le Relais Plaza - ICON-ICON\",\"isPartOf\":{\"@id\":\"https:\/\/www.icon-icon.com\/#website\"},\"primaryImageOfPage\":{\"@id\":\"https:\/\/www.icon-icon.com\/en\/produit\/le-relais-plaza-2\/#primaryimage\"},\"image\":{\"@id\":\"https:\/\/www.icon-icon.com\/en\/produit\/le-relais-plaza-2\/#primaryimage\"},\"thumbnailUrl\":\"https:\/\/www.icon-icon.com\/wp-content\/uploads\/2022\/04\/PLAZA.jpg\",\"datePublished\":\"2022-04-20T08:39:54+00:00\",\"breadcrumb\":{\"@id\":\"https:\/\/www.icon-icon.com\/en\/produit\/le-relais-plaza-2\/#breadcrumb\"},\"inLanguage\":\"en-US\",\"potentialAction\":[{\"@type\":\"ReadAction\",\"target\":[\"https:\/\/www.icon-icon.com\/en\/produit\/le-relais-plaza-2\/\"]}]},{\"@type\":\"ImageObject\",\"inLanguage\":\"en-US\",\"@id\":\"https:\/\/www.icon-icon.com\/en\/produit\/le-relais-plaza-2\/#primaryimage\",\"url\":\"https:\/\/www.icon-icon.com\/wp-content\/uploads\/2022\/04\/PLAZA.jpg\",\"contentUrl\":\"https:\/\/www.icon-icon.com\/wp-content\/uploads\/2022\/04\/PLAZA.jpg\",\"width\":500,\"height\":500},{\"@type\":\"BreadcrumbList\",\"@id\":\"https:\/\/www.icon-icon.com\/en\/produit\/le-relais-plaza-2\/#breadcrumb\",\"itemListElement\":[{\"@type\":\"ListItem\",\"position\":1,\"name\":\"Accueil\",\"item\":\"https:\/\/www.icon-icon.com\/en\/\"},{\"@type\":\"ListItem\",\"position\":2,\"name\":\"Shop\",\"item\":\"https:\/\/www.icon-icon.com\/en\/shop-2\/\"},{\"@type\":\"ListItem\",\"position\":3,\"name\":\"Le Relais Plaza\"}]},{\"@type\":\"WebSite\",\"@id\":\"https:\/\/www.icon-icon.com\/#website\",\"url\":\"https:\/\/www.icon-icon.com\/\",\"name\":\"ICON-ICON\",\"description\":\"Luxury Stories\",\"potentialAction\":[{\"@type\":\"SearchAction\",\"target\":{\"@type\":\"EntryPoint\",\"urlTemplate\":\"https:\/\/www.icon-icon.com\/?s={search_term_string}\"},\"query-input\":{\"@type\":\"PropertyValueSpecification\",\"valueRequired\":true,\"valueName\":\"search_term_string\"}}],\"inLanguage\":\"en-US\"}]}<\/script>\n<!-- \/ Yoast SEO plugin. -->","yoast_head_json":{"title":"Le Relais Plaza - ICON-ICON","robots":{"index":"index","follow":"follow","max-snippet":"max-snippet:-1","max-image-preview":"max-image-preview:large","max-video-preview":"max-video-preview:-1"},"canonical":"https:\/\/www.icon-icon.com\/en\/produit\/le-relais-plaza-2\/","og_locale":"en_US","og_type":"article","og_title":"Le Relais Plaza - ICON-ICON","og_description":"Icon-Icon Opinion :  \"Discover how our rich past has created our present. One thing is for sure: you will not find an identical place to the H\u00f4tel Plaza Ath\u00e9n\u00e9e because it is unique.\" and the Maison is right! The luxury hotel that inspired the most iconic piece of couture- Dior's bar suit- is a temple of this way of life... Restaurant : Le Relais Plaza Address : 25 avenue Montaigne, 75008 Paris Contacts : For any request for information or dinner reservation, contact the teams by phone at +33 (0)1 53 67 64 00","og_url":"https:\/\/www.icon-icon.com\/en\/produit\/le-relais-plaza-2\/","og_site_name":"ICON-ICON","og_image":[{"width":500,"height":500,"url":"https:\/\/www.icon-icon.com\/wp-content\/uploads\/2022\/04\/PLAZA.jpg","type":"image\/jpeg"}],"twitter_card":"summary_large_image","schema":{"@context":"https:\/\/schema.org","@graph":[{"@type":"WebPage","@id":"https:\/\/www.icon-icon.com\/en\/produit\/le-relais-plaza-2\/","url":"https:\/\/www.icon-icon.com\/en\/produit\/le-relais-plaza-2\/","name":"Le Relais Plaza - ICON-ICON","isPartOf":{"@id":"https:\/\/www.icon-icon.com\/#website"},"primaryImageOfPage":{"@id":"https:\/\/www.icon-icon.com\/en\/produit\/le-relais-plaza-2\/#primaryimage"},"image":{"@id":"https:\/\/www.icon-icon.com\/en\/produit\/le-relais-plaza-2\/#primaryimage"},"thumbnailUrl":"https:\/\/www.icon-icon.com\/wp-content\/uploads\/2022\/04\/PLAZA.jpg","datePublished":"2022-04-20T08:39:54+00:00","breadcrumb":{"@id":"https:\/\/www.icon-icon.com\/en\/produit\/le-relais-plaza-2\/#breadcrumb"},"inLanguage":"en-US","potentialAction":[{"@type":"ReadAction","target":["https:\/\/www.icon-icon.com\/en\/produit\/le-relais-plaza-2\/"]}]},{"@type":"ImageObject","inLanguage":"en-US","@id":"https:\/\/www.icon-icon.com\/en\/produit\/le-relais-plaza-2\/#primaryimage","url":"https:\/\/www.icon-icon.com\/wp-content\/uploads\/2022\/04\/PLAZA.jpg","contentUrl":"https:\/\/www.icon-icon.com\/wp-content\/uploads\/2022\/04\/PLAZA.jpg","width":500,"height":500},{"@type":"BreadcrumbList","@id":"https:\/\/www.icon-icon.com\/en\/produit\/le-relais-plaza-2\/#breadcrumb","itemListElement":[{"@type":"ListItem","position":1,"name":"Accueil","item":"https:\/\/www.icon-icon.com\/en\/"},{"@type":"ListItem","position":2,"name":"Shop","item":"https:\/\/www.icon-icon.com\/en\/shop-2\/"},{"@type":"ListItem","position":3,"name":"Le Relais Plaza"}]},{"@type":"WebSite","@id":"https:\/\/www.icon-icon.com\/#website","url":"https:\/\/www.icon-icon.com\/","name":"ICON-ICON","description":"Luxury Stories","potentialAction":[{"@type":"SearchAction","target":{"@type":"EntryPoint","urlTemplate":"https:\/\/www.icon-icon.com\/?s={search_term_string}"},"query-input":{"@type":"PropertyValueSpecification","valueRequired":true,"valueName":"search_term_string"}}],"inLanguage":"en-US"}]}},"_links":{"self":[{"href":"https:\/\/www.icon-icon.com\/en\/wp-json\/wp\/v2\/product\/75187","targetHints":{"allow":["GET"]}}],"collection":[{"href":"https:\/\/www.icon-icon.com\/en\/wp-json\/wp\/v2\/product"}],"about":[{"href":"https:\/\/www.icon-icon.com\/en\/wp-json\/wp\/v2\/types\/product"}],"wp:featuredmedia":[{"embeddable":true,"href":"https:\/\/www.icon-icon.com\/en\/wp-json\/wp\/v2\/media\/75126"}],"wp:attachment":[{"href":"https:\/\/www.icon-icon.com\/en\/wp-json\/wp\/v2\/media?parent=75187"}],"wp:term":[{"taxonomy":"product_brand","embeddable":true,"href":"https:\/\/www.icon-icon.com\/en\/wp-json\/wp\/v2\/product_brand?post=75187"},{"taxonomy":"product_cat","embeddable":true,"href":"https:\/\/www.icon-icon.com\/en\/wp-json\/wp\/v2\/product_cat?post=75187"},{"taxonomy":"product_tag","embeddable":true,"href":"https:\/\/www.icon-icon.com\/en\/wp-json\/wp\/v2\/product_tag?post=75187"}],"curies":[{"name":"wp","href":"https:\/\/api.w.org\/{rel}","templated":true}]}}