


{"id":74159,"date":"2022-03-31T17:09:54","date_gmt":"2022-04-02T18:17:35","guid":{"rendered":"https:\/\/www.icon-icon.com\/produit\/the-impossible-collection-of-design\/"},"modified":"2022-04-03T13:47:08","modified_gmt":"2022-04-03T11:47:08","slug":"the-impossible-collection-of-design","status":"publish","type":"product","link":"https:\/\/www.icon-icon.com\/en\/produit\/the-impossible-collection-of-design\/","title":{"rendered":"The Impossible Collection of Design"},"content":{"rendered":"","protected":false},"excerpt":{"rendered":"<p><strong>Icon Icon&#8217;s opinion :<\/strong><\/p>\n<p>Assouline publishes a beautiful book in this oversized hand-bound luxury edition, presented in a linen clamshell case&#8230; A book that attempts and succeeds in gathering the most revolutionary design pieces in history. And it is to the design expert Fr\u00e9d\u00e9ric Chambre that this task was entrusted!<\/p>\n<p><strong>Author : <\/strong>Fr\u00e9d\u00e9ric Chambre<\/p>\n<p><strong>Publishing house : <\/strong>Assouline<\/p>\n<p><strong>Date of Publication : <\/strong>October 2014<\/p>\n<p>In recent years, the niche market of decorative furniture has been of great interest to collectors, causing the auction market to soar and record sales. Chosen by design expert Fr\u00e9d\u00e9ric Chambre, this selection of furniture stands out like film frames, an epic picture composed of a hundred years of creative innovations in forms, materials and techniques. As in the history of art, the themes evolve: design and machine, design and craft, design and art, a story that never stops. This oversized, hand-bound deluxe edition traces the evolution of twentieth-century design, from the Art Nouveau and Arts and Crafts movements to Bauhaus and Art Deco, to Pop Art and the Memphis School, to today&#8217;s digital age, illustrating the dynamic history of a revolutionary century.<\/p>\n","protected":false},"featured_media":73998,"template":"","meta":{"_acf_changed":false},"product_brand":[],"product_cat":[21562,22973,21724,30621,25037],"product_tag":[30886,22277,25040,26532,30887,22278,30888],"class_list":{"0":"post-74159","1":"product","2":"type-product","3":"status-publish","4":"has-post-thumbnail","6":"product_cat-books","7":"product_cat-culture-and-technology","8":"product_cat-design-and-art-selection","9":"product_cat-designers-and-interior-design","10":"product_cat-mode-et-art-en","11":"product_tag-arts-et-design-en","12":"product_tag-assouline-en","13":"product_tag-book-en","14":"product_tag-design-en","15":"product_tag-frederic-chambre-en","16":"product_tag-livre-en","17":"product_tag-the-impossible-collection-of-design-en","19":"first","20":"instock","21":"product-type-external"},"acf":[],"yoast_head":"<!-- This site is optimized with the Yoast SEO plugin v27.2 - https:\/\/yoast.com\/product\/yoast-seo-wordpress\/ -->\n<title>The Impossible Collection of Design - ICON-ICON<\/title>\n<meta name=\"robots\" content=\"index, follow, max-snippet:-1, max-image-preview:large, max-video-preview:-1\" \/>\n<link rel=\"canonical\" href=\"https:\/\/www.icon-icon.com\/en\/produit\/the-impossible-collection-of-design\/\" \/>\n<meta property=\"og:locale\" content=\"en_US\" \/>\n<meta property=\"og:type\" content=\"article\" \/>\n<meta property=\"og:title\" content=\"The Impossible Collection of Design - ICON-ICON\" \/>\n<meta property=\"og:description\" content=\"Icon Icon&#039;s opinion :  Assouline publishes a beautiful book in this oversized hand-bound luxury edition, presented in a linen clamshell case... A book that attempts and succeeds in gathering the most revolutionary design pieces in history. And it is to the design expert Fr\u00e9d\u00e9ric Chambre that this task was entrusted!  Author : Fr\u00e9d\u00e9ric Chambre  Publishing house : Assouline  Date of Publication : October 2014  In recent years, the niche market of decorative furniture has been of great interest to collectors, causing the auction market to soar and record sales. Chosen by design expert Fr\u00e9d\u00e9ric Chambre, this selection of furniture stands out like film frames, an epic picture composed of a hundred years of creative innovations in forms, materials and techniques. As in the history of art, the themes evolve: design and machine, design and craft, design and art, a story that never stops. This oversized, hand-bound deluxe edition traces the evolution of twentieth-century design, from the Art Nouveau and Arts and Crafts movements to Bauhaus and Art Deco, to Pop Art and the Memphis School, to today&#039;s digital age, illustrating the dynamic history of a revolutionary century.\" \/>\n<meta property=\"og:url\" content=\"https:\/\/www.icon-icon.com\/en\/produit\/the-impossible-collection-of-design\/\" \/>\n<meta property=\"og:site_name\" content=\"ICON-ICON\" \/>\n<meta property=\"article:modified_time\" content=\"2022-04-03T11:47:08+00:00\" \/>\n<meta property=\"og:image\" content=\"https:\/\/www.icon-icon.com\/wp-content\/uploads\/2022\/03\/Impossible-collection-of-design.jpg\" \/>\n\t<meta property=\"og:image:width\" content=\"500\" \/>\n\t<meta property=\"og:image:height\" content=\"500\" \/>\n\t<meta property=\"og:image:type\" content=\"image\/jpeg\" \/>\n<meta name=\"twitter:card\" content=\"summary_large_image\" \/>\n<script type=\"application\/ld+json\" class=\"yoast-schema-graph\">{\"@context\":\"https:\/\/schema.org\",\"@graph\":[{\"@type\":\"WebPage\",\"@id\":\"https:\/\/www.icon-icon.com\/en\/produit\/the-impossible-collection-of-design\/\",\"url\":\"https:\/\/www.icon-icon.com\/en\/produit\/the-impossible-collection-of-design\/\",\"name\":\"The Impossible Collection of Design - ICON-ICON\",\"isPartOf\":{\"@id\":\"https:\/\/www.icon-icon.com\/#website\"},\"primaryImageOfPage\":{\"@id\":\"https:\/\/www.icon-icon.com\/en\/produit\/the-impossible-collection-of-design\/#primaryimage\"},\"image\":{\"@id\":\"https:\/\/www.icon-icon.com\/en\/produit\/the-impossible-collection-of-design\/#primaryimage\"},\"thumbnailUrl\":\"https:\/\/www.icon-icon.com\/wp-content\/uploads\/2022\/03\/Impossible-collection-of-design.jpg\",\"datePublished\":\"2022-04-02T18:17:35+00:00\",\"dateModified\":\"2022-04-03T11:47:08+00:00\",\"breadcrumb\":{\"@id\":\"https:\/\/www.icon-icon.com\/en\/produit\/the-impossible-collection-of-design\/#breadcrumb\"},\"inLanguage\":\"en-US\",\"potentialAction\":[{\"@type\":\"ReadAction\",\"target\":[\"https:\/\/www.icon-icon.com\/en\/produit\/the-impossible-collection-of-design\/\"]}]},{\"@type\":\"ImageObject\",\"inLanguage\":\"en-US\",\"@id\":\"https:\/\/www.icon-icon.com\/en\/produit\/the-impossible-collection-of-design\/#primaryimage\",\"url\":\"https:\/\/www.icon-icon.com\/wp-content\/uploads\/2022\/03\/Impossible-collection-of-design.jpg\",\"contentUrl\":\"https:\/\/www.icon-icon.com\/wp-content\/uploads\/2022\/03\/Impossible-collection-of-design.jpg\",\"width\":500,\"height\":500},{\"@type\":\"BreadcrumbList\",\"@id\":\"https:\/\/www.icon-icon.com\/en\/produit\/the-impossible-collection-of-design\/#breadcrumb\",\"itemListElement\":[{\"@type\":\"ListItem\",\"position\":1,\"name\":\"Accueil\",\"item\":\"https:\/\/www.icon-icon.com\/en\/\"},{\"@type\":\"ListItem\",\"position\":2,\"name\":\"Shop\",\"item\":\"https:\/\/www.icon-icon.com\/en\/shop-2\/\"},{\"@type\":\"ListItem\",\"position\":3,\"name\":\"The Impossible Collection of Design\"}]},{\"@type\":\"WebSite\",\"@id\":\"https:\/\/www.icon-icon.com\/#website\",\"url\":\"https:\/\/www.icon-icon.com\/\",\"name\":\"ICON-ICON\",\"description\":\"Luxury Stories\",\"potentialAction\":[{\"@type\":\"SearchAction\",\"target\":{\"@type\":\"EntryPoint\",\"urlTemplate\":\"https:\/\/www.icon-icon.com\/?s={search_term_string}\"},\"query-input\":{\"@type\":\"PropertyValueSpecification\",\"valueRequired\":true,\"valueName\":\"search_term_string\"}}],\"inLanguage\":\"en-US\"}]}<\/script>\n<!-- \/ Yoast SEO plugin. -->","yoast_head_json":{"title":"The Impossible Collection of Design - ICON-ICON","robots":{"index":"index","follow":"follow","max-snippet":"max-snippet:-1","max-image-preview":"max-image-preview:large","max-video-preview":"max-video-preview:-1"},"canonical":"https:\/\/www.icon-icon.com\/en\/produit\/the-impossible-collection-of-design\/","og_locale":"en_US","og_type":"article","og_title":"The Impossible Collection of Design - ICON-ICON","og_description":"Icon Icon's opinion :  Assouline publishes a beautiful book in this oversized hand-bound luxury edition, presented in a linen clamshell case... A book that attempts and succeeds in gathering the most revolutionary design pieces in history. And it is to the design expert Fr\u00e9d\u00e9ric Chambre that this task was entrusted!  Author : Fr\u00e9d\u00e9ric Chambre  Publishing house : Assouline  Date of Publication : October 2014  In recent years, the niche market of decorative furniture has been of great interest to collectors, causing the auction market to soar and record sales. Chosen by design expert Fr\u00e9d\u00e9ric Chambre, this selection of furniture stands out like film frames, an epic picture composed of a hundred years of creative innovations in forms, materials and techniques. As in the history of art, the themes evolve: design and machine, design and craft, design and art, a story that never stops. This oversized, hand-bound deluxe edition traces the evolution of twentieth-century design, from the Art Nouveau and Arts and Crafts movements to Bauhaus and Art Deco, to Pop Art and the Memphis School, to today's digital age, illustrating the dynamic history of a revolutionary century.","og_url":"https:\/\/www.icon-icon.com\/en\/produit\/the-impossible-collection-of-design\/","og_site_name":"ICON-ICON","article_modified_time":"2022-04-03T11:47:08+00:00","og_image":[{"width":500,"height":500,"url":"https:\/\/www.icon-icon.com\/wp-content\/uploads\/2022\/03\/Impossible-collection-of-design.jpg","type":"image\/jpeg"}],"twitter_card":"summary_large_image","schema":{"@context":"https:\/\/schema.org","@graph":[{"@type":"WebPage","@id":"https:\/\/www.icon-icon.com\/en\/produit\/the-impossible-collection-of-design\/","url":"https:\/\/www.icon-icon.com\/en\/produit\/the-impossible-collection-of-design\/","name":"The Impossible Collection of Design - ICON-ICON","isPartOf":{"@id":"https:\/\/www.icon-icon.com\/#website"},"primaryImageOfPage":{"@id":"https:\/\/www.icon-icon.com\/en\/produit\/the-impossible-collection-of-design\/#primaryimage"},"image":{"@id":"https:\/\/www.icon-icon.com\/en\/produit\/the-impossible-collection-of-design\/#primaryimage"},"thumbnailUrl":"https:\/\/www.icon-icon.com\/wp-content\/uploads\/2022\/03\/Impossible-collection-of-design.jpg","datePublished":"2022-04-02T18:17:35+00:00","dateModified":"2022-04-03T11:47:08+00:00","breadcrumb":{"@id":"https:\/\/www.icon-icon.com\/en\/produit\/the-impossible-collection-of-design\/#breadcrumb"},"inLanguage":"en-US","potentialAction":[{"@type":"ReadAction","target":["https:\/\/www.icon-icon.com\/en\/produit\/the-impossible-collection-of-design\/"]}]},{"@type":"ImageObject","inLanguage":"en-US","@id":"https:\/\/www.icon-icon.com\/en\/produit\/the-impossible-collection-of-design\/#primaryimage","url":"https:\/\/www.icon-icon.com\/wp-content\/uploads\/2022\/03\/Impossible-collection-of-design.jpg","contentUrl":"https:\/\/www.icon-icon.com\/wp-content\/uploads\/2022\/03\/Impossible-collection-of-design.jpg","width":500,"height":500},{"@type":"BreadcrumbList","@id":"https:\/\/www.icon-icon.com\/en\/produit\/the-impossible-collection-of-design\/#breadcrumb","itemListElement":[{"@type":"ListItem","position":1,"name":"Accueil","item":"https:\/\/www.icon-icon.com\/en\/"},{"@type":"ListItem","position":2,"name":"Shop","item":"https:\/\/www.icon-icon.com\/en\/shop-2\/"},{"@type":"ListItem","position":3,"name":"The Impossible Collection of Design"}]},{"@type":"WebSite","@id":"https:\/\/www.icon-icon.com\/#website","url":"https:\/\/www.icon-icon.com\/","name":"ICON-ICON","description":"Luxury Stories","potentialAction":[{"@type":"SearchAction","target":{"@type":"EntryPoint","urlTemplate":"https:\/\/www.icon-icon.com\/?s={search_term_string}"},"query-input":{"@type":"PropertyValueSpecification","valueRequired":true,"valueName":"search_term_string"}}],"inLanguage":"en-US"}]}},"_links":{"self":[{"href":"https:\/\/www.icon-icon.com\/en\/wp-json\/wp\/v2\/product\/74159","targetHints":{"allow":["GET"]}}],"collection":[{"href":"https:\/\/www.icon-icon.com\/en\/wp-json\/wp\/v2\/product"}],"about":[{"href":"https:\/\/www.icon-icon.com\/en\/wp-json\/wp\/v2\/types\/product"}],"wp:featuredmedia":[{"embeddable":true,"href":"https:\/\/www.icon-icon.com\/en\/wp-json\/wp\/v2\/media\/73998"}],"wp:attachment":[{"href":"https:\/\/www.icon-icon.com\/en\/wp-json\/wp\/v2\/media?parent=74159"}],"wp:term":[{"taxonomy":"product_brand","embeddable":true,"href":"https:\/\/www.icon-icon.com\/en\/wp-json\/wp\/v2\/product_brand?post=74159"},{"taxonomy":"product_cat","embeddable":true,"href":"https:\/\/www.icon-icon.com\/en\/wp-json\/wp\/v2\/product_cat?post=74159"},{"taxonomy":"product_tag","embeddable":true,"href":"https:\/\/www.icon-icon.com\/en\/wp-json\/wp\/v2\/product_tag?post=74159"}],"curies":[{"name":"wp","href":"https:\/\/api.w.org\/{rel}","templated":true}]}}