


{"id":72924,"date":"2022-03-28T21:00:31","date_gmt":"2022-07-05T14:33:10","guid":{"rendered":"https:\/\/www.icon-icon.com\/?post_type=product&#038;p=72924"},"modified":"2022-07-05T16:33:12","modified_gmt":"2022-07-05T14:33:12","slug":"tea-sommelier","status":"publish","type":"product","link":"https:\/\/www.icon-icon.com\/en\/produit\/tea-sommelier\/","title":{"rendered":"Tea Sommelier"},"content":{"rendered":"","protected":false},"excerpt":{"rendered":"<p><strong>Icon-Icon Opinion :<\/strong><\/p>\n<p>160 illustrated lessons to better understand the art of tea &#8211; advice from sommeliers, tea tasters&#8230;<\/p>\n<p><strong>Author<\/strong> : Fran\u00e7ois Xavier Delmas, Mathias Minet, Laurianne Tiberghien<\/p>\n<p><strong>Publisher<\/strong> : \u00c9ditions du Ch\u00eane<\/p>\n<p><strong>Date of Release :<\/strong> Octobre 2016<\/p>\n<p>An educational and uncomplicated approach<br \/>\nto know everything about tea&#8230;<\/p>\n<p>Tea tasting techniques, good tea and food pairing,<br \/>\nthe tea plant and its cultivation, the best teas in the world, the uses of tea in cooking&#8230;<br \/>\nEach page has been designed as a small stand-alone lesson, dealing with a single theme.<\/p>\n<p>Our promise?<\/p>\n<p>No matter how much time you have &#8211; two minutes or an hour<br \/>\nby opening this book, you will always learn something about tea.<br \/>\nTo make you want to go further, to deepen your knowledge and &#8211; who knows? &#8211; to make you feel like a tea sommelier!<\/p>\n","protected":false},"featured_media":72923,"template":"","meta":{"_acf_changed":false},"product_brand":[],"product_cat":[21562,22973,24887,30199,21728],"product_tag":[30194,30214,30215,30216,28725],"class_list":{"0":"post-72924","1":"product","2":"type-product","3":"status-publish","4":"has-post-thumbnail","6":"product_cat-books","7":"product_cat-culture-and-technology","8":"product_cat-luxury-and-lifestyle","9":"product_cat-teas","10":"product_cat-wines-spirits-gastronomy-selection","11":"product_tag-beaux-livres-en","12":"product_tag-editions-du-chene-en","13":"product_tag-francois-xavier-delmas-en","14":"product_tag-tea-sommelier-en","15":"product_tag-the-en","17":"first","18":"instock","19":"product-type-external"},"acf":[],"yoast_head":"<!-- This site is optimized with the Yoast SEO plugin v27.2 - https:\/\/yoast.com\/product\/yoast-seo-wordpress\/ -->\n<title>Tea Sommelier - ICON-ICON<\/title>\n<meta name=\"robots\" content=\"index, follow, max-snippet:-1, max-image-preview:large, max-video-preview:-1\" \/>\n<link rel=\"canonical\" href=\"https:\/\/www.icon-icon.com\/en\/produit\/tea-sommelier\/\" \/>\n<meta property=\"og:locale\" content=\"en_US\" \/>\n<meta property=\"og:type\" content=\"article\" \/>\n<meta property=\"og:title\" content=\"Tea Sommelier - ICON-ICON\" \/>\n<meta property=\"og:description\" content=\"Icon-Icon Opinion :  160 illustrated lessons to better understand the art of tea - advice from sommeliers, tea tasters...  Author : Fran\u00e7ois Xavier Delmas, Mathias Minet, Laurianne Tiberghien  Publisher : \u00c9ditions du Ch\u00eane  Date of Release : Octobre 2016  An educational and uncomplicated approach to know everything about tea...  Tea tasting techniques, good tea and food pairing, the tea plant and its cultivation, the best teas in the world, the uses of tea in cooking... Each page has been designed as a small stand-alone lesson, dealing with a single theme.  Our promise?  No matter how much time you have - two minutes or an hour by opening this book, you will always learn something about tea. To make you want to go further, to deepen your knowledge and - who knows? - to make you feel like a tea sommelier!\" \/>\n<meta property=\"og:url\" content=\"https:\/\/www.icon-icon.com\/en\/produit\/tea-sommelier\/\" \/>\n<meta property=\"og:site_name\" content=\"ICON-ICON\" \/>\n<meta property=\"article:modified_time\" content=\"2022-07-05T14:33:12+00:00\" \/>\n<meta property=\"og:image\" content=\"https:\/\/www.icon-icon.com\/wp-content\/uploads\/2022\/03\/Tea-sommelier-1.jpg\" \/>\n\t<meta property=\"og:image:width\" content=\"500\" \/>\n\t<meta property=\"og:image:height\" content=\"500\" \/>\n\t<meta property=\"og:image:type\" content=\"image\/jpeg\" \/>\n<meta name=\"twitter:card\" content=\"summary_large_image\" \/>\n<script type=\"application\/ld+json\" class=\"yoast-schema-graph\">{\"@context\":\"https:\/\/schema.org\",\"@graph\":[{\"@type\":\"WebPage\",\"@id\":\"https:\/\/www.icon-icon.com\/en\/produit\/tea-sommelier\/\",\"url\":\"https:\/\/www.icon-icon.com\/en\/produit\/tea-sommelier\/\",\"name\":\"Tea Sommelier - ICON-ICON\",\"isPartOf\":{\"@id\":\"https:\/\/www.icon-icon.com\/#website\"},\"primaryImageOfPage\":{\"@id\":\"https:\/\/www.icon-icon.com\/en\/produit\/tea-sommelier\/#primaryimage\"},\"image\":{\"@id\":\"https:\/\/www.icon-icon.com\/en\/produit\/tea-sommelier\/#primaryimage\"},\"thumbnailUrl\":\"https:\/\/www.icon-icon.com\/wp-content\/uploads\/2022\/03\/Tea-sommelier-1.jpg\",\"datePublished\":\"2022-07-05T14:33:10+00:00\",\"dateModified\":\"2022-07-05T14:33:12+00:00\",\"breadcrumb\":{\"@id\":\"https:\/\/www.icon-icon.com\/en\/produit\/tea-sommelier\/#breadcrumb\"},\"inLanguage\":\"en-US\",\"potentialAction\":[{\"@type\":\"ReadAction\",\"target\":[\"https:\/\/www.icon-icon.com\/en\/produit\/tea-sommelier\/\"]}]},{\"@type\":\"ImageObject\",\"inLanguage\":\"en-US\",\"@id\":\"https:\/\/www.icon-icon.com\/en\/produit\/tea-sommelier\/#primaryimage\",\"url\":\"https:\/\/www.icon-icon.com\/wp-content\/uploads\/2022\/03\/Tea-sommelier-1.jpg\",\"contentUrl\":\"https:\/\/www.icon-icon.com\/wp-content\/uploads\/2022\/03\/Tea-sommelier-1.jpg\",\"width\":500,\"height\":500},{\"@type\":\"BreadcrumbList\",\"@id\":\"https:\/\/www.icon-icon.com\/en\/produit\/tea-sommelier\/#breadcrumb\",\"itemListElement\":[{\"@type\":\"ListItem\",\"position\":1,\"name\":\"Accueil\",\"item\":\"https:\/\/www.icon-icon.com\/en\/\"},{\"@type\":\"ListItem\",\"position\":2,\"name\":\"Shop\",\"item\":\"https:\/\/www.icon-icon.com\/en\/shop-2\/\"},{\"@type\":\"ListItem\",\"position\":3,\"name\":\"Tea Sommelier\"}]},{\"@type\":\"WebSite\",\"@id\":\"https:\/\/www.icon-icon.com\/#website\",\"url\":\"https:\/\/www.icon-icon.com\/\",\"name\":\"ICON-ICON\",\"description\":\"Luxury Stories\",\"potentialAction\":[{\"@type\":\"SearchAction\",\"target\":{\"@type\":\"EntryPoint\",\"urlTemplate\":\"https:\/\/www.icon-icon.com\/?s={search_term_string}\"},\"query-input\":{\"@type\":\"PropertyValueSpecification\",\"valueRequired\":true,\"valueName\":\"search_term_string\"}}],\"inLanguage\":\"en-US\"}]}<\/script>\n<!-- \/ Yoast SEO plugin. -->","yoast_head_json":{"title":"Tea Sommelier - ICON-ICON","robots":{"index":"index","follow":"follow","max-snippet":"max-snippet:-1","max-image-preview":"max-image-preview:large","max-video-preview":"max-video-preview:-1"},"canonical":"https:\/\/www.icon-icon.com\/en\/produit\/tea-sommelier\/","og_locale":"en_US","og_type":"article","og_title":"Tea Sommelier - ICON-ICON","og_description":"Icon-Icon Opinion :  160 illustrated lessons to better understand the art of tea - advice from sommeliers, tea tasters...  Author : Fran\u00e7ois Xavier Delmas, Mathias Minet, Laurianne Tiberghien  Publisher : \u00c9ditions du Ch\u00eane  Date of Release : Octobre 2016  An educational and uncomplicated approach to know everything about tea...  Tea tasting techniques, good tea and food pairing, the tea plant and its cultivation, the best teas in the world, the uses of tea in cooking... Each page has been designed as a small stand-alone lesson, dealing with a single theme.  Our promise?  No matter how much time you have - two minutes or an hour by opening this book, you will always learn something about tea. To make you want to go further, to deepen your knowledge and - who knows? - to make you feel like a tea sommelier!","og_url":"https:\/\/www.icon-icon.com\/en\/produit\/tea-sommelier\/","og_site_name":"ICON-ICON","article_modified_time":"2022-07-05T14:33:12+00:00","og_image":[{"width":500,"height":500,"url":"https:\/\/www.icon-icon.com\/wp-content\/uploads\/2022\/03\/Tea-sommelier-1.jpg","type":"image\/jpeg"}],"twitter_card":"summary_large_image","schema":{"@context":"https:\/\/schema.org","@graph":[{"@type":"WebPage","@id":"https:\/\/www.icon-icon.com\/en\/produit\/tea-sommelier\/","url":"https:\/\/www.icon-icon.com\/en\/produit\/tea-sommelier\/","name":"Tea Sommelier - ICON-ICON","isPartOf":{"@id":"https:\/\/www.icon-icon.com\/#website"},"primaryImageOfPage":{"@id":"https:\/\/www.icon-icon.com\/en\/produit\/tea-sommelier\/#primaryimage"},"image":{"@id":"https:\/\/www.icon-icon.com\/en\/produit\/tea-sommelier\/#primaryimage"},"thumbnailUrl":"https:\/\/www.icon-icon.com\/wp-content\/uploads\/2022\/03\/Tea-sommelier-1.jpg","datePublished":"2022-07-05T14:33:10+00:00","dateModified":"2022-07-05T14:33:12+00:00","breadcrumb":{"@id":"https:\/\/www.icon-icon.com\/en\/produit\/tea-sommelier\/#breadcrumb"},"inLanguage":"en-US","potentialAction":[{"@type":"ReadAction","target":["https:\/\/www.icon-icon.com\/en\/produit\/tea-sommelier\/"]}]},{"@type":"ImageObject","inLanguage":"en-US","@id":"https:\/\/www.icon-icon.com\/en\/produit\/tea-sommelier\/#primaryimage","url":"https:\/\/www.icon-icon.com\/wp-content\/uploads\/2022\/03\/Tea-sommelier-1.jpg","contentUrl":"https:\/\/www.icon-icon.com\/wp-content\/uploads\/2022\/03\/Tea-sommelier-1.jpg","width":500,"height":500},{"@type":"BreadcrumbList","@id":"https:\/\/www.icon-icon.com\/en\/produit\/tea-sommelier\/#breadcrumb","itemListElement":[{"@type":"ListItem","position":1,"name":"Accueil","item":"https:\/\/www.icon-icon.com\/en\/"},{"@type":"ListItem","position":2,"name":"Shop","item":"https:\/\/www.icon-icon.com\/en\/shop-2\/"},{"@type":"ListItem","position":3,"name":"Tea Sommelier"}]},{"@type":"WebSite","@id":"https:\/\/www.icon-icon.com\/#website","url":"https:\/\/www.icon-icon.com\/","name":"ICON-ICON","description":"Luxury Stories","potentialAction":[{"@type":"SearchAction","target":{"@type":"EntryPoint","urlTemplate":"https:\/\/www.icon-icon.com\/?s={search_term_string}"},"query-input":{"@type":"PropertyValueSpecification","valueRequired":true,"valueName":"search_term_string"}}],"inLanguage":"en-US"}]}},"_links":{"self":[{"href":"https:\/\/www.icon-icon.com\/en\/wp-json\/wp\/v2\/product\/72924","targetHints":{"allow":["GET"]}}],"collection":[{"href":"https:\/\/www.icon-icon.com\/en\/wp-json\/wp\/v2\/product"}],"about":[{"href":"https:\/\/www.icon-icon.com\/en\/wp-json\/wp\/v2\/types\/product"}],"wp:featuredmedia":[{"embeddable":true,"href":"https:\/\/www.icon-icon.com\/en\/wp-json\/wp\/v2\/media\/72923"}],"wp:attachment":[{"href":"https:\/\/www.icon-icon.com\/en\/wp-json\/wp\/v2\/media?parent=72924"}],"wp:term":[{"taxonomy":"product_brand","embeddable":true,"href":"https:\/\/www.icon-icon.com\/en\/wp-json\/wp\/v2\/product_brand?post=72924"},{"taxonomy":"product_cat","embeddable":true,"href":"https:\/\/www.icon-icon.com\/en\/wp-json\/wp\/v2\/product_cat?post=72924"},{"taxonomy":"product_tag","embeddable":true,"href":"https:\/\/www.icon-icon.com\/en\/wp-json\/wp\/v2\/product_tag?post=72924"}],"curies":[{"name":"wp","href":"https:\/\/api.w.org\/{rel}","templated":true}]}}