


{"id":72736,"date":"2022-03-16T11:04:21","date_gmt":"2022-03-17T12:21:50","guid":{"rendered":"https:\/\/www.icon-icon.com\/produit\/le-bonnet-docker-miki-docker-beanie-black-waxy-leather\/"},"modified":"2022-03-17T13:23:19","modified_gmt":"2022-03-17T12:23:19","slug":"le-bonnet-docker-bonnet-docker-miki-noir-cuir-2","status":"publish","type":"product","link":"https:\/\/www.icon-icon.com\/en\/produit\/le-bonnet-docker-bonnet-docker-miki-noir-cuir-2\/","title":{"rendered":"Le Bonnet Docker &#8211; Miki Docker Beanie Black Waxy Leather"},"content":{"rendered":"","protected":false},"excerpt":{"rendered":"<p><strong>Icon-Icon Opinion : <\/strong><\/p>\n<p>\u201cHalfway between a cap and a beanie, without a visor to protect you against the wind, with the ears free to listen to the sounds of the waves, this type of hat was originally created for sailors but has become an everyday hat which can be worn at sea as well as in the city\u201d, states the company. It is true that the docker\u2019s hat is now a wardrobe staple.<\/p>\n<div class=\"\">\n<div class=\"\">\n<div class=\"\">\n<div class=\"\" dir=\"auto\"><strong>Name of the Product : <\/strong>Miki Docker Beanie Black Waxy Leather<\/div>\n<\/div>\n<\/div>\n<\/div>\n<p><strong>Name of the brand :<\/strong> Bonnet Docker<\/p>\n<p><strong>Description : <\/strong><\/p>\n<p>At the end of 2013, Am\u00e9lie Le Roux, the creator of B\u00e9ton Cir\u00e9, launched her docker beanie model. It quickly became the brand&#8217;s iconic piece. Halfway between a beanie and a cap, without a visor to avoid gusts of wind, with free ears to listen to the sound of the waves, this form of hat created for sailors becomes here an everyday hat that the one carries to the sea as to the city.<\/p>\n","protected":false},"featured_media":72574,"template":"","meta":{"_acf_changed":false},"product_brand":[],"product_cat":[24117,22984,29996],"product_tag":[30142,30143,30144,30145,22284,27705],"class_list":{"0":"post-72736","1":"product","2":"type-product","3":"status-publish","4":"has-post-thumbnail","6":"product_cat-accessories","7":"product_cat-fashion-and-accessories","8":"product_cat-hats","9":"product_tag-accessoires-en","10":"product_tag-bonnet-docker-miki-noir-cuir-en","11":"product_tag-chapeaux-en","12":"product_tag-le-bonnet-docker-en","13":"product_tag-luxury-en","14":"product_tag-mode-et-accessoires-en","16":"first","17":"instock","18":"product-type-external"},"acf":[],"yoast_head":"<!-- This site is optimized with the Yoast SEO plugin v27.2 - https:\/\/yoast.com\/product\/yoast-seo-wordpress\/ -->\n<title>Le Bonnet Docker - Miki Docker Beanie Black Waxy Leather - ICON-ICON<\/title>\n<meta name=\"robots\" content=\"index, follow, max-snippet:-1, max-image-preview:large, max-video-preview:-1\" \/>\n<link rel=\"canonical\" href=\"https:\/\/www.icon-icon.com\/en\/produit\/le-bonnet-docker-bonnet-docker-miki-noir-cuir-2\/\" \/>\n<meta property=\"og:locale\" content=\"en_US\" \/>\n<meta property=\"og:type\" content=\"article\" \/>\n<meta property=\"og:title\" content=\"Le Bonnet Docker - Miki Docker Beanie Black Waxy Leather - ICON-ICON\" \/>\n<meta property=\"og:description\" content=\"Icon-Icon Opinion :   \u201cHalfway between a cap and a beanie, without a visor to protect you against the wind, with the ears free to listen to the sounds of the waves, this type of hat was originally created for sailors but has become an everyday hat which can be worn at sea as well as in the city\u201d, states the company. It is true that the docker\u2019s hat is now a wardrobe staple.    Name of the Product : Miki Docker Beanie Black Waxy Leather    Name of the brand : Bonnet Docker  Description :   At the end of 2013, Am\u00e9lie Le Roux, the creator of B\u00e9ton Cir\u00e9, launched her docker beanie model. It quickly became the brand&#039;s iconic piece. Halfway between a beanie and a cap, without a visor to avoid gusts of wind, with free ears to listen to the sound of the waves, this form of hat created for sailors becomes here an everyday hat that the one carries to the sea as to the city.\" \/>\n<meta property=\"og:url\" content=\"https:\/\/www.icon-icon.com\/en\/produit\/le-bonnet-docker-bonnet-docker-miki-noir-cuir-2\/\" \/>\n<meta property=\"og:site_name\" content=\"ICON-ICON\" \/>\n<meta property=\"article:modified_time\" content=\"2022-03-17T12:23:19+00:00\" \/>\n<meta property=\"og:image\" content=\"https:\/\/www.icon-icon.com\/wp-content\/uploads\/2022\/03\/bonnet-docker-miki-cuir-copy.jpg\" \/>\n\t<meta property=\"og:image:width\" content=\"2000\" \/>\n\t<meta property=\"og:image:height\" content=\"2000\" \/>\n\t<meta property=\"og:image:type\" content=\"image\/jpeg\" \/>\n<meta name=\"twitter:card\" content=\"summary_large_image\" \/>\n<script type=\"application\/ld+json\" class=\"yoast-schema-graph\">{\"@context\":\"https:\/\/schema.org\",\"@graph\":[{\"@type\":\"WebPage\",\"@id\":\"https:\/\/www.icon-icon.com\/en\/produit\/le-bonnet-docker-bonnet-docker-miki-noir-cuir-2\/\",\"url\":\"https:\/\/www.icon-icon.com\/en\/produit\/le-bonnet-docker-bonnet-docker-miki-noir-cuir-2\/\",\"name\":\"Le Bonnet Docker - Miki Docker Beanie Black Waxy Leather - ICON-ICON\",\"isPartOf\":{\"@id\":\"https:\/\/www.icon-icon.com\/#website\"},\"primaryImageOfPage\":{\"@id\":\"https:\/\/www.icon-icon.com\/en\/produit\/le-bonnet-docker-bonnet-docker-miki-noir-cuir-2\/#primaryimage\"},\"image\":{\"@id\":\"https:\/\/www.icon-icon.com\/en\/produit\/le-bonnet-docker-bonnet-docker-miki-noir-cuir-2\/#primaryimage\"},\"thumbnailUrl\":\"https:\/\/www.icon-icon.com\/wp-content\/uploads\/2022\/03\/bonnet-docker-miki-cuir-copy.jpg\",\"datePublished\":\"2022-03-17T12:21:50+00:00\",\"dateModified\":\"2022-03-17T12:23:19+00:00\",\"breadcrumb\":{\"@id\":\"https:\/\/www.icon-icon.com\/en\/produit\/le-bonnet-docker-bonnet-docker-miki-noir-cuir-2\/#breadcrumb\"},\"inLanguage\":\"en-US\",\"potentialAction\":[{\"@type\":\"ReadAction\",\"target\":[\"https:\/\/www.icon-icon.com\/en\/produit\/le-bonnet-docker-bonnet-docker-miki-noir-cuir-2\/\"]}]},{\"@type\":\"ImageObject\",\"inLanguage\":\"en-US\",\"@id\":\"https:\/\/www.icon-icon.com\/en\/produit\/le-bonnet-docker-bonnet-docker-miki-noir-cuir-2\/#primaryimage\",\"url\":\"https:\/\/www.icon-icon.com\/wp-content\/uploads\/2022\/03\/bonnet-docker-miki-cuir-copy.jpg\",\"contentUrl\":\"https:\/\/www.icon-icon.com\/wp-content\/uploads\/2022\/03\/bonnet-docker-miki-cuir-copy.jpg\",\"width\":2000,\"height\":2000},{\"@type\":\"BreadcrumbList\",\"@id\":\"https:\/\/www.icon-icon.com\/en\/produit\/le-bonnet-docker-bonnet-docker-miki-noir-cuir-2\/#breadcrumb\",\"itemListElement\":[{\"@type\":\"ListItem\",\"position\":1,\"name\":\"Accueil\",\"item\":\"https:\/\/www.icon-icon.com\/en\/\"},{\"@type\":\"ListItem\",\"position\":2,\"name\":\"Shop\",\"item\":\"https:\/\/www.icon-icon.com\/en\/shop-2\/\"},{\"@type\":\"ListItem\",\"position\":3,\"name\":\"Le Bonnet Docker &#8211; Miki Docker Beanie Black Waxy Leather\"}]},{\"@type\":\"WebSite\",\"@id\":\"https:\/\/www.icon-icon.com\/#website\",\"url\":\"https:\/\/www.icon-icon.com\/\",\"name\":\"ICON-ICON\",\"description\":\"Luxury Stories\",\"potentialAction\":[{\"@type\":\"SearchAction\",\"target\":{\"@type\":\"EntryPoint\",\"urlTemplate\":\"https:\/\/www.icon-icon.com\/?s={search_term_string}\"},\"query-input\":{\"@type\":\"PropertyValueSpecification\",\"valueRequired\":true,\"valueName\":\"search_term_string\"}}],\"inLanguage\":\"en-US\"}]}<\/script>\n<!-- \/ Yoast SEO plugin. -->","yoast_head_json":{"title":"Le Bonnet Docker - Miki Docker Beanie Black Waxy Leather - ICON-ICON","robots":{"index":"index","follow":"follow","max-snippet":"max-snippet:-1","max-image-preview":"max-image-preview:large","max-video-preview":"max-video-preview:-1"},"canonical":"https:\/\/www.icon-icon.com\/en\/produit\/le-bonnet-docker-bonnet-docker-miki-noir-cuir-2\/","og_locale":"en_US","og_type":"article","og_title":"Le Bonnet Docker - Miki Docker Beanie Black Waxy Leather - ICON-ICON","og_description":"Icon-Icon Opinion :   \u201cHalfway between a cap and a beanie, without a visor to protect you against the wind, with the ears free to listen to the sounds of the waves, this type of hat was originally created for sailors but has become an everyday hat which can be worn at sea as well as in the city\u201d, states the company. It is true that the docker\u2019s hat is now a wardrobe staple.    Name of the Product : Miki Docker Beanie Black Waxy Leather    Name of the brand : Bonnet Docker  Description :   At the end of 2013, Am\u00e9lie Le Roux, the creator of B\u00e9ton Cir\u00e9, launched her docker beanie model. It quickly became the brand's iconic piece. Halfway between a beanie and a cap, without a visor to avoid gusts of wind, with free ears to listen to the sound of the waves, this form of hat created for sailors becomes here an everyday hat that the one carries to the sea as to the city.","og_url":"https:\/\/www.icon-icon.com\/en\/produit\/le-bonnet-docker-bonnet-docker-miki-noir-cuir-2\/","og_site_name":"ICON-ICON","article_modified_time":"2022-03-17T12:23:19+00:00","og_image":[{"width":2000,"height":2000,"url":"https:\/\/www.icon-icon.com\/wp-content\/uploads\/2022\/03\/bonnet-docker-miki-cuir-copy.jpg","type":"image\/jpeg"}],"twitter_card":"summary_large_image","schema":{"@context":"https:\/\/schema.org","@graph":[{"@type":"WebPage","@id":"https:\/\/www.icon-icon.com\/en\/produit\/le-bonnet-docker-bonnet-docker-miki-noir-cuir-2\/","url":"https:\/\/www.icon-icon.com\/en\/produit\/le-bonnet-docker-bonnet-docker-miki-noir-cuir-2\/","name":"Le Bonnet Docker - Miki Docker Beanie Black Waxy Leather - ICON-ICON","isPartOf":{"@id":"https:\/\/www.icon-icon.com\/#website"},"primaryImageOfPage":{"@id":"https:\/\/www.icon-icon.com\/en\/produit\/le-bonnet-docker-bonnet-docker-miki-noir-cuir-2\/#primaryimage"},"image":{"@id":"https:\/\/www.icon-icon.com\/en\/produit\/le-bonnet-docker-bonnet-docker-miki-noir-cuir-2\/#primaryimage"},"thumbnailUrl":"https:\/\/www.icon-icon.com\/wp-content\/uploads\/2022\/03\/bonnet-docker-miki-cuir-copy.jpg","datePublished":"2022-03-17T12:21:50+00:00","dateModified":"2022-03-17T12:23:19+00:00","breadcrumb":{"@id":"https:\/\/www.icon-icon.com\/en\/produit\/le-bonnet-docker-bonnet-docker-miki-noir-cuir-2\/#breadcrumb"},"inLanguage":"en-US","potentialAction":[{"@type":"ReadAction","target":["https:\/\/www.icon-icon.com\/en\/produit\/le-bonnet-docker-bonnet-docker-miki-noir-cuir-2\/"]}]},{"@type":"ImageObject","inLanguage":"en-US","@id":"https:\/\/www.icon-icon.com\/en\/produit\/le-bonnet-docker-bonnet-docker-miki-noir-cuir-2\/#primaryimage","url":"https:\/\/www.icon-icon.com\/wp-content\/uploads\/2022\/03\/bonnet-docker-miki-cuir-copy.jpg","contentUrl":"https:\/\/www.icon-icon.com\/wp-content\/uploads\/2022\/03\/bonnet-docker-miki-cuir-copy.jpg","width":2000,"height":2000},{"@type":"BreadcrumbList","@id":"https:\/\/www.icon-icon.com\/en\/produit\/le-bonnet-docker-bonnet-docker-miki-noir-cuir-2\/#breadcrumb","itemListElement":[{"@type":"ListItem","position":1,"name":"Accueil","item":"https:\/\/www.icon-icon.com\/en\/"},{"@type":"ListItem","position":2,"name":"Shop","item":"https:\/\/www.icon-icon.com\/en\/shop-2\/"},{"@type":"ListItem","position":3,"name":"Le Bonnet Docker &#8211; Miki Docker Beanie Black Waxy Leather"}]},{"@type":"WebSite","@id":"https:\/\/www.icon-icon.com\/#website","url":"https:\/\/www.icon-icon.com\/","name":"ICON-ICON","description":"Luxury Stories","potentialAction":[{"@type":"SearchAction","target":{"@type":"EntryPoint","urlTemplate":"https:\/\/www.icon-icon.com\/?s={search_term_string}"},"query-input":{"@type":"PropertyValueSpecification","valueRequired":true,"valueName":"search_term_string"}}],"inLanguage":"en-US"}]}},"_links":{"self":[{"href":"https:\/\/www.icon-icon.com\/en\/wp-json\/wp\/v2\/product\/72736","targetHints":{"allow":["GET"]}}],"collection":[{"href":"https:\/\/www.icon-icon.com\/en\/wp-json\/wp\/v2\/product"}],"about":[{"href":"https:\/\/www.icon-icon.com\/en\/wp-json\/wp\/v2\/types\/product"}],"wp:featuredmedia":[{"embeddable":true,"href":"https:\/\/www.icon-icon.com\/en\/wp-json\/wp\/v2\/media\/72574"}],"wp:attachment":[{"href":"https:\/\/www.icon-icon.com\/en\/wp-json\/wp\/v2\/media?parent=72736"}],"wp:term":[{"taxonomy":"product_brand","embeddable":true,"href":"https:\/\/www.icon-icon.com\/en\/wp-json\/wp\/v2\/product_brand?post=72736"},{"taxonomy":"product_cat","embeddable":true,"href":"https:\/\/www.icon-icon.com\/en\/wp-json\/wp\/v2\/product_cat?post=72736"},{"taxonomy":"product_tag","embeddable":true,"href":"https:\/\/www.icon-icon.com\/en\/wp-json\/wp\/v2\/product_tag?post=72736"}],"curies":[{"name":"wp","href":"https:\/\/api.w.org\/{rel}","templated":true}]}}