


{"id":72444,"date":"2022-03-14T15:17:29","date_gmt":"2022-03-14T14:49:39","guid":{"rendered":"https:\/\/www.icon-icon.com\/?post_type=product&#038;p=72444"},"modified":"2022-03-14T15:49:40","modified_gmt":"2022-03-14T14:49:40","slug":"gangsta-rap-dr-dre-snoop-dogg-2pac-et-les-autres","status":"publish","type":"product","link":"https:\/\/www.icon-icon.com\/en\/produit\/gangsta-rap-dr-dre-snoop-dogg-2pac-et-les-autres\/","title":{"rendered":"Gangsta rap &#8211; dr. dre, Snoop Dogg, 2pac and the others"},"content":{"rendered":"","protected":false},"excerpt":{"rendered":"<p class=\"p1\"><strong>Icon-Icon Opinion : <\/strong><\/p>\n<p class=\"p1\">What is gangsta rap? A musical, aesthetic and political revolution led by rappers spearheaded by Snoop Dogg and 2Pac. C\u2019est sur cette \u00e9pop\u00e9e que revient ce livre id\u00e9al pour saisi le ph\u00e9nom\u00e8ne d\u00e9sormais triomphant du rap !<\/p>\n<p class=\"p1\"><strong>Author : <\/strong>Pierre Evil<\/p>\n<p class=\"p1\"><strong>Publisher: <\/strong>Le Mot Et Le Reste<\/p>\n<p class=\"p1\"><strong>Relese Date : <\/strong>April 2018<\/p>\n<p>The author, a specialist in Afro-American music, studies the era of gangsta rap, the conditions which made possible the existence of this dominant current of North American music, a melodic and ultra-violent, hedonistic and suicidal musical form which results tensions that ran through capitalism, America and the black community during the 1990s.<\/p>\n","protected":false},"featured_media":72442,"template":"","meta":{"_acf_changed":false},"product_brand":[],"product_cat":[21562,22973,29893,29895],"product_tag":[29952,29953,29954,29955,29956,22284,29946],"class_list":{"0":"post-72444","1":"product","2":"type-product","3":"status-publish","4":"has-post-thumbnail","6":"product_cat-books","7":"product_cat-culture-and-technology","8":"product_cat-iconic-figures","9":"product_cat-snoop-dogg-en","10":"product_tag-2pac-and-the-others","11":"product_tag-dr-dre-en","12":"product_tag-evil-stone-en","13":"product_tag-gangsta-rap-en","14":"product_tag-le-mot-et-le-reste-en","15":"product_tag-luxury-en","16":"product_tag-snoop-dogg-en","18":"first","19":"instock","20":"product-type-external"},"acf":[],"yoast_head":"<!-- This site is optimized with the Yoast SEO plugin v27.2 - https:\/\/yoast.com\/product\/yoast-seo-wordpress\/ -->\n<title>Gangsta rap - dr. dre, Snoop Dogg, 2pac and the others - ICON-ICON<\/title>\n<meta name=\"robots\" content=\"index, follow, max-snippet:-1, max-image-preview:large, max-video-preview:-1\" \/>\n<link rel=\"canonical\" href=\"https:\/\/www.icon-icon.com\/en\/produit\/gangsta-rap-dr-dre-snoop-dogg-2pac-et-les-autres\/\" \/>\n<meta property=\"og:locale\" content=\"en_US\" \/>\n<meta property=\"og:type\" content=\"article\" \/>\n<meta property=\"og:title\" content=\"Gangsta rap - dr. dre, Snoop Dogg, 2pac and the others - ICON-ICON\" \/>\n<meta property=\"og:description\" content=\"Icon-Icon Opinion :  What is gangsta rap? A musical, aesthetic and political revolution led by rappers spearheaded by Snoop Dogg and 2Pac. C\u2019est sur cette \u00e9pop\u00e9e que revient ce livre id\u00e9al pour saisi le ph\u00e9nom\u00e8ne d\u00e9sormais triomphant du rap ! Author : Pierre Evil Publisher: Le Mot Et Le Reste Relese Date : April 2018 The author, a specialist in Afro-American music, studies the era of gangsta rap, the conditions which made possible the existence of this dominant current of North American music, a melodic and ultra-violent, hedonistic and suicidal musical form which results tensions that ran through capitalism, America and the black community during the 1990s.\" \/>\n<meta property=\"og:url\" content=\"https:\/\/www.icon-icon.com\/en\/produit\/gangsta-rap-dr-dre-snoop-dogg-2pac-et-les-autres\/\" \/>\n<meta property=\"og:site_name\" content=\"ICON-ICON\" \/>\n<meta property=\"article:modified_time\" content=\"2022-03-14T14:49:40+00:00\" \/>\n<meta property=\"og:image\" content=\"https:\/\/www.icon-icon.com\/wp-content\/uploads\/2022\/03\/Gangsta-rap-dr-dre-snoop-dogg-2pac-et-les-autres-copy.jpg\" \/>\n\t<meta property=\"og:image:width\" content=\"500\" \/>\n\t<meta property=\"og:image:height\" content=\"500\" \/>\n\t<meta property=\"og:image:type\" content=\"image\/jpeg\" \/>\n<meta name=\"twitter:card\" content=\"summary_large_image\" \/>\n<script type=\"application\/ld+json\" class=\"yoast-schema-graph\">{\"@context\":\"https:\/\/schema.org\",\"@graph\":[{\"@type\":\"WebPage\",\"@id\":\"https:\/\/www.icon-icon.com\/en\/produit\/gangsta-rap-dr-dre-snoop-dogg-2pac-et-les-autres\/\",\"url\":\"https:\/\/www.icon-icon.com\/en\/produit\/gangsta-rap-dr-dre-snoop-dogg-2pac-et-les-autres\/\",\"name\":\"Gangsta rap - dr. dre, Snoop Dogg, 2pac and the others - ICON-ICON\",\"isPartOf\":{\"@id\":\"https:\/\/www.icon-icon.com\/#website\"},\"primaryImageOfPage\":{\"@id\":\"https:\/\/www.icon-icon.com\/en\/produit\/gangsta-rap-dr-dre-snoop-dogg-2pac-et-les-autres\/#primaryimage\"},\"image\":{\"@id\":\"https:\/\/www.icon-icon.com\/en\/produit\/gangsta-rap-dr-dre-snoop-dogg-2pac-et-les-autres\/#primaryimage\"},\"thumbnailUrl\":\"https:\/\/www.icon-icon.com\/wp-content\/uploads\/2022\/03\/Gangsta-rap-dr-dre-snoop-dogg-2pac-et-les-autres-copy.jpg\",\"datePublished\":\"2022-03-14T14:49:39+00:00\",\"dateModified\":\"2022-03-14T14:49:40+00:00\",\"breadcrumb\":{\"@id\":\"https:\/\/www.icon-icon.com\/en\/produit\/gangsta-rap-dr-dre-snoop-dogg-2pac-et-les-autres\/#breadcrumb\"},\"inLanguage\":\"en-US\",\"potentialAction\":[{\"@type\":\"ReadAction\",\"target\":[\"https:\/\/www.icon-icon.com\/en\/produit\/gangsta-rap-dr-dre-snoop-dogg-2pac-et-les-autres\/\"]}]},{\"@type\":\"ImageObject\",\"inLanguage\":\"en-US\",\"@id\":\"https:\/\/www.icon-icon.com\/en\/produit\/gangsta-rap-dr-dre-snoop-dogg-2pac-et-les-autres\/#primaryimage\",\"url\":\"https:\/\/www.icon-icon.com\/wp-content\/uploads\/2022\/03\/Gangsta-rap-dr-dre-snoop-dogg-2pac-et-les-autres-copy.jpg\",\"contentUrl\":\"https:\/\/www.icon-icon.com\/wp-content\/uploads\/2022\/03\/Gangsta-rap-dr-dre-snoop-dogg-2pac-et-les-autres-copy.jpg\",\"width\":500,\"height\":500},{\"@type\":\"BreadcrumbList\",\"@id\":\"https:\/\/www.icon-icon.com\/en\/produit\/gangsta-rap-dr-dre-snoop-dogg-2pac-et-les-autres\/#breadcrumb\",\"itemListElement\":[{\"@type\":\"ListItem\",\"position\":1,\"name\":\"Accueil\",\"item\":\"https:\/\/www.icon-icon.com\/en\/\"},{\"@type\":\"ListItem\",\"position\":2,\"name\":\"Shop\",\"item\":\"https:\/\/www.icon-icon.com\/en\/shop-2\/\"},{\"@type\":\"ListItem\",\"position\":3,\"name\":\"Gangsta rap &#8211; dr. dre, Snoop Dogg, 2pac and the others\"}]},{\"@type\":\"WebSite\",\"@id\":\"https:\/\/www.icon-icon.com\/#website\",\"url\":\"https:\/\/www.icon-icon.com\/\",\"name\":\"ICON-ICON\",\"description\":\"Luxury Stories\",\"potentialAction\":[{\"@type\":\"SearchAction\",\"target\":{\"@type\":\"EntryPoint\",\"urlTemplate\":\"https:\/\/www.icon-icon.com\/?s={search_term_string}\"},\"query-input\":{\"@type\":\"PropertyValueSpecification\",\"valueRequired\":true,\"valueName\":\"search_term_string\"}}],\"inLanguage\":\"en-US\"}]}<\/script>\n<!-- \/ Yoast SEO plugin. -->","yoast_head_json":{"title":"Gangsta rap - dr. dre, Snoop Dogg, 2pac and the others - ICON-ICON","robots":{"index":"index","follow":"follow","max-snippet":"max-snippet:-1","max-image-preview":"max-image-preview:large","max-video-preview":"max-video-preview:-1"},"canonical":"https:\/\/www.icon-icon.com\/en\/produit\/gangsta-rap-dr-dre-snoop-dogg-2pac-et-les-autres\/","og_locale":"en_US","og_type":"article","og_title":"Gangsta rap - dr. dre, Snoop Dogg, 2pac and the others - ICON-ICON","og_description":"Icon-Icon Opinion :  What is gangsta rap? A musical, aesthetic and political revolution led by rappers spearheaded by Snoop Dogg and 2Pac. C\u2019est sur cette \u00e9pop\u00e9e que revient ce livre id\u00e9al pour saisi le ph\u00e9nom\u00e8ne d\u00e9sormais triomphant du rap ! Author : Pierre Evil Publisher: Le Mot Et Le Reste Relese Date : April 2018 The author, a specialist in Afro-American music, studies the era of gangsta rap, the conditions which made possible the existence of this dominant current of North American music, a melodic and ultra-violent, hedonistic and suicidal musical form which results tensions that ran through capitalism, America and the black community during the 1990s.","og_url":"https:\/\/www.icon-icon.com\/en\/produit\/gangsta-rap-dr-dre-snoop-dogg-2pac-et-les-autres\/","og_site_name":"ICON-ICON","article_modified_time":"2022-03-14T14:49:40+00:00","og_image":[{"width":500,"height":500,"url":"https:\/\/www.icon-icon.com\/wp-content\/uploads\/2022\/03\/Gangsta-rap-dr-dre-snoop-dogg-2pac-et-les-autres-copy.jpg","type":"image\/jpeg"}],"twitter_card":"summary_large_image","schema":{"@context":"https:\/\/schema.org","@graph":[{"@type":"WebPage","@id":"https:\/\/www.icon-icon.com\/en\/produit\/gangsta-rap-dr-dre-snoop-dogg-2pac-et-les-autres\/","url":"https:\/\/www.icon-icon.com\/en\/produit\/gangsta-rap-dr-dre-snoop-dogg-2pac-et-les-autres\/","name":"Gangsta rap - dr. dre, Snoop Dogg, 2pac and the others - ICON-ICON","isPartOf":{"@id":"https:\/\/www.icon-icon.com\/#website"},"primaryImageOfPage":{"@id":"https:\/\/www.icon-icon.com\/en\/produit\/gangsta-rap-dr-dre-snoop-dogg-2pac-et-les-autres\/#primaryimage"},"image":{"@id":"https:\/\/www.icon-icon.com\/en\/produit\/gangsta-rap-dr-dre-snoop-dogg-2pac-et-les-autres\/#primaryimage"},"thumbnailUrl":"https:\/\/www.icon-icon.com\/wp-content\/uploads\/2022\/03\/Gangsta-rap-dr-dre-snoop-dogg-2pac-et-les-autres-copy.jpg","datePublished":"2022-03-14T14:49:39+00:00","dateModified":"2022-03-14T14:49:40+00:00","breadcrumb":{"@id":"https:\/\/www.icon-icon.com\/en\/produit\/gangsta-rap-dr-dre-snoop-dogg-2pac-et-les-autres\/#breadcrumb"},"inLanguage":"en-US","potentialAction":[{"@type":"ReadAction","target":["https:\/\/www.icon-icon.com\/en\/produit\/gangsta-rap-dr-dre-snoop-dogg-2pac-et-les-autres\/"]}]},{"@type":"ImageObject","inLanguage":"en-US","@id":"https:\/\/www.icon-icon.com\/en\/produit\/gangsta-rap-dr-dre-snoop-dogg-2pac-et-les-autres\/#primaryimage","url":"https:\/\/www.icon-icon.com\/wp-content\/uploads\/2022\/03\/Gangsta-rap-dr-dre-snoop-dogg-2pac-et-les-autres-copy.jpg","contentUrl":"https:\/\/www.icon-icon.com\/wp-content\/uploads\/2022\/03\/Gangsta-rap-dr-dre-snoop-dogg-2pac-et-les-autres-copy.jpg","width":500,"height":500},{"@type":"BreadcrumbList","@id":"https:\/\/www.icon-icon.com\/en\/produit\/gangsta-rap-dr-dre-snoop-dogg-2pac-et-les-autres\/#breadcrumb","itemListElement":[{"@type":"ListItem","position":1,"name":"Accueil","item":"https:\/\/www.icon-icon.com\/en\/"},{"@type":"ListItem","position":2,"name":"Shop","item":"https:\/\/www.icon-icon.com\/en\/shop-2\/"},{"@type":"ListItem","position":3,"name":"Gangsta rap &#8211; dr. dre, Snoop Dogg, 2pac and the others"}]},{"@type":"WebSite","@id":"https:\/\/www.icon-icon.com\/#website","url":"https:\/\/www.icon-icon.com\/","name":"ICON-ICON","description":"Luxury Stories","potentialAction":[{"@type":"SearchAction","target":{"@type":"EntryPoint","urlTemplate":"https:\/\/www.icon-icon.com\/?s={search_term_string}"},"query-input":{"@type":"PropertyValueSpecification","valueRequired":true,"valueName":"search_term_string"}}],"inLanguage":"en-US"}]}},"_links":{"self":[{"href":"https:\/\/www.icon-icon.com\/en\/wp-json\/wp\/v2\/product\/72444","targetHints":{"allow":["GET"]}}],"collection":[{"href":"https:\/\/www.icon-icon.com\/en\/wp-json\/wp\/v2\/product"}],"about":[{"href":"https:\/\/www.icon-icon.com\/en\/wp-json\/wp\/v2\/types\/product"}],"wp:featuredmedia":[{"embeddable":true,"href":"https:\/\/www.icon-icon.com\/en\/wp-json\/wp\/v2\/media\/72442"}],"wp:attachment":[{"href":"https:\/\/www.icon-icon.com\/en\/wp-json\/wp\/v2\/media?parent=72444"}],"wp:term":[{"taxonomy":"product_brand","embeddable":true,"href":"https:\/\/www.icon-icon.com\/en\/wp-json\/wp\/v2\/product_brand?post=72444"},{"taxonomy":"product_cat","embeddable":true,"href":"https:\/\/www.icon-icon.com\/en\/wp-json\/wp\/v2\/product_cat?post=72444"},{"taxonomy":"product_tag","embeddable":true,"href":"https:\/\/www.icon-icon.com\/en\/wp-json\/wp\/v2\/product_tag?post=72444"}],"curies":[{"name":"wp","href":"https:\/\/api.w.org\/{rel}","templated":true}]}}