


{"id":71125,"date":"2022-02-28T00:15:07","date_gmt":"2022-02-27T23:16:36","guid":{"rendered":"https:\/\/www.icon-icon.com\/?post_type=product&#038;p=71125"},"modified":"2022-02-28T00:16:37","modified_gmt":"2022-02-27T23:16:37","slug":"le-fer-a-cheval","status":"publish","type":"product","link":"https:\/\/www.icon-icon.com\/en\/produit\/le-fer-a-cheval\/","title":{"rendered":"Le Fer \u00e0 Cheval"},"content":{"rendered":"","protected":false},"excerpt":{"rendered":"<p>&nbsp;<\/p>\n<p class=\"p1\"><strong>Icon-Icon Opinion :<\/strong><\/p>\n<p class=\"p1\">In the heart of the village of Meg\u00e8ve, Le Fer \u00e0 Cheval offers the luxury option of a hotel where contemporary design meets the traditional atmosphere of a chalet&#8230; All with a spa and restaurants that are as authentic as they are interesting!<\/p>\n<p class=\"p1\"><strong>Restaurant : <\/strong>Le Fer \u00e0 Cheval &#8211; 5 Star<\/p>\n<p class=\"p1\"><strong>Address :\u00a0<\/strong>36 Route du Cr\u00eat <span class=\"contact-txt address-postalCode\">74120<\/span> <span class=\"contact-txt address-locality\">Meg\u00e8ve France<\/span><\/p>\n<p class=\"p1\"><strong>Contacts :\u00a0<\/strong>For any information or reservation request, contact the teams by telephone on +33 4 50 21 30 39 or by email on <a href=\"mailto:contact@feracheval-megeve.com\"><span class=\"contact-txt email-label\">contact@feracheval-megeve.com<\/span><\/a><\/p>\n","protected":false},"featured_media":71124,"template":"","meta":{"_acf_changed":false},"product_brand":[],"product_cat":[25963,25965,25961,29325],"product_tag":[28146,29234,27885,29326,26576,22284,29236,27731],"class_list":{"0":"post-71125","1":"product","2":"type-product","3":"status-publish","4":"has-post-thumbnail","6":"product_cat-destinations-en","7":"product_cat-hotels-en","8":"product_cat-lifestyle-en","9":"product_cat-megeve-en","10":"product_tag-5-star","11":"product_tag-alpes-en","12":"product_tag-hotels-en","13":"product_tag-le-fer-a-cheval-en","14":"product_tag-lifestyle-en","15":"product_tag-luxury-en","16":"product_tag-megeve-en","17":"product_tag-restaurants-en","19":"first","20":"instock","21":"product-type-external"},"acf":[],"yoast_head":"<!-- This site is optimized with the Yoast SEO plugin v27.2 - https:\/\/yoast.com\/product\/yoast-seo-wordpress\/ -->\n<title>Le Fer \u00e0 Cheval - ICON-ICON<\/title>\n<meta name=\"robots\" content=\"index, follow, max-snippet:-1, max-image-preview:large, max-video-preview:-1\" \/>\n<link rel=\"canonical\" href=\"http:\/\/www.icon-icon.com\/en\/produit\/le-fer-a-cheval\/\" \/>\n<meta property=\"og:locale\" content=\"en_US\" \/>\n<meta property=\"og:type\" content=\"article\" \/>\n<meta property=\"og:title\" content=\"Le Fer \u00e0 Cheval - ICON-ICON\" \/>\n<meta property=\"og:description\" content=\"&nbsp; Icon-Icon Opinion : In the heart of the village of Meg\u00e8ve, Le Fer \u00e0 Cheval offers the luxury option of a hotel where contemporary design meets the traditional atmosphere of a chalet... All with a spa and restaurants that are as authentic as they are interesting! Restaurant : Le Fer \u00e0 Cheval - 5 Star Address :\u00a036 Route du Cr\u00eat 74120 Meg\u00e8ve France Contacts :\u00a0For any information or reservation request, contact the teams by telephone on +33 4 50 21 30 39 or by email on contact@feracheval-megeve.com\" \/>\n<meta property=\"og:url\" content=\"http:\/\/www.icon-icon.com\/en\/produit\/le-fer-a-cheval\/\" \/>\n<meta property=\"og:site_name\" content=\"ICON-ICON\" \/>\n<meta property=\"article:modified_time\" content=\"2022-02-27T23:16:37+00:00\" \/>\n<meta property=\"og:image\" content=\"http:\/\/www.icon-icon.com\/wp-content\/uploads\/2022\/02\/207349891-copy.jpg\" \/>\n\t<meta property=\"og:image:width\" content=\"500\" \/>\n\t<meta property=\"og:image:height\" content=\"500\" \/>\n\t<meta property=\"og:image:type\" content=\"image\/jpeg\" \/>\n<meta name=\"twitter:card\" content=\"summary_large_image\" \/>\n<script type=\"application\/ld+json\" class=\"yoast-schema-graph\">{\"@context\":\"https:\/\/schema.org\",\"@graph\":[{\"@type\":\"WebPage\",\"@id\":\"http:\/\/www.icon-icon.com\/en\/produit\/le-fer-a-cheval\/\",\"url\":\"http:\/\/www.icon-icon.com\/en\/produit\/le-fer-a-cheval\/\",\"name\":\"Le Fer \u00e0 Cheval - ICON-ICON\",\"isPartOf\":{\"@id\":\"https:\/\/www.icon-icon.com\/#website\"},\"primaryImageOfPage\":{\"@id\":\"http:\/\/www.icon-icon.com\/en\/produit\/le-fer-a-cheval\/#primaryimage\"},\"image\":{\"@id\":\"http:\/\/www.icon-icon.com\/en\/produit\/le-fer-a-cheval\/#primaryimage\"},\"thumbnailUrl\":\"https:\/\/www.icon-icon.com\/wp-content\/uploads\/2022\/02\/207349891-copy.jpg\",\"datePublished\":\"2022-02-27T23:16:36+00:00\",\"dateModified\":\"2022-02-27T23:16:37+00:00\",\"breadcrumb\":{\"@id\":\"http:\/\/www.icon-icon.com\/en\/produit\/le-fer-a-cheval\/#breadcrumb\"},\"inLanguage\":\"en-US\",\"potentialAction\":[{\"@type\":\"ReadAction\",\"target\":[\"http:\/\/www.icon-icon.com\/en\/produit\/le-fer-a-cheval\/\"]}]},{\"@type\":\"ImageObject\",\"inLanguage\":\"en-US\",\"@id\":\"http:\/\/www.icon-icon.com\/en\/produit\/le-fer-a-cheval\/#primaryimage\",\"url\":\"https:\/\/www.icon-icon.com\/wp-content\/uploads\/2022\/02\/207349891-copy.jpg\",\"contentUrl\":\"https:\/\/www.icon-icon.com\/wp-content\/uploads\/2022\/02\/207349891-copy.jpg\",\"width\":500,\"height\":500},{\"@type\":\"BreadcrumbList\",\"@id\":\"http:\/\/www.icon-icon.com\/en\/produit\/le-fer-a-cheval\/#breadcrumb\",\"itemListElement\":[{\"@type\":\"ListItem\",\"position\":1,\"name\":\"Accueil\",\"item\":\"https:\/\/www.icon-icon.com\/en\/\"},{\"@type\":\"ListItem\",\"position\":2,\"name\":\"Shop\",\"item\":\"https:\/\/www.icon-icon.com\/en\/shop-2\/\"},{\"@type\":\"ListItem\",\"position\":3,\"name\":\"Le Fer \u00e0 Cheval\"}]},{\"@type\":\"WebSite\",\"@id\":\"https:\/\/www.icon-icon.com\/#website\",\"url\":\"https:\/\/www.icon-icon.com\/\",\"name\":\"ICON-ICON\",\"description\":\"Luxury Stories\",\"potentialAction\":[{\"@type\":\"SearchAction\",\"target\":{\"@type\":\"EntryPoint\",\"urlTemplate\":\"https:\/\/www.icon-icon.com\/?s={search_term_string}\"},\"query-input\":{\"@type\":\"PropertyValueSpecification\",\"valueRequired\":true,\"valueName\":\"search_term_string\"}}],\"inLanguage\":\"en-US\"}]}<\/script>\n<!-- \/ Yoast SEO plugin. -->","yoast_head_json":{"title":"Le Fer \u00e0 Cheval - ICON-ICON","robots":{"index":"index","follow":"follow","max-snippet":"max-snippet:-1","max-image-preview":"max-image-preview:large","max-video-preview":"max-video-preview:-1"},"canonical":"http:\/\/www.icon-icon.com\/en\/produit\/le-fer-a-cheval\/","og_locale":"en_US","og_type":"article","og_title":"Le Fer \u00e0 Cheval - ICON-ICON","og_description":"&nbsp; Icon-Icon Opinion : In the heart of the village of Meg\u00e8ve, Le Fer \u00e0 Cheval offers the luxury option of a hotel where contemporary design meets the traditional atmosphere of a chalet... All with a spa and restaurants that are as authentic as they are interesting! Restaurant : Le Fer \u00e0 Cheval - 5 Star Address :\u00a036 Route du Cr\u00eat 74120 Meg\u00e8ve France Contacts :\u00a0For any information or reservation request, contact the teams by telephone on +33 4 50 21 30 39 or by email on contact@feracheval-megeve.com","og_url":"http:\/\/www.icon-icon.com\/en\/produit\/le-fer-a-cheval\/","og_site_name":"ICON-ICON","article_modified_time":"2022-02-27T23:16:37+00:00","og_image":[{"width":500,"height":500,"url":"http:\/\/www.icon-icon.com\/wp-content\/uploads\/2022\/02\/207349891-copy.jpg","type":"image\/jpeg"}],"twitter_card":"summary_large_image","schema":{"@context":"https:\/\/schema.org","@graph":[{"@type":"WebPage","@id":"http:\/\/www.icon-icon.com\/en\/produit\/le-fer-a-cheval\/","url":"http:\/\/www.icon-icon.com\/en\/produit\/le-fer-a-cheval\/","name":"Le Fer \u00e0 Cheval - ICON-ICON","isPartOf":{"@id":"https:\/\/www.icon-icon.com\/#website"},"primaryImageOfPage":{"@id":"http:\/\/www.icon-icon.com\/en\/produit\/le-fer-a-cheval\/#primaryimage"},"image":{"@id":"http:\/\/www.icon-icon.com\/en\/produit\/le-fer-a-cheval\/#primaryimage"},"thumbnailUrl":"https:\/\/www.icon-icon.com\/wp-content\/uploads\/2022\/02\/207349891-copy.jpg","datePublished":"2022-02-27T23:16:36+00:00","dateModified":"2022-02-27T23:16:37+00:00","breadcrumb":{"@id":"http:\/\/www.icon-icon.com\/en\/produit\/le-fer-a-cheval\/#breadcrumb"},"inLanguage":"en-US","potentialAction":[{"@type":"ReadAction","target":["http:\/\/www.icon-icon.com\/en\/produit\/le-fer-a-cheval\/"]}]},{"@type":"ImageObject","inLanguage":"en-US","@id":"http:\/\/www.icon-icon.com\/en\/produit\/le-fer-a-cheval\/#primaryimage","url":"https:\/\/www.icon-icon.com\/wp-content\/uploads\/2022\/02\/207349891-copy.jpg","contentUrl":"https:\/\/www.icon-icon.com\/wp-content\/uploads\/2022\/02\/207349891-copy.jpg","width":500,"height":500},{"@type":"BreadcrumbList","@id":"http:\/\/www.icon-icon.com\/en\/produit\/le-fer-a-cheval\/#breadcrumb","itemListElement":[{"@type":"ListItem","position":1,"name":"Accueil","item":"https:\/\/www.icon-icon.com\/en\/"},{"@type":"ListItem","position":2,"name":"Shop","item":"https:\/\/www.icon-icon.com\/en\/shop-2\/"},{"@type":"ListItem","position":3,"name":"Le Fer \u00e0 Cheval"}]},{"@type":"WebSite","@id":"https:\/\/www.icon-icon.com\/#website","url":"https:\/\/www.icon-icon.com\/","name":"ICON-ICON","description":"Luxury Stories","potentialAction":[{"@type":"SearchAction","target":{"@type":"EntryPoint","urlTemplate":"https:\/\/www.icon-icon.com\/?s={search_term_string}"},"query-input":{"@type":"PropertyValueSpecification","valueRequired":true,"valueName":"search_term_string"}}],"inLanguage":"en-US"}]}},"_links":{"self":[{"href":"https:\/\/www.icon-icon.com\/en\/wp-json\/wp\/v2\/product\/71125","targetHints":{"allow":["GET"]}}],"collection":[{"href":"https:\/\/www.icon-icon.com\/en\/wp-json\/wp\/v2\/product"}],"about":[{"href":"https:\/\/www.icon-icon.com\/en\/wp-json\/wp\/v2\/types\/product"}],"wp:featuredmedia":[{"embeddable":true,"href":"https:\/\/www.icon-icon.com\/en\/wp-json\/wp\/v2\/media\/71124"}],"wp:attachment":[{"href":"https:\/\/www.icon-icon.com\/en\/wp-json\/wp\/v2\/media?parent=71125"}],"wp:term":[{"taxonomy":"product_brand","embeddable":true,"href":"https:\/\/www.icon-icon.com\/en\/wp-json\/wp\/v2\/product_brand?post=71125"},{"taxonomy":"product_cat","embeddable":true,"href":"https:\/\/www.icon-icon.com\/en\/wp-json\/wp\/v2\/product_cat?post=71125"},{"taxonomy":"product_tag","embeddable":true,"href":"https:\/\/www.icon-icon.com\/en\/wp-json\/wp\/v2\/product_tag?post=71125"}],"curies":[{"name":"wp","href":"https:\/\/api.w.org\/{rel}","templated":true}]}}