


{"id":71100,"date":"2022-02-27T20:41:45","date_gmt":"2022-02-27T19:42:40","guid":{"rendered":"https:\/\/www.icon-icon.com\/?post_type=product&#038;p=71100"},"modified":"2022-02-27T20:42:41","modified_gmt":"2022-02-27T19:42:41","slug":"la-folie-douce-saint-gervais","status":"publish","type":"product","link":"https:\/\/www.icon-icon.com\/en\/produit\/la-folie-douce-saint-gervais\/","title":{"rendered":"La Folie Douce Saint-Gervais"},"content":{"rendered":"","protected":false},"excerpt":{"rendered":"<p>&nbsp;<\/p>\n<p class=\"p1\"><strong>Icon-Icon Opinion :<\/strong><\/p>\n<p class=\"p1\">We go there for the atmosphere, the terrace, the breathtaking view and to relax after a day of skiing&#8230; In a festive and friendly spirit!<\/p>\n<p class=\"p1\"><strong>Restaurant : <\/strong>La Folie Douce Saint-Gervais<\/p>\n<p class=\"p1\"><strong>Address : <\/strong>T\u00e9l\u00e9si\u00e8ge Mont-Joux, 74170 Saint-Gervais-les-Bains France<\/p>\n<p class=\"p1\"><strong>Contacts :<\/strong> For any request for information or reservation, contact the teams by telephone at<a href=\"https:\/\/www.google.com\/search?q=La+Folie+Douce+Saint-Gervais+%E2%80%93+Meg%C3%A8ve&amp;source=lmns&amp;bih=696&amp;biw=1436&amp;hl=en&amp;sa=X&amp;ved=2ahUKEwitmoaaz6D2AhULBxAIHTYLByUQ_AUoAHoECAEQAA#\" data-dtype=\"d3ph\" data-local-attribute=\"d3ph\" data-ved=\"2ahUKEwigq4yl0KD2AhVS4YUKHcLeD-MQkAgoAHoECC8QAw\"><span aria-label=\"Call phone number 04 50 58 99 67\"> +33 4 50 58 99 67<\/span><\/a><\/p>\n","protected":false},"featured_media":71099,"template":"","meta":{"_acf_changed":false},"product_brand":[],"product_cat":[28888,29097,25963,25961],"product_tag":[29234,29315,26576,22284,29236,27731,29311],"class_list":{"0":"post-71100","1":"product","2":"type-product","3":"status-publish","4":"has-post-thumbnail","6":"product_cat-alps","7":"product_cat-altitude-restaurant-megeve","8":"product_cat-destinations-en","9":"product_cat-lifestyle-en","10":"product_tag-alpes-en","11":"product_tag-la-folie-douce-saint-gervais-en","12":"product_tag-lifestyle-en","13":"product_tag-luxury-en","14":"product_tag-megeve-en","15":"product_tag-restaurants-en","16":"product_tag-restaurants-daltitude-en","18":"first","19":"instock","20":"product-type-external"},"acf":[],"yoast_head":"<!-- This site is optimized with the Yoast SEO plugin v27.2 - https:\/\/yoast.com\/product\/yoast-seo-wordpress\/ -->\n<title>La Folie Douce Saint-Gervais - ICON-ICON<\/title>\n<meta name=\"robots\" content=\"index, follow, max-snippet:-1, max-image-preview:large, max-video-preview:-1\" \/>\n<link rel=\"canonical\" href=\"https:\/\/www.icon-icon.com\/en\/produit\/la-folie-douce-saint-gervais\/\" \/>\n<meta property=\"og:locale\" content=\"en_US\" \/>\n<meta property=\"og:type\" content=\"article\" \/>\n<meta property=\"og:title\" content=\"La Folie Douce Saint-Gervais - ICON-ICON\" \/>\n<meta property=\"og:description\" content=\"&nbsp; Icon-Icon Opinion : We go there for the atmosphere, the terrace, the breathtaking view and to relax after a day of skiing... In a festive and friendly spirit! Restaurant : La Folie Douce Saint-Gervais Address : T\u00e9l\u00e9si\u00e8ge Mont-Joux, 74170 Saint-Gervais-les-Bains France Contacts : For any request for information or reservation, contact the teams by telephone at +33 4 50 58 99 67\" \/>\n<meta property=\"og:url\" content=\"https:\/\/www.icon-icon.com\/en\/produit\/la-folie-douce-saint-gervais\/\" \/>\n<meta property=\"og:site_name\" content=\"ICON-ICON\" \/>\n<meta property=\"article:modified_time\" content=\"2022-02-27T19:42:41+00:00\" \/>\n<meta property=\"og:image\" content=\"https:\/\/www.icon-icon.com\/wp-content\/uploads\/2022\/02\/restaurant-saint-gervais-megeve-fruitiere-13-copy.jpg\" \/>\n\t<meta property=\"og:image:width\" content=\"500\" \/>\n\t<meta property=\"og:image:height\" content=\"500\" \/>\n\t<meta property=\"og:image:type\" content=\"image\/jpeg\" \/>\n<meta name=\"twitter:card\" content=\"summary_large_image\" \/>\n<script type=\"application\/ld+json\" class=\"yoast-schema-graph\">{\"@context\":\"https:\/\/schema.org\",\"@graph\":[{\"@type\":\"WebPage\",\"@id\":\"https:\/\/www.icon-icon.com\/en\/produit\/la-folie-douce-saint-gervais\/\",\"url\":\"https:\/\/www.icon-icon.com\/en\/produit\/la-folie-douce-saint-gervais\/\",\"name\":\"La Folie Douce Saint-Gervais - ICON-ICON\",\"isPartOf\":{\"@id\":\"https:\/\/www.icon-icon.com\/#website\"},\"primaryImageOfPage\":{\"@id\":\"https:\/\/www.icon-icon.com\/en\/produit\/la-folie-douce-saint-gervais\/#primaryimage\"},\"image\":{\"@id\":\"https:\/\/www.icon-icon.com\/en\/produit\/la-folie-douce-saint-gervais\/#primaryimage\"},\"thumbnailUrl\":\"https:\/\/www.icon-icon.com\/wp-content\/uploads\/2022\/02\/restaurant-saint-gervais-megeve-fruitiere-13-copy.jpg\",\"datePublished\":\"2022-02-27T19:42:40+00:00\",\"dateModified\":\"2022-02-27T19:42:41+00:00\",\"breadcrumb\":{\"@id\":\"https:\/\/www.icon-icon.com\/en\/produit\/la-folie-douce-saint-gervais\/#breadcrumb\"},\"inLanguage\":\"en-US\",\"potentialAction\":[{\"@type\":\"ReadAction\",\"target\":[\"https:\/\/www.icon-icon.com\/en\/produit\/la-folie-douce-saint-gervais\/\"]}]},{\"@type\":\"ImageObject\",\"inLanguage\":\"en-US\",\"@id\":\"https:\/\/www.icon-icon.com\/en\/produit\/la-folie-douce-saint-gervais\/#primaryimage\",\"url\":\"https:\/\/www.icon-icon.com\/wp-content\/uploads\/2022\/02\/restaurant-saint-gervais-megeve-fruitiere-13-copy.jpg\",\"contentUrl\":\"https:\/\/www.icon-icon.com\/wp-content\/uploads\/2022\/02\/restaurant-saint-gervais-megeve-fruitiere-13-copy.jpg\",\"width\":500,\"height\":500},{\"@type\":\"BreadcrumbList\",\"@id\":\"https:\/\/www.icon-icon.com\/en\/produit\/la-folie-douce-saint-gervais\/#breadcrumb\",\"itemListElement\":[{\"@type\":\"ListItem\",\"position\":1,\"name\":\"Accueil\",\"item\":\"https:\/\/www.icon-icon.com\/en\/\"},{\"@type\":\"ListItem\",\"position\":2,\"name\":\"Shop\",\"item\":\"https:\/\/www.icon-icon.com\/en\/shop-2\/\"},{\"@type\":\"ListItem\",\"position\":3,\"name\":\"La Folie Douce Saint-Gervais\"}]},{\"@type\":\"WebSite\",\"@id\":\"https:\/\/www.icon-icon.com\/#website\",\"url\":\"https:\/\/www.icon-icon.com\/\",\"name\":\"ICON-ICON\",\"description\":\"Luxury Stories\",\"potentialAction\":[{\"@type\":\"SearchAction\",\"target\":{\"@type\":\"EntryPoint\",\"urlTemplate\":\"https:\/\/www.icon-icon.com\/?s={search_term_string}\"},\"query-input\":{\"@type\":\"PropertyValueSpecification\",\"valueRequired\":true,\"valueName\":\"search_term_string\"}}],\"inLanguage\":\"en-US\"}]}<\/script>\n<!-- \/ Yoast SEO plugin. -->","yoast_head_json":{"title":"La Folie Douce Saint-Gervais - ICON-ICON","robots":{"index":"index","follow":"follow","max-snippet":"max-snippet:-1","max-image-preview":"max-image-preview:large","max-video-preview":"max-video-preview:-1"},"canonical":"https:\/\/www.icon-icon.com\/en\/produit\/la-folie-douce-saint-gervais\/","og_locale":"en_US","og_type":"article","og_title":"La Folie Douce Saint-Gervais - ICON-ICON","og_description":"&nbsp; Icon-Icon Opinion : We go there for the atmosphere, the terrace, the breathtaking view and to relax after a day of skiing... In a festive and friendly spirit! Restaurant : La Folie Douce Saint-Gervais Address : T\u00e9l\u00e9si\u00e8ge Mont-Joux, 74170 Saint-Gervais-les-Bains France Contacts : For any request for information or reservation, contact the teams by telephone at +33 4 50 58 99 67","og_url":"https:\/\/www.icon-icon.com\/en\/produit\/la-folie-douce-saint-gervais\/","og_site_name":"ICON-ICON","article_modified_time":"2022-02-27T19:42:41+00:00","og_image":[{"width":500,"height":500,"url":"https:\/\/www.icon-icon.com\/wp-content\/uploads\/2022\/02\/restaurant-saint-gervais-megeve-fruitiere-13-copy.jpg","type":"image\/jpeg"}],"twitter_card":"summary_large_image","schema":{"@context":"https:\/\/schema.org","@graph":[{"@type":"WebPage","@id":"https:\/\/www.icon-icon.com\/en\/produit\/la-folie-douce-saint-gervais\/","url":"https:\/\/www.icon-icon.com\/en\/produit\/la-folie-douce-saint-gervais\/","name":"La Folie Douce Saint-Gervais - ICON-ICON","isPartOf":{"@id":"https:\/\/www.icon-icon.com\/#website"},"primaryImageOfPage":{"@id":"https:\/\/www.icon-icon.com\/en\/produit\/la-folie-douce-saint-gervais\/#primaryimage"},"image":{"@id":"https:\/\/www.icon-icon.com\/en\/produit\/la-folie-douce-saint-gervais\/#primaryimage"},"thumbnailUrl":"https:\/\/www.icon-icon.com\/wp-content\/uploads\/2022\/02\/restaurant-saint-gervais-megeve-fruitiere-13-copy.jpg","datePublished":"2022-02-27T19:42:40+00:00","dateModified":"2022-02-27T19:42:41+00:00","breadcrumb":{"@id":"https:\/\/www.icon-icon.com\/en\/produit\/la-folie-douce-saint-gervais\/#breadcrumb"},"inLanguage":"en-US","potentialAction":[{"@type":"ReadAction","target":["https:\/\/www.icon-icon.com\/en\/produit\/la-folie-douce-saint-gervais\/"]}]},{"@type":"ImageObject","inLanguage":"en-US","@id":"https:\/\/www.icon-icon.com\/en\/produit\/la-folie-douce-saint-gervais\/#primaryimage","url":"https:\/\/www.icon-icon.com\/wp-content\/uploads\/2022\/02\/restaurant-saint-gervais-megeve-fruitiere-13-copy.jpg","contentUrl":"https:\/\/www.icon-icon.com\/wp-content\/uploads\/2022\/02\/restaurant-saint-gervais-megeve-fruitiere-13-copy.jpg","width":500,"height":500},{"@type":"BreadcrumbList","@id":"https:\/\/www.icon-icon.com\/en\/produit\/la-folie-douce-saint-gervais\/#breadcrumb","itemListElement":[{"@type":"ListItem","position":1,"name":"Accueil","item":"https:\/\/www.icon-icon.com\/en\/"},{"@type":"ListItem","position":2,"name":"Shop","item":"https:\/\/www.icon-icon.com\/en\/shop-2\/"},{"@type":"ListItem","position":3,"name":"La Folie Douce Saint-Gervais"}]},{"@type":"WebSite","@id":"https:\/\/www.icon-icon.com\/#website","url":"https:\/\/www.icon-icon.com\/","name":"ICON-ICON","description":"Luxury Stories","potentialAction":[{"@type":"SearchAction","target":{"@type":"EntryPoint","urlTemplate":"https:\/\/www.icon-icon.com\/?s={search_term_string}"},"query-input":{"@type":"PropertyValueSpecification","valueRequired":true,"valueName":"search_term_string"}}],"inLanguage":"en-US"}]}},"_links":{"self":[{"href":"https:\/\/www.icon-icon.com\/en\/wp-json\/wp\/v2\/product\/71100","targetHints":{"allow":["GET"]}}],"collection":[{"href":"https:\/\/www.icon-icon.com\/en\/wp-json\/wp\/v2\/product"}],"about":[{"href":"https:\/\/www.icon-icon.com\/en\/wp-json\/wp\/v2\/types\/product"}],"wp:featuredmedia":[{"embeddable":true,"href":"https:\/\/www.icon-icon.com\/en\/wp-json\/wp\/v2\/media\/71099"}],"wp:attachment":[{"href":"https:\/\/www.icon-icon.com\/en\/wp-json\/wp\/v2\/media?parent=71100"}],"wp:term":[{"taxonomy":"product_brand","embeddable":true,"href":"https:\/\/www.icon-icon.com\/en\/wp-json\/wp\/v2\/product_brand?post=71100"},{"taxonomy":"product_cat","embeddable":true,"href":"https:\/\/www.icon-icon.com\/en\/wp-json\/wp\/v2\/product_cat?post=71100"},{"taxonomy":"product_tag","embeddable":true,"href":"https:\/\/www.icon-icon.com\/en\/wp-json\/wp\/v2\/product_tag?post=71100"}],"curies":[{"name":"wp","href":"https:\/\/api.w.org\/{rel}","templated":true}]}}