


{"id":70942,"date":"2022-02-25T11:04:33","date_gmt":"2022-02-25T10:03:42","guid":{"rendered":"https:\/\/www.icon-icon.com\/?post_type=product&#038;p=70942"},"modified":"2022-02-25T11:03:42","modified_gmt":"2022-02-25T10:03:42","slug":"le-coeur-au-coeur-de-megeve","status":"publish","type":"product","link":"https:\/\/www.icon-icon.com\/en\/produit\/le-coeur-au-coeur-de-megeve\/","title":{"rendered":"Le C\u0153ur au C\u0153ur de Meg\u00e8ve"},"content":{"rendered":"","protected":false},"excerpt":{"rendered":"<p class=\"p1\"><strong>Icon-Icon Opinion :<\/strong><\/p>\n<p class=\"p1\">An essential restaurant in the oldest French ski resort, Le C\u0153ur au C\u0153ur de Meg\u00e8ve gives you the opportunity to discover the cuisine that has made the reputation of this hamlet, ideal for tasting the icons of Savoyard cuisine.<\/p>\n<p class=\"p1\"><strong>Restaurant : <\/strong>Le C\u0153ur au C\u0153ur de Meg\u00e8ve<\/p>\n<p class=\"p1\"><strong>Address : <\/strong>44 Rue Charles Feige, 74120 Meg\u00e8ve France<\/p>\n<p class=\"p1\"><strong>Contacts :<\/strong> For any request for information or reservation, contact the teams by telephone at <a class=\"contact-text _w-link\" href=\"tel:+33450212530\">+33 4 50 21 25 30<\/a> or by email <a class=\"contact-text _w-link\" href=\"mailto:hello@coeurdemegeve.com\">hello@coeurdemegeve.com<\/a><\/p>\n<p>Rates and reservation avaliable online<\/p>\n","protected":false},"featured_media":70941,"template":"","meta":{"_acf_changed":false},"product_brand":[],"product_cat":[28888,25963,25961,29100],"product_tag":[29234,29270,26576,22284,29236,27731,29262],"class_list":{"0":"post-70942","1":"product","2":"type-product","3":"status-publish","4":"has-post-thumbnail","6":"product_cat-alps","7":"product_cat-destinations-en","8":"product_cat-lifestyle-en","9":"product_cat-unmissable-table-megeve","10":"product_tag-alpes-en","11":"product_tag-le-coeur-au-coeur-de-megeve-en","12":"product_tag-lifestyle-en","13":"product_tag-luxury-en","14":"product_tag-megeve-en","15":"product_tag-restaurants-en","16":"product_tag-tables-incontournables-en","18":"first","19":"instock","20":"product-type-external"},"acf":[],"yoast_head":"<!-- This site is optimized with the Yoast SEO plugin v27.2 - https:\/\/yoast.com\/product\/yoast-seo-wordpress\/ -->\n<title>Le C\u0153ur au C\u0153ur de Meg\u00e8ve - ICON-ICON<\/title>\n<meta name=\"robots\" content=\"index, follow, max-snippet:-1, max-image-preview:large, max-video-preview:-1\" \/>\n<link rel=\"canonical\" href=\"http:\/\/www.icon-icon.com\/en\/produit\/le-coeur-au-coeur-de-megeve\/\" \/>\n<meta property=\"og:locale\" content=\"en_US\" \/>\n<meta property=\"og:type\" content=\"article\" \/>\n<meta property=\"og:title\" content=\"Le C\u0153ur au C\u0153ur de Meg\u00e8ve - ICON-ICON\" \/>\n<meta property=\"og:description\" content=\"Icon-Icon Opinion : An essential restaurant in the oldest French ski resort, Le C\u0153ur au C\u0153ur de Meg\u00e8ve gives you the opportunity to discover the cuisine that has made the reputation of this hamlet, ideal for tasting the icons of Savoyard cuisine. Restaurant : Le C\u0153ur au C\u0153ur de Meg\u00e8ve Address : 44 Rue Charles Feige, 74120 Meg\u00e8ve France Contacts : For any request for information or reservation, contact the teams by telephone at +33 4 50 21 25 30 or by email hello@coeurdemegeve.com Rates and reservation avaliable online\" \/>\n<meta property=\"og:url\" content=\"http:\/\/www.icon-icon.com\/en\/produit\/le-coeur-au-coeur-de-megeve\/\" \/>\n<meta property=\"og:site_name\" content=\"ICON-ICON\" \/>\n<meta property=\"og:image\" content=\"http:\/\/www.icon-icon.com\/wp-content\/uploads\/2022\/02\/256047320-copy.jpg\" \/>\n\t<meta property=\"og:image:width\" content=\"500\" \/>\n\t<meta property=\"og:image:height\" content=\"500\" \/>\n\t<meta property=\"og:image:type\" content=\"image\/jpeg\" \/>\n<meta name=\"twitter:card\" content=\"summary_large_image\" \/>\n<script type=\"application\/ld+json\" class=\"yoast-schema-graph\">{\"@context\":\"https:\/\/schema.org\",\"@graph\":[{\"@type\":\"WebPage\",\"@id\":\"http:\/\/www.icon-icon.com\/en\/produit\/le-coeur-au-coeur-de-megeve\/\",\"url\":\"http:\/\/www.icon-icon.com\/en\/produit\/le-coeur-au-coeur-de-megeve\/\",\"name\":\"Le C\u0153ur au C\u0153ur de Meg\u00e8ve - ICON-ICON\",\"isPartOf\":{\"@id\":\"https:\/\/www.icon-icon.com\/#website\"},\"primaryImageOfPage\":{\"@id\":\"http:\/\/www.icon-icon.com\/en\/produit\/le-coeur-au-coeur-de-megeve\/#primaryimage\"},\"image\":{\"@id\":\"http:\/\/www.icon-icon.com\/en\/produit\/le-coeur-au-coeur-de-megeve\/#primaryimage\"},\"thumbnailUrl\":\"https:\/\/www.icon-icon.com\/wp-content\/uploads\/2022\/02\/256047320-copy.jpg\",\"datePublished\":\"2022-02-25T10:03:42+00:00\",\"breadcrumb\":{\"@id\":\"http:\/\/www.icon-icon.com\/en\/produit\/le-coeur-au-coeur-de-megeve\/#breadcrumb\"},\"inLanguage\":\"en-US\",\"potentialAction\":[{\"@type\":\"ReadAction\",\"target\":[\"http:\/\/www.icon-icon.com\/en\/produit\/le-coeur-au-coeur-de-megeve\/\"]}]},{\"@type\":\"ImageObject\",\"inLanguage\":\"en-US\",\"@id\":\"http:\/\/www.icon-icon.com\/en\/produit\/le-coeur-au-coeur-de-megeve\/#primaryimage\",\"url\":\"https:\/\/www.icon-icon.com\/wp-content\/uploads\/2022\/02\/256047320-copy.jpg\",\"contentUrl\":\"https:\/\/www.icon-icon.com\/wp-content\/uploads\/2022\/02\/256047320-copy.jpg\",\"width\":500,\"height\":500},{\"@type\":\"BreadcrumbList\",\"@id\":\"http:\/\/www.icon-icon.com\/en\/produit\/le-coeur-au-coeur-de-megeve\/#breadcrumb\",\"itemListElement\":[{\"@type\":\"ListItem\",\"position\":1,\"name\":\"Accueil\",\"item\":\"https:\/\/www.icon-icon.com\/en\/\"},{\"@type\":\"ListItem\",\"position\":2,\"name\":\"Shop\",\"item\":\"https:\/\/www.icon-icon.com\/en\/shop-2\/\"},{\"@type\":\"ListItem\",\"position\":3,\"name\":\"Le C\u0153ur au C\u0153ur de Meg\u00e8ve\"}]},{\"@type\":\"WebSite\",\"@id\":\"https:\/\/www.icon-icon.com\/#website\",\"url\":\"https:\/\/www.icon-icon.com\/\",\"name\":\"ICON-ICON\",\"description\":\"Luxury Stories\",\"potentialAction\":[{\"@type\":\"SearchAction\",\"target\":{\"@type\":\"EntryPoint\",\"urlTemplate\":\"https:\/\/www.icon-icon.com\/?s={search_term_string}\"},\"query-input\":{\"@type\":\"PropertyValueSpecification\",\"valueRequired\":true,\"valueName\":\"search_term_string\"}}],\"inLanguage\":\"en-US\"}]}<\/script>\n<!-- \/ Yoast SEO plugin. -->","yoast_head_json":{"title":"Le C\u0153ur au C\u0153ur de Meg\u00e8ve - ICON-ICON","robots":{"index":"index","follow":"follow","max-snippet":"max-snippet:-1","max-image-preview":"max-image-preview:large","max-video-preview":"max-video-preview:-1"},"canonical":"http:\/\/www.icon-icon.com\/en\/produit\/le-coeur-au-coeur-de-megeve\/","og_locale":"en_US","og_type":"article","og_title":"Le C\u0153ur au C\u0153ur de Meg\u00e8ve - ICON-ICON","og_description":"Icon-Icon Opinion : An essential restaurant in the oldest French ski resort, Le C\u0153ur au C\u0153ur de Meg\u00e8ve gives you the opportunity to discover the cuisine that has made the reputation of this hamlet, ideal for tasting the icons of Savoyard cuisine. Restaurant : Le C\u0153ur au C\u0153ur de Meg\u00e8ve Address : 44 Rue Charles Feige, 74120 Meg\u00e8ve France Contacts : For any request for information or reservation, contact the teams by telephone at +33 4 50 21 25 30 or by email hello@coeurdemegeve.com Rates and reservation avaliable online","og_url":"http:\/\/www.icon-icon.com\/en\/produit\/le-coeur-au-coeur-de-megeve\/","og_site_name":"ICON-ICON","og_image":[{"width":500,"height":500,"url":"http:\/\/www.icon-icon.com\/wp-content\/uploads\/2022\/02\/256047320-copy.jpg","type":"image\/jpeg"}],"twitter_card":"summary_large_image","schema":{"@context":"https:\/\/schema.org","@graph":[{"@type":"WebPage","@id":"http:\/\/www.icon-icon.com\/en\/produit\/le-coeur-au-coeur-de-megeve\/","url":"http:\/\/www.icon-icon.com\/en\/produit\/le-coeur-au-coeur-de-megeve\/","name":"Le C\u0153ur au C\u0153ur de Meg\u00e8ve - ICON-ICON","isPartOf":{"@id":"https:\/\/www.icon-icon.com\/#website"},"primaryImageOfPage":{"@id":"http:\/\/www.icon-icon.com\/en\/produit\/le-coeur-au-coeur-de-megeve\/#primaryimage"},"image":{"@id":"http:\/\/www.icon-icon.com\/en\/produit\/le-coeur-au-coeur-de-megeve\/#primaryimage"},"thumbnailUrl":"https:\/\/www.icon-icon.com\/wp-content\/uploads\/2022\/02\/256047320-copy.jpg","datePublished":"2022-02-25T10:03:42+00:00","breadcrumb":{"@id":"http:\/\/www.icon-icon.com\/en\/produit\/le-coeur-au-coeur-de-megeve\/#breadcrumb"},"inLanguage":"en-US","potentialAction":[{"@type":"ReadAction","target":["http:\/\/www.icon-icon.com\/en\/produit\/le-coeur-au-coeur-de-megeve\/"]}]},{"@type":"ImageObject","inLanguage":"en-US","@id":"http:\/\/www.icon-icon.com\/en\/produit\/le-coeur-au-coeur-de-megeve\/#primaryimage","url":"https:\/\/www.icon-icon.com\/wp-content\/uploads\/2022\/02\/256047320-copy.jpg","contentUrl":"https:\/\/www.icon-icon.com\/wp-content\/uploads\/2022\/02\/256047320-copy.jpg","width":500,"height":500},{"@type":"BreadcrumbList","@id":"http:\/\/www.icon-icon.com\/en\/produit\/le-coeur-au-coeur-de-megeve\/#breadcrumb","itemListElement":[{"@type":"ListItem","position":1,"name":"Accueil","item":"https:\/\/www.icon-icon.com\/en\/"},{"@type":"ListItem","position":2,"name":"Shop","item":"https:\/\/www.icon-icon.com\/en\/shop-2\/"},{"@type":"ListItem","position":3,"name":"Le C\u0153ur au C\u0153ur de Meg\u00e8ve"}]},{"@type":"WebSite","@id":"https:\/\/www.icon-icon.com\/#website","url":"https:\/\/www.icon-icon.com\/","name":"ICON-ICON","description":"Luxury Stories","potentialAction":[{"@type":"SearchAction","target":{"@type":"EntryPoint","urlTemplate":"https:\/\/www.icon-icon.com\/?s={search_term_string}"},"query-input":{"@type":"PropertyValueSpecification","valueRequired":true,"valueName":"search_term_string"}}],"inLanguage":"en-US"}]}},"_links":{"self":[{"href":"https:\/\/www.icon-icon.com\/en\/wp-json\/wp\/v2\/product\/70942","targetHints":{"allow":["GET"]}}],"collection":[{"href":"https:\/\/www.icon-icon.com\/en\/wp-json\/wp\/v2\/product"}],"about":[{"href":"https:\/\/www.icon-icon.com\/en\/wp-json\/wp\/v2\/types\/product"}],"wp:featuredmedia":[{"embeddable":true,"href":"https:\/\/www.icon-icon.com\/en\/wp-json\/wp\/v2\/media\/70941"}],"wp:attachment":[{"href":"https:\/\/www.icon-icon.com\/en\/wp-json\/wp\/v2\/media?parent=70942"}],"wp:term":[{"taxonomy":"product_brand","embeddable":true,"href":"https:\/\/www.icon-icon.com\/en\/wp-json\/wp\/v2\/product_brand?post=70942"},{"taxonomy":"product_cat","embeddable":true,"href":"https:\/\/www.icon-icon.com\/en\/wp-json\/wp\/v2\/product_cat?post=70942"},{"taxonomy":"product_tag","embeddable":true,"href":"https:\/\/www.icon-icon.com\/en\/wp-json\/wp\/v2\/product_tag?post=70942"}],"curies":[{"name":"wp","href":"https:\/\/api.w.org\/{rel}","templated":true}]}}