


{"id":70559,"date":"2022-02-22T15:40:18","date_gmt":"2022-02-22T14:38:53","guid":{"rendered":"https:\/\/www.icon-icon.com\/?post_type=product&#038;p=70559"},"modified":"2022-02-22T15:38:53","modified_gmt":"2022-02-22T14:38:53","slug":"theatre","status":"publish","type":"product","link":"https:\/\/www.icon-icon.com\/en\/produit\/theatre\/","title":{"rendered":"Th\u00e9\u00e2tre"},"content":{"rendered":"","protected":false},"excerpt":{"rendered":"<p>&nbsp;<\/p>\n<p class=\"p1\"><strong>Icon-Icon Opinion :<\/strong><\/p>\n<p class=\"p1\"><span style=\"font-family: Arial;\">Carlo Goldoni&#8217;s work Th\u00e9\u00e2tre gives us the opportunity to read the beginning of modern comedy &#8211; Carlo Goldoni being the father of modern theatre! <\/span><\/p>\n<p class=\"p1\"><strong>Author :<\/strong> <span style=\"font-family: Arial;\">Carlo Goldoni<\/span><\/p>\n<p class=\"p1\"><strong>Publishing House : <\/strong>Gallimard<\/p>\n<p class=\"p1\"><strong>Collection : <\/strong>Biblioth\u00e8que de la Pl\u00e9iade<\/p>\n<p class=\"p1\"><strong>Release date : <\/strong>October 1972<\/p>\n<section class=\"f-productDetails js-articleDetails\" data-toto=\"\">\n<div class=\"f-productDesc\">\n<div class=\"f-productDesc__raw\">One of the most original and greatest European comic authors, Goldoni, was to appear in the Biblioth\u00e8que de la Pl\u00e9iade. The volume dedicated to him contains eighteen pieces which have been carefully chosen from among the most significant and the most representative of the various aspects of his talent, Le Valet de deux Ma\u00eetres, Le Caf\u00e9, La Locandiera, Les Amoureux, Les Rustres, the trilogy of La Vill\u00e9giature, Barouf in Chioggia, L&#8217;Eventail, etc.<\/div>\n<\/div>\n<\/section>\n<section class=\"f-productStimuli\">\n<div class=\"f-productStimuli-offer clearfix f-productStimuli-offer--pro\">\n<div class=\"f-productStimuli-image\"><\/div>\n<\/div>\n<\/section>\n","protected":false},"featured_media":70561,"template":"","meta":{"_acf_changed":false},"product_brand":[],"product_cat":[21562,22973,29039,29037],"product_tag":[29116,29078,25401,25145,22284,29117,29067,22279],"class_list":{"0":"post-70559","1":"product","2":"type-product","3":"status-publish","4":"has-post-thumbnail","6":"product_cat-books","7":"product_cat-culture-and-technology","8":"product_cat-prepare-your-stay-in-venice","9":"product_cat-travel","10":"product_tag-carlo-goldoni-en","11":"product_tag-culture-en","12":"product_tag-gallimard-en","13":"product_tag-livres-en","14":"product_tag-luxury-en","15":"product_tag-theatre-en","16":"product_tag-venise-en","17":"product_tag-voyages-en","19":"first","20":"instock","21":"product-type-external"},"acf":[],"yoast_head":"<!-- This site is optimized with the Yoast SEO plugin v27.2 - https:\/\/yoast.com\/product\/yoast-seo-wordpress\/ -->\n<title>Th\u00e9\u00e2tre - ICON-ICON<\/title>\n<meta name=\"robots\" content=\"index, follow, max-snippet:-1, max-image-preview:large, max-video-preview:-1\" \/>\n<link rel=\"canonical\" href=\"https:\/\/www.icon-icon.com\/en\/produit\/theatre\/\" \/>\n<meta property=\"og:locale\" content=\"en_US\" \/>\n<meta property=\"og:type\" content=\"article\" \/>\n<meta property=\"og:title\" content=\"Th\u00e9\u00e2tre - ICON-ICON\" \/>\n<meta property=\"og:description\" content=\"&nbsp; Icon-Icon Opinion : Carlo Goldoni&#039;s work Th\u00e9\u00e2tre gives us the opportunity to read the beginning of modern comedy - Carlo Goldoni being the father of modern theatre!  Author : Carlo Goldoni Publishing House : Gallimard Collection : Biblioth\u00e8que de la Pl\u00e9iade Release date : October 1972    One of the most original and greatest European comic authors, Goldoni, was to appear in the Biblioth\u00e8que de la Pl\u00e9iade. The volume dedicated to him contains eighteen pieces which have been carefully chosen from among the most significant and the most representative of the various aspects of his talent, Le Valet de deux Ma\u00eetres, Le Caf\u00e9, La Locandiera, Les Amoureux, Les Rustres, the trilogy of La Vill\u00e9giature, Barouf in Chioggia, L&#039;Eventail, etc.\" \/>\n<meta property=\"og:url\" content=\"https:\/\/www.icon-icon.com\/en\/produit\/theatre\/\" \/>\n<meta property=\"og:site_name\" content=\"ICON-ICON\" \/>\n<meta property=\"og:image\" content=\"https:\/\/www.icon-icon.com\/wp-content\/uploads\/2022\/02\/30812568635-copy.jpg\" \/>\n\t<meta property=\"og:image:width\" content=\"500\" \/>\n\t<meta property=\"og:image:height\" content=\"500\" \/>\n\t<meta property=\"og:image:type\" content=\"image\/jpeg\" \/>\n<meta name=\"twitter:card\" content=\"summary_large_image\" \/>\n<script type=\"application\/ld+json\" class=\"yoast-schema-graph\">{\"@context\":\"https:\/\/schema.org\",\"@graph\":[{\"@type\":\"WebPage\",\"@id\":\"https:\/\/www.icon-icon.com\/en\/produit\/theatre\/\",\"url\":\"https:\/\/www.icon-icon.com\/en\/produit\/theatre\/\",\"name\":\"Th\u00e9\u00e2tre - ICON-ICON\",\"isPartOf\":{\"@id\":\"https:\/\/www.icon-icon.com\/#website\"},\"primaryImageOfPage\":{\"@id\":\"https:\/\/www.icon-icon.com\/en\/produit\/theatre\/#primaryimage\"},\"image\":{\"@id\":\"https:\/\/www.icon-icon.com\/en\/produit\/theatre\/#primaryimage\"},\"thumbnailUrl\":\"https:\/\/www.icon-icon.com\/wp-content\/uploads\/2022\/02\/30812568635-copy.jpg\",\"datePublished\":\"2022-02-22T14:38:53+00:00\",\"breadcrumb\":{\"@id\":\"https:\/\/www.icon-icon.com\/en\/produit\/theatre\/#breadcrumb\"},\"inLanguage\":\"en-US\",\"potentialAction\":[{\"@type\":\"ReadAction\",\"target\":[\"https:\/\/www.icon-icon.com\/en\/produit\/theatre\/\"]}]},{\"@type\":\"ImageObject\",\"inLanguage\":\"en-US\",\"@id\":\"https:\/\/www.icon-icon.com\/en\/produit\/theatre\/#primaryimage\",\"url\":\"https:\/\/www.icon-icon.com\/wp-content\/uploads\/2022\/02\/30812568635-copy.jpg\",\"contentUrl\":\"https:\/\/www.icon-icon.com\/wp-content\/uploads\/2022\/02\/30812568635-copy.jpg\",\"width\":500,\"height\":500},{\"@type\":\"BreadcrumbList\",\"@id\":\"https:\/\/www.icon-icon.com\/en\/produit\/theatre\/#breadcrumb\",\"itemListElement\":[{\"@type\":\"ListItem\",\"position\":1,\"name\":\"Accueil\",\"item\":\"https:\/\/www.icon-icon.com\/en\/\"},{\"@type\":\"ListItem\",\"position\":2,\"name\":\"Shop\",\"item\":\"https:\/\/www.icon-icon.com\/en\/shop-2\/\"},{\"@type\":\"ListItem\",\"position\":3,\"name\":\"Th\u00e9\u00e2tre\"}]},{\"@type\":\"WebSite\",\"@id\":\"https:\/\/www.icon-icon.com\/#website\",\"url\":\"https:\/\/www.icon-icon.com\/\",\"name\":\"ICON-ICON\",\"description\":\"Luxury Stories\",\"potentialAction\":[{\"@type\":\"SearchAction\",\"target\":{\"@type\":\"EntryPoint\",\"urlTemplate\":\"https:\/\/www.icon-icon.com\/?s={search_term_string}\"},\"query-input\":{\"@type\":\"PropertyValueSpecification\",\"valueRequired\":true,\"valueName\":\"search_term_string\"}}],\"inLanguage\":\"en-US\"}]}<\/script>\n<!-- \/ Yoast SEO plugin. -->","yoast_head_json":{"title":"Th\u00e9\u00e2tre - ICON-ICON","robots":{"index":"index","follow":"follow","max-snippet":"max-snippet:-1","max-image-preview":"max-image-preview:large","max-video-preview":"max-video-preview:-1"},"canonical":"https:\/\/www.icon-icon.com\/en\/produit\/theatre\/","og_locale":"en_US","og_type":"article","og_title":"Th\u00e9\u00e2tre - ICON-ICON","og_description":"&nbsp; Icon-Icon Opinion : Carlo Goldoni's work Th\u00e9\u00e2tre gives us the opportunity to read the beginning of modern comedy - Carlo Goldoni being the father of modern theatre!  Author : Carlo Goldoni Publishing House : Gallimard Collection : Biblioth\u00e8que de la Pl\u00e9iade Release date : October 1972    One of the most original and greatest European comic authors, Goldoni, was to appear in the Biblioth\u00e8que de la Pl\u00e9iade. The volume dedicated to him contains eighteen pieces which have been carefully chosen from among the most significant and the most representative of the various aspects of his talent, Le Valet de deux Ma\u00eetres, Le Caf\u00e9, La Locandiera, Les Amoureux, Les Rustres, the trilogy of La Vill\u00e9giature, Barouf in Chioggia, L'Eventail, etc.","og_url":"https:\/\/www.icon-icon.com\/en\/produit\/theatre\/","og_site_name":"ICON-ICON","og_image":[{"width":500,"height":500,"url":"https:\/\/www.icon-icon.com\/wp-content\/uploads\/2022\/02\/30812568635-copy.jpg","type":"image\/jpeg"}],"twitter_card":"summary_large_image","schema":{"@context":"https:\/\/schema.org","@graph":[{"@type":"WebPage","@id":"https:\/\/www.icon-icon.com\/en\/produit\/theatre\/","url":"https:\/\/www.icon-icon.com\/en\/produit\/theatre\/","name":"Th\u00e9\u00e2tre - ICON-ICON","isPartOf":{"@id":"https:\/\/www.icon-icon.com\/#website"},"primaryImageOfPage":{"@id":"https:\/\/www.icon-icon.com\/en\/produit\/theatre\/#primaryimage"},"image":{"@id":"https:\/\/www.icon-icon.com\/en\/produit\/theatre\/#primaryimage"},"thumbnailUrl":"https:\/\/www.icon-icon.com\/wp-content\/uploads\/2022\/02\/30812568635-copy.jpg","datePublished":"2022-02-22T14:38:53+00:00","breadcrumb":{"@id":"https:\/\/www.icon-icon.com\/en\/produit\/theatre\/#breadcrumb"},"inLanguage":"en-US","potentialAction":[{"@type":"ReadAction","target":["https:\/\/www.icon-icon.com\/en\/produit\/theatre\/"]}]},{"@type":"ImageObject","inLanguage":"en-US","@id":"https:\/\/www.icon-icon.com\/en\/produit\/theatre\/#primaryimage","url":"https:\/\/www.icon-icon.com\/wp-content\/uploads\/2022\/02\/30812568635-copy.jpg","contentUrl":"https:\/\/www.icon-icon.com\/wp-content\/uploads\/2022\/02\/30812568635-copy.jpg","width":500,"height":500},{"@type":"BreadcrumbList","@id":"https:\/\/www.icon-icon.com\/en\/produit\/theatre\/#breadcrumb","itemListElement":[{"@type":"ListItem","position":1,"name":"Accueil","item":"https:\/\/www.icon-icon.com\/en\/"},{"@type":"ListItem","position":2,"name":"Shop","item":"https:\/\/www.icon-icon.com\/en\/shop-2\/"},{"@type":"ListItem","position":3,"name":"Th\u00e9\u00e2tre"}]},{"@type":"WebSite","@id":"https:\/\/www.icon-icon.com\/#website","url":"https:\/\/www.icon-icon.com\/","name":"ICON-ICON","description":"Luxury Stories","potentialAction":[{"@type":"SearchAction","target":{"@type":"EntryPoint","urlTemplate":"https:\/\/www.icon-icon.com\/?s={search_term_string}"},"query-input":{"@type":"PropertyValueSpecification","valueRequired":true,"valueName":"search_term_string"}}],"inLanguage":"en-US"}]}},"_links":{"self":[{"href":"https:\/\/www.icon-icon.com\/en\/wp-json\/wp\/v2\/product\/70559","targetHints":{"allow":["GET"]}}],"collection":[{"href":"https:\/\/www.icon-icon.com\/en\/wp-json\/wp\/v2\/product"}],"about":[{"href":"https:\/\/www.icon-icon.com\/en\/wp-json\/wp\/v2\/types\/product"}],"wp:featuredmedia":[{"embeddable":true,"href":"https:\/\/www.icon-icon.com\/en\/wp-json\/wp\/v2\/media\/70561"}],"wp:attachment":[{"href":"https:\/\/www.icon-icon.com\/en\/wp-json\/wp\/v2\/media?parent=70559"}],"wp:term":[{"taxonomy":"product_brand","embeddable":true,"href":"https:\/\/www.icon-icon.com\/en\/wp-json\/wp\/v2\/product_brand?post=70559"},{"taxonomy":"product_cat","embeddable":true,"href":"https:\/\/www.icon-icon.com\/en\/wp-json\/wp\/v2\/product_cat?post=70559"},{"taxonomy":"product_tag","embeddable":true,"href":"https:\/\/www.icon-icon.com\/en\/wp-json\/wp\/v2\/product_tag?post=70559"}],"curies":[{"name":"wp","href":"https:\/\/api.w.org\/{rel}","templated":true}]}}