


{"id":70477,"date":"2022-02-16T15:17:59","date_gmt":"2022-02-21T14:01:34","guid":{"rendered":"https:\/\/www.icon-icon.com\/produit\/lancome-nomme-desir-n152\/"},"modified":"2022-02-21T15:01:34","modified_gmt":"2022-02-21T14:01:34","slug":"lancome-nomme-desir-n152-2","status":"publish","type":"product","link":"https:\/\/www.icon-icon.com\/en\/produit\/lancome-nomme-desir-n152-2\/","title":{"rendered":"Lanc\u00f4me &#8211; Nomm\u00e9 D\u00e9sir n\u00b0152"},"content":{"rendered":"","protected":false},"excerpt":{"rendered":"<p class=\"p1\">\n            <b>Icon-Icon Opinion :<\/b>\n          <\/p>\n<p class=\"p1\">Pink, aka official color of Lanc\u00f4me, inspires once again the brand in creating this deep and hypnotizing shade of nail polish.<\/p>\n<p class=\"p1\"><b>Name of the product :<span class=\"Apple-converted-space\"> <\/span><\/b><span class=\"Apple-converted-space\">Nomm\u00e9 D\u00e9sir n\u00b0152<\/span><\/p>\n<p class=\"p1\"><b>Name of the Brand : <\/b>Lanc\u00f4me<\/p>\n<p class=\"p1\">\n            <b>Description : <\/b>\n          <\/p>\n<p class=\"p1\">Discover Le Vernis by Lanc\u00f4me: a revisited bottle and a range of 14 new chic and timeless shades. With long-lasting shine, intense color and effortless application, it&#8217;s the perfect finishing touch for a look that&#8217;s mastered right down to the tips of your nails! For even longer lasting color and shine, finish your manicure with a coat of Top Coat!<\/p>\n","protected":false},"featured_media":68382,"template":"","meta":{"_acf_changed":false},"product_brand":[],"product_cat":[22732,23398,27245],"product_tag":[28089,22282,22520,22284,23504,29048,29040],"class_list":{"0":"post-70477","1":"product","2":"type-product","3":"status-publish","4":"has-post-thumbnail","6":"product_cat-beauty-and-perfumes","7":"product_cat-cosmetics","8":"product_cat-nail-polish","9":"product_tag-beaute-et-parfums-en","10":"product_tag-icon-en","11":"product_tag-lancome-en","12":"product_tag-luxury-en","13":"product_tag-maquillage-en","14":"product_tag-nomme-desir-n152-en","15":"product_tag-vernis-en","17":"first","18":"instock","19":"product-type-external"},"acf":[],"yoast_head":"<!-- This site is optimized with the Yoast SEO plugin v27.2 - https:\/\/yoast.com\/product\/yoast-seo-wordpress\/ -->\n<title>Lanc\u00f4me - Nomm\u00e9 D\u00e9sir n\u00b0152 - ICON-ICON<\/title>\n<meta name=\"robots\" content=\"index, follow, max-snippet:-1, max-image-preview:large, max-video-preview:-1\" \/>\n<link rel=\"canonical\" href=\"https:\/\/www.icon-icon.com\/en\/produit\/lancome-nomme-desir-n152-2\/\" \/>\n<meta property=\"og:locale\" content=\"en_US\" \/>\n<meta property=\"og:type\" content=\"article\" \/>\n<meta property=\"og:title\" content=\"Lanc\u00f4me - Nomm\u00e9 D\u00e9sir n\u00b0152 - ICON-ICON\" \/>\n<meta property=\"og:description\" content=\"Icon-Icon Opinion :                 Pink, aka official color of Lanc\u00f4me, inspires once again the brand in creating this deep and hypnotizing shade of nail polish.            Name of the product : Nomm\u00e9 D\u00e9sir n\u00b0152            Name of the Brand : Lanc\u00f4me                  Description :                  Discover Le Vernis by Lanc\u00f4me: a revisited bottle and a range of 14 new chic and timeless shades. With long-lasting shine, intense color and effortless application, it&#039;s the perfect finishing touch for a look that&#039;s mastered right down to the tips of your nails! For even longer lasting color and shine, finish your manicure with a coat of Top Coat!\" \/>\n<meta property=\"og:url\" content=\"https:\/\/www.icon-icon.com\/en\/produit\/lancome-nomme-desir-n152-2\/\" \/>\n<meta property=\"og:site_name\" content=\"ICON-ICON\" \/>\n<meta property=\"og:image\" content=\"https:\/\/www.icon-icon.com\/wp-content\/uploads\/2022\/02\/Lanco\u0302me-Nomme\u0301-De\u0301sir-n\u00b0152.jpg\" \/>\n\t<meta property=\"og:image:width\" content=\"500\" \/>\n\t<meta property=\"og:image:height\" content=\"500\" \/>\n\t<meta property=\"og:image:type\" content=\"image\/jpeg\" \/>\n<meta name=\"twitter:card\" content=\"summary_large_image\" \/>\n<script type=\"application\/ld+json\" class=\"yoast-schema-graph\">{\"@context\":\"https:\/\/schema.org\",\"@graph\":[{\"@type\":\"WebPage\",\"@id\":\"https:\/\/www.icon-icon.com\/en\/produit\/lancome-nomme-desir-n152-2\/\",\"url\":\"https:\/\/www.icon-icon.com\/en\/produit\/lancome-nomme-desir-n152-2\/\",\"name\":\"Lanc\u00f4me - Nomm\u00e9 D\u00e9sir n\u00b0152 - ICON-ICON\",\"isPartOf\":{\"@id\":\"https:\/\/www.icon-icon.com\/#website\"},\"primaryImageOfPage\":{\"@id\":\"https:\/\/www.icon-icon.com\/en\/produit\/lancome-nomme-desir-n152-2\/#primaryimage\"},\"image\":{\"@id\":\"https:\/\/www.icon-icon.com\/en\/produit\/lancome-nomme-desir-n152-2\/#primaryimage\"},\"thumbnailUrl\":\"https:\/\/www.icon-icon.com\/wp-content\/uploads\/2022\/02\/Lanco\u0302me-Nomme\u0301-De\u0301sir-n\u00b0152.jpg\",\"datePublished\":\"2022-02-21T14:01:34+00:00\",\"breadcrumb\":{\"@id\":\"https:\/\/www.icon-icon.com\/en\/produit\/lancome-nomme-desir-n152-2\/#breadcrumb\"},\"inLanguage\":\"en-US\",\"potentialAction\":[{\"@type\":\"ReadAction\",\"target\":[\"https:\/\/www.icon-icon.com\/en\/produit\/lancome-nomme-desir-n152-2\/\"]}]},{\"@type\":\"ImageObject\",\"inLanguage\":\"en-US\",\"@id\":\"https:\/\/www.icon-icon.com\/en\/produit\/lancome-nomme-desir-n152-2\/#primaryimage\",\"url\":\"https:\/\/www.icon-icon.com\/wp-content\/uploads\/2022\/02\/Lanco\u0302me-Nomme\u0301-De\u0301sir-n\u00b0152.jpg\",\"contentUrl\":\"https:\/\/www.icon-icon.com\/wp-content\/uploads\/2022\/02\/Lanco\u0302me-Nomme\u0301-De\u0301sir-n\u00b0152.jpg\",\"width\":500,\"height\":500},{\"@type\":\"BreadcrumbList\",\"@id\":\"https:\/\/www.icon-icon.com\/en\/produit\/lancome-nomme-desir-n152-2\/#breadcrumb\",\"itemListElement\":[{\"@type\":\"ListItem\",\"position\":1,\"name\":\"Accueil\",\"item\":\"https:\/\/www.icon-icon.com\/en\/\"},{\"@type\":\"ListItem\",\"position\":2,\"name\":\"Shop\",\"item\":\"https:\/\/www.icon-icon.com\/en\/shop-2\/\"},{\"@type\":\"ListItem\",\"position\":3,\"name\":\"Lanc\u00f4me &#8211; Nomm\u00e9 D\u00e9sir n\u00b0152\"}]},{\"@type\":\"WebSite\",\"@id\":\"https:\/\/www.icon-icon.com\/#website\",\"url\":\"https:\/\/www.icon-icon.com\/\",\"name\":\"ICON-ICON\",\"description\":\"Luxury Stories\",\"potentialAction\":[{\"@type\":\"SearchAction\",\"target\":{\"@type\":\"EntryPoint\",\"urlTemplate\":\"https:\/\/www.icon-icon.com\/?s={search_term_string}\"},\"query-input\":{\"@type\":\"PropertyValueSpecification\",\"valueRequired\":true,\"valueName\":\"search_term_string\"}}],\"inLanguage\":\"en-US\"}]}<\/script>\n<!-- \/ Yoast SEO plugin. -->","yoast_head_json":{"title":"Lanc\u00f4me - Nomm\u00e9 D\u00e9sir n\u00b0152 - ICON-ICON","robots":{"index":"index","follow":"follow","max-snippet":"max-snippet:-1","max-image-preview":"max-image-preview:large","max-video-preview":"max-video-preview:-1"},"canonical":"https:\/\/www.icon-icon.com\/en\/produit\/lancome-nomme-desir-n152-2\/","og_locale":"en_US","og_type":"article","og_title":"Lanc\u00f4me - Nomm\u00e9 D\u00e9sir n\u00b0152 - ICON-ICON","og_description":"Icon-Icon Opinion :                 Pink, aka official color of Lanc\u00f4me, inspires once again the brand in creating this deep and hypnotizing shade of nail polish.            Name of the product : Nomm\u00e9 D\u00e9sir n\u00b0152            Name of the Brand : Lanc\u00f4me                  Description :                  Discover Le Vernis by Lanc\u00f4me: a revisited bottle and a range of 14 new chic and timeless shades. With long-lasting shine, intense color and effortless application, it's the perfect finishing touch for a look that's mastered right down to the tips of your nails! For even longer lasting color and shine, finish your manicure with a coat of Top Coat!","og_url":"https:\/\/www.icon-icon.com\/en\/produit\/lancome-nomme-desir-n152-2\/","og_site_name":"ICON-ICON","og_image":[{"width":500,"height":500,"url":"https:\/\/www.icon-icon.com\/wp-content\/uploads\/2022\/02\/Lanco\u0302me-Nomme\u0301-De\u0301sir-n\u00b0152.jpg","type":"image\/jpeg"}],"twitter_card":"summary_large_image","schema":{"@context":"https:\/\/schema.org","@graph":[{"@type":"WebPage","@id":"https:\/\/www.icon-icon.com\/en\/produit\/lancome-nomme-desir-n152-2\/","url":"https:\/\/www.icon-icon.com\/en\/produit\/lancome-nomme-desir-n152-2\/","name":"Lanc\u00f4me - Nomm\u00e9 D\u00e9sir n\u00b0152 - ICON-ICON","isPartOf":{"@id":"https:\/\/www.icon-icon.com\/#website"},"primaryImageOfPage":{"@id":"https:\/\/www.icon-icon.com\/en\/produit\/lancome-nomme-desir-n152-2\/#primaryimage"},"image":{"@id":"https:\/\/www.icon-icon.com\/en\/produit\/lancome-nomme-desir-n152-2\/#primaryimage"},"thumbnailUrl":"https:\/\/www.icon-icon.com\/wp-content\/uploads\/2022\/02\/Lanco\u0302me-Nomme\u0301-De\u0301sir-n\u00b0152.jpg","datePublished":"2022-02-21T14:01:34+00:00","breadcrumb":{"@id":"https:\/\/www.icon-icon.com\/en\/produit\/lancome-nomme-desir-n152-2\/#breadcrumb"},"inLanguage":"en-US","potentialAction":[{"@type":"ReadAction","target":["https:\/\/www.icon-icon.com\/en\/produit\/lancome-nomme-desir-n152-2\/"]}]},{"@type":"ImageObject","inLanguage":"en-US","@id":"https:\/\/www.icon-icon.com\/en\/produit\/lancome-nomme-desir-n152-2\/#primaryimage","url":"https:\/\/www.icon-icon.com\/wp-content\/uploads\/2022\/02\/Lanco\u0302me-Nomme\u0301-De\u0301sir-n\u00b0152.jpg","contentUrl":"https:\/\/www.icon-icon.com\/wp-content\/uploads\/2022\/02\/Lanco\u0302me-Nomme\u0301-De\u0301sir-n\u00b0152.jpg","width":500,"height":500},{"@type":"BreadcrumbList","@id":"https:\/\/www.icon-icon.com\/en\/produit\/lancome-nomme-desir-n152-2\/#breadcrumb","itemListElement":[{"@type":"ListItem","position":1,"name":"Accueil","item":"https:\/\/www.icon-icon.com\/en\/"},{"@type":"ListItem","position":2,"name":"Shop","item":"https:\/\/www.icon-icon.com\/en\/shop-2\/"},{"@type":"ListItem","position":3,"name":"Lanc\u00f4me &#8211; Nomm\u00e9 D\u00e9sir n\u00b0152"}]},{"@type":"WebSite","@id":"https:\/\/www.icon-icon.com\/#website","url":"https:\/\/www.icon-icon.com\/","name":"ICON-ICON","description":"Luxury Stories","potentialAction":[{"@type":"SearchAction","target":{"@type":"EntryPoint","urlTemplate":"https:\/\/www.icon-icon.com\/?s={search_term_string}"},"query-input":{"@type":"PropertyValueSpecification","valueRequired":true,"valueName":"search_term_string"}}],"inLanguage":"en-US"}]}},"_links":{"self":[{"href":"https:\/\/www.icon-icon.com\/en\/wp-json\/wp\/v2\/product\/70477","targetHints":{"allow":["GET"]}}],"collection":[{"href":"https:\/\/www.icon-icon.com\/en\/wp-json\/wp\/v2\/product"}],"about":[{"href":"https:\/\/www.icon-icon.com\/en\/wp-json\/wp\/v2\/types\/product"}],"wp:featuredmedia":[{"embeddable":true,"href":"https:\/\/www.icon-icon.com\/en\/wp-json\/wp\/v2\/media\/68382"}],"wp:attachment":[{"href":"https:\/\/www.icon-icon.com\/en\/wp-json\/wp\/v2\/media?parent=70477"}],"wp:term":[{"taxonomy":"product_brand","embeddable":true,"href":"https:\/\/www.icon-icon.com\/en\/wp-json\/wp\/v2\/product_brand?post=70477"},{"taxonomy":"product_cat","embeddable":true,"href":"https:\/\/www.icon-icon.com\/en\/wp-json\/wp\/v2\/product_cat?post=70477"},{"taxonomy":"product_tag","embeddable":true,"href":"https:\/\/www.icon-icon.com\/en\/wp-json\/wp\/v2\/product_tag?post=70477"}],"curies":[{"name":"wp","href":"https:\/\/api.w.org\/{rel}","templated":true}]}}