


{"id":69514,"date":"2022-02-14T10:01:10","date_gmt":"2022-02-14T12:53:42","guid":{"rendered":"https:\/\/www.icon-icon.com\/?post_type=product&#038;p=69514"},"modified":"2022-02-14T13:53:42","modified_gmt":"2022-02-14T12:53:42","slug":"ritz-le-comptoir-box-of-8-madeleines-by-francois-perret","status":"publish","type":"product","link":"https:\/\/www.icon-icon.com\/en\/produit\/ritz-le-comptoir-box-of-8-madeleines-by-francois-perret\/","title":{"rendered":"Ritz Le Comptoir &#8211;  Box of 8 Madeleines by Fran\u00e7ois Perret"},"content":{"rendered":"","protected":false},"excerpt":{"rendered":"<p>&nbsp;<\/p>\n<p class=\"p1\"><strong>Icon-Icon Opinion :<\/strong><\/p>\n<p class=\"p1\">The best Pastry Chef in the world 2019, Fran\u00e7ois Perret interprets here the \u00f9adeleines\u2026 These icons of pastry which rightly inspired Proust can be tasted even more divinely in the version of the Chef of the Ritz! The palace where Proust loved to spend time\u2026<\/p>\n<p class=\"p1\"><strong>Pastry Shop : <\/strong>Ritz Le Comptoir<\/p>\n<p class=\"p1\"><strong>Address :\u00a0<\/strong>38 Rue Cambon, 75001 Paris France<\/p>\n<p class=\"p1\"><strong>Contacts : <\/strong><\/p>\n<p class=\"p1\"><span class=\"Y2IQFc\" lang=\"fr\">For any information or delivery request, contact the teams by phone on +33 1 43 16 30 26 or from\u00a0the ritzparislecomptoir.com website.<\/span><\/p>\n<p><strong>Description :<\/strong><\/p>\n<p>An expert in French pastry, Fran\u00e7ois Perret imagines playful and generous creations to make Ritz Paris Le Comptoir a gourmet meeting place.<\/p>\n","protected":false},"featured_media":69550,"template":"","meta":{"_acf_changed":false},"product_brand":[],"product_cat":[25572,27566,23619],"product_tag":[26945,28608,22284,28623,28607,28606],"class_list":{"0":"post-69514","1":"product","2":"type-product","3":"status-publish","4":"has-post-thumbnail","6":"product_cat-gastronomy","7":"product_cat-iconic-patisserie","8":"product_cat-wines-spirits-and-gastronomy","9":"product_tag-gastronomy","10":"product_tag-iconic-pastries","11":"product_tag-luxury-en","12":"product_tag-ritz-le-comptoir-en","13":"product_tag-spiritueux-et-gastronomie-en","14":"product_tag-vins-en","16":"first","17":"instock","18":"product-type-external"},"acf":[],"yoast_head":"<!-- This site is optimized with the Yoast SEO plugin v27.2 - https:\/\/yoast.com\/product\/yoast-seo-wordpress\/ -->\n<title>Ritz Le Comptoir - Box of 8 Madeleines by Fran\u00e7ois Perret - ICON-ICON<\/title>\n<meta name=\"robots\" content=\"index, follow, max-snippet:-1, max-image-preview:large, max-video-preview:-1\" \/>\n<link rel=\"canonical\" href=\"https:\/\/www.icon-icon.com\/en\/produit\/ritz-le-comptoir-box-of-8-madeleines-by-francois-perret\/\" \/>\n<meta property=\"og:locale\" content=\"en_US\" \/>\n<meta property=\"og:type\" content=\"article\" \/>\n<meta property=\"og:title\" content=\"Ritz Le Comptoir - Box of 8 Madeleines by Fran\u00e7ois Perret - ICON-ICON\" \/>\n<meta property=\"og:description\" content=\"&nbsp; Icon-Icon Opinion : The best Pastry Chef in the world 2019, Fran\u00e7ois Perret interprets here the \u00f9adeleines\u2026 These icons of pastry which rightly inspired Proust can be tasted even more divinely in the version of the Chef of the Ritz! The palace where Proust loved to spend time\u2026 Pastry Shop : Ritz Le Comptoir Address :\u00a038 Rue Cambon, 75001 Paris France Contacts :  For any information or delivery request, contact the teams by phone on +33 1 43 16 30 26 or from\u00a0the ritzparislecomptoir.com website. Description :  An expert in French pastry, Fran\u00e7ois Perret imagines playful and generous creations to make Ritz Paris Le Comptoir a gourmet meeting place.\" \/>\n<meta property=\"og:url\" content=\"https:\/\/www.icon-icon.com\/en\/produit\/ritz-le-comptoir-box-of-8-madeleines-by-francois-perret\/\" \/>\n<meta property=\"og:site_name\" content=\"ICON-ICON\" \/>\n<meta property=\"og:image\" content=\"https:\/\/www.icon-icon.com\/wp-content\/uploads\/2022\/02\/coffret-madeleine_hero-copy.jpg\" \/>\n\t<meta property=\"og:image:width\" content=\"500\" \/>\n\t<meta property=\"og:image:height\" content=\"500\" \/>\n\t<meta property=\"og:image:type\" content=\"image\/jpeg\" \/>\n<meta name=\"twitter:card\" content=\"summary_large_image\" \/>\n<script type=\"application\/ld+json\" class=\"yoast-schema-graph\">{\"@context\":\"https:\/\/schema.org\",\"@graph\":[{\"@type\":\"WebPage\",\"@id\":\"https:\/\/www.icon-icon.com\/en\/produit\/ritz-le-comptoir-box-of-8-madeleines-by-francois-perret\/\",\"url\":\"https:\/\/www.icon-icon.com\/en\/produit\/ritz-le-comptoir-box-of-8-madeleines-by-francois-perret\/\",\"name\":\"Ritz Le Comptoir - Box of 8 Madeleines by Fran\u00e7ois Perret - ICON-ICON\",\"isPartOf\":{\"@id\":\"https:\/\/www.icon-icon.com\/#website\"},\"primaryImageOfPage\":{\"@id\":\"https:\/\/www.icon-icon.com\/en\/produit\/ritz-le-comptoir-box-of-8-madeleines-by-francois-perret\/#primaryimage\"},\"image\":{\"@id\":\"https:\/\/www.icon-icon.com\/en\/produit\/ritz-le-comptoir-box-of-8-madeleines-by-francois-perret\/#primaryimage\"},\"thumbnailUrl\":\"https:\/\/www.icon-icon.com\/wp-content\/uploads\/2022\/02\/coffret-madeleine_hero-copy.jpg\",\"datePublished\":\"2022-02-14T12:53:42+00:00\",\"breadcrumb\":{\"@id\":\"https:\/\/www.icon-icon.com\/en\/produit\/ritz-le-comptoir-box-of-8-madeleines-by-francois-perret\/#breadcrumb\"},\"inLanguage\":\"en-US\",\"potentialAction\":[{\"@type\":\"ReadAction\",\"target\":[\"https:\/\/www.icon-icon.com\/en\/produit\/ritz-le-comptoir-box-of-8-madeleines-by-francois-perret\/\"]}]},{\"@type\":\"ImageObject\",\"inLanguage\":\"en-US\",\"@id\":\"https:\/\/www.icon-icon.com\/en\/produit\/ritz-le-comptoir-box-of-8-madeleines-by-francois-perret\/#primaryimage\",\"url\":\"https:\/\/www.icon-icon.com\/wp-content\/uploads\/2022\/02\/coffret-madeleine_hero-copy.jpg\",\"contentUrl\":\"https:\/\/www.icon-icon.com\/wp-content\/uploads\/2022\/02\/coffret-madeleine_hero-copy.jpg\",\"width\":500,\"height\":500},{\"@type\":\"BreadcrumbList\",\"@id\":\"https:\/\/www.icon-icon.com\/en\/produit\/ritz-le-comptoir-box-of-8-madeleines-by-francois-perret\/#breadcrumb\",\"itemListElement\":[{\"@type\":\"ListItem\",\"position\":1,\"name\":\"Accueil\",\"item\":\"https:\/\/www.icon-icon.com\/en\/\"},{\"@type\":\"ListItem\",\"position\":2,\"name\":\"Shop\",\"item\":\"https:\/\/www.icon-icon.com\/en\/shop-2\/\"},{\"@type\":\"ListItem\",\"position\":3,\"name\":\"Ritz Le Comptoir &#8211; Box of 8 Madeleines by Fran\u00e7ois Perret\"}]},{\"@type\":\"WebSite\",\"@id\":\"https:\/\/www.icon-icon.com\/#website\",\"url\":\"https:\/\/www.icon-icon.com\/\",\"name\":\"ICON-ICON\",\"description\":\"Luxury Stories\",\"potentialAction\":[{\"@type\":\"SearchAction\",\"target\":{\"@type\":\"EntryPoint\",\"urlTemplate\":\"https:\/\/www.icon-icon.com\/?s={search_term_string}\"},\"query-input\":{\"@type\":\"PropertyValueSpecification\",\"valueRequired\":true,\"valueName\":\"search_term_string\"}}],\"inLanguage\":\"en-US\"}]}<\/script>\n<!-- \/ Yoast SEO plugin. -->","yoast_head_json":{"title":"Ritz Le Comptoir - Box of 8 Madeleines by Fran\u00e7ois Perret - ICON-ICON","robots":{"index":"index","follow":"follow","max-snippet":"max-snippet:-1","max-image-preview":"max-image-preview:large","max-video-preview":"max-video-preview:-1"},"canonical":"https:\/\/www.icon-icon.com\/en\/produit\/ritz-le-comptoir-box-of-8-madeleines-by-francois-perret\/","og_locale":"en_US","og_type":"article","og_title":"Ritz Le Comptoir - Box of 8 Madeleines by Fran\u00e7ois Perret - ICON-ICON","og_description":"&nbsp; Icon-Icon Opinion : The best Pastry Chef in the world 2019, Fran\u00e7ois Perret interprets here the \u00f9adeleines\u2026 These icons of pastry which rightly inspired Proust can be tasted even more divinely in the version of the Chef of the Ritz! The palace where Proust loved to spend time\u2026 Pastry Shop : Ritz Le Comptoir Address :\u00a038 Rue Cambon, 75001 Paris France Contacts :  For any information or delivery request, contact the teams by phone on +33 1 43 16 30 26 or from\u00a0the ritzparislecomptoir.com website. Description :  An expert in French pastry, Fran\u00e7ois Perret imagines playful and generous creations to make Ritz Paris Le Comptoir a gourmet meeting place.","og_url":"https:\/\/www.icon-icon.com\/en\/produit\/ritz-le-comptoir-box-of-8-madeleines-by-francois-perret\/","og_site_name":"ICON-ICON","og_image":[{"width":500,"height":500,"url":"https:\/\/www.icon-icon.com\/wp-content\/uploads\/2022\/02\/coffret-madeleine_hero-copy.jpg","type":"image\/jpeg"}],"twitter_card":"summary_large_image","schema":{"@context":"https:\/\/schema.org","@graph":[{"@type":"WebPage","@id":"https:\/\/www.icon-icon.com\/en\/produit\/ritz-le-comptoir-box-of-8-madeleines-by-francois-perret\/","url":"https:\/\/www.icon-icon.com\/en\/produit\/ritz-le-comptoir-box-of-8-madeleines-by-francois-perret\/","name":"Ritz Le Comptoir - Box of 8 Madeleines by Fran\u00e7ois Perret - ICON-ICON","isPartOf":{"@id":"https:\/\/www.icon-icon.com\/#website"},"primaryImageOfPage":{"@id":"https:\/\/www.icon-icon.com\/en\/produit\/ritz-le-comptoir-box-of-8-madeleines-by-francois-perret\/#primaryimage"},"image":{"@id":"https:\/\/www.icon-icon.com\/en\/produit\/ritz-le-comptoir-box-of-8-madeleines-by-francois-perret\/#primaryimage"},"thumbnailUrl":"https:\/\/www.icon-icon.com\/wp-content\/uploads\/2022\/02\/coffret-madeleine_hero-copy.jpg","datePublished":"2022-02-14T12:53:42+00:00","breadcrumb":{"@id":"https:\/\/www.icon-icon.com\/en\/produit\/ritz-le-comptoir-box-of-8-madeleines-by-francois-perret\/#breadcrumb"},"inLanguage":"en-US","potentialAction":[{"@type":"ReadAction","target":["https:\/\/www.icon-icon.com\/en\/produit\/ritz-le-comptoir-box-of-8-madeleines-by-francois-perret\/"]}]},{"@type":"ImageObject","inLanguage":"en-US","@id":"https:\/\/www.icon-icon.com\/en\/produit\/ritz-le-comptoir-box-of-8-madeleines-by-francois-perret\/#primaryimage","url":"https:\/\/www.icon-icon.com\/wp-content\/uploads\/2022\/02\/coffret-madeleine_hero-copy.jpg","contentUrl":"https:\/\/www.icon-icon.com\/wp-content\/uploads\/2022\/02\/coffret-madeleine_hero-copy.jpg","width":500,"height":500},{"@type":"BreadcrumbList","@id":"https:\/\/www.icon-icon.com\/en\/produit\/ritz-le-comptoir-box-of-8-madeleines-by-francois-perret\/#breadcrumb","itemListElement":[{"@type":"ListItem","position":1,"name":"Accueil","item":"https:\/\/www.icon-icon.com\/en\/"},{"@type":"ListItem","position":2,"name":"Shop","item":"https:\/\/www.icon-icon.com\/en\/shop-2\/"},{"@type":"ListItem","position":3,"name":"Ritz Le Comptoir &#8211; Box of 8 Madeleines by Fran\u00e7ois Perret"}]},{"@type":"WebSite","@id":"https:\/\/www.icon-icon.com\/#website","url":"https:\/\/www.icon-icon.com\/","name":"ICON-ICON","description":"Luxury Stories","potentialAction":[{"@type":"SearchAction","target":{"@type":"EntryPoint","urlTemplate":"https:\/\/www.icon-icon.com\/?s={search_term_string}"},"query-input":{"@type":"PropertyValueSpecification","valueRequired":true,"valueName":"search_term_string"}}],"inLanguage":"en-US"}]}},"_links":{"self":[{"href":"https:\/\/www.icon-icon.com\/en\/wp-json\/wp\/v2\/product\/69514","targetHints":{"allow":["GET"]}}],"collection":[{"href":"https:\/\/www.icon-icon.com\/en\/wp-json\/wp\/v2\/product"}],"about":[{"href":"https:\/\/www.icon-icon.com\/en\/wp-json\/wp\/v2\/types\/product"}],"wp:featuredmedia":[{"embeddable":true,"href":"https:\/\/www.icon-icon.com\/en\/wp-json\/wp\/v2\/media\/69550"}],"wp:attachment":[{"href":"https:\/\/www.icon-icon.com\/en\/wp-json\/wp\/v2\/media?parent=69514"}],"wp:term":[{"taxonomy":"product_brand","embeddable":true,"href":"https:\/\/www.icon-icon.com\/en\/wp-json\/wp\/v2\/product_brand?post=69514"},{"taxonomy":"product_cat","embeddable":true,"href":"https:\/\/www.icon-icon.com\/en\/wp-json\/wp\/v2\/product_cat?post=69514"},{"taxonomy":"product_tag","embeddable":true,"href":"https:\/\/www.icon-icon.com\/en\/wp-json\/wp\/v2\/product_tag?post=69514"}],"curies":[{"name":"wp","href":"https:\/\/api.w.org\/{rel}","templated":true}]}}