


{"id":69045,"date":"2022-02-07T12:39:29","date_gmt":"2022-02-09T12:03:11","guid":{"rendered":"https:\/\/www.icon-icon.com\/produit\/cartier-carre-90-panthere-art-deco\/"},"modified":"2022-02-09T13:05:13","modified_gmt":"2022-02-09T12:05:13","slug":"cartier-square-90-panthere-art-deco","status":"publish","type":"product","link":"https:\/\/www.icon-icon.com\/en\/produit\/cartier-square-90-panthere-art-deco\/","title":{"rendered":"Cartier &#8211; Carr\u00e9 90 Panth\u00e8re Art D\u00e9co"},"content":{"rendered":"","protected":false},"excerpt":{"rendered":"<p><b>Icon-Icon Opinion : <\/b><\/p>\n<p>We owe her the most legendary finery of the house, and the audacious style of these jewels combining stones, colors, shapes and genres like no other! Jeanne Toussaint, nicknamed the panther, was indeed Cartier&#8217;s creative director from 1933 to 1970&#8230; We owe her the most beautiful pieces, in particular Art Deco, whose energy and splendor we find on this square!<\/p>\n<p><b>Name of the Product\u00a0<\/b>: Panth\u00e8re Art D\u00e9co Motif Square 90<\/p>\n<p><b>Brand\u00a0<\/b>: Cartier<\/p>\n<p><b>Description :<\/b><\/p>\n<p>Panth\u00e8re Art D\u00e9co motif square in turquoise and purple silk twill. Dimensions: 90 x 90 cm.<\/p>\n","protected":false},"featured_media":68674,"template":"","meta":{"_acf_changed":false},"product_brand":[],"product_cat":[24117,27240],"product_tag":[27151,25217,22281,28485,28486],"class_list":{"0":"post-69045","1":"product","2":"type-product","3":"status-publish","4":"has-post-thumbnail","6":"product_cat-accessories","7":"product_cat-silk-foulards","8":"product_tag-cartier-en","9":"product_tag-foulards-en","10":"product_tag-luxe-en","11":"product_tag-silk-twill-square","12":"product_tag-square-90","14":"first","15":"instock","16":"product-type-external"},"acf":[],"yoast_head":"<!-- This site is optimized with the Yoast SEO plugin v27.2 - https:\/\/yoast.com\/product\/yoast-seo-wordpress\/ -->\n<title>Cartier - Carr\u00e9 90 Panth\u00e8re Art D\u00e9co - ICON-ICON<\/title>\n<meta name=\"robots\" content=\"index, follow, max-snippet:-1, max-image-preview:large, max-video-preview:-1\" \/>\n<link rel=\"canonical\" href=\"http:\/\/www.icon-icon.com\/en\/produit\/cartier-square-90-panthere-art-deco\/\" \/>\n<meta property=\"og:locale\" content=\"en_US\" \/>\n<meta property=\"og:type\" content=\"article\" \/>\n<meta property=\"og:title\" content=\"Cartier - Carr\u00e9 90 Panth\u00e8re Art D\u00e9co - ICON-ICON\" \/>\n<meta property=\"og:description\" content=\"Icon-Icon Opinion :   We owe her the most legendary finery of the house, and the audacious style of these jewels combining stones, colors, shapes and genres like no other! Jeanne Toussaint, nicknamed the panther, was indeed Cartier&#039;s creative director from 1933 to 1970... We owe her the most beautiful pieces, in particular Art Deco, whose energy and splendor we find on this square!  Name of the Product\u00a0: Panth\u00e8re Art D\u00e9co Motif Square 90  Brand\u00a0: Cartier  Description :  Panth\u00e8re Art D\u00e9co motif square in turquoise and purple silk twill. Dimensions: 90 x 90 cm.\" \/>\n<meta property=\"og:url\" content=\"http:\/\/www.icon-icon.com\/en\/produit\/cartier-square-90-panthere-art-deco\/\" \/>\n<meta property=\"og:site_name\" content=\"ICON-ICON\" \/>\n<meta property=\"article:modified_time\" content=\"2022-02-09T12:05:13+00:00\" \/>\n<meta property=\"og:image\" content=\"http:\/\/www.icon-icon.com\/wp-content\/uploads\/2022\/01\/Cartier-Carre-90-Panthere-Art-Deco-.jpg\" \/>\n\t<meta property=\"og:image:width\" content=\"500\" \/>\n\t<meta property=\"og:image:height\" content=\"500\" \/>\n\t<meta property=\"og:image:type\" content=\"image\/jpeg\" \/>\n<meta name=\"twitter:card\" content=\"summary_large_image\" \/>\n<script type=\"application\/ld+json\" class=\"yoast-schema-graph\">{\"@context\":\"https:\/\/schema.org\",\"@graph\":[{\"@type\":\"WebPage\",\"@id\":\"http:\/\/www.icon-icon.com\/en\/produit\/cartier-square-90-panthere-art-deco\/\",\"url\":\"http:\/\/www.icon-icon.com\/en\/produit\/cartier-square-90-panthere-art-deco\/\",\"name\":\"Cartier - Carr\u00e9 90 Panth\u00e8re Art D\u00e9co - ICON-ICON\",\"isPartOf\":{\"@id\":\"https:\/\/www.icon-icon.com\/#website\"},\"primaryImageOfPage\":{\"@id\":\"http:\/\/www.icon-icon.com\/en\/produit\/cartier-square-90-panthere-art-deco\/#primaryimage\"},\"image\":{\"@id\":\"http:\/\/www.icon-icon.com\/en\/produit\/cartier-square-90-panthere-art-deco\/#primaryimage\"},\"thumbnailUrl\":\"https:\/\/www.icon-icon.com\/wp-content\/uploads\/2022\/01\/Cartier-Carre-90-Panthere-Art-Deco-.jpg\",\"datePublished\":\"2022-02-09T12:03:11+00:00\",\"dateModified\":\"2022-02-09T12:05:13+00:00\",\"breadcrumb\":{\"@id\":\"http:\/\/www.icon-icon.com\/en\/produit\/cartier-square-90-panthere-art-deco\/#breadcrumb\"},\"inLanguage\":\"en-US\",\"potentialAction\":[{\"@type\":\"ReadAction\",\"target\":[\"http:\/\/www.icon-icon.com\/en\/produit\/cartier-square-90-panthere-art-deco\/\"]}]},{\"@type\":\"ImageObject\",\"inLanguage\":\"en-US\",\"@id\":\"http:\/\/www.icon-icon.com\/en\/produit\/cartier-square-90-panthere-art-deco\/#primaryimage\",\"url\":\"https:\/\/www.icon-icon.com\/wp-content\/uploads\/2022\/01\/Cartier-Carre-90-Panthere-Art-Deco-.jpg\",\"contentUrl\":\"https:\/\/www.icon-icon.com\/wp-content\/uploads\/2022\/01\/Cartier-Carre-90-Panthere-Art-Deco-.jpg\",\"width\":500,\"height\":500},{\"@type\":\"BreadcrumbList\",\"@id\":\"http:\/\/www.icon-icon.com\/en\/produit\/cartier-square-90-panthere-art-deco\/#breadcrumb\",\"itemListElement\":[{\"@type\":\"ListItem\",\"position\":1,\"name\":\"Accueil\",\"item\":\"https:\/\/www.icon-icon.com\/en\/\"},{\"@type\":\"ListItem\",\"position\":2,\"name\":\"Shop\",\"item\":\"https:\/\/www.icon-icon.com\/en\/shop-2\/\"},{\"@type\":\"ListItem\",\"position\":3,\"name\":\"Cartier &#8211; Carr\u00e9 90 Panth\u00e8re Art D\u00e9co\"}]},{\"@type\":\"WebSite\",\"@id\":\"https:\/\/www.icon-icon.com\/#website\",\"url\":\"https:\/\/www.icon-icon.com\/\",\"name\":\"ICON-ICON\",\"description\":\"Luxury Stories\",\"potentialAction\":[{\"@type\":\"SearchAction\",\"target\":{\"@type\":\"EntryPoint\",\"urlTemplate\":\"https:\/\/www.icon-icon.com\/?s={search_term_string}\"},\"query-input\":{\"@type\":\"PropertyValueSpecification\",\"valueRequired\":true,\"valueName\":\"search_term_string\"}}],\"inLanguage\":\"en-US\"}]}<\/script>\n<!-- \/ Yoast SEO plugin. -->","yoast_head_json":{"title":"Cartier - Carr\u00e9 90 Panth\u00e8re Art D\u00e9co - ICON-ICON","robots":{"index":"index","follow":"follow","max-snippet":"max-snippet:-1","max-image-preview":"max-image-preview:large","max-video-preview":"max-video-preview:-1"},"canonical":"http:\/\/www.icon-icon.com\/en\/produit\/cartier-square-90-panthere-art-deco\/","og_locale":"en_US","og_type":"article","og_title":"Cartier - Carr\u00e9 90 Panth\u00e8re Art D\u00e9co - ICON-ICON","og_description":"Icon-Icon Opinion :   We owe her the most legendary finery of the house, and the audacious style of these jewels combining stones, colors, shapes and genres like no other! Jeanne Toussaint, nicknamed the panther, was indeed Cartier's creative director from 1933 to 1970... We owe her the most beautiful pieces, in particular Art Deco, whose energy and splendor we find on this square!  Name of the Product\u00a0: Panth\u00e8re Art D\u00e9co Motif Square 90  Brand\u00a0: Cartier  Description :  Panth\u00e8re Art D\u00e9co motif square in turquoise and purple silk twill. Dimensions: 90 x 90 cm.","og_url":"http:\/\/www.icon-icon.com\/en\/produit\/cartier-square-90-panthere-art-deco\/","og_site_name":"ICON-ICON","article_modified_time":"2022-02-09T12:05:13+00:00","og_image":[{"width":500,"height":500,"url":"http:\/\/www.icon-icon.com\/wp-content\/uploads\/2022\/01\/Cartier-Carre-90-Panthere-Art-Deco-.jpg","type":"image\/jpeg"}],"twitter_card":"summary_large_image","schema":{"@context":"https:\/\/schema.org","@graph":[{"@type":"WebPage","@id":"http:\/\/www.icon-icon.com\/en\/produit\/cartier-square-90-panthere-art-deco\/","url":"http:\/\/www.icon-icon.com\/en\/produit\/cartier-square-90-panthere-art-deco\/","name":"Cartier - Carr\u00e9 90 Panth\u00e8re Art D\u00e9co - ICON-ICON","isPartOf":{"@id":"https:\/\/www.icon-icon.com\/#website"},"primaryImageOfPage":{"@id":"http:\/\/www.icon-icon.com\/en\/produit\/cartier-square-90-panthere-art-deco\/#primaryimage"},"image":{"@id":"http:\/\/www.icon-icon.com\/en\/produit\/cartier-square-90-panthere-art-deco\/#primaryimage"},"thumbnailUrl":"https:\/\/www.icon-icon.com\/wp-content\/uploads\/2022\/01\/Cartier-Carre-90-Panthere-Art-Deco-.jpg","datePublished":"2022-02-09T12:03:11+00:00","dateModified":"2022-02-09T12:05:13+00:00","breadcrumb":{"@id":"http:\/\/www.icon-icon.com\/en\/produit\/cartier-square-90-panthere-art-deco\/#breadcrumb"},"inLanguage":"en-US","potentialAction":[{"@type":"ReadAction","target":["http:\/\/www.icon-icon.com\/en\/produit\/cartier-square-90-panthere-art-deco\/"]}]},{"@type":"ImageObject","inLanguage":"en-US","@id":"http:\/\/www.icon-icon.com\/en\/produit\/cartier-square-90-panthere-art-deco\/#primaryimage","url":"https:\/\/www.icon-icon.com\/wp-content\/uploads\/2022\/01\/Cartier-Carre-90-Panthere-Art-Deco-.jpg","contentUrl":"https:\/\/www.icon-icon.com\/wp-content\/uploads\/2022\/01\/Cartier-Carre-90-Panthere-Art-Deco-.jpg","width":500,"height":500},{"@type":"BreadcrumbList","@id":"http:\/\/www.icon-icon.com\/en\/produit\/cartier-square-90-panthere-art-deco\/#breadcrumb","itemListElement":[{"@type":"ListItem","position":1,"name":"Accueil","item":"https:\/\/www.icon-icon.com\/en\/"},{"@type":"ListItem","position":2,"name":"Shop","item":"https:\/\/www.icon-icon.com\/en\/shop-2\/"},{"@type":"ListItem","position":3,"name":"Cartier &#8211; Carr\u00e9 90 Panth\u00e8re Art D\u00e9co"}]},{"@type":"WebSite","@id":"https:\/\/www.icon-icon.com\/#website","url":"https:\/\/www.icon-icon.com\/","name":"ICON-ICON","description":"Luxury Stories","potentialAction":[{"@type":"SearchAction","target":{"@type":"EntryPoint","urlTemplate":"https:\/\/www.icon-icon.com\/?s={search_term_string}"},"query-input":{"@type":"PropertyValueSpecification","valueRequired":true,"valueName":"search_term_string"}}],"inLanguage":"en-US"}]}},"_links":{"self":[{"href":"https:\/\/www.icon-icon.com\/en\/wp-json\/wp\/v2\/product\/69045","targetHints":{"allow":["GET"]}}],"collection":[{"href":"https:\/\/www.icon-icon.com\/en\/wp-json\/wp\/v2\/product"}],"about":[{"href":"https:\/\/www.icon-icon.com\/en\/wp-json\/wp\/v2\/types\/product"}],"wp:featuredmedia":[{"embeddable":true,"href":"https:\/\/www.icon-icon.com\/en\/wp-json\/wp\/v2\/media\/68674"}],"wp:attachment":[{"href":"https:\/\/www.icon-icon.com\/en\/wp-json\/wp\/v2\/media?parent=69045"}],"wp:term":[{"taxonomy":"product_brand","embeddable":true,"href":"https:\/\/www.icon-icon.com\/en\/wp-json\/wp\/v2\/product_brand?post=69045"},{"taxonomy":"product_cat","embeddable":true,"href":"https:\/\/www.icon-icon.com\/en\/wp-json\/wp\/v2\/product_cat?post=69045"},{"taxonomy":"product_tag","embeddable":true,"href":"https:\/\/www.icon-icon.com\/en\/wp-json\/wp\/v2\/product_tag?post=69045"}],"curies":[{"name":"wp","href":"https:\/\/api.w.org\/{rel}","templated":true}]}}