


{"id":68754,"date":"2022-02-08T12:44:17","date_gmt":"2022-02-08T15:07:46","guid":{"rendered":"https:\/\/www.icon-icon.com\/?post_type=product&#038;p=68754"},"modified":"2022-02-08T17:27:43","modified_gmt":"2022-02-08T16:27:43","slug":"ce-que-le-jour-doit-a-la-nuit","status":"publish","type":"product","link":"https:\/\/www.icon-icon.com\/en\/produit\/ce-que-le-jour-doit-a-la-nuit\/","title":{"rendered":"Ce que le jour doit \u00e0 la nuit"},"content":{"rendered":"","protected":false},"excerpt":{"rendered":"<p class=\"p1\"><b>Icon-Icon Opinion<\/b><\/p>\n<p class=\"p1\">Cette histoire parle du pouvoir de l&#8217;individu \u00e0 t\u00eate de tenir \u00e0 l&#8217;histoire\u2026 Port\u00e9e par une plume euphonique, gracieuse et merveilleuse !<\/p>\n<p class=\"p1\"><b>Author : <\/b>Yasmina Khadra<\/p>\n<p class=\"p1\"><b>Publishing House : <\/b>\u00a0Julliard Grand Format<\/p>\n<p class=\"p1\"><b>Release Date : <\/b>August<span class=\"Y2IQFc\" lang=\"fr\">\u00a02008<\/span><\/p>\n<p>Yasmina Khadra offers us here a great novel of colonial Algeria (between 1936 and 1962) &#8211; a torrential, passionate and painful Algeria &#8211; and sheds new light, in a splendid language and with the generosity that we know from her, the atrocious dislocation of two loving communities of the same country.<\/p>\n","protected":false},"featured_media":68861,"template":"","meta":{"_acf_changed":false},"product_brand":[],"product_cat":[21562,28125,22973,28130],"product_tag":[28288,28219,28290,22282,28220,25145,22284,28221,28289],"class_list":{"0":"post-68754","1":"product","2":"type-product","3":"status-publish","4":"has-post-thumbnail","6":"product_cat-books","7":"product_cat-classics-of-literature","8":"product_cat-culture-and-technology","9":"product_cat-romances","10":"product_tag-ce-que-le-jour-doit-a-la-nuit-en","11":"product_tag-culture-et-technologie-en","12":"product_tag-editions-julliard-grand-format-en","13":"product_tag-icon-en","14":"product_tag-les-classiques-de-la-litterature-en","15":"product_tag-livres-en","16":"product_tag-luxury-en","17":"product_tag-romans-damour-en","18":"product_tag-yasmina-khadra-en","20":"first","21":"instock","22":"product-type-external"},"acf":[],"yoast_head":"<!-- This site is optimized with the Yoast SEO plugin v27.2 - https:\/\/yoast.com\/product\/yoast-seo-wordpress\/ -->\n<title>Ce que le jour doit \u00e0 la nuit - ICON-ICON<\/title>\n<meta name=\"robots\" content=\"index, follow, max-snippet:-1, max-image-preview:large, max-video-preview:-1\" \/>\n<link rel=\"canonical\" href=\"https:\/\/www.icon-icon.com\/en\/produit\/ce-que-le-jour-doit-a-la-nuit\/\" \/>\n<meta property=\"og:locale\" content=\"en_US\" \/>\n<meta property=\"og:type\" content=\"article\" \/>\n<meta property=\"og:title\" content=\"Ce que le jour doit \u00e0 la nuit - ICON-ICON\" \/>\n<meta property=\"og:description\" content=\"Icon-Icon Opinion Cette histoire parle du pouvoir de l&#039;individu \u00e0 t\u00eate de tenir \u00e0 l&#039;histoire\u2026 Port\u00e9e par une plume euphonique, gracieuse et merveilleuse ! Author : Yasmina Khadra Publishing House : \u00a0Julliard Grand Format Release Date : August\u00a02008 Yasmina Khadra offers us here a great novel of colonial Algeria (between 1936 and 1962) - a torrential, passionate and painful Algeria - and sheds new light, in a splendid language and with the generosity that we know from her, the atrocious dislocation of two loving communities of the same country.\" \/>\n<meta property=\"og:url\" content=\"https:\/\/www.icon-icon.com\/en\/produit\/ce-que-le-jour-doit-a-la-nuit\/\" \/>\n<meta property=\"og:site_name\" content=\"ICON-ICON\" \/>\n<meta property=\"article:modified_time\" content=\"2022-02-08T16:27:43+00:00\" \/>\n<meta property=\"og:image\" content=\"https:\/\/www.icon-icon.com\/wp-content\/uploads\/2022\/02\/9782260017585-475x500-1-copy.jpg\" \/>\n\t<meta property=\"og:image:width\" content=\"500\" \/>\n\t<meta property=\"og:image:height\" content=\"500\" \/>\n\t<meta property=\"og:image:type\" content=\"image\/jpeg\" \/>\n<meta name=\"twitter:card\" content=\"summary_large_image\" \/>\n<script type=\"application\/ld+json\" class=\"yoast-schema-graph\">{\"@context\":\"https:\/\/schema.org\",\"@graph\":[{\"@type\":\"WebPage\",\"@id\":\"https:\/\/www.icon-icon.com\/en\/produit\/ce-que-le-jour-doit-a-la-nuit\/\",\"url\":\"https:\/\/www.icon-icon.com\/en\/produit\/ce-que-le-jour-doit-a-la-nuit\/\",\"name\":\"Ce que le jour doit \u00e0 la nuit - ICON-ICON\",\"isPartOf\":{\"@id\":\"https:\/\/www.icon-icon.com\/#website\"},\"primaryImageOfPage\":{\"@id\":\"https:\/\/www.icon-icon.com\/en\/produit\/ce-que-le-jour-doit-a-la-nuit\/#primaryimage\"},\"image\":{\"@id\":\"https:\/\/www.icon-icon.com\/en\/produit\/ce-que-le-jour-doit-a-la-nuit\/#primaryimage\"},\"thumbnailUrl\":\"https:\/\/www.icon-icon.com\/wp-content\/uploads\/2022\/02\/9782260017585-475x500-1-copy.jpg\",\"datePublished\":\"2022-02-08T15:07:46+00:00\",\"dateModified\":\"2022-02-08T16:27:43+00:00\",\"breadcrumb\":{\"@id\":\"https:\/\/www.icon-icon.com\/en\/produit\/ce-que-le-jour-doit-a-la-nuit\/#breadcrumb\"},\"inLanguage\":\"en-US\",\"potentialAction\":[{\"@type\":\"ReadAction\",\"target\":[\"https:\/\/www.icon-icon.com\/en\/produit\/ce-que-le-jour-doit-a-la-nuit\/\"]}]},{\"@type\":\"ImageObject\",\"inLanguage\":\"en-US\",\"@id\":\"https:\/\/www.icon-icon.com\/en\/produit\/ce-que-le-jour-doit-a-la-nuit\/#primaryimage\",\"url\":\"https:\/\/www.icon-icon.com\/wp-content\/uploads\/2022\/02\/9782260017585-475x500-1-copy.jpg\",\"contentUrl\":\"https:\/\/www.icon-icon.com\/wp-content\/uploads\/2022\/02\/9782260017585-475x500-1-copy.jpg\",\"width\":500,\"height\":500},{\"@type\":\"BreadcrumbList\",\"@id\":\"https:\/\/www.icon-icon.com\/en\/produit\/ce-que-le-jour-doit-a-la-nuit\/#breadcrumb\",\"itemListElement\":[{\"@type\":\"ListItem\",\"position\":1,\"name\":\"Accueil\",\"item\":\"https:\/\/www.icon-icon.com\/en\/\"},{\"@type\":\"ListItem\",\"position\":2,\"name\":\"Shop\",\"item\":\"https:\/\/www.icon-icon.com\/en\/shop-2\/\"},{\"@type\":\"ListItem\",\"position\":3,\"name\":\"Ce que le jour doit \u00e0 la nuit\"}]},{\"@type\":\"WebSite\",\"@id\":\"https:\/\/www.icon-icon.com\/#website\",\"url\":\"https:\/\/www.icon-icon.com\/\",\"name\":\"ICON-ICON\",\"description\":\"Luxury Stories\",\"potentialAction\":[{\"@type\":\"SearchAction\",\"target\":{\"@type\":\"EntryPoint\",\"urlTemplate\":\"https:\/\/www.icon-icon.com\/?s={search_term_string}\"},\"query-input\":{\"@type\":\"PropertyValueSpecification\",\"valueRequired\":true,\"valueName\":\"search_term_string\"}}],\"inLanguage\":\"en-US\"}]}<\/script>\n<!-- \/ Yoast SEO plugin. -->","yoast_head_json":{"title":"Ce que le jour doit \u00e0 la nuit - ICON-ICON","robots":{"index":"index","follow":"follow","max-snippet":"max-snippet:-1","max-image-preview":"max-image-preview:large","max-video-preview":"max-video-preview:-1"},"canonical":"https:\/\/www.icon-icon.com\/en\/produit\/ce-que-le-jour-doit-a-la-nuit\/","og_locale":"en_US","og_type":"article","og_title":"Ce que le jour doit \u00e0 la nuit - ICON-ICON","og_description":"Icon-Icon Opinion Cette histoire parle du pouvoir de l'individu \u00e0 t\u00eate de tenir \u00e0 l'histoire\u2026 Port\u00e9e par une plume euphonique, gracieuse et merveilleuse ! Author : Yasmina Khadra Publishing House : \u00a0Julliard Grand Format Release Date : August\u00a02008 Yasmina Khadra offers us here a great novel of colonial Algeria (between 1936 and 1962) - a torrential, passionate and painful Algeria - and sheds new light, in a splendid language and with the generosity that we know from her, the atrocious dislocation of two loving communities of the same country.","og_url":"https:\/\/www.icon-icon.com\/en\/produit\/ce-que-le-jour-doit-a-la-nuit\/","og_site_name":"ICON-ICON","article_modified_time":"2022-02-08T16:27:43+00:00","og_image":[{"width":500,"height":500,"url":"https:\/\/www.icon-icon.com\/wp-content\/uploads\/2022\/02\/9782260017585-475x500-1-copy.jpg","type":"image\/jpeg"}],"twitter_card":"summary_large_image","schema":{"@context":"https:\/\/schema.org","@graph":[{"@type":"WebPage","@id":"https:\/\/www.icon-icon.com\/en\/produit\/ce-que-le-jour-doit-a-la-nuit\/","url":"https:\/\/www.icon-icon.com\/en\/produit\/ce-que-le-jour-doit-a-la-nuit\/","name":"Ce que le jour doit \u00e0 la nuit - ICON-ICON","isPartOf":{"@id":"https:\/\/www.icon-icon.com\/#website"},"primaryImageOfPage":{"@id":"https:\/\/www.icon-icon.com\/en\/produit\/ce-que-le-jour-doit-a-la-nuit\/#primaryimage"},"image":{"@id":"https:\/\/www.icon-icon.com\/en\/produit\/ce-que-le-jour-doit-a-la-nuit\/#primaryimage"},"thumbnailUrl":"https:\/\/www.icon-icon.com\/wp-content\/uploads\/2022\/02\/9782260017585-475x500-1-copy.jpg","datePublished":"2022-02-08T15:07:46+00:00","dateModified":"2022-02-08T16:27:43+00:00","breadcrumb":{"@id":"https:\/\/www.icon-icon.com\/en\/produit\/ce-que-le-jour-doit-a-la-nuit\/#breadcrumb"},"inLanguage":"en-US","potentialAction":[{"@type":"ReadAction","target":["https:\/\/www.icon-icon.com\/en\/produit\/ce-que-le-jour-doit-a-la-nuit\/"]}]},{"@type":"ImageObject","inLanguage":"en-US","@id":"https:\/\/www.icon-icon.com\/en\/produit\/ce-que-le-jour-doit-a-la-nuit\/#primaryimage","url":"https:\/\/www.icon-icon.com\/wp-content\/uploads\/2022\/02\/9782260017585-475x500-1-copy.jpg","contentUrl":"https:\/\/www.icon-icon.com\/wp-content\/uploads\/2022\/02\/9782260017585-475x500-1-copy.jpg","width":500,"height":500},{"@type":"BreadcrumbList","@id":"https:\/\/www.icon-icon.com\/en\/produit\/ce-que-le-jour-doit-a-la-nuit\/#breadcrumb","itemListElement":[{"@type":"ListItem","position":1,"name":"Accueil","item":"https:\/\/www.icon-icon.com\/en\/"},{"@type":"ListItem","position":2,"name":"Shop","item":"https:\/\/www.icon-icon.com\/en\/shop-2\/"},{"@type":"ListItem","position":3,"name":"Ce que le jour doit \u00e0 la nuit"}]},{"@type":"WebSite","@id":"https:\/\/www.icon-icon.com\/#website","url":"https:\/\/www.icon-icon.com\/","name":"ICON-ICON","description":"Luxury Stories","potentialAction":[{"@type":"SearchAction","target":{"@type":"EntryPoint","urlTemplate":"https:\/\/www.icon-icon.com\/?s={search_term_string}"},"query-input":{"@type":"PropertyValueSpecification","valueRequired":true,"valueName":"search_term_string"}}],"inLanguage":"en-US"}]}},"_links":{"self":[{"href":"https:\/\/www.icon-icon.com\/en\/wp-json\/wp\/v2\/product\/68754","targetHints":{"allow":["GET"]}}],"collection":[{"href":"https:\/\/www.icon-icon.com\/en\/wp-json\/wp\/v2\/product"}],"about":[{"href":"https:\/\/www.icon-icon.com\/en\/wp-json\/wp\/v2\/types\/product"}],"wp:featuredmedia":[{"embeddable":true,"href":"https:\/\/www.icon-icon.com\/en\/wp-json\/wp\/v2\/media\/68861"}],"wp:attachment":[{"href":"https:\/\/www.icon-icon.com\/en\/wp-json\/wp\/v2\/media?parent=68754"}],"wp:term":[{"taxonomy":"product_brand","embeddable":true,"href":"https:\/\/www.icon-icon.com\/en\/wp-json\/wp\/v2\/product_brand?post=68754"},{"taxonomy":"product_cat","embeddable":true,"href":"https:\/\/www.icon-icon.com\/en\/wp-json\/wp\/v2\/product_cat?post=68754"},{"taxonomy":"product_tag","embeddable":true,"href":"https:\/\/www.icon-icon.com\/en\/wp-json\/wp\/v2\/product_tag?post=68754"}],"curies":[{"name":"wp","href":"https:\/\/api.w.org\/{rel}","templated":true}]}}