


{"id":68507,"date":"2022-02-05T11:36:00","date_gmt":"2022-02-05T10:43:23","guid":{"rendered":"https:\/\/www.icon-icon.com\/?post_type=product&#038;p=68507"},"modified":"2022-02-05T11:43:24","modified_gmt":"2022-02-05T10:43:24","slug":"chateau-de-rochecotte","status":"publish","type":"product","link":"https:\/\/www.icon-icon.com\/en\/produit\/chateau-de-rochecotte\/","title":{"rendered":"Ch\u00e2teau de Rochecotte"},"content":{"rendered":"","protected":false},"excerpt":{"rendered":"<p>&nbsp;<\/p>\n<p class=\"p1\"><b>Icon-Icon Opinion :<\/b><\/p>\n<p class=\"p1\">A sublime and timeless residence \u2013 we owe the charm and originality of Ch\u00e2teau de Rochecotte to the Castellane family, former owner\u2026 That of Boni, the great dandy, and Victoire, the current artistic director of Dior jewellery! This is to say the chic and fantastic stories that took place there.<\/p>\n<p class=\"p1\"><b>Ch\u00e2teau : <\/b>Ch\u00e2teau de Rochecotte &#8211; 4 Stars<\/p>\n<p class=\"p1\"><b>Adress : <\/b>43 Rue Doroth\u00e9e de Dino, Saint Patrice 37130 Coteaux Sur Loire, France<\/p>\n<p class=\"p1\"><b>Contacts : <\/b>For any request for information or reservation, contact the teams by telephone on (33) 02 47 96 16 16 or by email on chateauhotel@rochecotte.fr<\/p>\n<p class=\"p1\">Rates and Reservations available online.<\/p>\n","protected":false},"featured_media":68506,"template":"","meta":{"_acf_changed":false},"product_brand":[],"product_cat":[25963,25965,25961,27912],"product_tag":[28155,28185,28144,27744,27885,22282,26576,22284],"class_list":{"0":"post-68507","1":"product","2":"type-product","3":"status-publish","4":"has-post-thumbnail","6":"product_cat-destinations-en","7":"product_cat-hotels-en","8":"product_cat-lifestyle-en","9":"product_cat-loires-castles","10":"product_tag-4-star","11":"product_tag-chateau-de-rochecotte-en","12":"product_tag-chateaux-de-la-loire-en","13":"product_tag-destinations-and-experiences","14":"product_tag-hotels-en","15":"product_tag-icon-en","16":"product_tag-lifestyle-en","17":"product_tag-luxury-en","19":"first","20":"instock","21":"product-type-external"},"acf":[],"yoast_head":"<!-- This site is optimized with the Yoast SEO plugin v27.2 - https:\/\/yoast.com\/product\/yoast-seo-wordpress\/ -->\n<title>Ch\u00e2teau de Rochecotte - ICON-ICON<\/title>\n<meta name=\"robots\" content=\"index, follow, max-snippet:-1, max-image-preview:large, max-video-preview:-1\" \/>\n<link rel=\"canonical\" href=\"https:\/\/www.icon-icon.com\/en\/produit\/chateau-de-rochecotte\/\" \/>\n<meta property=\"og:locale\" content=\"en_US\" \/>\n<meta property=\"og:type\" content=\"article\" \/>\n<meta property=\"og:title\" content=\"Ch\u00e2teau de Rochecotte - ICON-ICON\" \/>\n<meta property=\"og:description\" content=\"&nbsp; Icon-Icon Opinion : A sublime and timeless residence \u2013 we owe the charm and originality of Ch\u00e2teau de Rochecotte to the Castellane family, former owner\u2026 That of Boni, the great dandy, and Victoire, the current artistic director of Dior jewellery! This is to say the chic and fantastic stories that took place there. Ch\u00e2teau : Ch\u00e2teau de Rochecotte - 4 Stars Adress : 43 Rue Doroth\u00e9e de Dino, Saint Patrice 37130 Coteaux Sur Loire, France Contacts : For any request for information or reservation, contact the teams by telephone on (33) 02 47 96 16 16 or by email on chateauhotel@rochecotte.fr Rates and Reservations available online.\" \/>\n<meta property=\"og:url\" content=\"https:\/\/www.icon-icon.com\/en\/produit\/chateau-de-rochecotte\/\" \/>\n<meta property=\"og:site_name\" content=\"ICON-ICON\" \/>\n<meta property=\"article:modified_time\" content=\"2022-02-05T10:43:24+00:00\" \/>\n<meta property=\"og:image\" content=\"https:\/\/www.icon-icon.com\/wp-content\/uploads\/2022\/02\/1571231293-copy.jpg\" \/>\n\t<meta property=\"og:image:width\" content=\"500\" \/>\n\t<meta property=\"og:image:height\" content=\"500\" \/>\n\t<meta property=\"og:image:type\" content=\"image\/jpeg\" \/>\n<meta name=\"twitter:card\" content=\"summary_large_image\" \/>\n<script type=\"application\/ld+json\" class=\"yoast-schema-graph\">{\"@context\":\"https:\/\/schema.org\",\"@graph\":[{\"@type\":\"WebPage\",\"@id\":\"https:\/\/www.icon-icon.com\/en\/produit\/chateau-de-rochecotte\/\",\"url\":\"https:\/\/www.icon-icon.com\/en\/produit\/chateau-de-rochecotte\/\",\"name\":\"Ch\u00e2teau de Rochecotte - ICON-ICON\",\"isPartOf\":{\"@id\":\"https:\/\/www.icon-icon.com\/#website\"},\"primaryImageOfPage\":{\"@id\":\"https:\/\/www.icon-icon.com\/en\/produit\/chateau-de-rochecotte\/#primaryimage\"},\"image\":{\"@id\":\"https:\/\/www.icon-icon.com\/en\/produit\/chateau-de-rochecotte\/#primaryimage\"},\"thumbnailUrl\":\"https:\/\/www.icon-icon.com\/wp-content\/uploads\/2022\/02\/1571231293-copy.jpg\",\"datePublished\":\"2022-02-05T10:43:23+00:00\",\"dateModified\":\"2022-02-05T10:43:24+00:00\",\"breadcrumb\":{\"@id\":\"https:\/\/www.icon-icon.com\/en\/produit\/chateau-de-rochecotte\/#breadcrumb\"},\"inLanguage\":\"en-US\",\"potentialAction\":[{\"@type\":\"ReadAction\",\"target\":[\"https:\/\/www.icon-icon.com\/en\/produit\/chateau-de-rochecotte\/\"]}]},{\"@type\":\"ImageObject\",\"inLanguage\":\"en-US\",\"@id\":\"https:\/\/www.icon-icon.com\/en\/produit\/chateau-de-rochecotte\/#primaryimage\",\"url\":\"https:\/\/www.icon-icon.com\/wp-content\/uploads\/2022\/02\/1571231293-copy.jpg\",\"contentUrl\":\"https:\/\/www.icon-icon.com\/wp-content\/uploads\/2022\/02\/1571231293-copy.jpg\",\"width\":500,\"height\":500},{\"@type\":\"BreadcrumbList\",\"@id\":\"https:\/\/www.icon-icon.com\/en\/produit\/chateau-de-rochecotte\/#breadcrumb\",\"itemListElement\":[{\"@type\":\"ListItem\",\"position\":1,\"name\":\"Accueil\",\"item\":\"https:\/\/www.icon-icon.com\/en\/\"},{\"@type\":\"ListItem\",\"position\":2,\"name\":\"Shop\",\"item\":\"https:\/\/www.icon-icon.com\/en\/shop-2\/\"},{\"@type\":\"ListItem\",\"position\":3,\"name\":\"Ch\u00e2teau de Rochecotte\"}]},{\"@type\":\"WebSite\",\"@id\":\"https:\/\/www.icon-icon.com\/#website\",\"url\":\"https:\/\/www.icon-icon.com\/\",\"name\":\"ICON-ICON\",\"description\":\"Luxury Stories\",\"potentialAction\":[{\"@type\":\"SearchAction\",\"target\":{\"@type\":\"EntryPoint\",\"urlTemplate\":\"https:\/\/www.icon-icon.com\/?s={search_term_string}\"},\"query-input\":{\"@type\":\"PropertyValueSpecification\",\"valueRequired\":true,\"valueName\":\"search_term_string\"}}],\"inLanguage\":\"en-US\"}]}<\/script>\n<!-- \/ Yoast SEO plugin. -->","yoast_head_json":{"title":"Ch\u00e2teau de Rochecotte - ICON-ICON","robots":{"index":"index","follow":"follow","max-snippet":"max-snippet:-1","max-image-preview":"max-image-preview:large","max-video-preview":"max-video-preview:-1"},"canonical":"https:\/\/www.icon-icon.com\/en\/produit\/chateau-de-rochecotte\/","og_locale":"en_US","og_type":"article","og_title":"Ch\u00e2teau de Rochecotte - ICON-ICON","og_description":"&nbsp; Icon-Icon Opinion : A sublime and timeless residence \u2013 we owe the charm and originality of Ch\u00e2teau de Rochecotte to the Castellane family, former owner\u2026 That of Boni, the great dandy, and Victoire, the current artistic director of Dior jewellery! This is to say the chic and fantastic stories that took place there. Ch\u00e2teau : Ch\u00e2teau de Rochecotte - 4 Stars Adress : 43 Rue Doroth\u00e9e de Dino, Saint Patrice 37130 Coteaux Sur Loire, France Contacts : For any request for information or reservation, contact the teams by telephone on (33) 02 47 96 16 16 or by email on chateauhotel@rochecotte.fr Rates and Reservations available online.","og_url":"https:\/\/www.icon-icon.com\/en\/produit\/chateau-de-rochecotte\/","og_site_name":"ICON-ICON","article_modified_time":"2022-02-05T10:43:24+00:00","og_image":[{"width":500,"height":500,"url":"https:\/\/www.icon-icon.com\/wp-content\/uploads\/2022\/02\/1571231293-copy.jpg","type":"image\/jpeg"}],"twitter_card":"summary_large_image","schema":{"@context":"https:\/\/schema.org","@graph":[{"@type":"WebPage","@id":"https:\/\/www.icon-icon.com\/en\/produit\/chateau-de-rochecotte\/","url":"https:\/\/www.icon-icon.com\/en\/produit\/chateau-de-rochecotte\/","name":"Ch\u00e2teau de Rochecotte - ICON-ICON","isPartOf":{"@id":"https:\/\/www.icon-icon.com\/#website"},"primaryImageOfPage":{"@id":"https:\/\/www.icon-icon.com\/en\/produit\/chateau-de-rochecotte\/#primaryimage"},"image":{"@id":"https:\/\/www.icon-icon.com\/en\/produit\/chateau-de-rochecotte\/#primaryimage"},"thumbnailUrl":"https:\/\/www.icon-icon.com\/wp-content\/uploads\/2022\/02\/1571231293-copy.jpg","datePublished":"2022-02-05T10:43:23+00:00","dateModified":"2022-02-05T10:43:24+00:00","breadcrumb":{"@id":"https:\/\/www.icon-icon.com\/en\/produit\/chateau-de-rochecotte\/#breadcrumb"},"inLanguage":"en-US","potentialAction":[{"@type":"ReadAction","target":["https:\/\/www.icon-icon.com\/en\/produit\/chateau-de-rochecotte\/"]}]},{"@type":"ImageObject","inLanguage":"en-US","@id":"https:\/\/www.icon-icon.com\/en\/produit\/chateau-de-rochecotte\/#primaryimage","url":"https:\/\/www.icon-icon.com\/wp-content\/uploads\/2022\/02\/1571231293-copy.jpg","contentUrl":"https:\/\/www.icon-icon.com\/wp-content\/uploads\/2022\/02\/1571231293-copy.jpg","width":500,"height":500},{"@type":"BreadcrumbList","@id":"https:\/\/www.icon-icon.com\/en\/produit\/chateau-de-rochecotte\/#breadcrumb","itemListElement":[{"@type":"ListItem","position":1,"name":"Accueil","item":"https:\/\/www.icon-icon.com\/en\/"},{"@type":"ListItem","position":2,"name":"Shop","item":"https:\/\/www.icon-icon.com\/en\/shop-2\/"},{"@type":"ListItem","position":3,"name":"Ch\u00e2teau de Rochecotte"}]},{"@type":"WebSite","@id":"https:\/\/www.icon-icon.com\/#website","url":"https:\/\/www.icon-icon.com\/","name":"ICON-ICON","description":"Luxury Stories","potentialAction":[{"@type":"SearchAction","target":{"@type":"EntryPoint","urlTemplate":"https:\/\/www.icon-icon.com\/?s={search_term_string}"},"query-input":{"@type":"PropertyValueSpecification","valueRequired":true,"valueName":"search_term_string"}}],"inLanguage":"en-US"}]}},"_links":{"self":[{"href":"https:\/\/www.icon-icon.com\/en\/wp-json\/wp\/v2\/product\/68507","targetHints":{"allow":["GET"]}}],"collection":[{"href":"https:\/\/www.icon-icon.com\/en\/wp-json\/wp\/v2\/product"}],"about":[{"href":"https:\/\/www.icon-icon.com\/en\/wp-json\/wp\/v2\/types\/product"}],"wp:featuredmedia":[{"embeddable":true,"href":"https:\/\/www.icon-icon.com\/en\/wp-json\/wp\/v2\/media\/68506"}],"wp:attachment":[{"href":"https:\/\/www.icon-icon.com\/en\/wp-json\/wp\/v2\/media?parent=68507"}],"wp:term":[{"taxonomy":"product_brand","embeddable":true,"href":"https:\/\/www.icon-icon.com\/en\/wp-json\/wp\/v2\/product_brand?post=68507"},{"taxonomy":"product_cat","embeddable":true,"href":"https:\/\/www.icon-icon.com\/en\/wp-json\/wp\/v2\/product_cat?post=68507"},{"taxonomy":"product_tag","embeddable":true,"href":"https:\/\/www.icon-icon.com\/en\/wp-json\/wp\/v2\/product_tag?post=68507"}],"curies":[{"name":"wp","href":"https:\/\/api.w.org\/{rel}","templated":true}]}}