


{"id":68452,"date":"2022-02-05T11:54:29","date_gmt":"2022-02-05T11:11:55","guid":{"rendered":"https:\/\/www.icon-icon.com\/?post_type=product&#038;p=68452"},"modified":"2022-02-05T12:11:56","modified_gmt":"2022-02-05T11:11:56","slug":"le-domaine-les-crayeres","status":"publish","type":"product","link":"https:\/\/www.icon-icon.com\/en\/produit\/le-domaine-les-crayeres\/","title":{"rendered":"Le Domaine Les Cray\u00e8res"},"content":{"rendered":"","protected":false},"excerpt":{"rendered":"<p>&nbsp;<\/p>\n<p class=\"p1\"><b>Icon-Icon Opinion :<\/b><\/p>\n<p class=\"p1\">Built by the family of the Pommery champagne house, Ch\u00e2teau Les Cray\u00e8res brings the great French heritage to life around a style with a certain cachet, but also and above all in a know-how where the measured luxury of the rooms meets an inspired gastronomy!<\/p>\n<p class=\"p1\"><b>Ch\u00e2teau : <\/b>Le Domaine Les Cray\u00e8res<\/p>\n<p class=\"p1\"><b>Address<\/b> : 64, Boulevard Henry Vasnier, 51100 Reims, France<\/p>\n<p class=\"p1\"><b>Contacts : <\/b>For any request for information or reservation, contact the teams by telephone on +33 3 26 24 90 00 or by email on contact@lescrayeres.com.<\/p>\n<p class=\"p1\">Rates and Reservations available online.<\/p>\n","protected":false},"featured_media":68559,"template":"","meta":{"_acf_changed":false},"product_brand":[],"product_cat":[27910,25963,25965,25961],"product_tag":[24356,27744,27885,22282,28175,26576,22284],"class_list":{"0":"post-68452","1":"product","2":"type-product","3":"status-publish","4":"has-post-thumbnail","6":"product_cat-champagne-en-2","7":"product_cat-destinations-en","8":"product_cat-hotels-en","9":"product_cat-lifestyle-en","10":"product_tag-champagne-en","11":"product_tag-destinations-and-experiences","12":"product_tag-hotels-en","13":"product_tag-icon-en","14":"product_tag-le-domaine-les-crayeres-en","15":"product_tag-lifestyle-en","16":"product_tag-luxury-en","18":"first","19":"instock","20":"product-type-external"},"acf":[],"yoast_head":"<!-- This site is optimized with the Yoast SEO plugin v27.2 - https:\/\/yoast.com\/product\/yoast-seo-wordpress\/ -->\n<title>Le Domaine Les Cray\u00e8res - ICON-ICON<\/title>\n<meta name=\"robots\" content=\"index, follow, max-snippet:-1, max-image-preview:large, max-video-preview:-1\" \/>\n<link rel=\"canonical\" href=\"http:\/\/www.icon-icon.com\/en\/produit\/le-domaine-les-crayeres\/\" \/>\n<meta property=\"og:locale\" content=\"en_US\" \/>\n<meta property=\"og:type\" content=\"article\" \/>\n<meta property=\"og:title\" content=\"Le Domaine Les Cray\u00e8res - ICON-ICON\" \/>\n<meta property=\"og:description\" content=\"&nbsp; Icon-Icon Opinion : Built by the family of the Pommery champagne house, Ch\u00e2teau Les Cray\u00e8res brings the great French heritage to life around a style with a certain cachet, but also and above all in a know-how where the measured luxury of the rooms meets an inspired gastronomy! Ch\u00e2teau : Le Domaine Les Cray\u00e8res Address : 64, Boulevard Henry Vasnier, 51100 Reims, France Contacts : For any request for information or reservation, contact the teams by telephone on +33 3 26 24 90 00 or by email on contact@lescrayeres.com. Rates and Reservations available online.\" \/>\n<meta property=\"og:url\" content=\"http:\/\/www.icon-icon.com\/en\/produit\/le-domaine-les-crayeres\/\" \/>\n<meta property=\"og:site_name\" content=\"ICON-ICON\" \/>\n<meta property=\"article:modified_time\" content=\"2022-02-05T11:11:56+00:00\" \/>\n<meta property=\"og:image\" content=\"http:\/\/www.icon-icon.com\/wp-content\/uploads\/2022\/02\/4471643-1380511_0_247_2362_1287_2200_1200.rc-copy.jpg\" \/>\n\t<meta property=\"og:image:width\" content=\"500\" \/>\n\t<meta property=\"og:image:height\" content=\"500\" \/>\n\t<meta property=\"og:image:type\" content=\"image\/jpeg\" \/>\n<meta name=\"twitter:card\" content=\"summary_large_image\" \/>\n<script type=\"application\/ld+json\" class=\"yoast-schema-graph\">{\"@context\":\"https:\/\/schema.org\",\"@graph\":[{\"@type\":\"WebPage\",\"@id\":\"http:\/\/www.icon-icon.com\/en\/produit\/le-domaine-les-crayeres\/\",\"url\":\"http:\/\/www.icon-icon.com\/en\/produit\/le-domaine-les-crayeres\/\",\"name\":\"Le Domaine Les Cray\u00e8res - ICON-ICON\",\"isPartOf\":{\"@id\":\"https:\/\/www.icon-icon.com\/#website\"},\"primaryImageOfPage\":{\"@id\":\"http:\/\/www.icon-icon.com\/en\/produit\/le-domaine-les-crayeres\/#primaryimage\"},\"image\":{\"@id\":\"http:\/\/www.icon-icon.com\/en\/produit\/le-domaine-les-crayeres\/#primaryimage\"},\"thumbnailUrl\":\"https:\/\/www.icon-icon.com\/wp-content\/uploads\/2022\/02\/4471643-1380511_0_247_2362_1287_2200_1200.rc-copy.jpg\",\"datePublished\":\"2022-02-05T11:11:55+00:00\",\"dateModified\":\"2022-02-05T11:11:56+00:00\",\"breadcrumb\":{\"@id\":\"http:\/\/www.icon-icon.com\/en\/produit\/le-domaine-les-crayeres\/#breadcrumb\"},\"inLanguage\":\"en-US\",\"potentialAction\":[{\"@type\":\"ReadAction\",\"target\":[\"http:\/\/www.icon-icon.com\/en\/produit\/le-domaine-les-crayeres\/\"]}]},{\"@type\":\"ImageObject\",\"inLanguage\":\"en-US\",\"@id\":\"http:\/\/www.icon-icon.com\/en\/produit\/le-domaine-les-crayeres\/#primaryimage\",\"url\":\"https:\/\/www.icon-icon.com\/wp-content\/uploads\/2022\/02\/4471643-1380511_0_247_2362_1287_2200_1200.rc-copy.jpg\",\"contentUrl\":\"https:\/\/www.icon-icon.com\/wp-content\/uploads\/2022\/02\/4471643-1380511_0_247_2362_1287_2200_1200.rc-copy.jpg\",\"width\":500,\"height\":500},{\"@type\":\"BreadcrumbList\",\"@id\":\"http:\/\/www.icon-icon.com\/en\/produit\/le-domaine-les-crayeres\/#breadcrumb\",\"itemListElement\":[{\"@type\":\"ListItem\",\"position\":1,\"name\":\"Accueil\",\"item\":\"https:\/\/www.icon-icon.com\/en\/\"},{\"@type\":\"ListItem\",\"position\":2,\"name\":\"Shop\",\"item\":\"https:\/\/www.icon-icon.com\/en\/shop-2\/\"},{\"@type\":\"ListItem\",\"position\":3,\"name\":\"Le Domaine Les Cray\u00e8res\"}]},{\"@type\":\"WebSite\",\"@id\":\"https:\/\/www.icon-icon.com\/#website\",\"url\":\"https:\/\/www.icon-icon.com\/\",\"name\":\"ICON-ICON\",\"description\":\"Luxury Stories\",\"potentialAction\":[{\"@type\":\"SearchAction\",\"target\":{\"@type\":\"EntryPoint\",\"urlTemplate\":\"https:\/\/www.icon-icon.com\/?s={search_term_string}\"},\"query-input\":{\"@type\":\"PropertyValueSpecification\",\"valueRequired\":true,\"valueName\":\"search_term_string\"}}],\"inLanguage\":\"en-US\"}]}<\/script>\n<!-- \/ Yoast SEO plugin. -->","yoast_head_json":{"title":"Le Domaine Les Cray\u00e8res - ICON-ICON","robots":{"index":"index","follow":"follow","max-snippet":"max-snippet:-1","max-image-preview":"max-image-preview:large","max-video-preview":"max-video-preview:-1"},"canonical":"http:\/\/www.icon-icon.com\/en\/produit\/le-domaine-les-crayeres\/","og_locale":"en_US","og_type":"article","og_title":"Le Domaine Les Cray\u00e8res - ICON-ICON","og_description":"&nbsp; Icon-Icon Opinion : Built by the family of the Pommery champagne house, Ch\u00e2teau Les Cray\u00e8res brings the great French heritage to life around a style with a certain cachet, but also and above all in a know-how where the measured luxury of the rooms meets an inspired gastronomy! Ch\u00e2teau : Le Domaine Les Cray\u00e8res Address : 64, Boulevard Henry Vasnier, 51100 Reims, France Contacts : For any request for information or reservation, contact the teams by telephone on +33 3 26 24 90 00 or by email on contact@lescrayeres.com. Rates and Reservations available online.","og_url":"http:\/\/www.icon-icon.com\/en\/produit\/le-domaine-les-crayeres\/","og_site_name":"ICON-ICON","article_modified_time":"2022-02-05T11:11:56+00:00","og_image":[{"width":500,"height":500,"url":"http:\/\/www.icon-icon.com\/wp-content\/uploads\/2022\/02\/4471643-1380511_0_247_2362_1287_2200_1200.rc-copy.jpg","type":"image\/jpeg"}],"twitter_card":"summary_large_image","schema":{"@context":"https:\/\/schema.org","@graph":[{"@type":"WebPage","@id":"http:\/\/www.icon-icon.com\/en\/produit\/le-domaine-les-crayeres\/","url":"http:\/\/www.icon-icon.com\/en\/produit\/le-domaine-les-crayeres\/","name":"Le Domaine Les Cray\u00e8res - ICON-ICON","isPartOf":{"@id":"https:\/\/www.icon-icon.com\/#website"},"primaryImageOfPage":{"@id":"http:\/\/www.icon-icon.com\/en\/produit\/le-domaine-les-crayeres\/#primaryimage"},"image":{"@id":"http:\/\/www.icon-icon.com\/en\/produit\/le-domaine-les-crayeres\/#primaryimage"},"thumbnailUrl":"https:\/\/www.icon-icon.com\/wp-content\/uploads\/2022\/02\/4471643-1380511_0_247_2362_1287_2200_1200.rc-copy.jpg","datePublished":"2022-02-05T11:11:55+00:00","dateModified":"2022-02-05T11:11:56+00:00","breadcrumb":{"@id":"http:\/\/www.icon-icon.com\/en\/produit\/le-domaine-les-crayeres\/#breadcrumb"},"inLanguage":"en-US","potentialAction":[{"@type":"ReadAction","target":["http:\/\/www.icon-icon.com\/en\/produit\/le-domaine-les-crayeres\/"]}]},{"@type":"ImageObject","inLanguage":"en-US","@id":"http:\/\/www.icon-icon.com\/en\/produit\/le-domaine-les-crayeres\/#primaryimage","url":"https:\/\/www.icon-icon.com\/wp-content\/uploads\/2022\/02\/4471643-1380511_0_247_2362_1287_2200_1200.rc-copy.jpg","contentUrl":"https:\/\/www.icon-icon.com\/wp-content\/uploads\/2022\/02\/4471643-1380511_0_247_2362_1287_2200_1200.rc-copy.jpg","width":500,"height":500},{"@type":"BreadcrumbList","@id":"http:\/\/www.icon-icon.com\/en\/produit\/le-domaine-les-crayeres\/#breadcrumb","itemListElement":[{"@type":"ListItem","position":1,"name":"Accueil","item":"https:\/\/www.icon-icon.com\/en\/"},{"@type":"ListItem","position":2,"name":"Shop","item":"https:\/\/www.icon-icon.com\/en\/shop-2\/"},{"@type":"ListItem","position":3,"name":"Le Domaine Les Cray\u00e8res"}]},{"@type":"WebSite","@id":"https:\/\/www.icon-icon.com\/#website","url":"https:\/\/www.icon-icon.com\/","name":"ICON-ICON","description":"Luxury Stories","potentialAction":[{"@type":"SearchAction","target":{"@type":"EntryPoint","urlTemplate":"https:\/\/www.icon-icon.com\/?s={search_term_string}"},"query-input":{"@type":"PropertyValueSpecification","valueRequired":true,"valueName":"search_term_string"}}],"inLanguage":"en-US"}]}},"_links":{"self":[{"href":"https:\/\/www.icon-icon.com\/en\/wp-json\/wp\/v2\/product\/68452","targetHints":{"allow":["GET"]}}],"collection":[{"href":"https:\/\/www.icon-icon.com\/en\/wp-json\/wp\/v2\/product"}],"about":[{"href":"https:\/\/www.icon-icon.com\/en\/wp-json\/wp\/v2\/types\/product"}],"wp:featuredmedia":[{"embeddable":true,"href":"https:\/\/www.icon-icon.com\/en\/wp-json\/wp\/v2\/media\/68559"}],"wp:attachment":[{"href":"https:\/\/www.icon-icon.com\/en\/wp-json\/wp\/v2\/media?parent=68452"}],"wp:term":[{"taxonomy":"product_brand","embeddable":true,"href":"https:\/\/www.icon-icon.com\/en\/wp-json\/wp\/v2\/product_brand?post=68452"},{"taxonomy":"product_cat","embeddable":true,"href":"https:\/\/www.icon-icon.com\/en\/wp-json\/wp\/v2\/product_cat?post=68452"},{"taxonomy":"product_tag","embeddable":true,"href":"https:\/\/www.icon-icon.com\/en\/wp-json\/wp\/v2\/product_tag?post=68452"}],"curies":[{"name":"wp","href":"https:\/\/api.w.org\/{rel}","templated":true}]}}