


{"id":68434,"date":"2022-02-04T11:33:38","date_gmt":"2022-02-04T10:35:07","guid":{"rendered":"https:\/\/www.icon-icon.com\/?post_type=product&#038;p=68434"},"modified":"2022-02-04T11:35:07","modified_gmt":"2022-02-04T10:35:07","slug":"shiseido-total-regenerating-body-cream","status":"publish","type":"product","link":"https:\/\/www.icon-icon.com\/en\/produit\/shiseido-total-regenerating-body-cream\/","title":{"rendered":"Shiseido &#8211; Total Regenerating Body Cream"},"content":{"rendered":"","protected":false},"excerpt":{"rendered":"<p>&nbsp;<\/p>\n<p class=\"p1\"><b>Icon-Icon Opinion :<\/b><\/p>\n<p class=\"p1\">The expertise of Asia passed on from generation to generation meets French luxury &#8211; the Future Solution LX Total Regenerating Body Cream inherits from both innovative and traditional techniques<\/p>\n<p class=\"p1\"><b>Name of the Product : <\/b>Future Solution LX Cr\u00e8me Corps R\u00e9g\u00e9n\u00e9rante Totale<\/p>\n<p class=\"p1\"><b>Brand : <\/b>Shiseido<\/p>\n<p class=\"p1\"><b>Description : <\/b><\/p>\n<p class=\"p1\">Revitalising body cream for visibly smooth &amp; supple skin. 10 years of the deepest reverence and respect. 10 years of vitality born of a japanese treasure : The enmei herb. 10 years of reinforced longevity, radiance and resilience.<\/p>\n","protected":false},"featured_media":68439,"template":"","meta":{"_acf_changed":false},"product_brand":[],"product_cat":[22732,27247,23398],"product_tag":[28089,28090,22282,22284,23470,28091,28166],"class_list":{"0":"post-68434","1":"product","2":"type-product","3":"status-publish","4":"has-post-thumbnail","6":"product_cat-beauty-and-perfumes","7":"product_cat-body-lotion","8":"product_cat-cosmetics","9":"product_tag-beaute-et-parfums-en","10":"product_tag-cosmetics-en-2","11":"product_tag-icon-en","12":"product_tag-luxury-en","13":"product_tag-shiseido-en","14":"product_tag-soins-corps-en","15":"product_tag-total-regenerating-body-cream","17":"first","18":"instock","19":"product-type-external"},"acf":[],"yoast_head":"<!-- This site is optimized with the Yoast SEO plugin v27.2 - https:\/\/yoast.com\/product\/yoast-seo-wordpress\/ -->\n<title>Shiseido - Total Regenerating Body Cream - ICON-ICON<\/title>\n<meta name=\"robots\" content=\"index, follow, max-snippet:-1, max-image-preview:large, max-video-preview:-1\" \/>\n<link rel=\"canonical\" href=\"https:\/\/www.icon-icon.com\/en\/produit\/shiseido-total-regenerating-body-cream\/\" \/>\n<meta property=\"og:locale\" content=\"en_US\" \/>\n<meta property=\"og:type\" content=\"article\" \/>\n<meta property=\"og:title\" content=\"Shiseido - Total Regenerating Body Cream - ICON-ICON\" \/>\n<meta property=\"og:description\" content=\"&nbsp; Icon-Icon Opinion : The expertise of Asia passed on from generation to generation meets French luxury - the Future Solution LX Total Regenerating Body Cream inherits from both innovative and traditional techniques Name of the Product : Future Solution LX Cr\u00e8me Corps R\u00e9g\u00e9n\u00e9rante Totale Brand : Shiseido Description :  Revitalising body cream for visibly smooth &amp; supple skin. 10 years of the deepest reverence and respect. 10 years of vitality born of a japanese treasure : The enmei herb. 10 years of reinforced longevity, radiance and resilience.\" \/>\n<meta property=\"og:url\" content=\"https:\/\/www.icon-icon.com\/en\/produit\/shiseido-total-regenerating-body-cream\/\" \/>\n<meta property=\"og:site_name\" content=\"ICON-ICON\" \/>\n<meta property=\"og:image\" content=\"https:\/\/www.icon-icon.com\/wp-content\/uploads\/2022\/02\/Future-Solution-LX-shiseido-.jpg\" \/>\n\t<meta property=\"og:image:width\" content=\"500\" \/>\n\t<meta property=\"og:image:height\" content=\"500\" \/>\n\t<meta property=\"og:image:type\" content=\"image\/jpeg\" \/>\n<meta name=\"twitter:card\" content=\"summary_large_image\" \/>\n<script type=\"application\/ld+json\" class=\"yoast-schema-graph\">{\"@context\":\"https:\/\/schema.org\",\"@graph\":[{\"@type\":\"WebPage\",\"@id\":\"https:\/\/www.icon-icon.com\/en\/produit\/shiseido-total-regenerating-body-cream\/\",\"url\":\"https:\/\/www.icon-icon.com\/en\/produit\/shiseido-total-regenerating-body-cream\/\",\"name\":\"Shiseido - Total Regenerating Body Cream - ICON-ICON\",\"isPartOf\":{\"@id\":\"https:\/\/www.icon-icon.com\/#website\"},\"primaryImageOfPage\":{\"@id\":\"https:\/\/www.icon-icon.com\/en\/produit\/shiseido-total-regenerating-body-cream\/#primaryimage\"},\"image\":{\"@id\":\"https:\/\/www.icon-icon.com\/en\/produit\/shiseido-total-regenerating-body-cream\/#primaryimage\"},\"thumbnailUrl\":\"https:\/\/www.icon-icon.com\/wp-content\/uploads\/2022\/02\/Future-Solution-LX-shiseido-.jpg\",\"datePublished\":\"2022-02-04T10:35:07+00:00\",\"breadcrumb\":{\"@id\":\"https:\/\/www.icon-icon.com\/en\/produit\/shiseido-total-regenerating-body-cream\/#breadcrumb\"},\"inLanguage\":\"en-US\",\"potentialAction\":[{\"@type\":\"ReadAction\",\"target\":[\"https:\/\/www.icon-icon.com\/en\/produit\/shiseido-total-regenerating-body-cream\/\"]}]},{\"@type\":\"ImageObject\",\"inLanguage\":\"en-US\",\"@id\":\"https:\/\/www.icon-icon.com\/en\/produit\/shiseido-total-regenerating-body-cream\/#primaryimage\",\"url\":\"https:\/\/www.icon-icon.com\/wp-content\/uploads\/2022\/02\/Future-Solution-LX-shiseido-.jpg\",\"contentUrl\":\"https:\/\/www.icon-icon.com\/wp-content\/uploads\/2022\/02\/Future-Solution-LX-shiseido-.jpg\",\"width\":500,\"height\":500},{\"@type\":\"BreadcrumbList\",\"@id\":\"https:\/\/www.icon-icon.com\/en\/produit\/shiseido-total-regenerating-body-cream\/#breadcrumb\",\"itemListElement\":[{\"@type\":\"ListItem\",\"position\":1,\"name\":\"Accueil\",\"item\":\"https:\/\/www.icon-icon.com\/en\/\"},{\"@type\":\"ListItem\",\"position\":2,\"name\":\"Shop\",\"item\":\"https:\/\/www.icon-icon.com\/en\/shop-2\/\"},{\"@type\":\"ListItem\",\"position\":3,\"name\":\"Shiseido &#8211; Total Regenerating Body Cream\"}]},{\"@type\":\"WebSite\",\"@id\":\"https:\/\/www.icon-icon.com\/#website\",\"url\":\"https:\/\/www.icon-icon.com\/\",\"name\":\"ICON-ICON\",\"description\":\"Luxury Stories\",\"potentialAction\":[{\"@type\":\"SearchAction\",\"target\":{\"@type\":\"EntryPoint\",\"urlTemplate\":\"https:\/\/www.icon-icon.com\/?s={search_term_string}\"},\"query-input\":{\"@type\":\"PropertyValueSpecification\",\"valueRequired\":true,\"valueName\":\"search_term_string\"}}],\"inLanguage\":\"en-US\"}]}<\/script>\n<!-- \/ Yoast SEO plugin. -->","yoast_head_json":{"title":"Shiseido - Total Regenerating Body Cream - ICON-ICON","robots":{"index":"index","follow":"follow","max-snippet":"max-snippet:-1","max-image-preview":"max-image-preview:large","max-video-preview":"max-video-preview:-1"},"canonical":"https:\/\/www.icon-icon.com\/en\/produit\/shiseido-total-regenerating-body-cream\/","og_locale":"en_US","og_type":"article","og_title":"Shiseido - Total Regenerating Body Cream - ICON-ICON","og_description":"&nbsp; Icon-Icon Opinion : The expertise of Asia passed on from generation to generation meets French luxury - the Future Solution LX Total Regenerating Body Cream inherits from both innovative and traditional techniques Name of the Product : Future Solution LX Cr\u00e8me Corps R\u00e9g\u00e9n\u00e9rante Totale Brand : Shiseido Description :  Revitalising body cream for visibly smooth &amp; supple skin. 10 years of the deepest reverence and respect. 10 years of vitality born of a japanese treasure : The enmei herb. 10 years of reinforced longevity, radiance and resilience.","og_url":"https:\/\/www.icon-icon.com\/en\/produit\/shiseido-total-regenerating-body-cream\/","og_site_name":"ICON-ICON","og_image":[{"width":500,"height":500,"url":"https:\/\/www.icon-icon.com\/wp-content\/uploads\/2022\/02\/Future-Solution-LX-shiseido-.jpg","type":"image\/jpeg"}],"twitter_card":"summary_large_image","schema":{"@context":"https:\/\/schema.org","@graph":[{"@type":"WebPage","@id":"https:\/\/www.icon-icon.com\/en\/produit\/shiseido-total-regenerating-body-cream\/","url":"https:\/\/www.icon-icon.com\/en\/produit\/shiseido-total-regenerating-body-cream\/","name":"Shiseido - Total Regenerating Body Cream - ICON-ICON","isPartOf":{"@id":"https:\/\/www.icon-icon.com\/#website"},"primaryImageOfPage":{"@id":"https:\/\/www.icon-icon.com\/en\/produit\/shiseido-total-regenerating-body-cream\/#primaryimage"},"image":{"@id":"https:\/\/www.icon-icon.com\/en\/produit\/shiseido-total-regenerating-body-cream\/#primaryimage"},"thumbnailUrl":"https:\/\/www.icon-icon.com\/wp-content\/uploads\/2022\/02\/Future-Solution-LX-shiseido-.jpg","datePublished":"2022-02-04T10:35:07+00:00","breadcrumb":{"@id":"https:\/\/www.icon-icon.com\/en\/produit\/shiseido-total-regenerating-body-cream\/#breadcrumb"},"inLanguage":"en-US","potentialAction":[{"@type":"ReadAction","target":["https:\/\/www.icon-icon.com\/en\/produit\/shiseido-total-regenerating-body-cream\/"]}]},{"@type":"ImageObject","inLanguage":"en-US","@id":"https:\/\/www.icon-icon.com\/en\/produit\/shiseido-total-regenerating-body-cream\/#primaryimage","url":"https:\/\/www.icon-icon.com\/wp-content\/uploads\/2022\/02\/Future-Solution-LX-shiseido-.jpg","contentUrl":"https:\/\/www.icon-icon.com\/wp-content\/uploads\/2022\/02\/Future-Solution-LX-shiseido-.jpg","width":500,"height":500},{"@type":"BreadcrumbList","@id":"https:\/\/www.icon-icon.com\/en\/produit\/shiseido-total-regenerating-body-cream\/#breadcrumb","itemListElement":[{"@type":"ListItem","position":1,"name":"Accueil","item":"https:\/\/www.icon-icon.com\/en\/"},{"@type":"ListItem","position":2,"name":"Shop","item":"https:\/\/www.icon-icon.com\/en\/shop-2\/"},{"@type":"ListItem","position":3,"name":"Shiseido &#8211; Total Regenerating Body Cream"}]},{"@type":"WebSite","@id":"https:\/\/www.icon-icon.com\/#website","url":"https:\/\/www.icon-icon.com\/","name":"ICON-ICON","description":"Luxury Stories","potentialAction":[{"@type":"SearchAction","target":{"@type":"EntryPoint","urlTemplate":"https:\/\/www.icon-icon.com\/?s={search_term_string}"},"query-input":{"@type":"PropertyValueSpecification","valueRequired":true,"valueName":"search_term_string"}}],"inLanguage":"en-US"}]}},"_links":{"self":[{"href":"https:\/\/www.icon-icon.com\/en\/wp-json\/wp\/v2\/product\/68434","targetHints":{"allow":["GET"]}}],"collection":[{"href":"https:\/\/www.icon-icon.com\/en\/wp-json\/wp\/v2\/product"}],"about":[{"href":"https:\/\/www.icon-icon.com\/en\/wp-json\/wp\/v2\/types\/product"}],"wp:featuredmedia":[{"embeddable":true,"href":"https:\/\/www.icon-icon.com\/en\/wp-json\/wp\/v2\/media\/68439"}],"wp:attachment":[{"href":"https:\/\/www.icon-icon.com\/en\/wp-json\/wp\/v2\/media?parent=68434"}],"wp:term":[{"taxonomy":"product_brand","embeddable":true,"href":"https:\/\/www.icon-icon.com\/en\/wp-json\/wp\/v2\/product_brand?post=68434"},{"taxonomy":"product_cat","embeddable":true,"href":"https:\/\/www.icon-icon.com\/en\/wp-json\/wp\/v2\/product_cat?post=68434"},{"taxonomy":"product_tag","embeddable":true,"href":"https:\/\/www.icon-icon.com\/en\/wp-json\/wp\/v2\/product_tag?post=68434"}],"curies":[{"name":"wp","href":"https:\/\/api.w.org\/{rel}","templated":true}]}}