


{"id":68395,"date":"2022-02-05T11:39:22","date_gmt":"2022-02-05T10:42:08","guid":{"rendered":"https:\/\/www.icon-icon.com\/?post_type=product&#038;p=68395"},"modified":"2022-02-05T11:42:08","modified_gmt":"2022-02-05T10:42:08","slug":"chateau-dartigny-spa-en-touraine","status":"publish","type":"product","link":"https:\/\/www.icon-icon.com\/en\/produit\/chateau-dartigny-spa-en-touraine\/","title":{"rendered":"Ch\u00e2teau d\u2019Artigny &amp; Spa en Touraine"},"content":{"rendered":"","protected":false},"excerpt":{"rendered":"<p>&nbsp;<\/p>\n<p class=\"p1\"><b>Icon-Icon Opinion :<\/b><\/p>\n<p class=\"p1\">A castle as an enchanting place where luxury meets the art of living &#8211; we owe the perfumer Fran\u00e7ois Coty, known for having set up the foundations of modern perfumery, a skilful blend of scents extracted from natural raw materials, embellished with synthetic products\u2026 We owe him for having taken over the Ch\u00e2teau d&#8217;Artigny to make it the object of so much good taste and modernity!<\/p>\n<p class=\"p1\"><b>Ch\u00e2teau : <\/b>Ch\u00e2teau d\u2019Artigny &amp; Spa en Touraine &#8211; 5 \u00e9toiles<\/p>\n<p class=\"p1\"><b>Address : <\/b>92 Route de Monts 37230 Montbazon<\/p>\n<p class=\"p1\"><b>Contacts : <\/b>For any request for information or reservation, contact the teams by telephone on 02 47 34 30 30.<\/p>\n<p class=\"p1\">Rates and Reservations available online.<\/p>\n","protected":false},"featured_media":68462,"template":"","meta":{"_acf_changed":false},"product_brand":[],"product_cat":[25963,25965,25961,27912],"product_tag":[28146,28145,28144,27744,27885,22282,26576,22284],"class_list":{"0":"post-68395","1":"product","2":"type-product","3":"status-publish","4":"has-post-thumbnail","6":"product_cat-destinations-en","7":"product_cat-hotels-en","8":"product_cat-lifestyle-en","9":"product_cat-loires-castles","10":"product_tag-5-star","11":"product_tag-chateau-dartigny-spa-en-touraine-en","12":"product_tag-chateaux-de-la-loire-en","13":"product_tag-destinations-and-experiences","14":"product_tag-hotels-en","15":"product_tag-icon-en","16":"product_tag-lifestyle-en","17":"product_tag-luxury-en","19":"first","20":"instock","21":"product-type-external"},"acf":[],"yoast_head":"<!-- This site is optimized with the Yoast SEO plugin v27.2 - https:\/\/yoast.com\/product\/yoast-seo-wordpress\/ -->\n<title>Ch\u00e2teau d\u2019Artigny &amp; Spa en Touraine - ICON-ICON<\/title>\n<meta name=\"robots\" content=\"index, follow, max-snippet:-1, max-image-preview:large, max-video-preview:-1\" \/>\n<link rel=\"canonical\" href=\"http:\/\/www.icon-icon.com\/en\/produit\/chateau-dartigny-spa-en-touraine\/\" \/>\n<meta property=\"og:locale\" content=\"en_US\" \/>\n<meta property=\"og:type\" content=\"article\" \/>\n<meta property=\"og:title\" content=\"Ch\u00e2teau d\u2019Artigny &amp; Spa en Touraine - ICON-ICON\" \/>\n<meta property=\"og:description\" content=\"&nbsp; Icon-Icon Opinion : A castle as an enchanting place where luxury meets the art of living - we owe the perfumer Fran\u00e7ois Coty, known for having set up the foundations of modern perfumery, a skilful blend of scents extracted from natural raw materials, embellished with synthetic products\u2026 We owe him for having taken over the Ch\u00e2teau d&#039;Artigny to make it the object of so much good taste and modernity! Ch\u00e2teau : Ch\u00e2teau d\u2019Artigny &amp; Spa en Touraine - 5 \u00e9toiles Address : 92 Route de Monts 37230 Montbazon Contacts : For any request for information or reservation, contact the teams by telephone on 02 47 34 30 30. Rates and Reservations available online.\" \/>\n<meta property=\"og:url\" content=\"http:\/\/www.icon-icon.com\/en\/produit\/chateau-dartigny-spa-en-touraine\/\" \/>\n<meta property=\"og:site_name\" content=\"ICON-ICON\" \/>\n<meta property=\"og:image\" content=\"http:\/\/www.icon-icon.com\/wp-content\/uploads\/2022\/02\/86002_v4-copy.jpg\" \/>\n\t<meta property=\"og:image:width\" content=\"500\" \/>\n\t<meta property=\"og:image:height\" content=\"500\" \/>\n\t<meta property=\"og:image:type\" content=\"image\/jpeg\" \/>\n<meta name=\"twitter:card\" content=\"summary_large_image\" \/>\n<script type=\"application\/ld+json\" class=\"yoast-schema-graph\">{\"@context\":\"https:\/\/schema.org\",\"@graph\":[{\"@type\":\"WebPage\",\"@id\":\"http:\/\/www.icon-icon.com\/en\/produit\/chateau-dartigny-spa-en-touraine\/\",\"url\":\"http:\/\/www.icon-icon.com\/en\/produit\/chateau-dartigny-spa-en-touraine\/\",\"name\":\"Ch\u00e2teau d\u2019Artigny &amp; Spa en Touraine - ICON-ICON\",\"isPartOf\":{\"@id\":\"https:\/\/www.icon-icon.com\/#website\"},\"primaryImageOfPage\":{\"@id\":\"http:\/\/www.icon-icon.com\/en\/produit\/chateau-dartigny-spa-en-touraine\/#primaryimage\"},\"image\":{\"@id\":\"http:\/\/www.icon-icon.com\/en\/produit\/chateau-dartigny-spa-en-touraine\/#primaryimage\"},\"thumbnailUrl\":\"https:\/\/www.icon-icon.com\/wp-content\/uploads\/2022\/02\/86002_v4-copy.jpg\",\"datePublished\":\"2022-02-05T10:42:08+00:00\",\"breadcrumb\":{\"@id\":\"http:\/\/www.icon-icon.com\/en\/produit\/chateau-dartigny-spa-en-touraine\/#breadcrumb\"},\"inLanguage\":\"en-US\",\"potentialAction\":[{\"@type\":\"ReadAction\",\"target\":[\"http:\/\/www.icon-icon.com\/en\/produit\/chateau-dartigny-spa-en-touraine\/\"]}]},{\"@type\":\"ImageObject\",\"inLanguage\":\"en-US\",\"@id\":\"http:\/\/www.icon-icon.com\/en\/produit\/chateau-dartigny-spa-en-touraine\/#primaryimage\",\"url\":\"https:\/\/www.icon-icon.com\/wp-content\/uploads\/2022\/02\/86002_v4-copy.jpg\",\"contentUrl\":\"https:\/\/www.icon-icon.com\/wp-content\/uploads\/2022\/02\/86002_v4-copy.jpg\",\"width\":500,\"height\":500},{\"@type\":\"BreadcrumbList\",\"@id\":\"http:\/\/www.icon-icon.com\/en\/produit\/chateau-dartigny-spa-en-touraine\/#breadcrumb\",\"itemListElement\":[{\"@type\":\"ListItem\",\"position\":1,\"name\":\"Accueil\",\"item\":\"https:\/\/www.icon-icon.com\/en\/\"},{\"@type\":\"ListItem\",\"position\":2,\"name\":\"Shop\",\"item\":\"https:\/\/www.icon-icon.com\/en\/shop-2\/\"},{\"@type\":\"ListItem\",\"position\":3,\"name\":\"Ch\u00e2teau d\u2019Artigny &amp; Spa en Touraine\"}]},{\"@type\":\"WebSite\",\"@id\":\"https:\/\/www.icon-icon.com\/#website\",\"url\":\"https:\/\/www.icon-icon.com\/\",\"name\":\"ICON-ICON\",\"description\":\"Luxury Stories\",\"potentialAction\":[{\"@type\":\"SearchAction\",\"target\":{\"@type\":\"EntryPoint\",\"urlTemplate\":\"https:\/\/www.icon-icon.com\/?s={search_term_string}\"},\"query-input\":{\"@type\":\"PropertyValueSpecification\",\"valueRequired\":true,\"valueName\":\"search_term_string\"}}],\"inLanguage\":\"en-US\"}]}<\/script>\n<!-- \/ Yoast SEO plugin. -->","yoast_head_json":{"title":"Ch\u00e2teau d\u2019Artigny &amp; Spa en Touraine - ICON-ICON","robots":{"index":"index","follow":"follow","max-snippet":"max-snippet:-1","max-image-preview":"max-image-preview:large","max-video-preview":"max-video-preview:-1"},"canonical":"http:\/\/www.icon-icon.com\/en\/produit\/chateau-dartigny-spa-en-touraine\/","og_locale":"en_US","og_type":"article","og_title":"Ch\u00e2teau d\u2019Artigny &amp; Spa en Touraine - ICON-ICON","og_description":"&nbsp; Icon-Icon Opinion : A castle as an enchanting place where luxury meets the art of living - we owe the perfumer Fran\u00e7ois Coty, known for having set up the foundations of modern perfumery, a skilful blend of scents extracted from natural raw materials, embellished with synthetic products\u2026 We owe him for having taken over the Ch\u00e2teau d'Artigny to make it the object of so much good taste and modernity! Ch\u00e2teau : Ch\u00e2teau d\u2019Artigny &amp; Spa en Touraine - 5 \u00e9toiles Address : 92 Route de Monts 37230 Montbazon Contacts : For any request for information or reservation, contact the teams by telephone on 02 47 34 30 30. Rates and Reservations available online.","og_url":"http:\/\/www.icon-icon.com\/en\/produit\/chateau-dartigny-spa-en-touraine\/","og_site_name":"ICON-ICON","og_image":[{"width":500,"height":500,"url":"http:\/\/www.icon-icon.com\/wp-content\/uploads\/2022\/02\/86002_v4-copy.jpg","type":"image\/jpeg"}],"twitter_card":"summary_large_image","schema":{"@context":"https:\/\/schema.org","@graph":[{"@type":"WebPage","@id":"http:\/\/www.icon-icon.com\/en\/produit\/chateau-dartigny-spa-en-touraine\/","url":"http:\/\/www.icon-icon.com\/en\/produit\/chateau-dartigny-spa-en-touraine\/","name":"Ch\u00e2teau d\u2019Artigny &amp; Spa en Touraine - ICON-ICON","isPartOf":{"@id":"https:\/\/www.icon-icon.com\/#website"},"primaryImageOfPage":{"@id":"http:\/\/www.icon-icon.com\/en\/produit\/chateau-dartigny-spa-en-touraine\/#primaryimage"},"image":{"@id":"http:\/\/www.icon-icon.com\/en\/produit\/chateau-dartigny-spa-en-touraine\/#primaryimage"},"thumbnailUrl":"https:\/\/www.icon-icon.com\/wp-content\/uploads\/2022\/02\/86002_v4-copy.jpg","datePublished":"2022-02-05T10:42:08+00:00","breadcrumb":{"@id":"http:\/\/www.icon-icon.com\/en\/produit\/chateau-dartigny-spa-en-touraine\/#breadcrumb"},"inLanguage":"en-US","potentialAction":[{"@type":"ReadAction","target":["http:\/\/www.icon-icon.com\/en\/produit\/chateau-dartigny-spa-en-touraine\/"]}]},{"@type":"ImageObject","inLanguage":"en-US","@id":"http:\/\/www.icon-icon.com\/en\/produit\/chateau-dartigny-spa-en-touraine\/#primaryimage","url":"https:\/\/www.icon-icon.com\/wp-content\/uploads\/2022\/02\/86002_v4-copy.jpg","contentUrl":"https:\/\/www.icon-icon.com\/wp-content\/uploads\/2022\/02\/86002_v4-copy.jpg","width":500,"height":500},{"@type":"BreadcrumbList","@id":"http:\/\/www.icon-icon.com\/en\/produit\/chateau-dartigny-spa-en-touraine\/#breadcrumb","itemListElement":[{"@type":"ListItem","position":1,"name":"Accueil","item":"https:\/\/www.icon-icon.com\/en\/"},{"@type":"ListItem","position":2,"name":"Shop","item":"https:\/\/www.icon-icon.com\/en\/shop-2\/"},{"@type":"ListItem","position":3,"name":"Ch\u00e2teau d\u2019Artigny &amp; Spa en Touraine"}]},{"@type":"WebSite","@id":"https:\/\/www.icon-icon.com\/#website","url":"https:\/\/www.icon-icon.com\/","name":"ICON-ICON","description":"Luxury Stories","potentialAction":[{"@type":"SearchAction","target":{"@type":"EntryPoint","urlTemplate":"https:\/\/www.icon-icon.com\/?s={search_term_string}"},"query-input":{"@type":"PropertyValueSpecification","valueRequired":true,"valueName":"search_term_string"}}],"inLanguage":"en-US"}]}},"_links":{"self":[{"href":"https:\/\/www.icon-icon.com\/en\/wp-json\/wp\/v2\/product\/68395","targetHints":{"allow":["GET"]}}],"collection":[{"href":"https:\/\/www.icon-icon.com\/en\/wp-json\/wp\/v2\/product"}],"about":[{"href":"https:\/\/www.icon-icon.com\/en\/wp-json\/wp\/v2\/types\/product"}],"wp:featuredmedia":[{"embeddable":true,"href":"https:\/\/www.icon-icon.com\/en\/wp-json\/wp\/v2\/media\/68462"}],"wp:attachment":[{"href":"https:\/\/www.icon-icon.com\/en\/wp-json\/wp\/v2\/media?parent=68395"}],"wp:term":[{"taxonomy":"product_brand","embeddable":true,"href":"https:\/\/www.icon-icon.com\/en\/wp-json\/wp\/v2\/product_brand?post=68395"},{"taxonomy":"product_cat","embeddable":true,"href":"https:\/\/www.icon-icon.com\/en\/wp-json\/wp\/v2\/product_cat?post=68395"},{"taxonomy":"product_tag","embeddable":true,"href":"https:\/\/www.icon-icon.com\/en\/wp-json\/wp\/v2\/product_tag?post=68395"}],"curies":[{"name":"wp","href":"https:\/\/api.w.org\/{rel}","templated":true}]}}