


{"id":68213,"date":"2022-02-04T15:31:15","date_gmt":"2022-02-04T14:32:18","guid":{"rendered":"https:\/\/www.icon-icon.com\/?post_type=product&#038;p=68213"},"modified":"2022-06-13T11:38:39","modified_gmt":"2022-06-13T09:38:39","slug":"clarins-eau-ressourcante","status":"publish","type":"product","link":"https:\/\/www.icon-icon.com\/en\/produit\/clarins-eau-ressourcante\/","title":{"rendered":"Clarins &#8211; Eau Ressour\u00e7ante"},"content":{"rendered":"","protected":false},"excerpt":{"rendered":"<p>&nbsp;<\/p>\n<p class=\"p1\"><b>Icon-Icon Opinion :<\/b><\/p>\n<p class=\"p1\">Since 1954, Clarins has had at the heart of its research the desire to sublimate the skin. With this Eau Ressour\u00e7ante, a body lotion with a velvet texture, the body is repaired thanks to the deep hydration and is left with a fragrance just as sweet as voluptuous!<\/p>\n<p class=\"p1\"><b>Name of the Product : <\/b>Eau Ressour\u00e7ante Cr\u00e8me Corps Velout\u00e9e<\/p>\n<p class=\"p1\"><b>Name of the Brand: <\/b>Clarins<\/p>\n<p class=\"p1\"><b>Description :<\/b><\/p>\n<p class=\"p1\">Moisturize, perfume, relax. A delight for the body, a smooth cream that glides over the skin like a caress, moisturizing and delicately perfuming it thanks to a subtle combination of essential oils and plant extracts.<\/p>\n","protected":false},"featured_media":68537,"template":"","meta":{"_acf_changed":false},"product_brand":[],"product_cat":[22732,27247,23398,25961],"product_tag":[28089,23169,28090,28092,22282,22284,28091],"class_list":{"0":"post-68213","1":"product","2":"type-product","3":"status-publish","4":"has-post-thumbnail","6":"product_cat-beauty-and-perfumes","7":"product_cat-body-lotion","8":"product_cat-cosmetics","9":"product_cat-lifestyle-en","10":"product_tag-beaute-et-parfums-en","11":"product_tag-clarins-en","12":"product_tag-cosmetics-en-2","13":"product_tag-eau-ressourcante-creme-corps-veloutee-en","14":"product_tag-icon-en","15":"product_tag-luxury-en","16":"product_tag-soins-corps-en","18":"first","19":"instock","20":"product-type-external"},"acf":[],"yoast_head":"<!-- This site is optimized with the Yoast SEO plugin v27.2 - https:\/\/yoast.com\/product\/yoast-seo-wordpress\/ -->\n<title>Clarins - Eau Ressour\u00e7ante - ICON-ICON<\/title>\n<meta name=\"robots\" content=\"index, follow, max-snippet:-1, max-image-preview:large, max-video-preview:-1\" \/>\n<link rel=\"canonical\" href=\"http:\/\/www.icon-icon.com\/en\/produit\/clarins-eau-ressourcante\/\" \/>\n<meta property=\"og:locale\" content=\"en_US\" \/>\n<meta property=\"og:type\" content=\"article\" \/>\n<meta property=\"og:title\" content=\"Clarins - Eau Ressour\u00e7ante - ICON-ICON\" \/>\n<meta property=\"og:description\" content=\"&nbsp; Icon-Icon Opinion : Since 1954, Clarins has had at the heart of its research the desire to sublimate the skin. With this Eau Ressour\u00e7ante, a body lotion with a velvet texture, the body is repaired thanks to the deep hydration and is left with a fragrance just as sweet as voluptuous! Name of the Product : Eau Ressour\u00e7ante Cr\u00e8me Corps Velout\u00e9e Name of the Brand: Clarins Description : Moisturize, perfume, relax. A delight for the body, a smooth cream that glides over the skin like a caress, moisturizing and delicately perfuming it thanks to a subtle combination of essential oils and plant extracts.\" \/>\n<meta property=\"og:url\" content=\"http:\/\/www.icon-icon.com\/en\/produit\/clarins-eau-ressourcante\/\" \/>\n<meta property=\"og:site_name\" content=\"ICON-ICON\" \/>\n<meta property=\"article:modified_time\" content=\"2022-06-13T09:38:39+00:00\" \/>\n<meta property=\"og:image\" content=\"http:\/\/www.icon-icon.com\/wp-content\/uploads\/2022\/02\/Clarins-Eau-Ressourcante-.jpg\" \/>\n\t<meta property=\"og:image:width\" content=\"500\" \/>\n\t<meta property=\"og:image:height\" content=\"500\" \/>\n\t<meta property=\"og:image:type\" content=\"image\/jpeg\" \/>\n<meta name=\"twitter:card\" content=\"summary_large_image\" \/>\n<script type=\"application\/ld+json\" class=\"yoast-schema-graph\">{\"@context\":\"https:\/\/schema.org\",\"@graph\":[{\"@type\":\"WebPage\",\"@id\":\"http:\/\/www.icon-icon.com\/en\/produit\/clarins-eau-ressourcante\/\",\"url\":\"http:\/\/www.icon-icon.com\/en\/produit\/clarins-eau-ressourcante\/\",\"name\":\"Clarins - Eau Ressour\u00e7ante - ICON-ICON\",\"isPartOf\":{\"@id\":\"https:\/\/www.icon-icon.com\/#website\"},\"primaryImageOfPage\":{\"@id\":\"http:\/\/www.icon-icon.com\/en\/produit\/clarins-eau-ressourcante\/#primaryimage\"},\"image\":{\"@id\":\"http:\/\/www.icon-icon.com\/en\/produit\/clarins-eau-ressourcante\/#primaryimage\"},\"thumbnailUrl\":\"https:\/\/www.icon-icon.com\/wp-content\/uploads\/2022\/02\/Clarins-Eau-Ressourcante-.jpg\",\"datePublished\":\"2022-02-04T14:32:18+00:00\",\"dateModified\":\"2022-06-13T09:38:39+00:00\",\"breadcrumb\":{\"@id\":\"http:\/\/www.icon-icon.com\/en\/produit\/clarins-eau-ressourcante\/#breadcrumb\"},\"inLanguage\":\"en-US\",\"potentialAction\":[{\"@type\":\"ReadAction\",\"target\":[\"http:\/\/www.icon-icon.com\/en\/produit\/clarins-eau-ressourcante\/\"]}]},{\"@type\":\"ImageObject\",\"inLanguage\":\"en-US\",\"@id\":\"http:\/\/www.icon-icon.com\/en\/produit\/clarins-eau-ressourcante\/#primaryimage\",\"url\":\"https:\/\/www.icon-icon.com\/wp-content\/uploads\/2022\/02\/Clarins-Eau-Ressourcante-.jpg\",\"contentUrl\":\"https:\/\/www.icon-icon.com\/wp-content\/uploads\/2022\/02\/Clarins-Eau-Ressourcante-.jpg\",\"width\":500,\"height\":500},{\"@type\":\"BreadcrumbList\",\"@id\":\"http:\/\/www.icon-icon.com\/en\/produit\/clarins-eau-ressourcante\/#breadcrumb\",\"itemListElement\":[{\"@type\":\"ListItem\",\"position\":1,\"name\":\"Accueil\",\"item\":\"https:\/\/www.icon-icon.com\/en\/\"},{\"@type\":\"ListItem\",\"position\":2,\"name\":\"Shop\",\"item\":\"https:\/\/www.icon-icon.com\/en\/shop-2\/\"},{\"@type\":\"ListItem\",\"position\":3,\"name\":\"Clarins &#8211; Eau Ressour\u00e7ante\"}]},{\"@type\":\"WebSite\",\"@id\":\"https:\/\/www.icon-icon.com\/#website\",\"url\":\"https:\/\/www.icon-icon.com\/\",\"name\":\"ICON-ICON\",\"description\":\"Luxury Stories\",\"potentialAction\":[{\"@type\":\"SearchAction\",\"target\":{\"@type\":\"EntryPoint\",\"urlTemplate\":\"https:\/\/www.icon-icon.com\/?s={search_term_string}\"},\"query-input\":{\"@type\":\"PropertyValueSpecification\",\"valueRequired\":true,\"valueName\":\"search_term_string\"}}],\"inLanguage\":\"en-US\"}]}<\/script>\n<!-- \/ Yoast SEO plugin. -->","yoast_head_json":{"title":"Clarins - Eau Ressour\u00e7ante - ICON-ICON","robots":{"index":"index","follow":"follow","max-snippet":"max-snippet:-1","max-image-preview":"max-image-preview:large","max-video-preview":"max-video-preview:-1"},"canonical":"http:\/\/www.icon-icon.com\/en\/produit\/clarins-eau-ressourcante\/","og_locale":"en_US","og_type":"article","og_title":"Clarins - Eau Ressour\u00e7ante - ICON-ICON","og_description":"&nbsp; Icon-Icon Opinion : Since 1954, Clarins has had at the heart of its research the desire to sublimate the skin. With this Eau Ressour\u00e7ante, a body lotion with a velvet texture, the body is repaired thanks to the deep hydration and is left with a fragrance just as sweet as voluptuous! Name of the Product : Eau Ressour\u00e7ante Cr\u00e8me Corps Velout\u00e9e Name of the Brand: Clarins Description : Moisturize, perfume, relax. A delight for the body, a smooth cream that glides over the skin like a caress, moisturizing and delicately perfuming it thanks to a subtle combination of essential oils and plant extracts.","og_url":"http:\/\/www.icon-icon.com\/en\/produit\/clarins-eau-ressourcante\/","og_site_name":"ICON-ICON","article_modified_time":"2022-06-13T09:38:39+00:00","og_image":[{"width":500,"height":500,"url":"http:\/\/www.icon-icon.com\/wp-content\/uploads\/2022\/02\/Clarins-Eau-Ressourcante-.jpg","type":"image\/jpeg"}],"twitter_card":"summary_large_image","schema":{"@context":"https:\/\/schema.org","@graph":[{"@type":"WebPage","@id":"http:\/\/www.icon-icon.com\/en\/produit\/clarins-eau-ressourcante\/","url":"http:\/\/www.icon-icon.com\/en\/produit\/clarins-eau-ressourcante\/","name":"Clarins - Eau Ressour\u00e7ante - ICON-ICON","isPartOf":{"@id":"https:\/\/www.icon-icon.com\/#website"},"primaryImageOfPage":{"@id":"http:\/\/www.icon-icon.com\/en\/produit\/clarins-eau-ressourcante\/#primaryimage"},"image":{"@id":"http:\/\/www.icon-icon.com\/en\/produit\/clarins-eau-ressourcante\/#primaryimage"},"thumbnailUrl":"https:\/\/www.icon-icon.com\/wp-content\/uploads\/2022\/02\/Clarins-Eau-Ressourcante-.jpg","datePublished":"2022-02-04T14:32:18+00:00","dateModified":"2022-06-13T09:38:39+00:00","breadcrumb":{"@id":"http:\/\/www.icon-icon.com\/en\/produit\/clarins-eau-ressourcante\/#breadcrumb"},"inLanguage":"en-US","potentialAction":[{"@type":"ReadAction","target":["http:\/\/www.icon-icon.com\/en\/produit\/clarins-eau-ressourcante\/"]}]},{"@type":"ImageObject","inLanguage":"en-US","@id":"http:\/\/www.icon-icon.com\/en\/produit\/clarins-eau-ressourcante\/#primaryimage","url":"https:\/\/www.icon-icon.com\/wp-content\/uploads\/2022\/02\/Clarins-Eau-Ressourcante-.jpg","contentUrl":"https:\/\/www.icon-icon.com\/wp-content\/uploads\/2022\/02\/Clarins-Eau-Ressourcante-.jpg","width":500,"height":500},{"@type":"BreadcrumbList","@id":"http:\/\/www.icon-icon.com\/en\/produit\/clarins-eau-ressourcante\/#breadcrumb","itemListElement":[{"@type":"ListItem","position":1,"name":"Accueil","item":"https:\/\/www.icon-icon.com\/en\/"},{"@type":"ListItem","position":2,"name":"Shop","item":"https:\/\/www.icon-icon.com\/en\/shop-2\/"},{"@type":"ListItem","position":3,"name":"Clarins &#8211; Eau Ressour\u00e7ante"}]},{"@type":"WebSite","@id":"https:\/\/www.icon-icon.com\/#website","url":"https:\/\/www.icon-icon.com\/","name":"ICON-ICON","description":"Luxury Stories","potentialAction":[{"@type":"SearchAction","target":{"@type":"EntryPoint","urlTemplate":"https:\/\/www.icon-icon.com\/?s={search_term_string}"},"query-input":{"@type":"PropertyValueSpecification","valueRequired":true,"valueName":"search_term_string"}}],"inLanguage":"en-US"}]}},"_links":{"self":[{"href":"https:\/\/www.icon-icon.com\/en\/wp-json\/wp\/v2\/product\/68213","targetHints":{"allow":["GET"]}}],"collection":[{"href":"https:\/\/www.icon-icon.com\/en\/wp-json\/wp\/v2\/product"}],"about":[{"href":"https:\/\/www.icon-icon.com\/en\/wp-json\/wp\/v2\/types\/product"}],"wp:featuredmedia":[{"embeddable":true,"href":"https:\/\/www.icon-icon.com\/en\/wp-json\/wp\/v2\/media\/68537"}],"wp:attachment":[{"href":"https:\/\/www.icon-icon.com\/en\/wp-json\/wp\/v2\/media?parent=68213"}],"wp:term":[{"taxonomy":"product_brand","embeddable":true,"href":"https:\/\/www.icon-icon.com\/en\/wp-json\/wp\/v2\/product_brand?post=68213"},{"taxonomy":"product_cat","embeddable":true,"href":"https:\/\/www.icon-icon.com\/en\/wp-json\/wp\/v2\/product_cat?post=68213"},{"taxonomy":"product_tag","embeddable":true,"href":"https:\/\/www.icon-icon.com\/en\/wp-json\/wp\/v2\/product_tag?post=68213"}],"curies":[{"name":"wp","href":"https:\/\/api.w.org\/{rel}","templated":true}]}}