


{"id":67871,"date":"2022-02-01T10:20:06","date_gmt":"2022-02-01T09:22:13","guid":{"rendered":"https:\/\/www.icon-icon.com\/produit\/la-ferme-de-saint-simeon-honfleur\/"},"modified":"2022-02-01T10:22:13","modified_gmt":"2022-02-01T09:22:13","slug":"la-ferme-de-saint-simeon-honfleur-2","status":"publish","type":"product","link":"https:\/\/www.icon-icon.com\/en\/produit\/la-ferme-de-saint-simeon-honfleur-2\/","title":{"rendered":"La Ferme de Saint-Sim\u00e9on &#8211; Honfleur"},"content":{"rendered":"","protected":false},"excerpt":{"rendered":"<p><strong>Icon-Icon Opinion : <\/strong><\/p>\n<p>Before becoming an incredible five-star hotel which overlooks the beautiful C\u00f4te Fleurie, it was this farm in Normandy which was the birthplace of Impressionism! One day in Saint-Sim\u00e9on, Claude Monet wrote to Fr\u00e9d\u00e9ric Bazille, \u201cEveryday I discover more and more beautiful things. It\u2019s enough to drive one mad. I have a desire to do everything\u2026 my head is bursting! I\u2019m very happy with my stay here, although my studies are far from what I would like\u2026 we\u2019re having a wonderful time in Saint-Sim\u00e9on!\u201d<\/p>\n<p><strong>H\u00f4tel : <\/strong>La Ferme de Saint-Sim\u00e9on<\/p>\n<p><strong>Adress : <\/strong><span data-global=\"1\">20, route Adolphe Marais<\/span> <span data-global=\"1\">14600 Honfleur &#8211; France<\/span><\/p>\n<p><strong>Contacts : <\/strong>For any information or reservation request, please contact the teams by phone at +33 2 31 81 78 00 or by email at <a href=\"https:\/\/fermesaintsimeon.fr\/fr\/contact.html\">contact@fermesaintsimeon.fr<\/a><\/p>\n<p class=\"p1\">Rates and Reservations available online.<\/p>\n","protected":false},"featured_media":67870,"template":"","meta":{"_acf_changed":false},"product_brand":[],"product_cat":[27231,25963,25965,25961],"product_tag":[27956,27958,27957,26576,22284,27887,27959],"class_list":{"0":"post-67871","1":"product","2":"type-product","3":"status-publish","4":"has-post-thumbnail","6":"product_cat-deauville","7":"product_cat-destinations-en","8":"product_cat-hotels-en","9":"product_cat-lifestyle-en","10":"product_tag-france-en","11":"product_tag-honfleur-en","12":"product_tag-la-ferme-de-saint-simeon-en","13":"product_tag-lifestyle-en","14":"product_tag-luxury-en","15":"product_tag-normandie-en","16":"product_tag-week-end-en","18":"first","19":"instock","20":"product-type-external"},"acf":[],"yoast_head":"<!-- This site is optimized with the Yoast SEO plugin v27.2 - https:\/\/yoast.com\/product\/yoast-seo-wordpress\/ -->\n<title>La Ferme de Saint-Sim\u00e9on - Honfleur - ICON-ICON<\/title>\n<meta name=\"robots\" content=\"index, follow, max-snippet:-1, max-image-preview:large, max-video-preview:-1\" \/>\n<link rel=\"canonical\" href=\"http:\/\/www.icon-icon.com\/en\/produit\/la-ferme-de-saint-simeon-honfleur-2\/\" \/>\n<meta property=\"og:locale\" content=\"en_US\" \/>\n<meta property=\"og:type\" content=\"article\" \/>\n<meta property=\"og:title\" content=\"La Ferme de Saint-Sim\u00e9on - Honfleur - ICON-ICON\" \/>\n<meta property=\"og:description\" content=\"Icon-Icon Opinion :  Before becoming an incredible five-star hotel which overlooks the beautiful C\u00f4te Fleurie, it was this farm in Normandy which was the birthplace of Impressionism! One day in Saint-Sim\u00e9on, Claude Monet wrote to Fr\u00e9d\u00e9ric Bazille, \u201cEveryday I discover more and more beautiful things. It\u2019s enough to drive one mad. I have a desire to do everything\u2026 my head is bursting! I\u2019m very happy with my stay here, although my studies are far from what I would like\u2026 we\u2019re having a wonderful time in Saint-Sim\u00e9on!\u201d H\u00f4tel : La Ferme de Saint-Sim\u00e9on Adress : 20, route Adolphe Marais 14600 Honfleur - France Contacts : For any information or reservation request, please contact the teams by phone at +33 2 31 81 78 00 or by email at contact@fermesaintsimeon.fr Rates and Reservations available online.\" \/>\n<meta property=\"og:url\" content=\"http:\/\/www.icon-icon.com\/en\/produit\/la-ferme-de-saint-simeon-honfleur-2\/\" \/>\n<meta property=\"og:site_name\" content=\"ICON-ICON\" \/>\n<meta property=\"og:image\" content=\"http:\/\/www.icon-icon.com\/wp-content\/uploads\/2022\/02\/Saint-Simeon-.jpg\" \/>\n\t<meta property=\"og:image:width\" content=\"500\" \/>\n\t<meta property=\"og:image:height\" content=\"500\" \/>\n\t<meta property=\"og:image:type\" content=\"image\/jpeg\" \/>\n<meta name=\"twitter:card\" content=\"summary_large_image\" \/>\n<script type=\"application\/ld+json\" class=\"yoast-schema-graph\">{\"@context\":\"https:\/\/schema.org\",\"@graph\":[{\"@type\":\"WebPage\",\"@id\":\"http:\/\/www.icon-icon.com\/en\/produit\/la-ferme-de-saint-simeon-honfleur-2\/\",\"url\":\"http:\/\/www.icon-icon.com\/en\/produit\/la-ferme-de-saint-simeon-honfleur-2\/\",\"name\":\"La Ferme de Saint-Sim\u00e9on - Honfleur - ICON-ICON\",\"isPartOf\":{\"@id\":\"https:\/\/www.icon-icon.com\/#website\"},\"primaryImageOfPage\":{\"@id\":\"http:\/\/www.icon-icon.com\/en\/produit\/la-ferme-de-saint-simeon-honfleur-2\/#primaryimage\"},\"image\":{\"@id\":\"http:\/\/www.icon-icon.com\/en\/produit\/la-ferme-de-saint-simeon-honfleur-2\/#primaryimage\"},\"thumbnailUrl\":\"https:\/\/www.icon-icon.com\/wp-content\/uploads\/2022\/02\/Saint-Simeon-.jpg\",\"datePublished\":\"2022-02-01T09:22:13+00:00\",\"breadcrumb\":{\"@id\":\"http:\/\/www.icon-icon.com\/en\/produit\/la-ferme-de-saint-simeon-honfleur-2\/#breadcrumb\"},\"inLanguage\":\"en-US\",\"potentialAction\":[{\"@type\":\"ReadAction\",\"target\":[\"http:\/\/www.icon-icon.com\/en\/produit\/la-ferme-de-saint-simeon-honfleur-2\/\"]}]},{\"@type\":\"ImageObject\",\"inLanguage\":\"en-US\",\"@id\":\"http:\/\/www.icon-icon.com\/en\/produit\/la-ferme-de-saint-simeon-honfleur-2\/#primaryimage\",\"url\":\"https:\/\/www.icon-icon.com\/wp-content\/uploads\/2022\/02\/Saint-Simeon-.jpg\",\"contentUrl\":\"https:\/\/www.icon-icon.com\/wp-content\/uploads\/2022\/02\/Saint-Simeon-.jpg\",\"width\":500,\"height\":500},{\"@type\":\"BreadcrumbList\",\"@id\":\"http:\/\/www.icon-icon.com\/en\/produit\/la-ferme-de-saint-simeon-honfleur-2\/#breadcrumb\",\"itemListElement\":[{\"@type\":\"ListItem\",\"position\":1,\"name\":\"Accueil\",\"item\":\"https:\/\/www.icon-icon.com\/en\/\"},{\"@type\":\"ListItem\",\"position\":2,\"name\":\"Shop\",\"item\":\"https:\/\/www.icon-icon.com\/en\/shop-2\/\"},{\"@type\":\"ListItem\",\"position\":3,\"name\":\"La Ferme de Saint-Sim\u00e9on &#8211; Honfleur\"}]},{\"@type\":\"WebSite\",\"@id\":\"https:\/\/www.icon-icon.com\/#website\",\"url\":\"https:\/\/www.icon-icon.com\/\",\"name\":\"ICON-ICON\",\"description\":\"Luxury Stories\",\"potentialAction\":[{\"@type\":\"SearchAction\",\"target\":{\"@type\":\"EntryPoint\",\"urlTemplate\":\"https:\/\/www.icon-icon.com\/?s={search_term_string}\"},\"query-input\":{\"@type\":\"PropertyValueSpecification\",\"valueRequired\":true,\"valueName\":\"search_term_string\"}}],\"inLanguage\":\"en-US\"}]}<\/script>\n<!-- \/ Yoast SEO plugin. -->","yoast_head_json":{"title":"La Ferme de Saint-Sim\u00e9on - Honfleur - ICON-ICON","robots":{"index":"index","follow":"follow","max-snippet":"max-snippet:-1","max-image-preview":"max-image-preview:large","max-video-preview":"max-video-preview:-1"},"canonical":"http:\/\/www.icon-icon.com\/en\/produit\/la-ferme-de-saint-simeon-honfleur-2\/","og_locale":"en_US","og_type":"article","og_title":"La Ferme de Saint-Sim\u00e9on - Honfleur - ICON-ICON","og_description":"Icon-Icon Opinion :  Before becoming an incredible five-star hotel which overlooks the beautiful C\u00f4te Fleurie, it was this farm in Normandy which was the birthplace of Impressionism! One day in Saint-Sim\u00e9on, Claude Monet wrote to Fr\u00e9d\u00e9ric Bazille, \u201cEveryday I discover more and more beautiful things. It\u2019s enough to drive one mad. I have a desire to do everything\u2026 my head is bursting! I\u2019m very happy with my stay here, although my studies are far from what I would like\u2026 we\u2019re having a wonderful time in Saint-Sim\u00e9on!\u201d H\u00f4tel : La Ferme de Saint-Sim\u00e9on Adress : 20, route Adolphe Marais 14600 Honfleur - France Contacts : For any information or reservation request, please contact the teams by phone at +33 2 31 81 78 00 or by email at contact@fermesaintsimeon.fr Rates and Reservations available online.","og_url":"http:\/\/www.icon-icon.com\/en\/produit\/la-ferme-de-saint-simeon-honfleur-2\/","og_site_name":"ICON-ICON","og_image":[{"width":500,"height":500,"url":"http:\/\/www.icon-icon.com\/wp-content\/uploads\/2022\/02\/Saint-Simeon-.jpg","type":"image\/jpeg"}],"twitter_card":"summary_large_image","schema":{"@context":"https:\/\/schema.org","@graph":[{"@type":"WebPage","@id":"http:\/\/www.icon-icon.com\/en\/produit\/la-ferme-de-saint-simeon-honfleur-2\/","url":"http:\/\/www.icon-icon.com\/en\/produit\/la-ferme-de-saint-simeon-honfleur-2\/","name":"La Ferme de Saint-Sim\u00e9on - Honfleur - ICON-ICON","isPartOf":{"@id":"https:\/\/www.icon-icon.com\/#website"},"primaryImageOfPage":{"@id":"http:\/\/www.icon-icon.com\/en\/produit\/la-ferme-de-saint-simeon-honfleur-2\/#primaryimage"},"image":{"@id":"http:\/\/www.icon-icon.com\/en\/produit\/la-ferme-de-saint-simeon-honfleur-2\/#primaryimage"},"thumbnailUrl":"https:\/\/www.icon-icon.com\/wp-content\/uploads\/2022\/02\/Saint-Simeon-.jpg","datePublished":"2022-02-01T09:22:13+00:00","breadcrumb":{"@id":"http:\/\/www.icon-icon.com\/en\/produit\/la-ferme-de-saint-simeon-honfleur-2\/#breadcrumb"},"inLanguage":"en-US","potentialAction":[{"@type":"ReadAction","target":["http:\/\/www.icon-icon.com\/en\/produit\/la-ferme-de-saint-simeon-honfleur-2\/"]}]},{"@type":"ImageObject","inLanguage":"en-US","@id":"http:\/\/www.icon-icon.com\/en\/produit\/la-ferme-de-saint-simeon-honfleur-2\/#primaryimage","url":"https:\/\/www.icon-icon.com\/wp-content\/uploads\/2022\/02\/Saint-Simeon-.jpg","contentUrl":"https:\/\/www.icon-icon.com\/wp-content\/uploads\/2022\/02\/Saint-Simeon-.jpg","width":500,"height":500},{"@type":"BreadcrumbList","@id":"http:\/\/www.icon-icon.com\/en\/produit\/la-ferme-de-saint-simeon-honfleur-2\/#breadcrumb","itemListElement":[{"@type":"ListItem","position":1,"name":"Accueil","item":"https:\/\/www.icon-icon.com\/en\/"},{"@type":"ListItem","position":2,"name":"Shop","item":"https:\/\/www.icon-icon.com\/en\/shop-2\/"},{"@type":"ListItem","position":3,"name":"La Ferme de Saint-Sim\u00e9on &#8211; Honfleur"}]},{"@type":"WebSite","@id":"https:\/\/www.icon-icon.com\/#website","url":"https:\/\/www.icon-icon.com\/","name":"ICON-ICON","description":"Luxury Stories","potentialAction":[{"@type":"SearchAction","target":{"@type":"EntryPoint","urlTemplate":"https:\/\/www.icon-icon.com\/?s={search_term_string}"},"query-input":{"@type":"PropertyValueSpecification","valueRequired":true,"valueName":"search_term_string"}}],"inLanguage":"en-US"}]}},"_links":{"self":[{"href":"https:\/\/www.icon-icon.com\/en\/wp-json\/wp\/v2\/product\/67871","targetHints":{"allow":["GET"]}}],"collection":[{"href":"https:\/\/www.icon-icon.com\/en\/wp-json\/wp\/v2\/product"}],"about":[{"href":"https:\/\/www.icon-icon.com\/en\/wp-json\/wp\/v2\/types\/product"}],"wp:featuredmedia":[{"embeddable":true,"href":"https:\/\/www.icon-icon.com\/en\/wp-json\/wp\/v2\/media\/67870"}],"wp:attachment":[{"href":"https:\/\/www.icon-icon.com\/en\/wp-json\/wp\/v2\/media?parent=67871"}],"wp:term":[{"taxonomy":"product_brand","embeddable":true,"href":"https:\/\/www.icon-icon.com\/en\/wp-json\/wp\/v2\/product_brand?post=67871"},{"taxonomy":"product_cat","embeddable":true,"href":"https:\/\/www.icon-icon.com\/en\/wp-json\/wp\/v2\/product_cat?post=67871"},{"taxonomy":"product_tag","embeddable":true,"href":"https:\/\/www.icon-icon.com\/en\/wp-json\/wp\/v2\/product_tag?post=67871"}],"curies":[{"name":"wp","href":"https:\/\/api.w.org\/{rel}","templated":true}]}}