


{"id":67766,"date":"2022-02-01T09:57:58","date_gmt":"2022-02-01T09:00:12","guid":{"rendered":"https:\/\/www.icon-icon.com\/?post_type=product&#038;p=67766"},"modified":"2022-06-24T11:27:42","modified_gmt":"2022-06-24T09:27:42","slug":"hotel-barriere-le-royal-deauville","status":"publish","type":"product","link":"https:\/\/www.icon-icon.com\/en\/produit\/hotel-barriere-le-royal-deauville\/","title":{"rendered":"H\u00f4tel Barri\u00e8re Le Normandy Deauville"},"content":{"rendered":"","protected":false},"excerpt":{"rendered":"<p>&nbsp;<\/p>\n<p class=\"p1\"><b>Icon-Icon Opinion : <\/b><\/p>\n<p class=\"p1\">H\u00f4tel Barri\u00e8re Le Normandy single-handedly captures the history and soul of Deauville \u2014 a haven of peace and sophistication that watches over the Deauville art of living. In 1913, it became a myth when the young Gabrielle Chanel decided to make it the setting for her first boutique in Deauville.<\/p>\n<p class=\"p1\"><b>Hotel : <\/b>H\u00f4tel Barri\u00e8re Le Royal Deauville<\/p>\n<p class=\"p1\"><b>Address : <\/b>Bd Eug\u00e8ne Cornuche, 14800 Deauville<\/p>\n<p class=\"p1\"><b>Contacts : <\/b>For any information or reservation request, contact the teams by telephone on +33 1 73 60 01 11.<\/p>\n<p class=\"p1\">Rates and Reservations available online.<\/p>\n","protected":false},"featured_media":67878,"template":"","meta":{"_acf_changed":false},"product_brand":[],"product_cat":[27231,25963,25965,25961],"product_tag":[27744,27907,27885,26576,27887],"class_list":{"0":"post-67766","1":"product","2":"type-product","3":"status-publish","4":"has-post-thumbnail","6":"product_cat-deauville","7":"product_cat-destinations-en","8":"product_cat-hotels-en","9":"product_cat-lifestyle-en","10":"product_tag-destinations-and-experiences","11":"product_tag-hotel-barriere-le-normandy-deauville-en","12":"product_tag-hotels-en","13":"product_tag-lifestyle-en","14":"product_tag-normandie-en","16":"first","17":"instock","18":"product-type-external"},"acf":[],"yoast_head":"<!-- This site is optimized with the Yoast SEO plugin v27.2 - https:\/\/yoast.com\/product\/yoast-seo-wordpress\/ -->\n<title>H\u00f4tel Barri\u00e8re Le Normandy Deauville - ICON-ICON<\/title>\n<meta name=\"robots\" content=\"index, follow, max-snippet:-1, max-image-preview:large, max-video-preview:-1\" \/>\n<link rel=\"canonical\" href=\"http:\/\/www.icon-icon.com\/en\/produit\/hotel-barriere-le-royal-deauville\/\" \/>\n<meta property=\"og:locale\" content=\"en_US\" \/>\n<meta property=\"og:type\" content=\"article\" \/>\n<meta property=\"og:title\" content=\"H\u00f4tel Barri\u00e8re Le Normandy Deauville - ICON-ICON\" \/>\n<meta property=\"og:description\" content=\"&nbsp; Icon-Icon Opinion :  H\u00f4tel Barri\u00e8re Le Normandy single-handedly captures the history and soul of Deauville \u2014 a haven of peace and sophistication that watches over the Deauville art of living. In 1913, it became a myth when the young Gabrielle Chanel decided to make it the setting for her first boutique in Deauville. Hotel : H\u00f4tel Barri\u00e8re Le Royal Deauville Address : Bd Eug\u00e8ne Cornuche, 14800 Deauville Contacts : For any information or reservation request, contact the teams by telephone on +33 1 73 60 01 11. Rates and Reservations available online.\" \/>\n<meta property=\"og:url\" content=\"http:\/\/www.icon-icon.com\/en\/produit\/hotel-barriere-le-royal-deauville\/\" \/>\n<meta property=\"og:site_name\" content=\"ICON-ICON\" \/>\n<meta property=\"article:modified_time\" content=\"2022-06-24T09:27:42+00:00\" \/>\n<meta property=\"og:image\" content=\"http:\/\/www.icon-icon.com\/wp-content\/uploads\/2022\/02\/Le-Normandy.jpg\" \/>\n\t<meta property=\"og:image:width\" content=\"500\" \/>\n\t<meta property=\"og:image:height\" content=\"500\" \/>\n\t<meta property=\"og:image:type\" content=\"image\/jpeg\" \/>\n<meta name=\"twitter:card\" content=\"summary_large_image\" \/>\n<script type=\"application\/ld+json\" class=\"yoast-schema-graph\">{\"@context\":\"https:\/\/schema.org\",\"@graph\":[{\"@type\":\"WebPage\",\"@id\":\"http:\/\/www.icon-icon.com\/en\/produit\/hotel-barriere-le-royal-deauville\/\",\"url\":\"http:\/\/www.icon-icon.com\/en\/produit\/hotel-barriere-le-royal-deauville\/\",\"name\":\"H\u00f4tel Barri\u00e8re Le Normandy Deauville - ICON-ICON\",\"isPartOf\":{\"@id\":\"https:\/\/www.icon-icon.com\/#website\"},\"primaryImageOfPage\":{\"@id\":\"http:\/\/www.icon-icon.com\/en\/produit\/hotel-barriere-le-royal-deauville\/#primaryimage\"},\"image\":{\"@id\":\"http:\/\/www.icon-icon.com\/en\/produit\/hotel-barriere-le-royal-deauville\/#primaryimage\"},\"thumbnailUrl\":\"https:\/\/www.icon-icon.com\/wp-content\/uploads\/2022\/02\/Le-Normandy.jpg\",\"datePublished\":\"2022-02-01T09:00:12+00:00\",\"dateModified\":\"2022-06-24T09:27:42+00:00\",\"breadcrumb\":{\"@id\":\"http:\/\/www.icon-icon.com\/en\/produit\/hotel-barriere-le-royal-deauville\/#breadcrumb\"},\"inLanguage\":\"en-US\",\"potentialAction\":[{\"@type\":\"ReadAction\",\"target\":[\"http:\/\/www.icon-icon.com\/en\/produit\/hotel-barriere-le-royal-deauville\/\"]}]},{\"@type\":\"ImageObject\",\"inLanguage\":\"en-US\",\"@id\":\"http:\/\/www.icon-icon.com\/en\/produit\/hotel-barriere-le-royal-deauville\/#primaryimage\",\"url\":\"https:\/\/www.icon-icon.com\/wp-content\/uploads\/2022\/02\/Le-Normandy.jpg\",\"contentUrl\":\"https:\/\/www.icon-icon.com\/wp-content\/uploads\/2022\/02\/Le-Normandy.jpg\",\"width\":500,\"height\":500},{\"@type\":\"BreadcrumbList\",\"@id\":\"http:\/\/www.icon-icon.com\/en\/produit\/hotel-barriere-le-royal-deauville\/#breadcrumb\",\"itemListElement\":[{\"@type\":\"ListItem\",\"position\":1,\"name\":\"Accueil\",\"item\":\"https:\/\/www.icon-icon.com\/en\/\"},{\"@type\":\"ListItem\",\"position\":2,\"name\":\"Shop\",\"item\":\"https:\/\/www.icon-icon.com\/en\/shop-2\/\"},{\"@type\":\"ListItem\",\"position\":3,\"name\":\"H\u00f4tel Barri\u00e8re Le Normandy Deauville\"}]},{\"@type\":\"WebSite\",\"@id\":\"https:\/\/www.icon-icon.com\/#website\",\"url\":\"https:\/\/www.icon-icon.com\/\",\"name\":\"ICON-ICON\",\"description\":\"Luxury Stories\",\"potentialAction\":[{\"@type\":\"SearchAction\",\"target\":{\"@type\":\"EntryPoint\",\"urlTemplate\":\"https:\/\/www.icon-icon.com\/?s={search_term_string}\"},\"query-input\":{\"@type\":\"PropertyValueSpecification\",\"valueRequired\":true,\"valueName\":\"search_term_string\"}}],\"inLanguage\":\"en-US\"}]}<\/script>\n<!-- \/ Yoast SEO plugin. -->","yoast_head_json":{"title":"H\u00f4tel Barri\u00e8re Le Normandy Deauville - ICON-ICON","robots":{"index":"index","follow":"follow","max-snippet":"max-snippet:-1","max-image-preview":"max-image-preview:large","max-video-preview":"max-video-preview:-1"},"canonical":"http:\/\/www.icon-icon.com\/en\/produit\/hotel-barriere-le-royal-deauville\/","og_locale":"en_US","og_type":"article","og_title":"H\u00f4tel Barri\u00e8re Le Normandy Deauville - ICON-ICON","og_description":"&nbsp; Icon-Icon Opinion :  H\u00f4tel Barri\u00e8re Le Normandy single-handedly captures the history and soul of Deauville \u2014 a haven of peace and sophistication that watches over the Deauville art of living. In 1913, it became a myth when the young Gabrielle Chanel decided to make it the setting for her first boutique in Deauville. Hotel : H\u00f4tel Barri\u00e8re Le Royal Deauville Address : Bd Eug\u00e8ne Cornuche, 14800 Deauville Contacts : For any information or reservation request, contact the teams by telephone on +33 1 73 60 01 11. Rates and Reservations available online.","og_url":"http:\/\/www.icon-icon.com\/en\/produit\/hotel-barriere-le-royal-deauville\/","og_site_name":"ICON-ICON","article_modified_time":"2022-06-24T09:27:42+00:00","og_image":[{"width":500,"height":500,"url":"http:\/\/www.icon-icon.com\/wp-content\/uploads\/2022\/02\/Le-Normandy.jpg","type":"image\/jpeg"}],"twitter_card":"summary_large_image","schema":{"@context":"https:\/\/schema.org","@graph":[{"@type":"WebPage","@id":"http:\/\/www.icon-icon.com\/en\/produit\/hotel-barriere-le-royal-deauville\/","url":"http:\/\/www.icon-icon.com\/en\/produit\/hotel-barriere-le-royal-deauville\/","name":"H\u00f4tel Barri\u00e8re Le Normandy Deauville - ICON-ICON","isPartOf":{"@id":"https:\/\/www.icon-icon.com\/#website"},"primaryImageOfPage":{"@id":"http:\/\/www.icon-icon.com\/en\/produit\/hotel-barriere-le-royal-deauville\/#primaryimage"},"image":{"@id":"http:\/\/www.icon-icon.com\/en\/produit\/hotel-barriere-le-royal-deauville\/#primaryimage"},"thumbnailUrl":"https:\/\/www.icon-icon.com\/wp-content\/uploads\/2022\/02\/Le-Normandy.jpg","datePublished":"2022-02-01T09:00:12+00:00","dateModified":"2022-06-24T09:27:42+00:00","breadcrumb":{"@id":"http:\/\/www.icon-icon.com\/en\/produit\/hotel-barriere-le-royal-deauville\/#breadcrumb"},"inLanguage":"en-US","potentialAction":[{"@type":"ReadAction","target":["http:\/\/www.icon-icon.com\/en\/produit\/hotel-barriere-le-royal-deauville\/"]}]},{"@type":"ImageObject","inLanguage":"en-US","@id":"http:\/\/www.icon-icon.com\/en\/produit\/hotel-barriere-le-royal-deauville\/#primaryimage","url":"https:\/\/www.icon-icon.com\/wp-content\/uploads\/2022\/02\/Le-Normandy.jpg","contentUrl":"https:\/\/www.icon-icon.com\/wp-content\/uploads\/2022\/02\/Le-Normandy.jpg","width":500,"height":500},{"@type":"BreadcrumbList","@id":"http:\/\/www.icon-icon.com\/en\/produit\/hotel-barriere-le-royal-deauville\/#breadcrumb","itemListElement":[{"@type":"ListItem","position":1,"name":"Accueil","item":"https:\/\/www.icon-icon.com\/en\/"},{"@type":"ListItem","position":2,"name":"Shop","item":"https:\/\/www.icon-icon.com\/en\/shop-2\/"},{"@type":"ListItem","position":3,"name":"H\u00f4tel Barri\u00e8re Le Normandy Deauville"}]},{"@type":"WebSite","@id":"https:\/\/www.icon-icon.com\/#website","url":"https:\/\/www.icon-icon.com\/","name":"ICON-ICON","description":"Luxury Stories","potentialAction":[{"@type":"SearchAction","target":{"@type":"EntryPoint","urlTemplate":"https:\/\/www.icon-icon.com\/?s={search_term_string}"},"query-input":{"@type":"PropertyValueSpecification","valueRequired":true,"valueName":"search_term_string"}}],"inLanguage":"en-US"}]}},"_links":{"self":[{"href":"https:\/\/www.icon-icon.com\/en\/wp-json\/wp\/v2\/product\/67766","targetHints":{"allow":["GET"]}}],"collection":[{"href":"https:\/\/www.icon-icon.com\/en\/wp-json\/wp\/v2\/product"}],"about":[{"href":"https:\/\/www.icon-icon.com\/en\/wp-json\/wp\/v2\/types\/product"}],"wp:featuredmedia":[{"embeddable":true,"href":"https:\/\/www.icon-icon.com\/en\/wp-json\/wp\/v2\/media\/67878"}],"wp:attachment":[{"href":"https:\/\/www.icon-icon.com\/en\/wp-json\/wp\/v2\/media?parent=67766"}],"wp:term":[{"taxonomy":"product_brand","embeddable":true,"href":"https:\/\/www.icon-icon.com\/en\/wp-json\/wp\/v2\/product_brand?post=67766"},{"taxonomy":"product_cat","embeddable":true,"href":"https:\/\/www.icon-icon.com\/en\/wp-json\/wp\/v2\/product_cat?post=67766"},{"taxonomy":"product_tag","embeddable":true,"href":"https:\/\/www.icon-icon.com\/en\/wp-json\/wp\/v2\/product_tag?post=67766"}],"curies":[{"name":"wp","href":"https:\/\/api.w.org\/{rel}","templated":true}]}}