


{"id":67523,"date":"2022-01-28T13:30:41","date_gmt":"2022-01-28T12:34:00","guid":{"rendered":"https:\/\/www.icon-icon.com\/produit\/saddle-bag-dior\/"},"modified":"2022-01-28T13:34:00","modified_gmt":"2022-01-28T12:34:00","slug":"saddle-bag-dior-2","status":"publish","type":"product","link":"https:\/\/www.icon-icon.com\/en\/produit\/saddle-bag-dior-2\/","title":{"rendered":"Saddle Bag &#8211; Dior"},"content":{"rendered":"","protected":false},"excerpt":{"rendered":"<p class=\"p1\"><b>Icon-Icon Opinion : <\/b><\/p>\n<p>It was during the Spring\/Summer 2000 ready-to-wear collection that John Galliano, then artistic director of the house, introduced the Saddle bag. Inspired by the profile of a horse saddle &#8211; the object becomes one of desire when seen on the arms of Beyonc\u00e9 and Carry Bradshow in Sex and the City Reintroduced in 2018, it is now a must-have icon!<\/p>\n<p class=\"p1\"><b>Name of the Product :<span class=\"Apple-converted-space\"> <\/span><\/b><span class=\"Apple-converted-space\">Saddle Bag<\/span><\/p>\n<p class=\"p1\"><b>Brand<\/b> : Dior<\/p>\n<p class=\"p1\"><b>Description : <\/b>L&#8217;iconique sac Saddle est remis au go\u00fbt du jour par Maria Grazia Chiuri. Ce design l\u00e9gendaire poss\u00e8de un rabat Saddle avec un fermoir \u00e9trier D aimant\u00e9, ainsi que la signature CD de chaque c\u00f4t\u00e9 de l&#8217;anse. Le cuir de veau grain\u00e9 noir est rehauss\u00e9 de d\u00e9tails en m\u00e9tal dor\u00e9 vieilli. Ce sac Saddle offrira un porter main ou \u00e9paule et pourra \u00eatre personnalis\u00e9 avec diff\u00e9rentes bandouli\u00e8res.<\/p>\n","protected":false},"featured_media":67010,"template":"","meta":{"_acf_changed":false},"product_brand":[],"product_cat":[22984,27180,25149,27184],"product_tag":[25670,22524,22284,27757,27705,27802,27804],"class_list":{"0":"post-67523","1":"product","2":"type-product","3":"status-publish","4":"has-post-thumbnail","6":"product_cat-fashion-and-accessories","7":"product_cat-leather-goods","8":"product_cat-luggages-and-leather-goods","9":"product_cat-shoulder-bag","10":"product_tag-bagages-et-maroquinerie-en","11":"product_tag-dior-en","12":"product_tag-luxury-en","13":"product_tag-maroquinerie-en","14":"product_tag-mode-et-accessoires-en","15":"product_tag-sacs-a-bandouliere-epaule-en","16":"product_tag-saddle-bag-en","18":"first","19":"instock","20":"product-type-external"},"acf":[],"yoast_head":"<!-- This site is optimized with the Yoast SEO plugin v27.2 - https:\/\/yoast.com\/product\/yoast-seo-wordpress\/ -->\n<title>Saddle Bag - Dior - ICON-ICON<\/title>\n<meta name=\"robots\" content=\"index, follow, max-snippet:-1, max-image-preview:large, max-video-preview:-1\" \/>\n<link rel=\"canonical\" href=\"https:\/\/www.icon-icon.com\/en\/produit\/saddle-bag-dior-2\/\" \/>\n<meta property=\"og:locale\" content=\"en_US\" \/>\n<meta property=\"og:type\" content=\"article\" \/>\n<meta property=\"og:title\" content=\"Saddle Bag - Dior - ICON-ICON\" \/>\n<meta property=\"og:description\" content=\"Icon-Icon Opinion : It was during the Spring\/Summer 2000 ready-to-wear collection that John Galliano, then artistic director of the house, introduced the Saddle bag. Inspired by the profile of a horse saddle - the object becomes one of desire when seen on the arms of Beyonc\u00e9 and Carry Bradshow in Sex and the City Reintroduced in 2018, it is now a must-have icon! Name of the Product : Saddle Bag Brand : Dior Description : L&#039;iconique sac Saddle est remis au go\u00fbt du jour par Maria Grazia Chiuri. Ce design l\u00e9gendaire poss\u00e8de un rabat Saddle avec un fermoir \u00e9trier D aimant\u00e9, ainsi que la signature CD de chaque c\u00f4t\u00e9 de l&#039;anse. Le cuir de veau grain\u00e9 noir est rehauss\u00e9 de d\u00e9tails en m\u00e9tal dor\u00e9 vieilli. Ce sac Saddle offrira un porter main ou \u00e9paule et pourra \u00eatre personnalis\u00e9 avec diff\u00e9rentes bandouli\u00e8res.\" \/>\n<meta property=\"og:url\" content=\"https:\/\/www.icon-icon.com\/en\/produit\/saddle-bag-dior-2\/\" \/>\n<meta property=\"og:site_name\" content=\"ICON-ICON\" \/>\n<meta property=\"og:image\" content=\"https:\/\/www.icon-icon.com\/wp-content\/uploads\/2022\/01\/1604958301_M0447CBAA_M900_E01_GHC.jpg\" \/>\n\t<meta property=\"og:image:width\" content=\"507\" \/>\n\t<meta property=\"og:image:height\" content=\"566\" \/>\n\t<meta property=\"og:image:type\" content=\"image\/jpeg\" \/>\n<meta name=\"twitter:card\" content=\"summary_large_image\" \/>\n<script type=\"application\/ld+json\" class=\"yoast-schema-graph\">{\"@context\":\"https:\/\/schema.org\",\"@graph\":[{\"@type\":\"WebPage\",\"@id\":\"https:\/\/www.icon-icon.com\/en\/produit\/saddle-bag-dior-2\/\",\"url\":\"https:\/\/www.icon-icon.com\/en\/produit\/saddle-bag-dior-2\/\",\"name\":\"Saddle Bag - Dior - ICON-ICON\",\"isPartOf\":{\"@id\":\"https:\/\/www.icon-icon.com\/#website\"},\"primaryImageOfPage\":{\"@id\":\"https:\/\/www.icon-icon.com\/en\/produit\/saddle-bag-dior-2\/#primaryimage\"},\"image\":{\"@id\":\"https:\/\/www.icon-icon.com\/en\/produit\/saddle-bag-dior-2\/#primaryimage\"},\"thumbnailUrl\":\"https:\/\/www.icon-icon.com\/wp-content\/uploads\/2022\/01\/1604958301_M0447CBAA_M900_E01_GHC.jpg\",\"datePublished\":\"2022-01-28T12:34:00+00:00\",\"breadcrumb\":{\"@id\":\"https:\/\/www.icon-icon.com\/en\/produit\/saddle-bag-dior-2\/#breadcrumb\"},\"inLanguage\":\"en-US\",\"potentialAction\":[{\"@type\":\"ReadAction\",\"target\":[\"https:\/\/www.icon-icon.com\/en\/produit\/saddle-bag-dior-2\/\"]}]},{\"@type\":\"ImageObject\",\"inLanguage\":\"en-US\",\"@id\":\"https:\/\/www.icon-icon.com\/en\/produit\/saddle-bag-dior-2\/#primaryimage\",\"url\":\"https:\/\/www.icon-icon.com\/wp-content\/uploads\/2022\/01\/1604958301_M0447CBAA_M900_E01_GHC.jpg\",\"contentUrl\":\"https:\/\/www.icon-icon.com\/wp-content\/uploads\/2022\/01\/1604958301_M0447CBAA_M900_E01_GHC.jpg\",\"width\":507,\"height\":566},{\"@type\":\"BreadcrumbList\",\"@id\":\"https:\/\/www.icon-icon.com\/en\/produit\/saddle-bag-dior-2\/#breadcrumb\",\"itemListElement\":[{\"@type\":\"ListItem\",\"position\":1,\"name\":\"Accueil\",\"item\":\"https:\/\/www.icon-icon.com\/en\/\"},{\"@type\":\"ListItem\",\"position\":2,\"name\":\"Shop\",\"item\":\"https:\/\/www.icon-icon.com\/en\/shop-2\/\"},{\"@type\":\"ListItem\",\"position\":3,\"name\":\"Saddle Bag &#8211; Dior\"}]},{\"@type\":\"WebSite\",\"@id\":\"https:\/\/www.icon-icon.com\/#website\",\"url\":\"https:\/\/www.icon-icon.com\/\",\"name\":\"ICON-ICON\",\"description\":\"Luxury Stories\",\"potentialAction\":[{\"@type\":\"SearchAction\",\"target\":{\"@type\":\"EntryPoint\",\"urlTemplate\":\"https:\/\/www.icon-icon.com\/?s={search_term_string}\"},\"query-input\":{\"@type\":\"PropertyValueSpecification\",\"valueRequired\":true,\"valueName\":\"search_term_string\"}}],\"inLanguage\":\"en-US\"}]}<\/script>\n<!-- \/ Yoast SEO plugin. -->","yoast_head_json":{"title":"Saddle Bag - Dior - ICON-ICON","robots":{"index":"index","follow":"follow","max-snippet":"max-snippet:-1","max-image-preview":"max-image-preview:large","max-video-preview":"max-video-preview:-1"},"canonical":"https:\/\/www.icon-icon.com\/en\/produit\/saddle-bag-dior-2\/","og_locale":"en_US","og_type":"article","og_title":"Saddle Bag - Dior - ICON-ICON","og_description":"Icon-Icon Opinion : It was during the Spring\/Summer 2000 ready-to-wear collection that John Galliano, then artistic director of the house, introduced the Saddle bag. Inspired by the profile of a horse saddle - the object becomes one of desire when seen on the arms of Beyonc\u00e9 and Carry Bradshow in Sex and the City Reintroduced in 2018, it is now a must-have icon! Name of the Product : Saddle Bag Brand : Dior Description : L'iconique sac Saddle est remis au go\u00fbt du jour par Maria Grazia Chiuri. Ce design l\u00e9gendaire poss\u00e8de un rabat Saddle avec un fermoir \u00e9trier D aimant\u00e9, ainsi que la signature CD de chaque c\u00f4t\u00e9 de l'anse. Le cuir de veau grain\u00e9 noir est rehauss\u00e9 de d\u00e9tails en m\u00e9tal dor\u00e9 vieilli. Ce sac Saddle offrira un porter main ou \u00e9paule et pourra \u00eatre personnalis\u00e9 avec diff\u00e9rentes bandouli\u00e8res.","og_url":"https:\/\/www.icon-icon.com\/en\/produit\/saddle-bag-dior-2\/","og_site_name":"ICON-ICON","og_image":[{"width":507,"height":566,"url":"https:\/\/www.icon-icon.com\/wp-content\/uploads\/2022\/01\/1604958301_M0447CBAA_M900_E01_GHC.jpg","type":"image\/jpeg"}],"twitter_card":"summary_large_image","schema":{"@context":"https:\/\/schema.org","@graph":[{"@type":"WebPage","@id":"https:\/\/www.icon-icon.com\/en\/produit\/saddle-bag-dior-2\/","url":"https:\/\/www.icon-icon.com\/en\/produit\/saddle-bag-dior-2\/","name":"Saddle Bag - Dior - ICON-ICON","isPartOf":{"@id":"https:\/\/www.icon-icon.com\/#website"},"primaryImageOfPage":{"@id":"https:\/\/www.icon-icon.com\/en\/produit\/saddle-bag-dior-2\/#primaryimage"},"image":{"@id":"https:\/\/www.icon-icon.com\/en\/produit\/saddle-bag-dior-2\/#primaryimage"},"thumbnailUrl":"https:\/\/www.icon-icon.com\/wp-content\/uploads\/2022\/01\/1604958301_M0447CBAA_M900_E01_GHC.jpg","datePublished":"2022-01-28T12:34:00+00:00","breadcrumb":{"@id":"https:\/\/www.icon-icon.com\/en\/produit\/saddle-bag-dior-2\/#breadcrumb"},"inLanguage":"en-US","potentialAction":[{"@type":"ReadAction","target":["https:\/\/www.icon-icon.com\/en\/produit\/saddle-bag-dior-2\/"]}]},{"@type":"ImageObject","inLanguage":"en-US","@id":"https:\/\/www.icon-icon.com\/en\/produit\/saddle-bag-dior-2\/#primaryimage","url":"https:\/\/www.icon-icon.com\/wp-content\/uploads\/2022\/01\/1604958301_M0447CBAA_M900_E01_GHC.jpg","contentUrl":"https:\/\/www.icon-icon.com\/wp-content\/uploads\/2022\/01\/1604958301_M0447CBAA_M900_E01_GHC.jpg","width":507,"height":566},{"@type":"BreadcrumbList","@id":"https:\/\/www.icon-icon.com\/en\/produit\/saddle-bag-dior-2\/#breadcrumb","itemListElement":[{"@type":"ListItem","position":1,"name":"Accueil","item":"https:\/\/www.icon-icon.com\/en\/"},{"@type":"ListItem","position":2,"name":"Shop","item":"https:\/\/www.icon-icon.com\/en\/shop-2\/"},{"@type":"ListItem","position":3,"name":"Saddle Bag &#8211; Dior"}]},{"@type":"WebSite","@id":"https:\/\/www.icon-icon.com\/#website","url":"https:\/\/www.icon-icon.com\/","name":"ICON-ICON","description":"Luxury Stories","potentialAction":[{"@type":"SearchAction","target":{"@type":"EntryPoint","urlTemplate":"https:\/\/www.icon-icon.com\/?s={search_term_string}"},"query-input":{"@type":"PropertyValueSpecification","valueRequired":true,"valueName":"search_term_string"}}],"inLanguage":"en-US"}]}},"_links":{"self":[{"href":"https:\/\/www.icon-icon.com\/en\/wp-json\/wp\/v2\/product\/67523","targetHints":{"allow":["GET"]}}],"collection":[{"href":"https:\/\/www.icon-icon.com\/en\/wp-json\/wp\/v2\/product"}],"about":[{"href":"https:\/\/www.icon-icon.com\/en\/wp-json\/wp\/v2\/types\/product"}],"wp:featuredmedia":[{"embeddable":true,"href":"https:\/\/www.icon-icon.com\/en\/wp-json\/wp\/v2\/media\/67010"}],"wp:attachment":[{"href":"https:\/\/www.icon-icon.com\/en\/wp-json\/wp\/v2\/media?parent=67523"}],"wp:term":[{"taxonomy":"product_brand","embeddable":true,"href":"https:\/\/www.icon-icon.com\/en\/wp-json\/wp\/v2\/product_brand?post=67523"},{"taxonomy":"product_cat","embeddable":true,"href":"https:\/\/www.icon-icon.com\/en\/wp-json\/wp\/v2\/product_cat?post=67523"},{"taxonomy":"product_tag","embeddable":true,"href":"https:\/\/www.icon-icon.com\/en\/wp-json\/wp\/v2\/product_tag?post=67523"}],"curies":[{"name":"wp","href":"https:\/\/api.w.org\/{rel}","templated":true}]}}