


{"id":66054,"date":"2022-01-13T15:44:13","date_gmt":"2022-01-13T14:47:14","guid":{"rendered":"https:\/\/www.icon-icon.com\/produit\/alleno-rivoire-set-of-24-ganaches\/"},"modified":"2022-01-13T15:47:14","modified_gmt":"2022-01-13T14:47:14","slug":"alleno-rivoire-set-of-24-ganaches","status":"publish","type":"product","link":"https:\/\/www.icon-icon.com\/en\/produit\/alleno-rivoire-set-of-24-ganaches\/","title":{"rendered":"All\u00e9no &amp; Rivoire &#8211; Set of 24 ganaches"},"content":{"rendered":"","protected":false},"excerpt":{"rendered":"<p class=\"p1\">\n            <strong>Icon-Icon Opinion :<\/strong>\n          <\/p>\n<p class=\"p1\">As the logical continuation of an uninterrupted dialogue around sauces and modern confectionery, undertaken for years by Yannick All\u00e9no and Aur\u00e9lien Rivoire, All\u00e9no &amp; Rivoire offers a taste of innovative and fascinating chocolates. &#8220;For us, wanting to offer a new tasting sensation means changing 80% of the interior of a chocolate. Including that of a classic ganache or praline, which offers a new freshness and a beautiful tension&#8230;&#8221; <\/p>\n<p class=\"p1\"><strong>Name of the product : <\/strong>Set of 24 ganaches<\/p>\n<p class=\"p1\"><strong>Brand : <\/strong>All\u00e9no &amp; Rivoire<\/p>\n<p class=\"p1\"><strong>Description : <\/strong>Set of 24 fresh ganaches based on extractions with frank and marked tastes, promise of a trip to every bite. Perfume assortments: Earl Grey tea, Fir honey, Nutmeg, Coffee, Grand Gru Indonesia 75%, Grand Cru Peru 60%, Tahitian Vanilla <\/p>\n","protected":false},"featured_media":66053,"template":"","meta":{"_acf_changed":false},"product_brand":[],"product_cat":[26334,26324,25572,23619],"product_tag":[27178,26516,26947,22282,22284],"class_list":{"0":"post-66054","1":"product","2":"type-product","3":"status-publish","4":"has-post-thumbnail","6":"product_cat-box-sets-en","7":"product_cat-chocolates","8":"product_cat-gastronomy","9":"product_cat-wines-spirits-and-gastronomy","10":"product_tag-alleno-rivoire-en","11":"product_tag-chocolate","12":"product_tag-chocolate-box","13":"product_tag-icon-en","14":"product_tag-luxury-en","16":"first","17":"instock","18":"product-type-external"},"acf":[],"yoast_head":"<!-- This site is optimized with the Yoast SEO plugin v27.2 - https:\/\/yoast.com\/product\/yoast-seo-wordpress\/ -->\n<title>All\u00e9no &amp; Rivoire - Set of 24 ganaches - ICON-ICON<\/title>\n<meta name=\"robots\" content=\"index, follow, max-snippet:-1, max-image-preview:large, max-video-preview:-1\" \/>\n<link rel=\"canonical\" href=\"https:\/\/www.icon-icon.com\/en\/produit\/alleno-rivoire-set-of-24-ganaches\/\" \/>\n<meta property=\"og:locale\" content=\"en_US\" \/>\n<meta property=\"og:type\" content=\"article\" \/>\n<meta property=\"og:title\" content=\"All\u00e9no &amp; Rivoire - Set of 24 ganaches - ICON-ICON\" \/>\n<meta property=\"og:description\" content=\"Icon-Icon Opinion :                 As the logical continuation of an uninterrupted dialogue around sauces and modern confectionery, undertaken for years by Yannick All\u00e9no and Aur\u00e9lien Rivoire, All\u00e9no &amp; Rivoire offers a taste of innovative and fascinating chocolates. &quot;For us, wanting to offer a new tasting sensation means changing 80% of the interior of a chocolate. Including that of a classic ganache or praline, which offers a new freshness and a beautiful tension...&quot;            Name of the product : Set of 24 ganaches            Brand : All\u00e9no &amp; Rivoire            Description : Set of 24 fresh ganaches based on extractions with frank and marked tastes, promise of a trip to every bite. Perfume assortments: Earl Grey tea, Fir honey, Nutmeg, Coffee, Grand Gru Indonesia 75%, Grand Cru Peru 60%, Tahitian Vanilla\" \/>\n<meta property=\"og:url\" content=\"https:\/\/www.icon-icon.com\/en\/produit\/alleno-rivoire-set-of-24-ganaches\/\" \/>\n<meta property=\"og:site_name\" content=\"ICON-ICON\" \/>\n<meta property=\"og:image\" content=\"https:\/\/www.icon-icon.com\/wp-content\/uploads\/2022\/01\/Alleno-Rivoire-Coffret-24-ganaches.jpg\" \/>\n\t<meta property=\"og:image:width\" content=\"500\" \/>\n\t<meta property=\"og:image:height\" content=\"500\" \/>\n\t<meta property=\"og:image:type\" content=\"image\/jpeg\" \/>\n<meta name=\"twitter:card\" content=\"summary_large_image\" \/>\n<script type=\"application\/ld+json\" class=\"yoast-schema-graph\">{\"@context\":\"https:\/\/schema.org\",\"@graph\":[{\"@type\":\"WebPage\",\"@id\":\"https:\/\/www.icon-icon.com\/en\/produit\/alleno-rivoire-set-of-24-ganaches\/\",\"url\":\"https:\/\/www.icon-icon.com\/en\/produit\/alleno-rivoire-set-of-24-ganaches\/\",\"name\":\"All\u00e9no &amp; Rivoire - Set of 24 ganaches - ICON-ICON\",\"isPartOf\":{\"@id\":\"https:\/\/www.icon-icon.com\/#website\"},\"primaryImageOfPage\":{\"@id\":\"https:\/\/www.icon-icon.com\/en\/produit\/alleno-rivoire-set-of-24-ganaches\/#primaryimage\"},\"image\":{\"@id\":\"https:\/\/www.icon-icon.com\/en\/produit\/alleno-rivoire-set-of-24-ganaches\/#primaryimage\"},\"thumbnailUrl\":\"https:\/\/www.icon-icon.com\/wp-content\/uploads\/2022\/01\/Alleno-Rivoire-Coffret-24-ganaches.jpg\",\"datePublished\":\"2022-01-13T14:47:14+00:00\",\"breadcrumb\":{\"@id\":\"https:\/\/www.icon-icon.com\/en\/produit\/alleno-rivoire-set-of-24-ganaches\/#breadcrumb\"},\"inLanguage\":\"en-US\",\"potentialAction\":[{\"@type\":\"ReadAction\",\"target\":[\"https:\/\/www.icon-icon.com\/en\/produit\/alleno-rivoire-set-of-24-ganaches\/\"]}]},{\"@type\":\"ImageObject\",\"inLanguage\":\"en-US\",\"@id\":\"https:\/\/www.icon-icon.com\/en\/produit\/alleno-rivoire-set-of-24-ganaches\/#primaryimage\",\"url\":\"https:\/\/www.icon-icon.com\/wp-content\/uploads\/2022\/01\/Alleno-Rivoire-Coffret-24-ganaches.jpg\",\"contentUrl\":\"https:\/\/www.icon-icon.com\/wp-content\/uploads\/2022\/01\/Alleno-Rivoire-Coffret-24-ganaches.jpg\",\"width\":500,\"height\":500,\"caption\":\"All\u00e9no &amp; Rivoire - Set of 24 ganaches\"},{\"@type\":\"BreadcrumbList\",\"@id\":\"https:\/\/www.icon-icon.com\/en\/produit\/alleno-rivoire-set-of-24-ganaches\/#breadcrumb\",\"itemListElement\":[{\"@type\":\"ListItem\",\"position\":1,\"name\":\"Accueil\",\"item\":\"https:\/\/www.icon-icon.com\/en\/\"},{\"@type\":\"ListItem\",\"position\":2,\"name\":\"Shop\",\"item\":\"https:\/\/www.icon-icon.com\/en\/shop-2\/\"},{\"@type\":\"ListItem\",\"position\":3,\"name\":\"All\u00e9no &amp; Rivoire &#8211; Set of 24 ganaches\"}]},{\"@type\":\"WebSite\",\"@id\":\"https:\/\/www.icon-icon.com\/#website\",\"url\":\"https:\/\/www.icon-icon.com\/\",\"name\":\"ICON-ICON\",\"description\":\"Luxury Stories\",\"potentialAction\":[{\"@type\":\"SearchAction\",\"target\":{\"@type\":\"EntryPoint\",\"urlTemplate\":\"https:\/\/www.icon-icon.com\/?s={search_term_string}\"},\"query-input\":{\"@type\":\"PropertyValueSpecification\",\"valueRequired\":true,\"valueName\":\"search_term_string\"}}],\"inLanguage\":\"en-US\"}]}<\/script>\n<!-- \/ Yoast SEO plugin. -->","yoast_head_json":{"title":"All\u00e9no &amp; Rivoire - Set of 24 ganaches - ICON-ICON","robots":{"index":"index","follow":"follow","max-snippet":"max-snippet:-1","max-image-preview":"max-image-preview:large","max-video-preview":"max-video-preview:-1"},"canonical":"https:\/\/www.icon-icon.com\/en\/produit\/alleno-rivoire-set-of-24-ganaches\/","og_locale":"en_US","og_type":"article","og_title":"All\u00e9no &amp; Rivoire - Set of 24 ganaches - ICON-ICON","og_description":"Icon-Icon Opinion :                 As the logical continuation of an uninterrupted dialogue around sauces and modern confectionery, undertaken for years by Yannick All\u00e9no and Aur\u00e9lien Rivoire, All\u00e9no &amp; Rivoire offers a taste of innovative and fascinating chocolates. \"For us, wanting to offer a new tasting sensation means changing 80% of the interior of a chocolate. Including that of a classic ganache or praline, which offers a new freshness and a beautiful tension...\"            Name of the product : Set of 24 ganaches            Brand : All\u00e9no &amp; Rivoire            Description : Set of 24 fresh ganaches based on extractions with frank and marked tastes, promise of a trip to every bite. Perfume assortments: Earl Grey tea, Fir honey, Nutmeg, Coffee, Grand Gru Indonesia 75%, Grand Cru Peru 60%, Tahitian Vanilla","og_url":"https:\/\/www.icon-icon.com\/en\/produit\/alleno-rivoire-set-of-24-ganaches\/","og_site_name":"ICON-ICON","og_image":[{"width":500,"height":500,"url":"https:\/\/www.icon-icon.com\/wp-content\/uploads\/2022\/01\/Alleno-Rivoire-Coffret-24-ganaches.jpg","type":"image\/jpeg"}],"twitter_card":"summary_large_image","schema":{"@context":"https:\/\/schema.org","@graph":[{"@type":"WebPage","@id":"https:\/\/www.icon-icon.com\/en\/produit\/alleno-rivoire-set-of-24-ganaches\/","url":"https:\/\/www.icon-icon.com\/en\/produit\/alleno-rivoire-set-of-24-ganaches\/","name":"All\u00e9no &amp; Rivoire - Set of 24 ganaches - ICON-ICON","isPartOf":{"@id":"https:\/\/www.icon-icon.com\/#website"},"primaryImageOfPage":{"@id":"https:\/\/www.icon-icon.com\/en\/produit\/alleno-rivoire-set-of-24-ganaches\/#primaryimage"},"image":{"@id":"https:\/\/www.icon-icon.com\/en\/produit\/alleno-rivoire-set-of-24-ganaches\/#primaryimage"},"thumbnailUrl":"https:\/\/www.icon-icon.com\/wp-content\/uploads\/2022\/01\/Alleno-Rivoire-Coffret-24-ganaches.jpg","datePublished":"2022-01-13T14:47:14+00:00","breadcrumb":{"@id":"https:\/\/www.icon-icon.com\/en\/produit\/alleno-rivoire-set-of-24-ganaches\/#breadcrumb"},"inLanguage":"en-US","potentialAction":[{"@type":"ReadAction","target":["https:\/\/www.icon-icon.com\/en\/produit\/alleno-rivoire-set-of-24-ganaches\/"]}]},{"@type":"ImageObject","inLanguage":"en-US","@id":"https:\/\/www.icon-icon.com\/en\/produit\/alleno-rivoire-set-of-24-ganaches\/#primaryimage","url":"https:\/\/www.icon-icon.com\/wp-content\/uploads\/2022\/01\/Alleno-Rivoire-Coffret-24-ganaches.jpg","contentUrl":"https:\/\/www.icon-icon.com\/wp-content\/uploads\/2022\/01\/Alleno-Rivoire-Coffret-24-ganaches.jpg","width":500,"height":500,"caption":"All\u00e9no &amp; Rivoire - Set of 24 ganaches"},{"@type":"BreadcrumbList","@id":"https:\/\/www.icon-icon.com\/en\/produit\/alleno-rivoire-set-of-24-ganaches\/#breadcrumb","itemListElement":[{"@type":"ListItem","position":1,"name":"Accueil","item":"https:\/\/www.icon-icon.com\/en\/"},{"@type":"ListItem","position":2,"name":"Shop","item":"https:\/\/www.icon-icon.com\/en\/shop-2\/"},{"@type":"ListItem","position":3,"name":"All\u00e9no &amp; Rivoire &#8211; Set of 24 ganaches"}]},{"@type":"WebSite","@id":"https:\/\/www.icon-icon.com\/#website","url":"https:\/\/www.icon-icon.com\/","name":"ICON-ICON","description":"Luxury Stories","potentialAction":[{"@type":"SearchAction","target":{"@type":"EntryPoint","urlTemplate":"https:\/\/www.icon-icon.com\/?s={search_term_string}"},"query-input":{"@type":"PropertyValueSpecification","valueRequired":true,"valueName":"search_term_string"}}],"inLanguage":"en-US"}]}},"_links":{"self":[{"href":"https:\/\/www.icon-icon.com\/en\/wp-json\/wp\/v2\/product\/66054","targetHints":{"allow":["GET"]}}],"collection":[{"href":"https:\/\/www.icon-icon.com\/en\/wp-json\/wp\/v2\/product"}],"about":[{"href":"https:\/\/www.icon-icon.com\/en\/wp-json\/wp\/v2\/types\/product"}],"wp:featuredmedia":[{"embeddable":true,"href":"https:\/\/www.icon-icon.com\/en\/wp-json\/wp\/v2\/media\/66053"}],"wp:attachment":[{"href":"https:\/\/www.icon-icon.com\/en\/wp-json\/wp\/v2\/media?parent=66054"}],"wp:term":[{"taxonomy":"product_brand","embeddable":true,"href":"https:\/\/www.icon-icon.com\/en\/wp-json\/wp\/v2\/product_brand?post=66054"},{"taxonomy":"product_cat","embeddable":true,"href":"https:\/\/www.icon-icon.com\/en\/wp-json\/wp\/v2\/product_cat?post=66054"},{"taxonomy":"product_tag","embeddable":true,"href":"https:\/\/www.icon-icon.com\/en\/wp-json\/wp\/v2\/product_tag?post=66054"}],"curies":[{"name":"wp","href":"https:\/\/api.w.org\/{rel}","templated":true}]}}