


{"id":64871,"date":"2021-12-31T06:41:35","date_gmt":"2021-12-31T05:45:19","guid":{"rendered":"https:\/\/www.icon-icon.com\/produit\/jean-prouve-compas-table\/"},"modified":"2021-12-31T06:45:22","modified_gmt":"2021-12-31T05:45:22","slug":"jean-prouve-table-compas","status":"publish","type":"product","link":"https:\/\/www.icon-icon.com\/en\/produit\/jean-prouve-table-compas\/","title":{"rendered":"Jean Prouv\u00e9 &#8211; Compas Table"},"content":{"rendered":"","protected":false},"excerpt":{"rendered":"<p><b>Icon-Icon Opinion :<\/b><\/p>\n<p>This Compas Table, designed in 1928, is an icon of interior design and also the signature furniture of Jean Prouv\u00e9. The pane of steel bend and welded are the sign of Prouv\u00e9s search for a streamlined design.<\/p>\n<p><b>Name of the product :<\/b> &#8220;Compas&#8221; Table<\/p>\n<p><b>Designer :<\/b> Jean Prouv\u00e9<\/p>\n<p><b>Description : <\/b>The aesthetic shape of the base gives its name to this so-called &#8220;compass&#8221; table. Table with metal base and oak top. The base is made of original bent steel sheet. The set was redone over 20 years ago. In very good condition with some wear marks especially on the tray a cup stain.    <\/p>\n","protected":false},"featured_media":64869,"template":"","meta":{"_acf_changed":false},"product_brand":[],"product_cat":[25967,26342,25961,26340],"product_tag":[26582,26532,26570,22282,26580,22284,26569],"class_list":{"0":"post-64871","1":"product","2":"type-product","3":"status-publish","4":"has-post-thumbnail","6":"product_cat-design","7":"product_cat-dining-tables","8":"product_cat-lifestyle-en","9":"product_cat-tables-en","10":"product_tag-compas-table","11":"product_tag-design-en","12":"product_tag-dining-tables","13":"product_tag-icon-en","14":"product_tag-jean-prouve-en","15":"product_tag-luxury-en","16":"product_tag-table-en","18":"first","19":"instock","20":"product-type-external"},"acf":[],"yoast_head":"<!-- This site is optimized with the Yoast SEO plugin v27.2 - https:\/\/yoast.com\/product\/yoast-seo-wordpress\/ -->\n<title>Jean Prouv\u00e9 - Compas Table - ICON-ICON<\/title>\n<meta name=\"robots\" content=\"index, follow, max-snippet:-1, max-image-preview:large, max-video-preview:-1\" \/>\n<link rel=\"canonical\" href=\"http:\/\/www.icon-icon.com\/en\/produit\/jean-prouve-table-compas\/\" \/>\n<meta property=\"og:locale\" content=\"en_US\" \/>\n<meta property=\"og:type\" content=\"article\" \/>\n<meta property=\"og:title\" content=\"Jean Prouv\u00e9 - Compas Table - ICON-ICON\" \/>\n<meta property=\"og:description\" content=\"Icon-Icon Opinion : This Compas Table, designed in 1928, is an icon of interior design and also the signature furniture of Jean Prouv\u00e9. The pane of steel bend and welded are the sign of Prouv\u00e9s search for a streamlined design. Name of the product : &quot;Compas&quot; Table Designer : Jean Prouv\u00e9 Description : The aesthetic shape of the base gives its name to this so-called &quot;compass&quot; table. Table with metal base and oak top. The base is made of original bent steel sheet. The set was redone over 20 years ago. In very good condition with some wear marks especially on the tray a cup stain.\" \/>\n<meta property=\"og:url\" content=\"http:\/\/www.icon-icon.com\/en\/produit\/jean-prouve-table-compas\/\" \/>\n<meta property=\"og:site_name\" content=\"ICON-ICON\" \/>\n<meta property=\"article:modified_time\" content=\"2021-12-31T05:45:22+00:00\" \/>\n<meta property=\"og:image\" content=\"http:\/\/www.icon-icon.com\/wp-content\/uploads\/2021\/12\/table-compas-jean-prouve-annees-50_original-copie.jpg\" \/>\n\t<meta property=\"og:image:width\" content=\"500\" \/>\n\t<meta property=\"og:image:height\" content=\"500\" \/>\n\t<meta property=\"og:image:type\" content=\"image\/jpeg\" \/>\n<meta name=\"twitter:card\" content=\"summary_large_image\" \/>\n<script type=\"application\/ld+json\" class=\"yoast-schema-graph\">{\"@context\":\"https:\/\/schema.org\",\"@graph\":[{\"@type\":\"WebPage\",\"@id\":\"http:\/\/www.icon-icon.com\/en\/produit\/jean-prouve-table-compas\/\",\"url\":\"http:\/\/www.icon-icon.com\/en\/produit\/jean-prouve-table-compas\/\",\"name\":\"Jean Prouv\u00e9 - Compas Table - ICON-ICON\",\"isPartOf\":{\"@id\":\"https:\/\/www.icon-icon.com\/#website\"},\"primaryImageOfPage\":{\"@id\":\"http:\/\/www.icon-icon.com\/en\/produit\/jean-prouve-table-compas\/#primaryimage\"},\"image\":{\"@id\":\"http:\/\/www.icon-icon.com\/en\/produit\/jean-prouve-table-compas\/#primaryimage\"},\"thumbnailUrl\":\"https:\/\/www.icon-icon.com\/wp-content\/uploads\/2021\/12\/table-compas-jean-prouve-annees-50_original-copie.jpg\",\"datePublished\":\"2021-12-31T05:45:19+00:00\",\"dateModified\":\"2021-12-31T05:45:22+00:00\",\"breadcrumb\":{\"@id\":\"http:\/\/www.icon-icon.com\/en\/produit\/jean-prouve-table-compas\/#breadcrumb\"},\"inLanguage\":\"en-US\",\"potentialAction\":[{\"@type\":\"ReadAction\",\"target\":[\"http:\/\/www.icon-icon.com\/en\/produit\/jean-prouve-table-compas\/\"]}]},{\"@type\":\"ImageObject\",\"inLanguage\":\"en-US\",\"@id\":\"http:\/\/www.icon-icon.com\/en\/produit\/jean-prouve-table-compas\/#primaryimage\",\"url\":\"https:\/\/www.icon-icon.com\/wp-content\/uploads\/2021\/12\/table-compas-jean-prouve-annees-50_original-copie.jpg\",\"contentUrl\":\"https:\/\/www.icon-icon.com\/wp-content\/uploads\/2021\/12\/table-compas-jean-prouve-annees-50_original-copie.jpg\",\"width\":500,\"height\":500,\"caption\":\"table-compas-jean-prouve\"},{\"@type\":\"BreadcrumbList\",\"@id\":\"http:\/\/www.icon-icon.com\/en\/produit\/jean-prouve-table-compas\/#breadcrumb\",\"itemListElement\":[{\"@type\":\"ListItem\",\"position\":1,\"name\":\"Accueil\",\"item\":\"https:\/\/www.icon-icon.com\/en\/\"},{\"@type\":\"ListItem\",\"position\":2,\"name\":\"Shop\",\"item\":\"https:\/\/www.icon-icon.com\/en\/shop-2\/\"},{\"@type\":\"ListItem\",\"position\":3,\"name\":\"Jean Prouv\u00e9 &#8211; Compas Table\"}]},{\"@type\":\"WebSite\",\"@id\":\"https:\/\/www.icon-icon.com\/#website\",\"url\":\"https:\/\/www.icon-icon.com\/\",\"name\":\"ICON-ICON\",\"description\":\"Luxury Stories\",\"potentialAction\":[{\"@type\":\"SearchAction\",\"target\":{\"@type\":\"EntryPoint\",\"urlTemplate\":\"https:\/\/www.icon-icon.com\/?s={search_term_string}\"},\"query-input\":{\"@type\":\"PropertyValueSpecification\",\"valueRequired\":true,\"valueName\":\"search_term_string\"}}],\"inLanguage\":\"en-US\"}]}<\/script>\n<!-- \/ Yoast SEO plugin. -->","yoast_head_json":{"title":"Jean Prouv\u00e9 - Compas Table - ICON-ICON","robots":{"index":"index","follow":"follow","max-snippet":"max-snippet:-1","max-image-preview":"max-image-preview:large","max-video-preview":"max-video-preview:-1"},"canonical":"http:\/\/www.icon-icon.com\/en\/produit\/jean-prouve-table-compas\/","og_locale":"en_US","og_type":"article","og_title":"Jean Prouv\u00e9 - Compas Table - ICON-ICON","og_description":"Icon-Icon Opinion : This Compas Table, designed in 1928, is an icon of interior design and also the signature furniture of Jean Prouv\u00e9. The pane of steel bend and welded are the sign of Prouv\u00e9s search for a streamlined design. Name of the product : \"Compas\" Table Designer : Jean Prouv\u00e9 Description : The aesthetic shape of the base gives its name to this so-called \"compass\" table. Table with metal base and oak top. The base is made of original bent steel sheet. The set was redone over 20 years ago. In very good condition with some wear marks especially on the tray a cup stain.","og_url":"http:\/\/www.icon-icon.com\/en\/produit\/jean-prouve-table-compas\/","og_site_name":"ICON-ICON","article_modified_time":"2021-12-31T05:45:22+00:00","og_image":[{"width":500,"height":500,"url":"http:\/\/www.icon-icon.com\/wp-content\/uploads\/2021\/12\/table-compas-jean-prouve-annees-50_original-copie.jpg","type":"image\/jpeg"}],"twitter_card":"summary_large_image","schema":{"@context":"https:\/\/schema.org","@graph":[{"@type":"WebPage","@id":"http:\/\/www.icon-icon.com\/en\/produit\/jean-prouve-table-compas\/","url":"http:\/\/www.icon-icon.com\/en\/produit\/jean-prouve-table-compas\/","name":"Jean Prouv\u00e9 - Compas Table - ICON-ICON","isPartOf":{"@id":"https:\/\/www.icon-icon.com\/#website"},"primaryImageOfPage":{"@id":"http:\/\/www.icon-icon.com\/en\/produit\/jean-prouve-table-compas\/#primaryimage"},"image":{"@id":"http:\/\/www.icon-icon.com\/en\/produit\/jean-prouve-table-compas\/#primaryimage"},"thumbnailUrl":"https:\/\/www.icon-icon.com\/wp-content\/uploads\/2021\/12\/table-compas-jean-prouve-annees-50_original-copie.jpg","datePublished":"2021-12-31T05:45:19+00:00","dateModified":"2021-12-31T05:45:22+00:00","breadcrumb":{"@id":"http:\/\/www.icon-icon.com\/en\/produit\/jean-prouve-table-compas\/#breadcrumb"},"inLanguage":"en-US","potentialAction":[{"@type":"ReadAction","target":["http:\/\/www.icon-icon.com\/en\/produit\/jean-prouve-table-compas\/"]}]},{"@type":"ImageObject","inLanguage":"en-US","@id":"http:\/\/www.icon-icon.com\/en\/produit\/jean-prouve-table-compas\/#primaryimage","url":"https:\/\/www.icon-icon.com\/wp-content\/uploads\/2021\/12\/table-compas-jean-prouve-annees-50_original-copie.jpg","contentUrl":"https:\/\/www.icon-icon.com\/wp-content\/uploads\/2021\/12\/table-compas-jean-prouve-annees-50_original-copie.jpg","width":500,"height":500,"caption":"table-compas-jean-prouve"},{"@type":"BreadcrumbList","@id":"http:\/\/www.icon-icon.com\/en\/produit\/jean-prouve-table-compas\/#breadcrumb","itemListElement":[{"@type":"ListItem","position":1,"name":"Accueil","item":"https:\/\/www.icon-icon.com\/en\/"},{"@type":"ListItem","position":2,"name":"Shop","item":"https:\/\/www.icon-icon.com\/en\/shop-2\/"},{"@type":"ListItem","position":3,"name":"Jean Prouv\u00e9 &#8211; Compas Table"}]},{"@type":"WebSite","@id":"https:\/\/www.icon-icon.com\/#website","url":"https:\/\/www.icon-icon.com\/","name":"ICON-ICON","description":"Luxury Stories","potentialAction":[{"@type":"SearchAction","target":{"@type":"EntryPoint","urlTemplate":"https:\/\/www.icon-icon.com\/?s={search_term_string}"},"query-input":{"@type":"PropertyValueSpecification","valueRequired":true,"valueName":"search_term_string"}}],"inLanguage":"en-US"}]}},"_links":{"self":[{"href":"https:\/\/www.icon-icon.com\/en\/wp-json\/wp\/v2\/product\/64871","targetHints":{"allow":["GET"]}}],"collection":[{"href":"https:\/\/www.icon-icon.com\/en\/wp-json\/wp\/v2\/product"}],"about":[{"href":"https:\/\/www.icon-icon.com\/en\/wp-json\/wp\/v2\/types\/product"}],"wp:featuredmedia":[{"embeddable":true,"href":"https:\/\/www.icon-icon.com\/en\/wp-json\/wp\/v2\/media\/64869"}],"wp:attachment":[{"href":"https:\/\/www.icon-icon.com\/en\/wp-json\/wp\/v2\/media?parent=64871"}],"wp:term":[{"taxonomy":"product_brand","embeddable":true,"href":"https:\/\/www.icon-icon.com\/en\/wp-json\/wp\/v2\/product_brand?post=64871"},{"taxonomy":"product_cat","embeddable":true,"href":"https:\/\/www.icon-icon.com\/en\/wp-json\/wp\/v2\/product_cat?post=64871"},{"taxonomy":"product_tag","embeddable":true,"href":"https:\/\/www.icon-icon.com\/en\/wp-json\/wp\/v2\/product_tag?post=64871"}],"curies":[{"name":"wp","href":"https:\/\/api.w.org\/{rel}","templated":true}]}}