


{"id":60857,"date":"2021-06-29T19:21:19","date_gmt":"2021-06-29T17:21:19","guid":{"rendered":"https:\/\/www.icon-icon.com\/produit\/her-majesty-the-queen-david-bailey\/"},"modified":"2022-07-11T15:14:50","modified_gmt":"2022-07-11T13:14:50","slug":"her-majesty-the-queen-david-bailey","status":"publish","type":"product","link":"https:\/\/www.icon-icon.com\/en\/produit\/her-majesty-the-queen-david-bailey\/","title":{"rendered":"Her Majesty The Queen. David Bailey"},"content":{"rendered":"","protected":false},"excerpt":{"rendered":"<p><strong>Avis d&#8217;Icon-Icon :\u00a0<\/strong><\/p>\n<p>In 2014, England\u2019s greatest portrait photographer <strong><a title=\"David Bailey\" href=\"https:\/\/www.taschen.com\/pages\/en\/search\/david-bailey-books\" target=\"_self\" rel=\"noopener\">David Bailey<\/a><\/strong>, shot the world\u2019s most famous monarch, <strong><a title=\"Her Majesty The Queen\" href=\"https:\/\/www.taschen.com\/pages\/en\/search\/her-majesty\" target=\"_self\" rel=\"noopener\">Her Majesty<\/a>The Queen<\/strong>. Charming her to exude a radiant smile, what resulted is one of the most endearing pictures ever taken of this great British icon. \u201cI asked her if her jewellery was real,\u201d Bailey recalls. \u201cShe\u2019s charismatic with a twinkle in her eye, the kind of person I admire and like to photograph.\u201d<\/p>\n<p>In celebration of <strong>Her Majesty turning 95<\/strong> this year, David Bailey and TASCHEN have produced an edition of 500 <strong>signed by the artist<\/strong>.<\/p>\n<p><b>Author : <\/b>David Bailey<\/p>\n<p><b>Publisher : <\/b>Taschen<\/p>\n<p><b>Date of Publication<\/b>\u00a0: 2014<\/p>\n<p>En l\u2019honneur de\u00a0<strong>Sa Majest\u00e9, qui a c\u00e9l\u00e9br\u00e9 cette ann\u00e9e ses 95 ans<\/strong>, David Bailey et TASCHEN proposent une \u00e9dition de 500 tirages\u00a0<strong>sign\u00e9s par<\/strong>\u00a0<strong>le photographe<\/strong><\/p>\n","protected":false},"featured_media":60852,"template":"","meta":{"_acf_changed":false},"product_brand":[],"product_cat":[21562,22973,21724,21648,25037],"product_tag":[25040,25039,25038],"class_list":{"0":"post-60857","1":"product","2":"type-product","3":"status-publish","4":"has-post-thumbnail","6":"product_cat-books","7":"product_cat-culture-and-technology","8":"product_cat-design-and-art-selection","9":"product_cat-iconic-fashion-photographers-selection","10":"product_cat-mode-et-art-en","11":"product_tag-book-en","12":"product_tag-her-majesty-the-queen-en","13":"product_tag-taschen-en","15":"first","16":"instock","17":"product-type-external"},"acf":[],"yoast_head":"<!-- This site is optimized with the Yoast SEO plugin v27.2 - https:\/\/yoast.com\/product\/yoast-seo-wordpress\/ -->\n<title>Her Majesty The Queen. David Bailey - ICON-ICON<\/title>\n<meta name=\"robots\" content=\"index, follow, max-snippet:-1, max-image-preview:large, max-video-preview:-1\" \/>\n<link rel=\"canonical\" href=\"https:\/\/www.icon-icon.com\/en\/produit\/her-majesty-the-queen-david-bailey\/\" \/>\n<meta property=\"og:locale\" content=\"en_US\" \/>\n<meta property=\"og:type\" content=\"article\" \/>\n<meta property=\"og:title\" content=\"Her Majesty The Queen. David Bailey - ICON-ICON\" \/>\n<meta property=\"og:description\" content=\"Avis d&#039;Icon-Icon :\u00a0  In 2014, England\u2019s greatest portrait photographer David Bailey, shot the world\u2019s most famous monarch, Her MajestyThe Queen. Charming her to exude a radiant smile, what resulted is one of the most endearing pictures ever taken of this great British icon. \u201cI asked her if her jewellery was real,\u201d Bailey recalls. \u201cShe\u2019s charismatic with a twinkle in her eye, the kind of person I admire and like to photograph.\u201d  In celebration of Her Majesty turning 95 this year, David Bailey and TASCHEN have produced an edition of 500 signed by the artist.  Author : David Bailey  Publisher : Taschen  Date of Publication\u00a0: 2014  En l\u2019honneur de\u00a0Sa Majest\u00e9, qui a c\u00e9l\u00e9br\u00e9 cette ann\u00e9e ses 95 ans, David Bailey et TASCHEN proposent une \u00e9dition de 500 tirages\u00a0sign\u00e9s par\u00a0le photographe\" \/>\n<meta property=\"og:url\" content=\"https:\/\/www.icon-icon.com\/en\/produit\/her-majesty-the-queen-david-bailey\/\" \/>\n<meta property=\"og:site_name\" content=\"ICON-ICON\" \/>\n<meta property=\"article:modified_time\" content=\"2022-07-11T13:14:50+00:00\" \/>\n<meta property=\"og:image\" content=\"https:\/\/www.icon-icon.com\/wp-content\/uploads\/2021\/08\/Her-majesty-the-queen.jpg\" \/>\n\t<meta property=\"og:image:width\" content=\"500\" \/>\n\t<meta property=\"og:image:height\" content=\"500\" \/>\n\t<meta property=\"og:image:type\" content=\"image\/jpeg\" \/>\n<meta name=\"twitter:card\" content=\"summary_large_image\" \/>\n<script type=\"application\/ld+json\" class=\"yoast-schema-graph\">{\"@context\":\"https:\/\/schema.org\",\"@graph\":[{\"@type\":\"WebPage\",\"@id\":\"https:\/\/www.icon-icon.com\/en\/produit\/her-majesty-the-queen-david-bailey\/\",\"url\":\"https:\/\/www.icon-icon.com\/en\/produit\/her-majesty-the-queen-david-bailey\/\",\"name\":\"Her Majesty The Queen. David Bailey - ICON-ICON\",\"isPartOf\":{\"@id\":\"https:\/\/www.icon-icon.com\/#website\"},\"primaryImageOfPage\":{\"@id\":\"https:\/\/www.icon-icon.com\/en\/produit\/her-majesty-the-queen-david-bailey\/#primaryimage\"},\"image\":{\"@id\":\"https:\/\/www.icon-icon.com\/en\/produit\/her-majesty-the-queen-david-bailey\/#primaryimage\"},\"thumbnailUrl\":\"https:\/\/www.icon-icon.com\/wp-content\/uploads\/2021\/08\/Her-majesty-the-queen.jpg\",\"datePublished\":\"2021-06-29T17:21:19+00:00\",\"dateModified\":\"2022-07-11T13:14:50+00:00\",\"breadcrumb\":{\"@id\":\"https:\/\/www.icon-icon.com\/en\/produit\/her-majesty-the-queen-david-bailey\/#breadcrumb\"},\"inLanguage\":\"en-US\",\"potentialAction\":[{\"@type\":\"ReadAction\",\"target\":[\"https:\/\/www.icon-icon.com\/en\/produit\/her-majesty-the-queen-david-bailey\/\"]}]},{\"@type\":\"ImageObject\",\"inLanguage\":\"en-US\",\"@id\":\"https:\/\/www.icon-icon.com\/en\/produit\/her-majesty-the-queen-david-bailey\/#primaryimage\",\"url\":\"https:\/\/www.icon-icon.com\/wp-content\/uploads\/2021\/08\/Her-majesty-the-queen.jpg\",\"contentUrl\":\"https:\/\/www.icon-icon.com\/wp-content\/uploads\/2021\/08\/Her-majesty-the-queen.jpg\",\"width\":500,\"height\":500,\"caption\":\"Her majesty the queen\"},{\"@type\":\"BreadcrumbList\",\"@id\":\"https:\/\/www.icon-icon.com\/en\/produit\/her-majesty-the-queen-david-bailey\/#breadcrumb\",\"itemListElement\":[{\"@type\":\"ListItem\",\"position\":1,\"name\":\"Accueil\",\"item\":\"https:\/\/www.icon-icon.com\/en\/\"},{\"@type\":\"ListItem\",\"position\":2,\"name\":\"Shop\",\"item\":\"https:\/\/www.icon-icon.com\/en\/shop-2\/\"},{\"@type\":\"ListItem\",\"position\":3,\"name\":\"Her Majesty The Queen. David Bailey\"}]},{\"@type\":\"WebSite\",\"@id\":\"https:\/\/www.icon-icon.com\/#website\",\"url\":\"https:\/\/www.icon-icon.com\/\",\"name\":\"ICON-ICON\",\"description\":\"Luxury Stories\",\"potentialAction\":[{\"@type\":\"SearchAction\",\"target\":{\"@type\":\"EntryPoint\",\"urlTemplate\":\"https:\/\/www.icon-icon.com\/?s={search_term_string}\"},\"query-input\":{\"@type\":\"PropertyValueSpecification\",\"valueRequired\":true,\"valueName\":\"search_term_string\"}}],\"inLanguage\":\"en-US\"}]}<\/script>\n<!-- \/ Yoast SEO plugin. -->","yoast_head_json":{"title":"Her Majesty The Queen. David Bailey - ICON-ICON","robots":{"index":"index","follow":"follow","max-snippet":"max-snippet:-1","max-image-preview":"max-image-preview:large","max-video-preview":"max-video-preview:-1"},"canonical":"https:\/\/www.icon-icon.com\/en\/produit\/her-majesty-the-queen-david-bailey\/","og_locale":"en_US","og_type":"article","og_title":"Her Majesty The Queen. David Bailey - ICON-ICON","og_description":"Avis d'Icon-Icon :\u00a0  In 2014, England\u2019s greatest portrait photographer David Bailey, shot the world\u2019s most famous monarch, Her MajestyThe Queen. Charming her to exude a radiant smile, what resulted is one of the most endearing pictures ever taken of this great British icon. \u201cI asked her if her jewellery was real,\u201d Bailey recalls. \u201cShe\u2019s charismatic with a twinkle in her eye, the kind of person I admire and like to photograph.\u201d  In celebration of Her Majesty turning 95 this year, David Bailey and TASCHEN have produced an edition of 500 signed by the artist.  Author : David Bailey  Publisher : Taschen  Date of Publication\u00a0: 2014  En l\u2019honneur de\u00a0Sa Majest\u00e9, qui a c\u00e9l\u00e9br\u00e9 cette ann\u00e9e ses 95 ans, David Bailey et TASCHEN proposent une \u00e9dition de 500 tirages\u00a0sign\u00e9s par\u00a0le photographe","og_url":"https:\/\/www.icon-icon.com\/en\/produit\/her-majesty-the-queen-david-bailey\/","og_site_name":"ICON-ICON","article_modified_time":"2022-07-11T13:14:50+00:00","og_image":[{"width":500,"height":500,"url":"https:\/\/www.icon-icon.com\/wp-content\/uploads\/2021\/08\/Her-majesty-the-queen.jpg","type":"image\/jpeg"}],"twitter_card":"summary_large_image","schema":{"@context":"https:\/\/schema.org","@graph":[{"@type":"WebPage","@id":"https:\/\/www.icon-icon.com\/en\/produit\/her-majesty-the-queen-david-bailey\/","url":"https:\/\/www.icon-icon.com\/en\/produit\/her-majesty-the-queen-david-bailey\/","name":"Her Majesty The Queen. David Bailey - ICON-ICON","isPartOf":{"@id":"https:\/\/www.icon-icon.com\/#website"},"primaryImageOfPage":{"@id":"https:\/\/www.icon-icon.com\/en\/produit\/her-majesty-the-queen-david-bailey\/#primaryimage"},"image":{"@id":"https:\/\/www.icon-icon.com\/en\/produit\/her-majesty-the-queen-david-bailey\/#primaryimage"},"thumbnailUrl":"https:\/\/www.icon-icon.com\/wp-content\/uploads\/2021\/08\/Her-majesty-the-queen.jpg","datePublished":"2021-06-29T17:21:19+00:00","dateModified":"2022-07-11T13:14:50+00:00","breadcrumb":{"@id":"https:\/\/www.icon-icon.com\/en\/produit\/her-majesty-the-queen-david-bailey\/#breadcrumb"},"inLanguage":"en-US","potentialAction":[{"@type":"ReadAction","target":["https:\/\/www.icon-icon.com\/en\/produit\/her-majesty-the-queen-david-bailey\/"]}]},{"@type":"ImageObject","inLanguage":"en-US","@id":"https:\/\/www.icon-icon.com\/en\/produit\/her-majesty-the-queen-david-bailey\/#primaryimage","url":"https:\/\/www.icon-icon.com\/wp-content\/uploads\/2021\/08\/Her-majesty-the-queen.jpg","contentUrl":"https:\/\/www.icon-icon.com\/wp-content\/uploads\/2021\/08\/Her-majesty-the-queen.jpg","width":500,"height":500,"caption":"Her majesty the queen"},{"@type":"BreadcrumbList","@id":"https:\/\/www.icon-icon.com\/en\/produit\/her-majesty-the-queen-david-bailey\/#breadcrumb","itemListElement":[{"@type":"ListItem","position":1,"name":"Accueil","item":"https:\/\/www.icon-icon.com\/en\/"},{"@type":"ListItem","position":2,"name":"Shop","item":"https:\/\/www.icon-icon.com\/en\/shop-2\/"},{"@type":"ListItem","position":3,"name":"Her Majesty The Queen. David Bailey"}]},{"@type":"WebSite","@id":"https:\/\/www.icon-icon.com\/#website","url":"https:\/\/www.icon-icon.com\/","name":"ICON-ICON","description":"Luxury Stories","potentialAction":[{"@type":"SearchAction","target":{"@type":"EntryPoint","urlTemplate":"https:\/\/www.icon-icon.com\/?s={search_term_string}"},"query-input":{"@type":"PropertyValueSpecification","valueRequired":true,"valueName":"search_term_string"}}],"inLanguage":"en-US"}]}},"_links":{"self":[{"href":"https:\/\/www.icon-icon.com\/en\/wp-json\/wp\/v2\/product\/60857","targetHints":{"allow":["GET"]}}],"collection":[{"href":"https:\/\/www.icon-icon.com\/en\/wp-json\/wp\/v2\/product"}],"about":[{"href":"https:\/\/www.icon-icon.com\/en\/wp-json\/wp\/v2\/types\/product"}],"wp:featuredmedia":[{"embeddable":true,"href":"https:\/\/www.icon-icon.com\/en\/wp-json\/wp\/v2\/media\/60852"}],"wp:attachment":[{"href":"https:\/\/www.icon-icon.com\/en\/wp-json\/wp\/v2\/media?parent=60857"}],"wp:term":[{"taxonomy":"product_brand","embeddable":true,"href":"https:\/\/www.icon-icon.com\/en\/wp-json\/wp\/v2\/product_brand?post=60857"},{"taxonomy":"product_cat","embeddable":true,"href":"https:\/\/www.icon-icon.com\/en\/wp-json\/wp\/v2\/product_cat?post=60857"},{"taxonomy":"product_tag","embeddable":true,"href":"https:\/\/www.icon-icon.com\/en\/wp-json\/wp\/v2\/product_tag?post=60857"}],"curies":[{"name":"wp","href":"https:\/\/api.w.org\/{rel}","templated":true}]}}