


{"id":59851,"date":"2021-11-12T15:41:20","date_gmt":"2021-11-12T14:41:20","guid":{"rendered":"https:\/\/www.icon-icon.com\/?post_type=product&#038;p=59851"},"modified":"2021-11-12T15:43:31","modified_gmt":"2021-11-12T14:43:31","slug":"chateau-belair-monange-2020","status":"publish","type":"product","link":"https:\/\/www.icon-icon.com\/en\/produit\/chateau-belair-monange-2020\/","title":{"rendered":"Ch\u00e2teau Belair-Monange 2020"},"content":{"rendered":"","protected":false},"excerpt":{"rendered":"<div dir=\"ltr\">\n<div class=\"gmail_quote\">\n<div dir=\"auto\">\n<div>\n<p class=\"p1\"><strong>Icon-Icon Opinion : <\/strong><\/p>\n<p class=\"p1\">A wine of an exceptional quality, the Saint-Emilion Ch\u00e2teau Belair-Monange combines the expressions of the most exclusive Saint-Emilion terroirs. The presence of limestone gives it freshness and d\u00e9licatesse while, at the same time, emphasising its aromatic range, whereas the blue clay gives it intensity, length, and all its elegance.<span class=\"Apple-converted-space\">\u00a0<\/span><\/p>\n<\/div>\n<div>\n<p class=\"p1\"><b>Name of the Product : <\/b>Saint-\u00c9milion Grand Cru<\/p>\n<p class=\"p1\"><b>Brand : <\/b>Ch\u00e2teau Belair-Monange<\/p>\n<p class=\"p1\"><b>Description :\u00a0<\/b>It is in homage to Anne-Ad\u00e8le Monange, mother of Jean-Pierre Moueix and first woman of the family established in Saint-\u00c9milion in 1931, that Ch\u00e2teau B\u00e9lair was renamed Ch\u00e2teau B\u00e9lair-Monange in 2008.<\/p>\n<p>&nbsp;<\/p>\n<\/div>\n<\/div>\n<\/div>\n<\/div>\n","protected":false},"featured_media":0,"template":"","meta":{"_acf_changed":false},"product_brand":[],"product_cat":[24513,24509,24621,23619],"product_tag":[24730,22284,24702],"class_list":{"0":"post-59851","1":"product","2":"type-product","3":"status-publish","5":"product_cat-grands-crus-b-class","6":"product_cat-saint-emilions-en","7":"product_cat-wines","8":"product_cat-wines-spirits-and-gastronomy","9":"product_tag-chateau-belair-monange","10":"product_tag-luxury-en","11":"product_tag-premiers-grands-crus-classes-b","13":"first","14":"instock","15":"product-type-external"},"acf":[],"yoast_head":"<!-- This site is optimized with the Yoast SEO plugin v27.2 - https:\/\/yoast.com\/product\/yoast-seo-wordpress\/ -->\n<title>Ch\u00e2teau Belair-Monange 2020 - ICON-ICON<\/title>\n<meta name=\"robots\" content=\"index, follow, max-snippet:-1, max-image-preview:large, max-video-preview:-1\" \/>\n<link rel=\"canonical\" href=\"https:\/\/www.icon-icon.com\/en\/produit\/chateau-belair-monange-2020\/\" \/>\n<meta property=\"og:locale\" content=\"en_US\" \/>\n<meta property=\"og:type\" content=\"article\" \/>\n<meta property=\"og:title\" content=\"Ch\u00e2teau Belair-Monange 2020 - ICON-ICON\" \/>\n<meta property=\"og:description\" content=\"Icon-Icon Opinion :  A wine of an exceptional quality, the Saint-Emilion Ch\u00e2teau Belair-Monange combines the expressions of the most exclusive Saint-Emilion terroirs. The presence of limestone gives it freshness and d\u00e9licatesse while, at the same time, emphasising its aromatic range, whereas the blue clay gives it intensity, length, and all its elegance.\u00a0    Name of the Product : Saint-\u00c9milion Grand Cru Brand : Ch\u00e2teau Belair-Monange Description :\u00a0It is in homage to Anne-Ad\u00e8le Monange, mother of Jean-Pierre Moueix and first woman of the family established in Saint-\u00c9milion in 1931, that Ch\u00e2teau B\u00e9lair was renamed Ch\u00e2teau B\u00e9lair-Monange in 2008. &nbsp;\" \/>\n<meta property=\"og:url\" content=\"https:\/\/www.icon-icon.com\/en\/produit\/chateau-belair-monange-2020\/\" \/>\n<meta property=\"og:site_name\" content=\"ICON-ICON\" \/>\n<meta property=\"article:modified_time\" content=\"2021-11-12T14:43:31+00:00\" \/>\n<meta name=\"twitter:card\" content=\"summary_large_image\" \/>\n<script type=\"application\/ld+json\" class=\"yoast-schema-graph\">{\"@context\":\"https:\/\/schema.org\",\"@graph\":[{\"@type\":\"WebPage\",\"@id\":\"https:\/\/www.icon-icon.com\/en\/produit\/chateau-belair-monange-2020\/\",\"url\":\"https:\/\/www.icon-icon.com\/en\/produit\/chateau-belair-monange-2020\/\",\"name\":\"Ch\u00e2teau Belair-Monange 2020 - ICON-ICON\",\"isPartOf\":{\"@id\":\"https:\/\/www.icon-icon.com\/#website\"},\"datePublished\":\"2021-11-12T14:41:20+00:00\",\"dateModified\":\"2021-11-12T14:43:31+00:00\",\"breadcrumb\":{\"@id\":\"https:\/\/www.icon-icon.com\/en\/produit\/chateau-belair-monange-2020\/#breadcrumb\"},\"inLanguage\":\"en-US\",\"potentialAction\":[{\"@type\":\"ReadAction\",\"target\":[\"https:\/\/www.icon-icon.com\/en\/produit\/chateau-belair-monange-2020\/\"]}]},{\"@type\":\"BreadcrumbList\",\"@id\":\"https:\/\/www.icon-icon.com\/en\/produit\/chateau-belair-monange-2020\/#breadcrumb\",\"itemListElement\":[{\"@type\":\"ListItem\",\"position\":1,\"name\":\"Accueil\",\"item\":\"https:\/\/www.icon-icon.com\/en\/\"},{\"@type\":\"ListItem\",\"position\":2,\"name\":\"Shop\",\"item\":\"https:\/\/www.icon-icon.com\/en\/shop-2\/\"},{\"@type\":\"ListItem\",\"position\":3,\"name\":\"Ch\u00e2teau Belair-Monange 2020\"}]},{\"@type\":\"WebSite\",\"@id\":\"https:\/\/www.icon-icon.com\/#website\",\"url\":\"https:\/\/www.icon-icon.com\/\",\"name\":\"ICON-ICON\",\"description\":\"Luxury Stories\",\"potentialAction\":[{\"@type\":\"SearchAction\",\"target\":{\"@type\":\"EntryPoint\",\"urlTemplate\":\"https:\/\/www.icon-icon.com\/?s={search_term_string}\"},\"query-input\":{\"@type\":\"PropertyValueSpecification\",\"valueRequired\":true,\"valueName\":\"search_term_string\"}}],\"inLanguage\":\"en-US\"}]}<\/script>\n<!-- \/ Yoast SEO plugin. -->","yoast_head_json":{"title":"Ch\u00e2teau Belair-Monange 2020 - ICON-ICON","robots":{"index":"index","follow":"follow","max-snippet":"max-snippet:-1","max-image-preview":"max-image-preview:large","max-video-preview":"max-video-preview:-1"},"canonical":"https:\/\/www.icon-icon.com\/en\/produit\/chateau-belair-monange-2020\/","og_locale":"en_US","og_type":"article","og_title":"Ch\u00e2teau Belair-Monange 2020 - ICON-ICON","og_description":"Icon-Icon Opinion :  A wine of an exceptional quality, the Saint-Emilion Ch\u00e2teau Belair-Monange combines the expressions of the most exclusive Saint-Emilion terroirs. The presence of limestone gives it freshness and d\u00e9licatesse while, at the same time, emphasising its aromatic range, whereas the blue clay gives it intensity, length, and all its elegance.\u00a0    Name of the Product : Saint-\u00c9milion Grand Cru Brand : Ch\u00e2teau Belair-Monange Description :\u00a0It is in homage to Anne-Ad\u00e8le Monange, mother of Jean-Pierre Moueix and first woman of the family established in Saint-\u00c9milion in 1931, that Ch\u00e2teau B\u00e9lair was renamed Ch\u00e2teau B\u00e9lair-Monange in 2008. &nbsp;","og_url":"https:\/\/www.icon-icon.com\/en\/produit\/chateau-belair-monange-2020\/","og_site_name":"ICON-ICON","article_modified_time":"2021-11-12T14:43:31+00:00","twitter_card":"summary_large_image","schema":{"@context":"https:\/\/schema.org","@graph":[{"@type":"WebPage","@id":"https:\/\/www.icon-icon.com\/en\/produit\/chateau-belair-monange-2020\/","url":"https:\/\/www.icon-icon.com\/en\/produit\/chateau-belair-monange-2020\/","name":"Ch\u00e2teau Belair-Monange 2020 - ICON-ICON","isPartOf":{"@id":"https:\/\/www.icon-icon.com\/#website"},"datePublished":"2021-11-12T14:41:20+00:00","dateModified":"2021-11-12T14:43:31+00:00","breadcrumb":{"@id":"https:\/\/www.icon-icon.com\/en\/produit\/chateau-belair-monange-2020\/#breadcrumb"},"inLanguage":"en-US","potentialAction":[{"@type":"ReadAction","target":["https:\/\/www.icon-icon.com\/en\/produit\/chateau-belair-monange-2020\/"]}]},{"@type":"BreadcrumbList","@id":"https:\/\/www.icon-icon.com\/en\/produit\/chateau-belair-monange-2020\/#breadcrumb","itemListElement":[{"@type":"ListItem","position":1,"name":"Accueil","item":"https:\/\/www.icon-icon.com\/en\/"},{"@type":"ListItem","position":2,"name":"Shop","item":"https:\/\/www.icon-icon.com\/en\/shop-2\/"},{"@type":"ListItem","position":3,"name":"Ch\u00e2teau Belair-Monange 2020"}]},{"@type":"WebSite","@id":"https:\/\/www.icon-icon.com\/#website","url":"https:\/\/www.icon-icon.com\/","name":"ICON-ICON","description":"Luxury Stories","potentialAction":[{"@type":"SearchAction","target":{"@type":"EntryPoint","urlTemplate":"https:\/\/www.icon-icon.com\/?s={search_term_string}"},"query-input":{"@type":"PropertyValueSpecification","valueRequired":true,"valueName":"search_term_string"}}],"inLanguage":"en-US"}]}},"_links":{"self":[{"href":"https:\/\/www.icon-icon.com\/en\/wp-json\/wp\/v2\/product\/59851","targetHints":{"allow":["GET"]}}],"collection":[{"href":"https:\/\/www.icon-icon.com\/en\/wp-json\/wp\/v2\/product"}],"about":[{"href":"https:\/\/www.icon-icon.com\/en\/wp-json\/wp\/v2\/types\/product"}],"wp:attachment":[{"href":"https:\/\/www.icon-icon.com\/en\/wp-json\/wp\/v2\/media?parent=59851"}],"wp:term":[{"taxonomy":"product_brand","embeddable":true,"href":"https:\/\/www.icon-icon.com\/en\/wp-json\/wp\/v2\/product_brand?post=59851"},{"taxonomy":"product_cat","embeddable":true,"href":"https:\/\/www.icon-icon.com\/en\/wp-json\/wp\/v2\/product_cat?post=59851"},{"taxonomy":"product_tag","embeddable":true,"href":"https:\/\/www.icon-icon.com\/en\/wp-json\/wp\/v2\/product_tag?post=59851"}],"curies":[{"name":"wp","href":"https:\/\/api.w.org\/{rel}","templated":true}]}}