


{"id":59805,"date":"2021-11-12T17:31:11","date_gmt":"2021-11-12T16:31:11","guid":{"rendered":"https:\/\/www.icon-icon.com\/?post_type=product&#038;p=59805"},"modified":"2021-11-12T17:34:05","modified_gmt":"2021-11-12T16:34:05","slug":"chateau-canon-la-gaffeliere-2020","status":"publish","type":"product","link":"https:\/\/www.icon-icon.com\/en\/produit\/chateau-canon-la-gaffeliere-2020\/","title":{"rendered":"Ch\u00e2teau Canon la Gaffeli\u00e8re 2020"},"content":{"rendered":"","protected":false},"excerpt":{"rendered":"<div dir=\"ltr\">\n<div class=\"gmail_quote\">\n<div dir=\"auto\">\n<div>\n<p class=\"p1\"><strong>Icon-Icon Opinion : <\/strong><\/p>\n<p class=\"p1\">The most elegant, the most noble, and a wine whose thus described character is one of the most underlined ones of the Saint-Emilion variety, the Ch\u00e2teau Canon la Gaffeli\u00e8re offers a wine of a vast generosity, calling for a collective appreciation of unforgettable moments.<\/p>\n<\/div>\n<div>\n<p class=\"p1\"><b>Name of the Product : <\/b>Saint-\u00c9milion Grand Cru<\/p>\n<p class=\"p1\"><b>Brand : <\/b>Ch\u00e2teau Canon la Gaffeli\u00e8re<\/p>\n<p class=\"p1\"><b>Description :\u00a0<\/b>This prestigious chateau signs a very fine vintage. The Canon la-Gaffeli\u00e8re vineyard is located on the south coast of Saint-Emilion with excellent exposure. The old vines, around 50 years old, come from clay-limestone and clay-sandy soils which constitute a complex and exceptional terroir. From this terroir and the know-how of Stephan Von Neipperg results a wine of remarkable structure, always elegant and racy, with a very good length in the mouth. The wine is aged for 16 months in barrels, 50% of which are new. Intense aromas of blackcurrant, stewed blueberry and rose petal, mingle with sweet wood spices and the minerality of the soil. Its originality provides remarkable sensations!<\/p>\n<\/div>\n<\/div>\n<\/div>\n<\/div>\n","protected":false},"featured_media":0,"template":"","meta":{"_acf_changed":false},"product_brand":[],"product_cat":[24513,24509,24621,23619],"product_tag":[24705,22284,24702],"class_list":{"0":"post-59805","1":"product","2":"type-product","3":"status-publish","5":"product_cat-grands-crus-b-class","6":"product_cat-saint-emilions-en","7":"product_cat-wines","8":"product_cat-wines-spirits-and-gastronomy","9":"product_tag-chateau-canon-la-gaffeliere","10":"product_tag-luxury-en","11":"product_tag-premiers-grands-crus-classes-b","13":"first","14":"instock","15":"product-type-external"},"acf":[],"yoast_head":"<!-- This site is optimized with the Yoast SEO plugin v27.2 - https:\/\/yoast.com\/product\/yoast-seo-wordpress\/ -->\n<title>Ch\u00e2teau Canon la Gaffeli\u00e8re 2020 - ICON-ICON<\/title>\n<meta name=\"robots\" content=\"index, follow, max-snippet:-1, max-image-preview:large, max-video-preview:-1\" \/>\n<link rel=\"canonical\" href=\"https:\/\/www.icon-icon.com\/en\/produit\/chateau-canon-la-gaffeliere-2020\/\" \/>\n<meta property=\"og:locale\" content=\"en_US\" \/>\n<meta property=\"og:type\" content=\"article\" \/>\n<meta property=\"og:title\" content=\"Ch\u00e2teau Canon la Gaffeli\u00e8re 2020 - ICON-ICON\" \/>\n<meta property=\"og:description\" content=\"Icon-Icon Opinion :  The most elegant, the most noble, and a wine whose thus described character is one of the most underlined ones of the Saint-Emilion variety, the Ch\u00e2teau Canon la Gaffeli\u00e8re offers a wine of a vast generosity, calling for a collective appreciation of unforgettable moments.    Name of the Product : Saint-\u00c9milion Grand Cru Brand : Ch\u00e2teau Canon la Gaffeli\u00e8re Description :\u00a0This prestigious chateau signs a very fine vintage. The Canon la-Gaffeli\u00e8re vineyard is located on the south coast of Saint-Emilion with excellent exposure. The old vines, around 50 years old, come from clay-limestone and clay-sandy soils which constitute a complex and exceptional terroir. From this terroir and the know-how of Stephan Von Neipperg results a wine of remarkable structure, always elegant and racy, with a very good length in the mouth. The wine is aged for 16 months in barrels, 50% of which are new. Intense aromas of blackcurrant, stewed blueberry and rose petal, mingle with sweet wood spices and the minerality of the soil. Its originality provides remarkable sensations!\" \/>\n<meta property=\"og:url\" content=\"https:\/\/www.icon-icon.com\/en\/produit\/chateau-canon-la-gaffeliere-2020\/\" \/>\n<meta property=\"og:site_name\" content=\"ICON-ICON\" \/>\n<meta property=\"article:modified_time\" content=\"2021-11-12T16:34:05+00:00\" \/>\n<meta name=\"twitter:card\" content=\"summary_large_image\" \/>\n<script type=\"application\/ld+json\" class=\"yoast-schema-graph\">{\"@context\":\"https:\/\/schema.org\",\"@graph\":[{\"@type\":\"WebPage\",\"@id\":\"https:\/\/www.icon-icon.com\/en\/produit\/chateau-canon-la-gaffeliere-2020\/\",\"url\":\"https:\/\/www.icon-icon.com\/en\/produit\/chateau-canon-la-gaffeliere-2020\/\",\"name\":\"Ch\u00e2teau Canon la Gaffeli\u00e8re 2020 - ICON-ICON\",\"isPartOf\":{\"@id\":\"https:\/\/www.icon-icon.com\/#website\"},\"datePublished\":\"2021-11-12T16:31:11+00:00\",\"dateModified\":\"2021-11-12T16:34:05+00:00\",\"breadcrumb\":{\"@id\":\"https:\/\/www.icon-icon.com\/en\/produit\/chateau-canon-la-gaffeliere-2020\/#breadcrumb\"},\"inLanguage\":\"en-US\",\"potentialAction\":[{\"@type\":\"ReadAction\",\"target\":[\"https:\/\/www.icon-icon.com\/en\/produit\/chateau-canon-la-gaffeliere-2020\/\"]}]},{\"@type\":\"BreadcrumbList\",\"@id\":\"https:\/\/www.icon-icon.com\/en\/produit\/chateau-canon-la-gaffeliere-2020\/#breadcrumb\",\"itemListElement\":[{\"@type\":\"ListItem\",\"position\":1,\"name\":\"Accueil\",\"item\":\"https:\/\/www.icon-icon.com\/en\/\"},{\"@type\":\"ListItem\",\"position\":2,\"name\":\"Shop\",\"item\":\"https:\/\/www.icon-icon.com\/en\/shop-2\/\"},{\"@type\":\"ListItem\",\"position\":3,\"name\":\"Ch\u00e2teau Canon la Gaffeli\u00e8re 2020\"}]},{\"@type\":\"WebSite\",\"@id\":\"https:\/\/www.icon-icon.com\/#website\",\"url\":\"https:\/\/www.icon-icon.com\/\",\"name\":\"ICON-ICON\",\"description\":\"Luxury Stories\",\"potentialAction\":[{\"@type\":\"SearchAction\",\"target\":{\"@type\":\"EntryPoint\",\"urlTemplate\":\"https:\/\/www.icon-icon.com\/?s={search_term_string}\"},\"query-input\":{\"@type\":\"PropertyValueSpecification\",\"valueRequired\":true,\"valueName\":\"search_term_string\"}}],\"inLanguage\":\"en-US\"}]}<\/script>\n<!-- \/ Yoast SEO plugin. -->","yoast_head_json":{"title":"Ch\u00e2teau Canon la Gaffeli\u00e8re 2020 - ICON-ICON","robots":{"index":"index","follow":"follow","max-snippet":"max-snippet:-1","max-image-preview":"max-image-preview:large","max-video-preview":"max-video-preview:-1"},"canonical":"https:\/\/www.icon-icon.com\/en\/produit\/chateau-canon-la-gaffeliere-2020\/","og_locale":"en_US","og_type":"article","og_title":"Ch\u00e2teau Canon la Gaffeli\u00e8re 2020 - ICON-ICON","og_description":"Icon-Icon Opinion :  The most elegant, the most noble, and a wine whose thus described character is one of the most underlined ones of the Saint-Emilion variety, the Ch\u00e2teau Canon la Gaffeli\u00e8re offers a wine of a vast generosity, calling for a collective appreciation of unforgettable moments.    Name of the Product : Saint-\u00c9milion Grand Cru Brand : Ch\u00e2teau Canon la Gaffeli\u00e8re Description :\u00a0This prestigious chateau signs a very fine vintage. The Canon la-Gaffeli\u00e8re vineyard is located on the south coast of Saint-Emilion with excellent exposure. The old vines, around 50 years old, come from clay-limestone and clay-sandy soils which constitute a complex and exceptional terroir. From this terroir and the know-how of Stephan Von Neipperg results a wine of remarkable structure, always elegant and racy, with a very good length in the mouth. The wine is aged for 16 months in barrels, 50% of which are new. Intense aromas of blackcurrant, stewed blueberry and rose petal, mingle with sweet wood spices and the minerality of the soil. Its originality provides remarkable sensations!","og_url":"https:\/\/www.icon-icon.com\/en\/produit\/chateau-canon-la-gaffeliere-2020\/","og_site_name":"ICON-ICON","article_modified_time":"2021-11-12T16:34:05+00:00","twitter_card":"summary_large_image","schema":{"@context":"https:\/\/schema.org","@graph":[{"@type":"WebPage","@id":"https:\/\/www.icon-icon.com\/en\/produit\/chateau-canon-la-gaffeliere-2020\/","url":"https:\/\/www.icon-icon.com\/en\/produit\/chateau-canon-la-gaffeliere-2020\/","name":"Ch\u00e2teau Canon la Gaffeli\u00e8re 2020 - ICON-ICON","isPartOf":{"@id":"https:\/\/www.icon-icon.com\/#website"},"datePublished":"2021-11-12T16:31:11+00:00","dateModified":"2021-11-12T16:34:05+00:00","breadcrumb":{"@id":"https:\/\/www.icon-icon.com\/en\/produit\/chateau-canon-la-gaffeliere-2020\/#breadcrumb"},"inLanguage":"en-US","potentialAction":[{"@type":"ReadAction","target":["https:\/\/www.icon-icon.com\/en\/produit\/chateau-canon-la-gaffeliere-2020\/"]}]},{"@type":"BreadcrumbList","@id":"https:\/\/www.icon-icon.com\/en\/produit\/chateau-canon-la-gaffeliere-2020\/#breadcrumb","itemListElement":[{"@type":"ListItem","position":1,"name":"Accueil","item":"https:\/\/www.icon-icon.com\/en\/"},{"@type":"ListItem","position":2,"name":"Shop","item":"https:\/\/www.icon-icon.com\/en\/shop-2\/"},{"@type":"ListItem","position":3,"name":"Ch\u00e2teau Canon la Gaffeli\u00e8re 2020"}]},{"@type":"WebSite","@id":"https:\/\/www.icon-icon.com\/#website","url":"https:\/\/www.icon-icon.com\/","name":"ICON-ICON","description":"Luxury Stories","potentialAction":[{"@type":"SearchAction","target":{"@type":"EntryPoint","urlTemplate":"https:\/\/www.icon-icon.com\/?s={search_term_string}"},"query-input":{"@type":"PropertyValueSpecification","valueRequired":true,"valueName":"search_term_string"}}],"inLanguage":"en-US"}]}},"_links":{"self":[{"href":"https:\/\/www.icon-icon.com\/en\/wp-json\/wp\/v2\/product\/59805","targetHints":{"allow":["GET"]}}],"collection":[{"href":"https:\/\/www.icon-icon.com\/en\/wp-json\/wp\/v2\/product"}],"about":[{"href":"https:\/\/www.icon-icon.com\/en\/wp-json\/wp\/v2\/types\/product"}],"wp:attachment":[{"href":"https:\/\/www.icon-icon.com\/en\/wp-json\/wp\/v2\/media?parent=59805"}],"wp:term":[{"taxonomy":"product_brand","embeddable":true,"href":"https:\/\/www.icon-icon.com\/en\/wp-json\/wp\/v2\/product_brand?post=59805"},{"taxonomy":"product_cat","embeddable":true,"href":"https:\/\/www.icon-icon.com\/en\/wp-json\/wp\/v2\/product_cat?post=59805"},{"taxonomy":"product_tag","embeddable":true,"href":"https:\/\/www.icon-icon.com\/en\/wp-json\/wp\/v2\/product_tag?post=59805"}],"curies":[{"name":"wp","href":"https:\/\/api.w.org\/{rel}","templated":true}]}}