


{"id":59795,"date":"2021-11-12T14:32:59","date_gmt":"2021-11-12T13:32:59","guid":{"rendered":"https:\/\/www.icon-icon.com\/?post_type=product&#038;p=59795"},"modified":"2021-11-17T13:26:58","modified_gmt":"2021-11-17T12:26:58","slug":"chateau-cheval-blanc","status":"publish","type":"product","link":"https:\/\/www.icon-icon.com\/en\/produit\/chateau-cheval-blanc\/","title":{"rendered":"Ch\u00e2teau Cheval Blanc"},"content":{"rendered":"","protected":false},"excerpt":{"rendered":"<div dir=\"ltr\">\n<div class=\"gmail_quote\">\n<div dir=\"auto\">\n<div>\n<p class=\"p1\"><strong>Icon-Icon Opinion :<\/strong><\/p>\n<p class=\"p1\">A prestigious estate delivering one of the most sought after wines in the world; the 2010 Saint-Emilion from Ch\u00e2teau Cheval Blanc\u2019s character is entirely exceptional. It\u2019s from its blend, which mixes with the merlot a 60% amount of cabernet franc, allowed by Master Cellar Pierre Lurton\u2019s virtuosity, that it draws all its refinement.<\/p>\n<\/div>\n<div>\n<p class=\"p1\"><b>Name of the Product :\u00a0<\/b> Saint-\u00c9milion Grand Cru<\/p>\n<p class=\"p1\"><b>Brand : <\/b>Ch\u00e2teau Cheval Blanc<\/p>\n<p class=\"p1\"><b>Description : <\/b>Should we still present Ch\u00e2teau Cheval Blanc? This famous cru, the most famous of the Saint-Emilion Grand Cru, and one of the most famous French wines in the world, has built an unfailing reputation since the second half of the 20th century thanks to its exemplary consistency. The Ch\u00e2teau signs a legendary and unforgettable 2010 vintage with considerable aging potential. With a perfect combination of freshness, concentration and finesse, this wine is quite simply extraordinary !!<\/p>\n<\/div>\n<\/div>\n<\/div>\n<\/div>\n","protected":false},"featured_media":60443,"template":"","meta":{"_acf_changed":false},"product_brand":[],"product_cat":[24511,24509,24621,23619],"product_tag":[24699,24692,22284,24693],"class_list":{"0":"post-59795","1":"product","2":"type-product","3":"status-publish","4":"has-post-thumbnail","6":"product_cat-grands-crus-a-class","7":"product_cat-saint-emilions-en","8":"product_cat-wines","9":"product_cat-wines-spirits-and-gastronomy","10":"product_tag-chateau-cheval-blanc","11":"product_tag-grands-crus-a-class","12":"product_tag-luxury-en","13":"product_tag-saint-emilion","15":"first","16":"instock","17":"product-type-external"},"acf":[],"yoast_head":"<!-- This site is optimized with the Yoast SEO plugin v27.2 - https:\/\/yoast.com\/product\/yoast-seo-wordpress\/ -->\n<title>Ch\u00e2teau Cheval Blanc - ICON-ICON<\/title>\n<meta name=\"robots\" content=\"index, follow, max-snippet:-1, max-image-preview:large, max-video-preview:-1\" \/>\n<link rel=\"canonical\" href=\"https:\/\/www.icon-icon.com\/en\/produit\/chateau-cheval-blanc\/\" \/>\n<meta property=\"og:locale\" content=\"en_US\" \/>\n<meta property=\"og:type\" content=\"article\" \/>\n<meta property=\"og:title\" content=\"Ch\u00e2teau Cheval Blanc - ICON-ICON\" \/>\n<meta property=\"og:description\" content=\"Icon-Icon Opinion : A prestigious estate delivering one of the most sought after wines in the world; the 2010 Saint-Emilion from Ch\u00e2teau Cheval Blanc\u2019s character is entirely exceptional. It\u2019s from its blend, which mixes with the merlot a 60% amount of cabernet franc, allowed by Master Cellar Pierre Lurton\u2019s virtuosity, that it draws all its refinement.    Name of the Product :\u00a0 Saint-\u00c9milion Grand Cru Brand : Ch\u00e2teau Cheval Blanc Description : Should we still present Ch\u00e2teau Cheval Blanc? This famous cru, the most famous of the Saint-Emilion Grand Cru, and one of the most famous French wines in the world, has built an unfailing reputation since the second half of the 20th century thanks to its exemplary consistency. The Ch\u00e2teau signs a legendary and unforgettable 2010 vintage with considerable aging potential. With a perfect combination of freshness, concentration and finesse, this wine is quite simply extraordinary !!\" \/>\n<meta property=\"og:url\" content=\"https:\/\/www.icon-icon.com\/en\/produit\/chateau-cheval-blanc\/\" \/>\n<meta property=\"og:site_name\" content=\"ICON-ICON\" \/>\n<meta property=\"article:modified_time\" content=\"2021-11-17T12:26:58+00:00\" \/>\n<meta property=\"og:image\" content=\"https:\/\/www.icon-icon.com\/wp-content\/uploads\/2021\/11\/cheval-4.jpg\" \/>\n\t<meta property=\"og:image:width\" content=\"582\" \/>\n\t<meta property=\"og:image:height\" content=\"604\" \/>\n\t<meta property=\"og:image:type\" content=\"image\/jpeg\" \/>\n<meta name=\"twitter:card\" content=\"summary_large_image\" \/>\n<script type=\"application\/ld+json\" class=\"yoast-schema-graph\">{\"@context\":\"https:\/\/schema.org\",\"@graph\":[{\"@type\":\"WebPage\",\"@id\":\"https:\/\/www.icon-icon.com\/en\/produit\/chateau-cheval-blanc\/\",\"url\":\"https:\/\/www.icon-icon.com\/en\/produit\/chateau-cheval-blanc\/\",\"name\":\"Ch\u00e2teau Cheval Blanc - ICON-ICON\",\"isPartOf\":{\"@id\":\"https:\/\/www.icon-icon.com\/#website\"},\"primaryImageOfPage\":{\"@id\":\"https:\/\/www.icon-icon.com\/en\/produit\/chateau-cheval-blanc\/#primaryimage\"},\"image\":{\"@id\":\"https:\/\/www.icon-icon.com\/en\/produit\/chateau-cheval-blanc\/#primaryimage\"},\"thumbnailUrl\":\"https:\/\/www.icon-icon.com\/wp-content\/uploads\/2021\/11\/cheval-4.jpg\",\"datePublished\":\"2021-11-12T13:32:59+00:00\",\"dateModified\":\"2021-11-17T12:26:58+00:00\",\"breadcrumb\":{\"@id\":\"https:\/\/www.icon-icon.com\/en\/produit\/chateau-cheval-blanc\/#breadcrumb\"},\"inLanguage\":\"en-US\",\"potentialAction\":[{\"@type\":\"ReadAction\",\"target\":[\"https:\/\/www.icon-icon.com\/en\/produit\/chateau-cheval-blanc\/\"]}]},{\"@type\":\"ImageObject\",\"inLanguage\":\"en-US\",\"@id\":\"https:\/\/www.icon-icon.com\/en\/produit\/chateau-cheval-blanc\/#primaryimage\",\"url\":\"https:\/\/www.icon-icon.com\/wp-content\/uploads\/2021\/11\/cheval-4.jpg\",\"contentUrl\":\"https:\/\/www.icon-icon.com\/wp-content\/uploads\/2021\/11\/cheval-4.jpg\",\"width\":582,\"height\":604},{\"@type\":\"BreadcrumbList\",\"@id\":\"https:\/\/www.icon-icon.com\/en\/produit\/chateau-cheval-blanc\/#breadcrumb\",\"itemListElement\":[{\"@type\":\"ListItem\",\"position\":1,\"name\":\"Accueil\",\"item\":\"https:\/\/www.icon-icon.com\/en\/\"},{\"@type\":\"ListItem\",\"position\":2,\"name\":\"Shop\",\"item\":\"https:\/\/www.icon-icon.com\/en\/shop-2\/\"},{\"@type\":\"ListItem\",\"position\":3,\"name\":\"Ch\u00e2teau Cheval Blanc\"}]},{\"@type\":\"WebSite\",\"@id\":\"https:\/\/www.icon-icon.com\/#website\",\"url\":\"https:\/\/www.icon-icon.com\/\",\"name\":\"ICON-ICON\",\"description\":\"Luxury Stories\",\"potentialAction\":[{\"@type\":\"SearchAction\",\"target\":{\"@type\":\"EntryPoint\",\"urlTemplate\":\"https:\/\/www.icon-icon.com\/?s={search_term_string}\"},\"query-input\":{\"@type\":\"PropertyValueSpecification\",\"valueRequired\":true,\"valueName\":\"search_term_string\"}}],\"inLanguage\":\"en-US\"}]}<\/script>\n<!-- \/ Yoast SEO plugin. -->","yoast_head_json":{"title":"Ch\u00e2teau Cheval Blanc - ICON-ICON","robots":{"index":"index","follow":"follow","max-snippet":"max-snippet:-1","max-image-preview":"max-image-preview:large","max-video-preview":"max-video-preview:-1"},"canonical":"https:\/\/www.icon-icon.com\/en\/produit\/chateau-cheval-blanc\/","og_locale":"en_US","og_type":"article","og_title":"Ch\u00e2teau Cheval Blanc - ICON-ICON","og_description":"Icon-Icon Opinion : A prestigious estate delivering one of the most sought after wines in the world; the 2010 Saint-Emilion from Ch\u00e2teau Cheval Blanc\u2019s character is entirely exceptional. It\u2019s from its blend, which mixes with the merlot a 60% amount of cabernet franc, allowed by Master Cellar Pierre Lurton\u2019s virtuosity, that it draws all its refinement.    Name of the Product :\u00a0 Saint-\u00c9milion Grand Cru Brand : Ch\u00e2teau Cheval Blanc Description : Should we still present Ch\u00e2teau Cheval Blanc? This famous cru, the most famous of the Saint-Emilion Grand Cru, and one of the most famous French wines in the world, has built an unfailing reputation since the second half of the 20th century thanks to its exemplary consistency. The Ch\u00e2teau signs a legendary and unforgettable 2010 vintage with considerable aging potential. With a perfect combination of freshness, concentration and finesse, this wine is quite simply extraordinary !!","og_url":"https:\/\/www.icon-icon.com\/en\/produit\/chateau-cheval-blanc\/","og_site_name":"ICON-ICON","article_modified_time":"2021-11-17T12:26:58+00:00","og_image":[{"width":582,"height":604,"url":"https:\/\/www.icon-icon.com\/wp-content\/uploads\/2021\/11\/cheval-4.jpg","type":"image\/jpeg"}],"twitter_card":"summary_large_image","schema":{"@context":"https:\/\/schema.org","@graph":[{"@type":"WebPage","@id":"https:\/\/www.icon-icon.com\/en\/produit\/chateau-cheval-blanc\/","url":"https:\/\/www.icon-icon.com\/en\/produit\/chateau-cheval-blanc\/","name":"Ch\u00e2teau Cheval Blanc - ICON-ICON","isPartOf":{"@id":"https:\/\/www.icon-icon.com\/#website"},"primaryImageOfPage":{"@id":"https:\/\/www.icon-icon.com\/en\/produit\/chateau-cheval-blanc\/#primaryimage"},"image":{"@id":"https:\/\/www.icon-icon.com\/en\/produit\/chateau-cheval-blanc\/#primaryimage"},"thumbnailUrl":"https:\/\/www.icon-icon.com\/wp-content\/uploads\/2021\/11\/cheval-4.jpg","datePublished":"2021-11-12T13:32:59+00:00","dateModified":"2021-11-17T12:26:58+00:00","breadcrumb":{"@id":"https:\/\/www.icon-icon.com\/en\/produit\/chateau-cheval-blanc\/#breadcrumb"},"inLanguage":"en-US","potentialAction":[{"@type":"ReadAction","target":["https:\/\/www.icon-icon.com\/en\/produit\/chateau-cheval-blanc\/"]}]},{"@type":"ImageObject","inLanguage":"en-US","@id":"https:\/\/www.icon-icon.com\/en\/produit\/chateau-cheval-blanc\/#primaryimage","url":"https:\/\/www.icon-icon.com\/wp-content\/uploads\/2021\/11\/cheval-4.jpg","contentUrl":"https:\/\/www.icon-icon.com\/wp-content\/uploads\/2021\/11\/cheval-4.jpg","width":582,"height":604},{"@type":"BreadcrumbList","@id":"https:\/\/www.icon-icon.com\/en\/produit\/chateau-cheval-blanc\/#breadcrumb","itemListElement":[{"@type":"ListItem","position":1,"name":"Accueil","item":"https:\/\/www.icon-icon.com\/en\/"},{"@type":"ListItem","position":2,"name":"Shop","item":"https:\/\/www.icon-icon.com\/en\/shop-2\/"},{"@type":"ListItem","position":3,"name":"Ch\u00e2teau Cheval Blanc"}]},{"@type":"WebSite","@id":"https:\/\/www.icon-icon.com\/#website","url":"https:\/\/www.icon-icon.com\/","name":"ICON-ICON","description":"Luxury Stories","potentialAction":[{"@type":"SearchAction","target":{"@type":"EntryPoint","urlTemplate":"https:\/\/www.icon-icon.com\/?s={search_term_string}"},"query-input":{"@type":"PropertyValueSpecification","valueRequired":true,"valueName":"search_term_string"}}],"inLanguage":"en-US"}]}},"_links":{"self":[{"href":"https:\/\/www.icon-icon.com\/en\/wp-json\/wp\/v2\/product\/59795","targetHints":{"allow":["GET"]}}],"collection":[{"href":"https:\/\/www.icon-icon.com\/en\/wp-json\/wp\/v2\/product"}],"about":[{"href":"https:\/\/www.icon-icon.com\/en\/wp-json\/wp\/v2\/types\/product"}],"wp:featuredmedia":[{"embeddable":true,"href":"https:\/\/www.icon-icon.com\/en\/wp-json\/wp\/v2\/media\/60443"}],"wp:attachment":[{"href":"https:\/\/www.icon-icon.com\/en\/wp-json\/wp\/v2\/media?parent=59795"}],"wp:term":[{"taxonomy":"product_brand","embeddable":true,"href":"https:\/\/www.icon-icon.com\/en\/wp-json\/wp\/v2\/product_brand?post=59795"},{"taxonomy":"product_cat","embeddable":true,"href":"https:\/\/www.icon-icon.com\/en\/wp-json\/wp\/v2\/product_cat?post=59795"},{"taxonomy":"product_tag","embeddable":true,"href":"https:\/\/www.icon-icon.com\/en\/wp-json\/wp\/v2\/product_tag?post=59795"}],"curies":[{"name":"wp","href":"https:\/\/api.w.org\/{rel}","templated":true}]}}