


{"id":59764,"date":"2021-11-12T15:11:03","date_gmt":"2021-11-12T14:11:03","guid":{"rendered":"https:\/\/www.icon-icon.com\/?post_type=product&#038;p=59764"},"modified":"2021-11-17T13:32:02","modified_gmt":"2021-11-17T12:32:02","slug":"chateau-ausone-2020","status":"publish","type":"product","link":"https:\/\/www.icon-icon.com\/en\/produit\/chateau-ausone-2020\/","title":{"rendered":"Ch\u00e2teau Ausone 2020"},"content":{"rendered":"","protected":false},"excerpt":{"rendered":"<div dir=\"ltr\">\n<div class=\"gmail_quote\">\n<div dir=\"auto\">\n<div>\n<p class=\"p1\"><strong>Icon-Icon Opinion : <\/strong><\/p>\n<p class=\"p1\">A fascinating wine and a palette of an infinite refinement; Ch\u00e2teau Ausone\u2019s wine transports and marvels like no other. Maybe it\u2019s the fact that the house\u2019s name was borrowed from that of 4th century statesman and philosopher Ausonius that confers this wine its nobility.<\/p>\n<\/div>\n<div>\n<p class=\"p1\"><b>Name of the Product : <\/b>Saint-\u00c9milion Grand Cru<\/p>\n<p class=\"p1\"><b>Brand : <\/b>Ch\u00e2teauAusone<\/p>\n<p class=\"p1\"><b>Description : <\/b>Although legal wrangling between the Vaulthier and Dubois-Challon families may have distracted attention from the wine produced in Ausone at the end of the 20th century, it remains a big hitter in the Bordeaux region among the region&#8217;s top eight brands as named. by Liv-ex.<\/p>\n<p>A few years of inter-family disputes add to the overall picture of a rich wine history on this site, which dates back to Roman Europe. Indeed, Ch\u00e2teau Ausone has been at the top of the tree since the classification of St \u00c9milion in 1955 which named it Premier Grand Cru Class\u00e9, a classification that has remained unchanged for more than half a century.<\/p>\n<\/div>\n<\/div>\n<\/div>\n<\/div>\n","protected":false},"featured_media":60543,"template":"","meta":{"_acf_changed":false},"product_brand":[],"product_cat":[24511,24509,24621,23619],"product_tag":[],"class_list":{"0":"post-59764","1":"product","2":"type-product","3":"status-publish","4":"has-post-thumbnail","6":"product_cat-grands-crus-a-class","7":"product_cat-saint-emilions-en","8":"product_cat-wines","9":"product_cat-wines-spirits-and-gastronomy","11":"first","12":"instock","13":"product-type-external"},"acf":[],"yoast_head":"<!-- This site is optimized with the Yoast SEO plugin v27.2 - https:\/\/yoast.com\/product\/yoast-seo-wordpress\/ -->\n<title>Ch\u00e2teau Ausone 2020 - ICON-ICON<\/title>\n<meta name=\"robots\" content=\"index, follow, max-snippet:-1, max-image-preview:large, max-video-preview:-1\" \/>\n<link rel=\"canonical\" href=\"http:\/\/www.icon-icon.com\/en\/produit\/chateau-ausone-2020\/\" \/>\n<meta property=\"og:locale\" content=\"en_US\" \/>\n<meta property=\"og:type\" content=\"article\" \/>\n<meta property=\"og:title\" content=\"Ch\u00e2teau Ausone 2020 - ICON-ICON\" \/>\n<meta property=\"og:description\" content=\"Icon-Icon Opinion :  A fascinating wine and a palette of an infinite refinement; Ch\u00e2teau Ausone\u2019s wine transports and marvels like no other. Maybe it\u2019s the fact that the house\u2019s name was borrowed from that of 4th century statesman and philosopher Ausonius that confers this wine its nobility.    Name of the Product : Saint-\u00c9milion Grand Cru Brand : Ch\u00e2teauAusone Description : Although legal wrangling between the Vaulthier and Dubois-Challon families may have distracted attention from the wine produced in Ausone at the end of the 20th century, it remains a big hitter in the Bordeaux region among the region&#039;s top eight brands as named. by Liv-ex. A few years of inter-family disputes add to the overall picture of a rich wine history on this site, which dates back to Roman Europe. Indeed, Ch\u00e2teau Ausone has been at the top of the tree since the classification of St \u00c9milion in 1955 which named it Premier Grand Cru Class\u00e9, a classification that has remained unchanged for more than half a century.\" \/>\n<meta property=\"og:url\" content=\"http:\/\/www.icon-icon.com\/en\/produit\/chateau-ausone-2020\/\" \/>\n<meta property=\"og:site_name\" content=\"ICON-ICON\" \/>\n<meta property=\"article:modified_time\" content=\"2021-11-17T12:32:02+00:00\" \/>\n<meta property=\"og:image\" content=\"http:\/\/www.icon-icon.com\/wp-content\/uploads\/2021\/11\/Ausone-1970.jpg\" \/>\n\t<meta property=\"og:image:width\" content=\"499\" \/>\n\t<meta property=\"og:image:height\" content=\"499\" \/>\n\t<meta property=\"og:image:type\" content=\"image\/jpeg\" \/>\n<meta name=\"twitter:card\" content=\"summary_large_image\" \/>\n<script type=\"application\/ld+json\" class=\"yoast-schema-graph\">{\"@context\":\"https:\/\/schema.org\",\"@graph\":[{\"@type\":\"WebPage\",\"@id\":\"http:\/\/www.icon-icon.com\/en\/produit\/chateau-ausone-2020\/\",\"url\":\"http:\/\/www.icon-icon.com\/en\/produit\/chateau-ausone-2020\/\",\"name\":\"Ch\u00e2teau Ausone 2020 - ICON-ICON\",\"isPartOf\":{\"@id\":\"https:\/\/www.icon-icon.com\/#website\"},\"primaryImageOfPage\":{\"@id\":\"http:\/\/www.icon-icon.com\/en\/produit\/chateau-ausone-2020\/#primaryimage\"},\"image\":{\"@id\":\"http:\/\/www.icon-icon.com\/en\/produit\/chateau-ausone-2020\/#primaryimage\"},\"thumbnailUrl\":\"https:\/\/www.icon-icon.com\/wp-content\/uploads\/2021\/11\/Ausone-1970.jpg\",\"datePublished\":\"2021-11-12T14:11:03+00:00\",\"dateModified\":\"2021-11-17T12:32:02+00:00\",\"breadcrumb\":{\"@id\":\"http:\/\/www.icon-icon.com\/en\/produit\/chateau-ausone-2020\/#breadcrumb\"},\"inLanguage\":\"en-US\",\"potentialAction\":[{\"@type\":\"ReadAction\",\"target\":[\"http:\/\/www.icon-icon.com\/en\/produit\/chateau-ausone-2020\/\"]}]},{\"@type\":\"ImageObject\",\"inLanguage\":\"en-US\",\"@id\":\"http:\/\/www.icon-icon.com\/en\/produit\/chateau-ausone-2020\/#primaryimage\",\"url\":\"https:\/\/www.icon-icon.com\/wp-content\/uploads\/2021\/11\/Ausone-1970.jpg\",\"contentUrl\":\"https:\/\/www.icon-icon.com\/wp-content\/uploads\/2021\/11\/Ausone-1970.jpg\",\"width\":499,\"height\":499},{\"@type\":\"BreadcrumbList\",\"@id\":\"http:\/\/www.icon-icon.com\/en\/produit\/chateau-ausone-2020\/#breadcrumb\",\"itemListElement\":[{\"@type\":\"ListItem\",\"position\":1,\"name\":\"Accueil\",\"item\":\"https:\/\/www.icon-icon.com\/en\/\"},{\"@type\":\"ListItem\",\"position\":2,\"name\":\"Shop\",\"item\":\"https:\/\/www.icon-icon.com\/en\/shop-2\/\"},{\"@type\":\"ListItem\",\"position\":3,\"name\":\"Ch\u00e2teau Ausone 2020\"}]},{\"@type\":\"WebSite\",\"@id\":\"https:\/\/www.icon-icon.com\/#website\",\"url\":\"https:\/\/www.icon-icon.com\/\",\"name\":\"ICON-ICON\",\"description\":\"Luxury Stories\",\"potentialAction\":[{\"@type\":\"SearchAction\",\"target\":{\"@type\":\"EntryPoint\",\"urlTemplate\":\"https:\/\/www.icon-icon.com\/?s={search_term_string}\"},\"query-input\":{\"@type\":\"PropertyValueSpecification\",\"valueRequired\":true,\"valueName\":\"search_term_string\"}}],\"inLanguage\":\"en-US\"}]}<\/script>\n<!-- \/ Yoast SEO plugin. -->","yoast_head_json":{"title":"Ch\u00e2teau Ausone 2020 - ICON-ICON","robots":{"index":"index","follow":"follow","max-snippet":"max-snippet:-1","max-image-preview":"max-image-preview:large","max-video-preview":"max-video-preview:-1"},"canonical":"http:\/\/www.icon-icon.com\/en\/produit\/chateau-ausone-2020\/","og_locale":"en_US","og_type":"article","og_title":"Ch\u00e2teau Ausone 2020 - ICON-ICON","og_description":"Icon-Icon Opinion :  A fascinating wine and a palette of an infinite refinement; Ch\u00e2teau Ausone\u2019s wine transports and marvels like no other. Maybe it\u2019s the fact that the house\u2019s name was borrowed from that of 4th century statesman and philosopher Ausonius that confers this wine its nobility.    Name of the Product : Saint-\u00c9milion Grand Cru Brand : Ch\u00e2teauAusone Description : Although legal wrangling between the Vaulthier and Dubois-Challon families may have distracted attention from the wine produced in Ausone at the end of the 20th century, it remains a big hitter in the Bordeaux region among the region's top eight brands as named. by Liv-ex. A few years of inter-family disputes add to the overall picture of a rich wine history on this site, which dates back to Roman Europe. Indeed, Ch\u00e2teau Ausone has been at the top of the tree since the classification of St \u00c9milion in 1955 which named it Premier Grand Cru Class\u00e9, a classification that has remained unchanged for more than half a century.","og_url":"http:\/\/www.icon-icon.com\/en\/produit\/chateau-ausone-2020\/","og_site_name":"ICON-ICON","article_modified_time":"2021-11-17T12:32:02+00:00","og_image":[{"width":499,"height":499,"url":"http:\/\/www.icon-icon.com\/wp-content\/uploads\/2021\/11\/Ausone-1970.jpg","type":"image\/jpeg"}],"twitter_card":"summary_large_image","schema":{"@context":"https:\/\/schema.org","@graph":[{"@type":"WebPage","@id":"http:\/\/www.icon-icon.com\/en\/produit\/chateau-ausone-2020\/","url":"http:\/\/www.icon-icon.com\/en\/produit\/chateau-ausone-2020\/","name":"Ch\u00e2teau Ausone 2020 - ICON-ICON","isPartOf":{"@id":"https:\/\/www.icon-icon.com\/#website"},"primaryImageOfPage":{"@id":"http:\/\/www.icon-icon.com\/en\/produit\/chateau-ausone-2020\/#primaryimage"},"image":{"@id":"http:\/\/www.icon-icon.com\/en\/produit\/chateau-ausone-2020\/#primaryimage"},"thumbnailUrl":"https:\/\/www.icon-icon.com\/wp-content\/uploads\/2021\/11\/Ausone-1970.jpg","datePublished":"2021-11-12T14:11:03+00:00","dateModified":"2021-11-17T12:32:02+00:00","breadcrumb":{"@id":"http:\/\/www.icon-icon.com\/en\/produit\/chateau-ausone-2020\/#breadcrumb"},"inLanguage":"en-US","potentialAction":[{"@type":"ReadAction","target":["http:\/\/www.icon-icon.com\/en\/produit\/chateau-ausone-2020\/"]}]},{"@type":"ImageObject","inLanguage":"en-US","@id":"http:\/\/www.icon-icon.com\/en\/produit\/chateau-ausone-2020\/#primaryimage","url":"https:\/\/www.icon-icon.com\/wp-content\/uploads\/2021\/11\/Ausone-1970.jpg","contentUrl":"https:\/\/www.icon-icon.com\/wp-content\/uploads\/2021\/11\/Ausone-1970.jpg","width":499,"height":499},{"@type":"BreadcrumbList","@id":"http:\/\/www.icon-icon.com\/en\/produit\/chateau-ausone-2020\/#breadcrumb","itemListElement":[{"@type":"ListItem","position":1,"name":"Accueil","item":"https:\/\/www.icon-icon.com\/en\/"},{"@type":"ListItem","position":2,"name":"Shop","item":"https:\/\/www.icon-icon.com\/en\/shop-2\/"},{"@type":"ListItem","position":3,"name":"Ch\u00e2teau Ausone 2020"}]},{"@type":"WebSite","@id":"https:\/\/www.icon-icon.com\/#website","url":"https:\/\/www.icon-icon.com\/","name":"ICON-ICON","description":"Luxury Stories","potentialAction":[{"@type":"SearchAction","target":{"@type":"EntryPoint","urlTemplate":"https:\/\/www.icon-icon.com\/?s={search_term_string}"},"query-input":{"@type":"PropertyValueSpecification","valueRequired":true,"valueName":"search_term_string"}}],"inLanguage":"en-US"}]}},"_links":{"self":[{"href":"https:\/\/www.icon-icon.com\/en\/wp-json\/wp\/v2\/product\/59764","targetHints":{"allow":["GET"]}}],"collection":[{"href":"https:\/\/www.icon-icon.com\/en\/wp-json\/wp\/v2\/product"}],"about":[{"href":"https:\/\/www.icon-icon.com\/en\/wp-json\/wp\/v2\/types\/product"}],"wp:featuredmedia":[{"embeddable":true,"href":"https:\/\/www.icon-icon.com\/en\/wp-json\/wp\/v2\/media\/60543"}],"wp:attachment":[{"href":"https:\/\/www.icon-icon.com\/en\/wp-json\/wp\/v2\/media?parent=59764"}],"wp:term":[{"taxonomy":"product_brand","embeddable":true,"href":"https:\/\/www.icon-icon.com\/en\/wp-json\/wp\/v2\/product_brand?post=59764"},{"taxonomy":"product_cat","embeddable":true,"href":"https:\/\/www.icon-icon.com\/en\/wp-json\/wp\/v2\/product_cat?post=59764"},{"taxonomy":"product_tag","embeddable":true,"href":"https:\/\/www.icon-icon.com\/en\/wp-json\/wp\/v2\/product_tag?post=59764"}],"curies":[{"name":"wp","href":"https:\/\/api.w.org\/{rel}","templated":true}]}}