


{"id":59758,"date":"2021-11-12T10:40:42","date_gmt":"2021-11-12T09:40:42","guid":{"rendered":"https:\/\/www.icon-icon.com\/?post_type=product&#038;p=59758"},"modified":"2021-11-12T10:48:41","modified_gmt":"2021-11-12T09:48:41","slug":"barons-de-rothschild-vintage-2008","status":"publish","type":"product","link":"https:\/\/www.icon-icon.com\/en\/produit\/barons-de-rothschild-vintage-2008\/","title":{"rendered":"Barons de Rothschild Vintage 2008"},"content":{"rendered":"","protected":false},"excerpt":{"rendered":"<div class=\"\">\n<div class=\"gmail_quote\">\n<div class=\"\">\n<div class=\"\">\n<div class=\"\">\n<div class=\"\" dir=\"auto\">\n<div class=\"\">\n<p class=\"p1\"><strong>Icon-Icon Opinion : <\/strong><\/p>\n<p class=\"p1\">Baron de Rothschild\u2019s Vintage 2008 is the fruit of the same year\u2019s remarkably qualitative harvest. Forever in its pursuit of excellence, Maisons Barons de Rothschild delivers a vintage that symbolises refinement, elegance and craftsmanship, which have always been at the heart of the house\u2019s ambitions.<span class=\"Apple-converted-space\">\u00a0<\/span><\/p>\n<\/div>\n<div>\n<p class=\"p1\"><b>Name of the Product :<\/b>\u00a0 Vintage 2008<\/p>\n<p class=\"p1\"><b>Brand : <\/b>Barons de Rothschild<\/p>\n<p class=\"p1\"><b>Description : <\/b>Founded in 2005, the Maison de Barons de Rothschild is a creation of family and heart, resulting from the unprecedented alliance between the three branches (Ch\u00e2teau Mouton Rothschild, Ch\u00e2teau Clarke, Ch\u00e2teau Lafite Rothschild), aiming to magnify the majestic terroir of Champagne which embodies quality and the art of living beyond borders. &#8220;To accomplish themselves through great achievements&#8221;, such has been the ambition for more than 250 years of the Rothschild family which, with the strength of its wine-growing experience in Bordeaux, develops champagnes of excellence at the crossroads of know-how and tradition.<\/p>\n<p>Carrying values \u200b\u200bof excellence, taste and conviviality, the Champagne House Barons de Rothschild, whose head office has been located in Reims since 2007 near illustrious Champagne properties, unveils vintages whose unique style harmoniously blends finesse , balance and purity.<\/p>\n<\/div>\n<\/div>\n<\/div>\n<\/div>\n<\/div>\n<\/div>\n<\/div>\n","protected":false},"featured_media":0,"template":"","meta":{"_acf_changed":false},"product_brand":[],"product_cat":[23621,23629,23619],"product_tag":[24687,24356,22284,24678],"class_list":{"0":"post-59758","1":"product","2":"type-product","3":"status-publish","5":"product_cat-champagne-en","6":"product_cat-millesimes-en","7":"product_cat-wines-spirits-and-gastronomy","8":"product_tag-barons-de-rothschild-vintage-2008","9":"product_tag-champagne-en","10":"product_tag-luxury-en","11":"product_tag-millesimes","13":"first","14":"instock","15":"product-type-external"},"acf":[],"yoast_head":"<!-- This site is optimized with the Yoast SEO plugin v27.2 - https:\/\/yoast.com\/product\/yoast-seo-wordpress\/ -->\n<title>Barons de Rothschild Vintage 2008 - ICON-ICON<\/title>\n<meta name=\"robots\" content=\"index, follow, max-snippet:-1, max-image-preview:large, max-video-preview:-1\" \/>\n<link rel=\"canonical\" href=\"http:\/\/www.icon-icon.com\/en\/produit\/barons-de-rothschild-vintage-2008\/\" \/>\n<meta property=\"og:locale\" content=\"en_US\" \/>\n<meta property=\"og:type\" content=\"article\" \/>\n<meta property=\"og:title\" content=\"Barons de Rothschild Vintage 2008 - ICON-ICON\" \/>\n<meta property=\"og:description\" content=\"Icon-Icon Opinion :  Baron de Rothschild\u2019s Vintage 2008 is the fruit of the same year\u2019s remarkably qualitative harvest. Forever in its pursuit of excellence, Maisons Barons de Rothschild delivers a vintage that symbolises refinement, elegance and craftsmanship, which have always been at the heart of the house\u2019s ambitions.\u00a0    Name of the Product :\u00a0 Vintage 2008 Brand : Barons de Rothschild Description : Founded in 2005, the Maison de Barons de Rothschild is a creation of family and heart, resulting from the unprecedented alliance between the three branches (Ch\u00e2teau Mouton Rothschild, Ch\u00e2teau Clarke, Ch\u00e2teau Lafite Rothschild), aiming to magnify the majestic terroir of Champagne which embodies quality and the art of living beyond borders. &quot;To accomplish themselves through great achievements&quot;, such has been the ambition for more than 250 years of the Rothschild family which, with the strength of its wine-growing experience in Bordeaux, develops champagnes of excellence at the crossroads of know-how and tradition. Carrying values \u200b\u200bof excellence, taste and conviviality, the Champagne House Barons de Rothschild, whose head office has been located in Reims since 2007 near illustrious Champagne properties, unveils vintages whose unique style harmoniously blends finesse , balance and purity.\" \/>\n<meta property=\"og:url\" content=\"http:\/\/www.icon-icon.com\/en\/produit\/barons-de-rothschild-vintage-2008\/\" \/>\n<meta property=\"og:site_name\" content=\"ICON-ICON\" \/>\n<meta property=\"article:modified_time\" content=\"2021-11-12T09:48:41+00:00\" \/>\n<meta name=\"twitter:card\" content=\"summary_large_image\" \/>\n<script type=\"application\/ld+json\" class=\"yoast-schema-graph\">{\"@context\":\"https:\/\/schema.org\",\"@graph\":[{\"@type\":\"WebPage\",\"@id\":\"http:\/\/www.icon-icon.com\/en\/produit\/barons-de-rothschild-vintage-2008\/\",\"url\":\"http:\/\/www.icon-icon.com\/en\/produit\/barons-de-rothschild-vintage-2008\/\",\"name\":\"Barons de Rothschild Vintage 2008 - ICON-ICON\",\"isPartOf\":{\"@id\":\"https:\/\/www.icon-icon.com\/#website\"},\"datePublished\":\"2021-11-12T09:40:42+00:00\",\"dateModified\":\"2021-11-12T09:48:41+00:00\",\"breadcrumb\":{\"@id\":\"http:\/\/www.icon-icon.com\/en\/produit\/barons-de-rothschild-vintage-2008\/#breadcrumb\"},\"inLanguage\":\"en-US\",\"potentialAction\":[{\"@type\":\"ReadAction\",\"target\":[\"http:\/\/www.icon-icon.com\/en\/produit\/barons-de-rothschild-vintage-2008\/\"]}]},{\"@type\":\"BreadcrumbList\",\"@id\":\"http:\/\/www.icon-icon.com\/en\/produit\/barons-de-rothschild-vintage-2008\/#breadcrumb\",\"itemListElement\":[{\"@type\":\"ListItem\",\"position\":1,\"name\":\"Accueil\",\"item\":\"https:\/\/www.icon-icon.com\/en\/\"},{\"@type\":\"ListItem\",\"position\":2,\"name\":\"Shop\",\"item\":\"https:\/\/www.icon-icon.com\/en\/shop-2\/\"},{\"@type\":\"ListItem\",\"position\":3,\"name\":\"Barons de Rothschild Vintage 2008\"}]},{\"@type\":\"WebSite\",\"@id\":\"https:\/\/www.icon-icon.com\/#website\",\"url\":\"https:\/\/www.icon-icon.com\/\",\"name\":\"ICON-ICON\",\"description\":\"Luxury Stories\",\"potentialAction\":[{\"@type\":\"SearchAction\",\"target\":{\"@type\":\"EntryPoint\",\"urlTemplate\":\"https:\/\/www.icon-icon.com\/?s={search_term_string}\"},\"query-input\":{\"@type\":\"PropertyValueSpecification\",\"valueRequired\":true,\"valueName\":\"search_term_string\"}}],\"inLanguage\":\"en-US\"}]}<\/script>\n<!-- \/ Yoast SEO plugin. -->","yoast_head_json":{"title":"Barons de Rothschild Vintage 2008 - ICON-ICON","robots":{"index":"index","follow":"follow","max-snippet":"max-snippet:-1","max-image-preview":"max-image-preview:large","max-video-preview":"max-video-preview:-1"},"canonical":"http:\/\/www.icon-icon.com\/en\/produit\/barons-de-rothschild-vintage-2008\/","og_locale":"en_US","og_type":"article","og_title":"Barons de Rothschild Vintage 2008 - ICON-ICON","og_description":"Icon-Icon Opinion :  Baron de Rothschild\u2019s Vintage 2008 is the fruit of the same year\u2019s remarkably qualitative harvest. Forever in its pursuit of excellence, Maisons Barons de Rothschild delivers a vintage that symbolises refinement, elegance and craftsmanship, which have always been at the heart of the house\u2019s ambitions.\u00a0    Name of the Product :\u00a0 Vintage 2008 Brand : Barons de Rothschild Description : Founded in 2005, the Maison de Barons de Rothschild is a creation of family and heart, resulting from the unprecedented alliance between the three branches (Ch\u00e2teau Mouton Rothschild, Ch\u00e2teau Clarke, Ch\u00e2teau Lafite Rothschild), aiming to magnify the majestic terroir of Champagne which embodies quality and the art of living beyond borders. \"To accomplish themselves through great achievements\", such has been the ambition for more than 250 years of the Rothschild family which, with the strength of its wine-growing experience in Bordeaux, develops champagnes of excellence at the crossroads of know-how and tradition. Carrying values \u200b\u200bof excellence, taste and conviviality, the Champagne House Barons de Rothschild, whose head office has been located in Reims since 2007 near illustrious Champagne properties, unveils vintages whose unique style harmoniously blends finesse , balance and purity.","og_url":"http:\/\/www.icon-icon.com\/en\/produit\/barons-de-rothschild-vintage-2008\/","og_site_name":"ICON-ICON","article_modified_time":"2021-11-12T09:48:41+00:00","twitter_card":"summary_large_image","schema":{"@context":"https:\/\/schema.org","@graph":[{"@type":"WebPage","@id":"http:\/\/www.icon-icon.com\/en\/produit\/barons-de-rothschild-vintage-2008\/","url":"http:\/\/www.icon-icon.com\/en\/produit\/barons-de-rothschild-vintage-2008\/","name":"Barons de Rothschild Vintage 2008 - ICON-ICON","isPartOf":{"@id":"https:\/\/www.icon-icon.com\/#website"},"datePublished":"2021-11-12T09:40:42+00:00","dateModified":"2021-11-12T09:48:41+00:00","breadcrumb":{"@id":"http:\/\/www.icon-icon.com\/en\/produit\/barons-de-rothschild-vintage-2008\/#breadcrumb"},"inLanguage":"en-US","potentialAction":[{"@type":"ReadAction","target":["http:\/\/www.icon-icon.com\/en\/produit\/barons-de-rothschild-vintage-2008\/"]}]},{"@type":"BreadcrumbList","@id":"http:\/\/www.icon-icon.com\/en\/produit\/barons-de-rothschild-vintage-2008\/#breadcrumb","itemListElement":[{"@type":"ListItem","position":1,"name":"Accueil","item":"https:\/\/www.icon-icon.com\/en\/"},{"@type":"ListItem","position":2,"name":"Shop","item":"https:\/\/www.icon-icon.com\/en\/shop-2\/"},{"@type":"ListItem","position":3,"name":"Barons de Rothschild Vintage 2008"}]},{"@type":"WebSite","@id":"https:\/\/www.icon-icon.com\/#website","url":"https:\/\/www.icon-icon.com\/","name":"ICON-ICON","description":"Luxury Stories","potentialAction":[{"@type":"SearchAction","target":{"@type":"EntryPoint","urlTemplate":"https:\/\/www.icon-icon.com\/?s={search_term_string}"},"query-input":{"@type":"PropertyValueSpecification","valueRequired":true,"valueName":"search_term_string"}}],"inLanguage":"en-US"}]}},"_links":{"self":[{"href":"https:\/\/www.icon-icon.com\/en\/wp-json\/wp\/v2\/product\/59758","targetHints":{"allow":["GET"]}}],"collection":[{"href":"https:\/\/www.icon-icon.com\/en\/wp-json\/wp\/v2\/product"}],"about":[{"href":"https:\/\/www.icon-icon.com\/en\/wp-json\/wp\/v2\/types\/product"}],"wp:attachment":[{"href":"https:\/\/www.icon-icon.com\/en\/wp-json\/wp\/v2\/media?parent=59758"}],"wp:term":[{"taxonomy":"product_brand","embeddable":true,"href":"https:\/\/www.icon-icon.com\/en\/wp-json\/wp\/v2\/product_brand?post=59758"},{"taxonomy":"product_cat","embeddable":true,"href":"https:\/\/www.icon-icon.com\/en\/wp-json\/wp\/v2\/product_cat?post=59758"},{"taxonomy":"product_tag","embeddable":true,"href":"https:\/\/www.icon-icon.com\/en\/wp-json\/wp\/v2\/product_tag?post=59758"}],"curies":[{"name":"wp","href":"https:\/\/api.w.org\/{rel}","templated":true}]}}