


{"id":59513,"date":"2021-11-09T10:34:24","date_gmt":"2021-11-09T09:35:38","guid":{"rendered":"https:\/\/www.icon-icon.com\/?post_type=product&#038;p=59513"},"modified":"2021-11-09T10:35:46","modified_gmt":"2021-11-09T09:35:46","slug":"dom-perignon-rose-vintage-2006","status":"publish","type":"product","link":"https:\/\/www.icon-icon.com\/en\/produit\/dom-perignon-rose-vintage-2006\/","title":{"rendered":"Dom P\u00e9rignon Ros\u00e9 Vintage 2006"},"content":{"rendered":"","protected":false},"excerpt":{"rendered":"<div class=\"\">\n<div class=\"gmail_quote\">\n<div class=\"\" dir=\"auto\">\n<div class=\"\" dir=\"ltr\">\n<div class=\"\">\n<p class=\"p1\"><strong>Icon-Icon Opinion : <\/strong><\/p>\n<p class=\"p1\">The Dom Perignon Ros\u00e9 2006 vintage is special in many ways; it was all a question of climate, but also of that of Richard Geoffroy\u2019s assembly, the house\u2019s legendary Cellar Master who passed the torch on to his disciple in 2019. He confessed that the Dom P\u00e9rignon Ros\u00e9 2006 is \u201cthe only one in 28 years one that has kept me awake at night.\u201d<\/p>\n<\/div>\n<div>\n<p class=\"p1\"><b>Name of the Product : <\/b>Ros\u00e9 Vintage 2006<\/p>\n<p class=\"p1\"><b>Brand : <\/b>Dom P\u00e9rignon<\/p>\n<p class=\"p1\"><b>Description :\u00a0<\/b>The Dom P\u00e9rignon owes its name to the famous monk and attorney of the Abbey of Hautvillers in 1668, Pierre P\u00e9rignon dit Dom P\u00e9rignon. According to legend Pierre P\u00e9rignon discovered what is known today as the Champagne method. For the anecdote, he will teach this method in 1669 to the Benedictine Thierry Ruinart who will thus allow Ruinart to become historically the first Champagne house in 1729. Since January 1, 2019, Vincent Chaperon succeeded Richard Geoffroy as Cellar Master of Dom P\u00e9rignon.<\/p>\n<\/div>\n<\/div>\n<\/div>\n<\/div>\n<\/div>\n","protected":false},"featured_media":59893,"template":"","meta":{"_acf_changed":false},"product_brand":[],"product_cat":[23621,23625,23619],"product_tag":[24356,24654,22284,24624],"class_list":{"0":"post-59513","1":"product","2":"type-product","3":"status-publish","4":"has-post-thumbnail","6":"product_cat-champagne-en","7":"product_cat-rose-en","8":"product_cat-wines-spirits-and-gastronomy","9":"product_tag-champagne-en","10":"product_tag-dom-perignon-rose-vintage-2006-en","11":"product_tag-luxury-en","12":"product_tag-rose-en","14":"first","15":"instock","16":"product-type-external"},"acf":[],"yoast_head":"<!-- This site is optimized with the Yoast SEO plugin v27.2 - https:\/\/yoast.com\/product\/yoast-seo-wordpress\/ -->\n<title>Dom P\u00e9rignon Ros\u00e9 Vintage 2006 - ICON-ICON<\/title>\n<meta name=\"robots\" content=\"index, follow, max-snippet:-1, max-image-preview:large, max-video-preview:-1\" \/>\n<link rel=\"canonical\" href=\"https:\/\/www.icon-icon.com\/en\/produit\/dom-perignon-rose-vintage-2006\/\" \/>\n<meta property=\"og:locale\" content=\"en_US\" \/>\n<meta property=\"og:type\" content=\"article\" \/>\n<meta property=\"og:title\" content=\"Dom P\u00e9rignon Ros\u00e9 Vintage 2006 - ICON-ICON\" \/>\n<meta property=\"og:description\" content=\"Icon-Icon Opinion :  The Dom Perignon Ros\u00e9 2006 vintage is special in many ways; it was all a question of climate, but also of that of Richard Geoffroy\u2019s assembly, the house\u2019s legendary Cellar Master who passed the torch on to his disciple in 2019. He confessed that the Dom P\u00e9rignon Ros\u00e9 2006 is \u201cthe only one in 28 years one that has kept me awake at night.\u201d    Name of the Product : Ros\u00e9 Vintage 2006 Brand : Dom P\u00e9rignon Description :\u00a0The Dom P\u00e9rignon owes its name to the famous monk and attorney of the Abbey of Hautvillers in 1668, Pierre P\u00e9rignon dit Dom P\u00e9rignon. According to legend Pierre P\u00e9rignon discovered what is known today as the Champagne method. For the anecdote, he will teach this method in 1669 to the Benedictine Thierry Ruinart who will thus allow Ruinart to become historically the first Champagne house in 1729. Since January 1, 2019, Vincent Chaperon succeeded Richard Geoffroy as Cellar Master of Dom P\u00e9rignon.\" \/>\n<meta property=\"og:url\" content=\"https:\/\/www.icon-icon.com\/en\/produit\/dom-perignon-rose-vintage-2006\/\" \/>\n<meta property=\"og:site_name\" content=\"ICON-ICON\" \/>\n<meta property=\"article:modified_time\" content=\"2021-11-09T09:35:46+00:00\" \/>\n<meta property=\"og:image\" content=\"https:\/\/www.icon-icon.com\/wp-content\/uploads\/2021\/11\/dompe\u0301.jpg\" \/>\n\t<meta property=\"og:image:width\" content=\"446\" \/>\n\t<meta property=\"og:image:height\" content=\"604\" \/>\n\t<meta property=\"og:image:type\" content=\"image\/jpeg\" \/>\n<meta name=\"twitter:card\" content=\"summary_large_image\" \/>\n<script type=\"application\/ld+json\" class=\"yoast-schema-graph\">{\"@context\":\"https:\/\/schema.org\",\"@graph\":[{\"@type\":\"WebPage\",\"@id\":\"https:\/\/www.icon-icon.com\/en\/produit\/dom-perignon-rose-vintage-2006\/\",\"url\":\"https:\/\/www.icon-icon.com\/en\/produit\/dom-perignon-rose-vintage-2006\/\",\"name\":\"Dom P\u00e9rignon Ros\u00e9 Vintage 2006 - ICON-ICON\",\"isPartOf\":{\"@id\":\"https:\/\/www.icon-icon.com\/#website\"},\"primaryImageOfPage\":{\"@id\":\"https:\/\/www.icon-icon.com\/en\/produit\/dom-perignon-rose-vintage-2006\/#primaryimage\"},\"image\":{\"@id\":\"https:\/\/www.icon-icon.com\/en\/produit\/dom-perignon-rose-vintage-2006\/#primaryimage\"},\"thumbnailUrl\":\"https:\/\/www.icon-icon.com\/wp-content\/uploads\/2021\/11\/dompe\u0301.jpg\",\"datePublished\":\"2021-11-09T09:35:38+00:00\",\"dateModified\":\"2021-11-09T09:35:46+00:00\",\"breadcrumb\":{\"@id\":\"https:\/\/www.icon-icon.com\/en\/produit\/dom-perignon-rose-vintage-2006\/#breadcrumb\"},\"inLanguage\":\"en-US\",\"potentialAction\":[{\"@type\":\"ReadAction\",\"target\":[\"https:\/\/www.icon-icon.com\/en\/produit\/dom-perignon-rose-vintage-2006\/\"]}]},{\"@type\":\"ImageObject\",\"inLanguage\":\"en-US\",\"@id\":\"https:\/\/www.icon-icon.com\/en\/produit\/dom-perignon-rose-vintage-2006\/#primaryimage\",\"url\":\"https:\/\/www.icon-icon.com\/wp-content\/uploads\/2021\/11\/dompe\u0301.jpg\",\"contentUrl\":\"https:\/\/www.icon-icon.com\/wp-content\/uploads\/2021\/11\/dompe\u0301.jpg\",\"width\":446,\"height\":604},{\"@type\":\"BreadcrumbList\",\"@id\":\"https:\/\/www.icon-icon.com\/en\/produit\/dom-perignon-rose-vintage-2006\/#breadcrumb\",\"itemListElement\":[{\"@type\":\"ListItem\",\"position\":1,\"name\":\"Accueil\",\"item\":\"https:\/\/www.icon-icon.com\/en\/\"},{\"@type\":\"ListItem\",\"position\":2,\"name\":\"Shop\",\"item\":\"https:\/\/www.icon-icon.com\/en\/shop-2\/\"},{\"@type\":\"ListItem\",\"position\":3,\"name\":\"Dom P\u00e9rignon Ros\u00e9 Vintage 2006\"}]},{\"@type\":\"WebSite\",\"@id\":\"https:\/\/www.icon-icon.com\/#website\",\"url\":\"https:\/\/www.icon-icon.com\/\",\"name\":\"ICON-ICON\",\"description\":\"Luxury Stories\",\"potentialAction\":[{\"@type\":\"SearchAction\",\"target\":{\"@type\":\"EntryPoint\",\"urlTemplate\":\"https:\/\/www.icon-icon.com\/?s={search_term_string}\"},\"query-input\":{\"@type\":\"PropertyValueSpecification\",\"valueRequired\":true,\"valueName\":\"search_term_string\"}}],\"inLanguage\":\"en-US\"}]}<\/script>\n<!-- \/ Yoast SEO plugin. -->","yoast_head_json":{"title":"Dom P\u00e9rignon Ros\u00e9 Vintage 2006 - ICON-ICON","robots":{"index":"index","follow":"follow","max-snippet":"max-snippet:-1","max-image-preview":"max-image-preview:large","max-video-preview":"max-video-preview:-1"},"canonical":"https:\/\/www.icon-icon.com\/en\/produit\/dom-perignon-rose-vintage-2006\/","og_locale":"en_US","og_type":"article","og_title":"Dom P\u00e9rignon Ros\u00e9 Vintage 2006 - ICON-ICON","og_description":"Icon-Icon Opinion :  The Dom Perignon Ros\u00e9 2006 vintage is special in many ways; it was all a question of climate, but also of that of Richard Geoffroy\u2019s assembly, the house\u2019s legendary Cellar Master who passed the torch on to his disciple in 2019. He confessed that the Dom P\u00e9rignon Ros\u00e9 2006 is \u201cthe only one in 28 years one that has kept me awake at night.\u201d    Name of the Product : Ros\u00e9 Vintage 2006 Brand : Dom P\u00e9rignon Description :\u00a0The Dom P\u00e9rignon owes its name to the famous monk and attorney of the Abbey of Hautvillers in 1668, Pierre P\u00e9rignon dit Dom P\u00e9rignon. According to legend Pierre P\u00e9rignon discovered what is known today as the Champagne method. For the anecdote, he will teach this method in 1669 to the Benedictine Thierry Ruinart who will thus allow Ruinart to become historically the first Champagne house in 1729. Since January 1, 2019, Vincent Chaperon succeeded Richard Geoffroy as Cellar Master of Dom P\u00e9rignon.","og_url":"https:\/\/www.icon-icon.com\/en\/produit\/dom-perignon-rose-vintage-2006\/","og_site_name":"ICON-ICON","article_modified_time":"2021-11-09T09:35:46+00:00","og_image":[{"width":446,"height":604,"url":"https:\/\/www.icon-icon.com\/wp-content\/uploads\/2021\/11\/dompe\u0301.jpg","type":"image\/jpeg"}],"twitter_card":"summary_large_image","schema":{"@context":"https:\/\/schema.org","@graph":[{"@type":"WebPage","@id":"https:\/\/www.icon-icon.com\/en\/produit\/dom-perignon-rose-vintage-2006\/","url":"https:\/\/www.icon-icon.com\/en\/produit\/dom-perignon-rose-vintage-2006\/","name":"Dom P\u00e9rignon Ros\u00e9 Vintage 2006 - ICON-ICON","isPartOf":{"@id":"https:\/\/www.icon-icon.com\/#website"},"primaryImageOfPage":{"@id":"https:\/\/www.icon-icon.com\/en\/produit\/dom-perignon-rose-vintage-2006\/#primaryimage"},"image":{"@id":"https:\/\/www.icon-icon.com\/en\/produit\/dom-perignon-rose-vintage-2006\/#primaryimage"},"thumbnailUrl":"https:\/\/www.icon-icon.com\/wp-content\/uploads\/2021\/11\/dompe\u0301.jpg","datePublished":"2021-11-09T09:35:38+00:00","dateModified":"2021-11-09T09:35:46+00:00","breadcrumb":{"@id":"https:\/\/www.icon-icon.com\/en\/produit\/dom-perignon-rose-vintage-2006\/#breadcrumb"},"inLanguage":"en-US","potentialAction":[{"@type":"ReadAction","target":["https:\/\/www.icon-icon.com\/en\/produit\/dom-perignon-rose-vintage-2006\/"]}]},{"@type":"ImageObject","inLanguage":"en-US","@id":"https:\/\/www.icon-icon.com\/en\/produit\/dom-perignon-rose-vintage-2006\/#primaryimage","url":"https:\/\/www.icon-icon.com\/wp-content\/uploads\/2021\/11\/dompe\u0301.jpg","contentUrl":"https:\/\/www.icon-icon.com\/wp-content\/uploads\/2021\/11\/dompe\u0301.jpg","width":446,"height":604},{"@type":"BreadcrumbList","@id":"https:\/\/www.icon-icon.com\/en\/produit\/dom-perignon-rose-vintage-2006\/#breadcrumb","itemListElement":[{"@type":"ListItem","position":1,"name":"Accueil","item":"https:\/\/www.icon-icon.com\/en\/"},{"@type":"ListItem","position":2,"name":"Shop","item":"https:\/\/www.icon-icon.com\/en\/shop-2\/"},{"@type":"ListItem","position":3,"name":"Dom P\u00e9rignon Ros\u00e9 Vintage 2006"}]},{"@type":"WebSite","@id":"https:\/\/www.icon-icon.com\/#website","url":"https:\/\/www.icon-icon.com\/","name":"ICON-ICON","description":"Luxury Stories","potentialAction":[{"@type":"SearchAction","target":{"@type":"EntryPoint","urlTemplate":"https:\/\/www.icon-icon.com\/?s={search_term_string}"},"query-input":{"@type":"PropertyValueSpecification","valueRequired":true,"valueName":"search_term_string"}}],"inLanguage":"en-US"}]}},"_links":{"self":[{"href":"https:\/\/www.icon-icon.com\/en\/wp-json\/wp\/v2\/product\/59513","targetHints":{"allow":["GET"]}}],"collection":[{"href":"https:\/\/www.icon-icon.com\/en\/wp-json\/wp\/v2\/product"}],"about":[{"href":"https:\/\/www.icon-icon.com\/en\/wp-json\/wp\/v2\/types\/product"}],"wp:featuredmedia":[{"embeddable":true,"href":"https:\/\/www.icon-icon.com\/en\/wp-json\/wp\/v2\/media\/59893"}],"wp:attachment":[{"href":"https:\/\/www.icon-icon.com\/en\/wp-json\/wp\/v2\/media?parent=59513"}],"wp:term":[{"taxonomy":"product_brand","embeddable":true,"href":"https:\/\/www.icon-icon.com\/en\/wp-json\/wp\/v2\/product_brand?post=59513"},{"taxonomy":"product_cat","embeddable":true,"href":"https:\/\/www.icon-icon.com\/en\/wp-json\/wp\/v2\/product_cat?post=59513"},{"taxonomy":"product_tag","embeddable":true,"href":"https:\/\/www.icon-icon.com\/en\/wp-json\/wp\/v2\/product_tag?post=59513"}],"curies":[{"name":"wp","href":"https:\/\/api.w.org\/{rel}","templated":true}]}}