


{"id":58850,"date":"2021-11-04T13:00:27","date_gmt":"2021-11-04T12:03:54","guid":{"rendered":"https:\/\/www.icon-icon.com\/?post_type=product&#038;p=58850"},"modified":"2022-06-09T20:41:59","modified_gmt":"2022-06-09T18:41:59","slug":"dom-perignon-brut","status":"publish","type":"product","link":"https:\/\/www.icon-icon.com\/en\/produit\/dom-perignon-brut\/","title":{"rendered":"Dom P\u00e9rignon Brut Vintage 2009"},"content":{"rendered":"","protected":false},"excerpt":{"rendered":"<div class=\"\">\n<div class=\"\">\n<div class=\"\">\n<div class=\"\" dir=\"auto\">\n<p><strong>Icon-Icon Opinion :\u00a0<\/strong><\/p>\n<p>If we owe it to the monk Dom P\u00e9rignon to have literally found the process that gives life to champagne &#8211; then Dom Perignon Brut is necessarily of a staggering harmony. A sublime that it owes to an exclusive blend of Pinot Noir and Chardonnay grapes.<\/p>\n<p><strong>Product name :<\/strong>\u00a0Dom P\u00e9rignon Brut Vintage 2009<\/p>\n<p><strong>Brand :<\/strong> Dom P\u00e9rignon<\/p>\n<p><strong>Description :<\/strong> By essence, Dom P\u00e9rignon exists only vintage. Dom P\u00e9rignon Vintage champagne is made from an extremely rigorous selection of the best grapes. Depending on the quality of the vintage, Dom P\u00e9rignon chooses to declare or not the vintage. In the fullness of its harmony, Dom P\u00e9rignon Vintage champagne is revealed after more than 8 years of elaboration and rest in the cellar.<\/p>\n<\/div>\n<\/div>\n<\/div>\n<\/div>\n","protected":false},"featured_media":59253,"template":"","meta":{"_acf_changed":false},"product_brand":[],"product_cat":[23623,23621,23619],"product_tag":[24380,24356,24410,22284],"class_list":{"0":"post-58850","1":"product","2":"type-product","3":"status-publish","4":"has-post-thumbnail","6":"product_cat-brut-en","7":"product_cat-champagne-en","8":"product_cat-wines-spirits-and-gastronomy","9":"product_tag-brut-en","10":"product_tag-champagne-en","11":"product_tag-dom-perignon-en","12":"product_tag-luxury-en","14":"first","15":"instock","16":"product-type-external"},"acf":[],"yoast_head":"<!-- This site is optimized with the Yoast SEO plugin v27.2 - https:\/\/yoast.com\/product\/yoast-seo-wordpress\/ -->\n<title>Dom P\u00e9rignon Brut Vintage 2009 - ICON-ICON<\/title>\n<meta name=\"robots\" content=\"index, follow, max-snippet:-1, max-image-preview:large, max-video-preview:-1\" \/>\n<link rel=\"canonical\" href=\"http:\/\/www.icon-icon.com\/en\/produit\/dom-perignon-brut\/\" \/>\n<meta property=\"og:locale\" content=\"en_US\" \/>\n<meta property=\"og:type\" content=\"article\" \/>\n<meta property=\"og:title\" content=\"Dom P\u00e9rignon Brut Vintage 2009 - ICON-ICON\" \/>\n<meta property=\"og:description\" content=\"Icon-Icon Opinion :\u00a0  If we owe it to the monk Dom P\u00e9rignon to have literally found the process that gives life to champagne - then Dom Perignon Brut is necessarily of a staggering harmony. A sublime that it owes to an exclusive blend of Pinot Noir and Chardonnay grapes.  Product name :\u00a0Dom P\u00e9rignon Brut Vintage 2009  Brand : Dom P\u00e9rignon  Description : By essence, Dom P\u00e9rignon exists only vintage. Dom P\u00e9rignon Vintage champagne is made from an extremely rigorous selection of the best grapes. Depending on the quality of the vintage, Dom P\u00e9rignon chooses to declare or not the vintage. In the fullness of its harmony, Dom P\u00e9rignon Vintage champagne is revealed after more than 8 years of elaboration and rest in the cellar.\" \/>\n<meta property=\"og:url\" content=\"http:\/\/www.icon-icon.com\/en\/produit\/dom-perignon-brut\/\" \/>\n<meta property=\"og:site_name\" content=\"ICON-ICON\" \/>\n<meta property=\"article:modified_time\" content=\"2022-06-09T18:41:59+00:00\" \/>\n<meta property=\"og:image\" content=\"http:\/\/www.icon-icon.com\/wp-content\/uploads\/2021\/11\/dom_perignon_brut-2.jpg\" \/>\n\t<meta property=\"og:image:width\" content=\"500\" \/>\n\t<meta property=\"og:image:height\" content=\"500\" \/>\n\t<meta property=\"og:image:type\" content=\"image\/jpeg\" \/>\n<meta name=\"twitter:card\" content=\"summary_large_image\" \/>\n<script type=\"application\/ld+json\" class=\"yoast-schema-graph\">{\"@context\":\"https:\/\/schema.org\",\"@graph\":[{\"@type\":\"WebPage\",\"@id\":\"http:\/\/www.icon-icon.com\/en\/produit\/dom-perignon-brut\/\",\"url\":\"http:\/\/www.icon-icon.com\/en\/produit\/dom-perignon-brut\/\",\"name\":\"Dom P\u00e9rignon Brut Vintage 2009 - ICON-ICON\",\"isPartOf\":{\"@id\":\"https:\/\/www.icon-icon.com\/#website\"},\"primaryImageOfPage\":{\"@id\":\"http:\/\/www.icon-icon.com\/en\/produit\/dom-perignon-brut\/#primaryimage\"},\"image\":{\"@id\":\"http:\/\/www.icon-icon.com\/en\/produit\/dom-perignon-brut\/#primaryimage\"},\"thumbnailUrl\":\"https:\/\/www.icon-icon.com\/wp-content\/uploads\/2021\/11\/dom_perignon_brut-2.jpg\",\"datePublished\":\"2021-11-04T12:03:54+00:00\",\"dateModified\":\"2022-06-09T18:41:59+00:00\",\"breadcrumb\":{\"@id\":\"http:\/\/www.icon-icon.com\/en\/produit\/dom-perignon-brut\/#breadcrumb\"},\"inLanguage\":\"en-US\",\"potentialAction\":[{\"@type\":\"ReadAction\",\"target\":[\"http:\/\/www.icon-icon.com\/en\/produit\/dom-perignon-brut\/\"]}]},{\"@type\":\"ImageObject\",\"inLanguage\":\"en-US\",\"@id\":\"http:\/\/www.icon-icon.com\/en\/produit\/dom-perignon-brut\/#primaryimage\",\"url\":\"https:\/\/www.icon-icon.com\/wp-content\/uploads\/2021\/11\/dom_perignon_brut-2.jpg\",\"contentUrl\":\"https:\/\/www.icon-icon.com\/wp-content\/uploads\/2021\/11\/dom_perignon_brut-2.jpg\",\"width\":500,\"height\":500},{\"@type\":\"BreadcrumbList\",\"@id\":\"http:\/\/www.icon-icon.com\/en\/produit\/dom-perignon-brut\/#breadcrumb\",\"itemListElement\":[{\"@type\":\"ListItem\",\"position\":1,\"name\":\"Accueil\",\"item\":\"https:\/\/www.icon-icon.com\/en\/\"},{\"@type\":\"ListItem\",\"position\":2,\"name\":\"Shop\",\"item\":\"https:\/\/www.icon-icon.com\/en\/shop-2\/\"},{\"@type\":\"ListItem\",\"position\":3,\"name\":\"Dom P\u00e9rignon Brut Vintage 2009\"}]},{\"@type\":\"WebSite\",\"@id\":\"https:\/\/www.icon-icon.com\/#website\",\"url\":\"https:\/\/www.icon-icon.com\/\",\"name\":\"ICON-ICON\",\"description\":\"Luxury Stories\",\"potentialAction\":[{\"@type\":\"SearchAction\",\"target\":{\"@type\":\"EntryPoint\",\"urlTemplate\":\"https:\/\/www.icon-icon.com\/?s={search_term_string}\"},\"query-input\":{\"@type\":\"PropertyValueSpecification\",\"valueRequired\":true,\"valueName\":\"search_term_string\"}}],\"inLanguage\":\"en-US\"}]}<\/script>\n<!-- \/ Yoast SEO plugin. -->","yoast_head_json":{"title":"Dom P\u00e9rignon Brut Vintage 2009 - ICON-ICON","robots":{"index":"index","follow":"follow","max-snippet":"max-snippet:-1","max-image-preview":"max-image-preview:large","max-video-preview":"max-video-preview:-1"},"canonical":"http:\/\/www.icon-icon.com\/en\/produit\/dom-perignon-brut\/","og_locale":"en_US","og_type":"article","og_title":"Dom P\u00e9rignon Brut Vintage 2009 - ICON-ICON","og_description":"Icon-Icon Opinion :\u00a0  If we owe it to the monk Dom P\u00e9rignon to have literally found the process that gives life to champagne - then Dom Perignon Brut is necessarily of a staggering harmony. A sublime that it owes to an exclusive blend of Pinot Noir and Chardonnay grapes.  Product name :\u00a0Dom P\u00e9rignon Brut Vintage 2009  Brand : Dom P\u00e9rignon  Description : By essence, Dom P\u00e9rignon exists only vintage. Dom P\u00e9rignon Vintage champagne is made from an extremely rigorous selection of the best grapes. Depending on the quality of the vintage, Dom P\u00e9rignon chooses to declare or not the vintage. In the fullness of its harmony, Dom P\u00e9rignon Vintage champagne is revealed after more than 8 years of elaboration and rest in the cellar.","og_url":"http:\/\/www.icon-icon.com\/en\/produit\/dom-perignon-brut\/","og_site_name":"ICON-ICON","article_modified_time":"2022-06-09T18:41:59+00:00","og_image":[{"width":500,"height":500,"url":"http:\/\/www.icon-icon.com\/wp-content\/uploads\/2021\/11\/dom_perignon_brut-2.jpg","type":"image\/jpeg"}],"twitter_card":"summary_large_image","schema":{"@context":"https:\/\/schema.org","@graph":[{"@type":"WebPage","@id":"http:\/\/www.icon-icon.com\/en\/produit\/dom-perignon-brut\/","url":"http:\/\/www.icon-icon.com\/en\/produit\/dom-perignon-brut\/","name":"Dom P\u00e9rignon Brut Vintage 2009 - ICON-ICON","isPartOf":{"@id":"https:\/\/www.icon-icon.com\/#website"},"primaryImageOfPage":{"@id":"http:\/\/www.icon-icon.com\/en\/produit\/dom-perignon-brut\/#primaryimage"},"image":{"@id":"http:\/\/www.icon-icon.com\/en\/produit\/dom-perignon-brut\/#primaryimage"},"thumbnailUrl":"https:\/\/www.icon-icon.com\/wp-content\/uploads\/2021\/11\/dom_perignon_brut-2.jpg","datePublished":"2021-11-04T12:03:54+00:00","dateModified":"2022-06-09T18:41:59+00:00","breadcrumb":{"@id":"http:\/\/www.icon-icon.com\/en\/produit\/dom-perignon-brut\/#breadcrumb"},"inLanguage":"en-US","potentialAction":[{"@type":"ReadAction","target":["http:\/\/www.icon-icon.com\/en\/produit\/dom-perignon-brut\/"]}]},{"@type":"ImageObject","inLanguage":"en-US","@id":"http:\/\/www.icon-icon.com\/en\/produit\/dom-perignon-brut\/#primaryimage","url":"https:\/\/www.icon-icon.com\/wp-content\/uploads\/2021\/11\/dom_perignon_brut-2.jpg","contentUrl":"https:\/\/www.icon-icon.com\/wp-content\/uploads\/2021\/11\/dom_perignon_brut-2.jpg","width":500,"height":500},{"@type":"BreadcrumbList","@id":"http:\/\/www.icon-icon.com\/en\/produit\/dom-perignon-brut\/#breadcrumb","itemListElement":[{"@type":"ListItem","position":1,"name":"Accueil","item":"https:\/\/www.icon-icon.com\/en\/"},{"@type":"ListItem","position":2,"name":"Shop","item":"https:\/\/www.icon-icon.com\/en\/shop-2\/"},{"@type":"ListItem","position":3,"name":"Dom P\u00e9rignon Brut Vintage 2009"}]},{"@type":"WebSite","@id":"https:\/\/www.icon-icon.com\/#website","url":"https:\/\/www.icon-icon.com\/","name":"ICON-ICON","description":"Luxury Stories","potentialAction":[{"@type":"SearchAction","target":{"@type":"EntryPoint","urlTemplate":"https:\/\/www.icon-icon.com\/?s={search_term_string}"},"query-input":{"@type":"PropertyValueSpecification","valueRequired":true,"valueName":"search_term_string"}}],"inLanguage":"en-US"}]}},"_links":{"self":[{"href":"https:\/\/www.icon-icon.com\/en\/wp-json\/wp\/v2\/product\/58850","targetHints":{"allow":["GET"]}}],"collection":[{"href":"https:\/\/www.icon-icon.com\/en\/wp-json\/wp\/v2\/product"}],"about":[{"href":"https:\/\/www.icon-icon.com\/en\/wp-json\/wp\/v2\/types\/product"}],"wp:featuredmedia":[{"embeddable":true,"href":"https:\/\/www.icon-icon.com\/en\/wp-json\/wp\/v2\/media\/59253"}],"wp:attachment":[{"href":"https:\/\/www.icon-icon.com\/en\/wp-json\/wp\/v2\/media?parent=58850"}],"wp:term":[{"taxonomy":"product_brand","embeddable":true,"href":"https:\/\/www.icon-icon.com\/en\/wp-json\/wp\/v2\/product_brand?post=58850"},{"taxonomy":"product_cat","embeddable":true,"href":"https:\/\/www.icon-icon.com\/en\/wp-json\/wp\/v2\/product_cat?post=58850"},{"taxonomy":"product_tag","embeddable":true,"href":"https:\/\/www.icon-icon.com\/en\/wp-json\/wp\/v2\/product_tag?post=58850"}],"curies":[{"name":"wp","href":"https:\/\/api.w.org\/{rel}","templated":true}]}}