


{"id":57014,"date":"2021-11-09T12:38:19","date_gmt":"2021-11-09T11:40:24","guid":{"rendered":"https:\/\/www.icon-icon.com\/?post_type=product&#038;p=57014"},"modified":"2021-11-09T12:40:41","modified_gmt":"2021-11-09T11:40:41","slug":"tesseron-lot-n29-x-o","status":"publish","type":"product","link":"https:\/\/www.icon-icon.com\/en\/produit\/tesseron-lot-n29-x-o\/","title":{"rendered":"Tesseron Lot n\u00b029 X.O"},"content":{"rendered":"","protected":false},"excerpt":{"rendered":"<p class=\"p1\"><strong>Icon-Icon Opinion : <\/strong><\/p>\n<p class=\"p1\">It\u2019s the star of the Tesseron collection; a unique blend of legendary Grande Champagne Cognacs, many of which were pulled out of Tesseron\u2019s rarest and oldest stock, dating back to a century ago!<\/p>\n<p class=\"p1\"><b>Name of the Product : <\/b>Tesseron Lot n\u00b029 X.O<\/p>\n<p class=\"p1\"><b>Brand :<\/b> Tesseron<\/p>\n<p class=\"p1\"><b>Description :\u00a0<\/b>Pi\u00e8ce rare de la collection Cognac Tesseron, assemblage unique du cru mythique de Grande Champagne.Tout en puissance et en finesse, il poss\u00e8de un nez aux notes florales associ\u00e9es \u00e0 des ar\u00f4mes de cacao et de moka, pour une sensation ind\u00e9finissable et sublime que seuls les meilleurs cognacs peuvent procurer. Cet \u00e9lixir complexe d&#8217;une longueur in\u00e9gal\u00e9e laisse ses reflets ambr\u00e9s traduire sa tr\u00e8s lente maturation.Un v\u00e9ritable concentr\u00e9 d&#8217;\u00e9l\u00e9gance.<\/p>\n","protected":false},"featured_media":59541,"template":"","meta":{"_acf_changed":false},"product_brand":[],"product_cat":[23633,24254,23619,23635],"product_tag":[22284,23765,23764,23761],"class_list":{"0":"post-57014","1":"product","2":"type-product","3":"status-publish","4":"has-post-thumbnail","6":"product_cat-cognac-en-vins-et-spiritueux","7":"product_cat-spirits-en","8":"product_cat-wines-spirits-and-gastronomy","9":"product_cat-xo-en","10":"product_tag-luxury-en","11":"product_tag-tesseron-en","12":"product_tag-tesseron-lot-29-xo-exception-cognac-en","13":"product_tag-vins-and-spiritueux","15":"first","16":"instock","17":"product-type-external"},"acf":[],"yoast_head":"<!-- This site is optimized with the Yoast SEO plugin v27.2 - https:\/\/yoast.com\/product\/yoast-seo-wordpress\/ -->\n<title>Tesseron Lot n\u00b029 X.O - ICON-ICON<\/title>\n<meta name=\"robots\" content=\"index, follow, max-snippet:-1, max-image-preview:large, max-video-preview:-1\" \/>\n<link rel=\"canonical\" href=\"https:\/\/www.icon-icon.com\/en\/produit\/tesseron-lot-n29-x-o\/\" \/>\n<meta property=\"og:locale\" content=\"en_US\" \/>\n<meta property=\"og:type\" content=\"article\" \/>\n<meta property=\"og:title\" content=\"Tesseron Lot n\u00b029 X.O - ICON-ICON\" \/>\n<meta property=\"og:description\" content=\"Icon-Icon Opinion :  It\u2019s the star of the Tesseron collection; a unique blend of legendary Grande Champagne Cognacs, many of which were pulled out of Tesseron\u2019s rarest and oldest stock, dating back to a century ago! Name of the Product : Tesseron Lot n\u00b029 X.O Brand : Tesseron Description :\u00a0Pi\u00e8ce rare de la collection Cognac Tesseron, assemblage unique du cru mythique de Grande Champagne.Tout en puissance et en finesse, il poss\u00e8de un nez aux notes florales associ\u00e9es \u00e0 des ar\u00f4mes de cacao et de moka, pour une sensation ind\u00e9finissable et sublime que seuls les meilleurs cognacs peuvent procurer. Cet \u00e9lixir complexe d&#039;une longueur in\u00e9gal\u00e9e laisse ses reflets ambr\u00e9s traduire sa tr\u00e8s lente maturation.Un v\u00e9ritable concentr\u00e9 d&#039;\u00e9l\u00e9gance.\" \/>\n<meta property=\"og:url\" content=\"https:\/\/www.icon-icon.com\/en\/produit\/tesseron-lot-n29-x-o\/\" \/>\n<meta property=\"og:site_name\" content=\"ICON-ICON\" \/>\n<meta property=\"article:modified_time\" content=\"2021-11-09T11:40:41+00:00\" \/>\n<meta property=\"og:image\" content=\"https:\/\/www.icon-icon.com\/wp-content\/uploads\/2021\/11\/Tesseron-lot-n\u00b029-.jpg\" \/>\n\t<meta property=\"og:image:width\" content=\"375\" \/>\n\t<meta property=\"og:image:height\" content=\"375\" \/>\n\t<meta property=\"og:image:type\" content=\"image\/jpeg\" \/>\n<meta name=\"twitter:card\" content=\"summary_large_image\" \/>\n<script type=\"application\/ld+json\" class=\"yoast-schema-graph\">{\"@context\":\"https:\/\/schema.org\",\"@graph\":[{\"@type\":\"WebPage\",\"@id\":\"https:\/\/www.icon-icon.com\/en\/produit\/tesseron-lot-n29-x-o\/\",\"url\":\"https:\/\/www.icon-icon.com\/en\/produit\/tesseron-lot-n29-x-o\/\",\"name\":\"Tesseron Lot n\u00b029 X.O - ICON-ICON\",\"isPartOf\":{\"@id\":\"https:\/\/www.icon-icon.com\/#website\"},\"primaryImageOfPage\":{\"@id\":\"https:\/\/www.icon-icon.com\/en\/produit\/tesseron-lot-n29-x-o\/#primaryimage\"},\"image\":{\"@id\":\"https:\/\/www.icon-icon.com\/en\/produit\/tesseron-lot-n29-x-o\/#primaryimage\"},\"thumbnailUrl\":\"https:\/\/www.icon-icon.com\/wp-content\/uploads\/2021\/11\/Tesseron-lot-n\u00b029-.jpg\",\"datePublished\":\"2021-11-09T11:40:24+00:00\",\"dateModified\":\"2021-11-09T11:40:41+00:00\",\"breadcrumb\":{\"@id\":\"https:\/\/www.icon-icon.com\/en\/produit\/tesseron-lot-n29-x-o\/#breadcrumb\"},\"inLanguage\":\"en-US\",\"potentialAction\":[{\"@type\":\"ReadAction\",\"target\":[\"https:\/\/www.icon-icon.com\/en\/produit\/tesseron-lot-n29-x-o\/\"]}]},{\"@type\":\"ImageObject\",\"inLanguage\":\"en-US\",\"@id\":\"https:\/\/www.icon-icon.com\/en\/produit\/tesseron-lot-n29-x-o\/#primaryimage\",\"url\":\"https:\/\/www.icon-icon.com\/wp-content\/uploads\/2021\/11\/Tesseron-lot-n\u00b029-.jpg\",\"contentUrl\":\"https:\/\/www.icon-icon.com\/wp-content\/uploads\/2021\/11\/Tesseron-lot-n\u00b029-.jpg\",\"width\":375,\"height\":375},{\"@type\":\"BreadcrumbList\",\"@id\":\"https:\/\/www.icon-icon.com\/en\/produit\/tesseron-lot-n29-x-o\/#breadcrumb\",\"itemListElement\":[{\"@type\":\"ListItem\",\"position\":1,\"name\":\"Accueil\",\"item\":\"https:\/\/www.icon-icon.com\/en\/\"},{\"@type\":\"ListItem\",\"position\":2,\"name\":\"Shop\",\"item\":\"https:\/\/www.icon-icon.com\/en\/shop-2\/\"},{\"@type\":\"ListItem\",\"position\":3,\"name\":\"Tesseron Lot n\u00b029 X.O\"}]},{\"@type\":\"WebSite\",\"@id\":\"https:\/\/www.icon-icon.com\/#website\",\"url\":\"https:\/\/www.icon-icon.com\/\",\"name\":\"ICON-ICON\",\"description\":\"Luxury Stories\",\"potentialAction\":[{\"@type\":\"SearchAction\",\"target\":{\"@type\":\"EntryPoint\",\"urlTemplate\":\"https:\/\/www.icon-icon.com\/?s={search_term_string}\"},\"query-input\":{\"@type\":\"PropertyValueSpecification\",\"valueRequired\":true,\"valueName\":\"search_term_string\"}}],\"inLanguage\":\"en-US\"}]}<\/script>\n<!-- \/ Yoast SEO plugin. -->","yoast_head_json":{"title":"Tesseron Lot n\u00b029 X.O - ICON-ICON","robots":{"index":"index","follow":"follow","max-snippet":"max-snippet:-1","max-image-preview":"max-image-preview:large","max-video-preview":"max-video-preview:-1"},"canonical":"https:\/\/www.icon-icon.com\/en\/produit\/tesseron-lot-n29-x-o\/","og_locale":"en_US","og_type":"article","og_title":"Tesseron Lot n\u00b029 X.O - ICON-ICON","og_description":"Icon-Icon Opinion :  It\u2019s the star of the Tesseron collection; a unique blend of legendary Grande Champagne Cognacs, many of which were pulled out of Tesseron\u2019s rarest and oldest stock, dating back to a century ago! Name of the Product : Tesseron Lot n\u00b029 X.O Brand : Tesseron Description :\u00a0Pi\u00e8ce rare de la collection Cognac Tesseron, assemblage unique du cru mythique de Grande Champagne.Tout en puissance et en finesse, il poss\u00e8de un nez aux notes florales associ\u00e9es \u00e0 des ar\u00f4mes de cacao et de moka, pour une sensation ind\u00e9finissable et sublime que seuls les meilleurs cognacs peuvent procurer. Cet \u00e9lixir complexe d'une longueur in\u00e9gal\u00e9e laisse ses reflets ambr\u00e9s traduire sa tr\u00e8s lente maturation.Un v\u00e9ritable concentr\u00e9 d'\u00e9l\u00e9gance.","og_url":"https:\/\/www.icon-icon.com\/en\/produit\/tesseron-lot-n29-x-o\/","og_site_name":"ICON-ICON","article_modified_time":"2021-11-09T11:40:41+00:00","og_image":[{"width":375,"height":375,"url":"https:\/\/www.icon-icon.com\/wp-content\/uploads\/2021\/11\/Tesseron-lot-n\u00b029-.jpg","type":"image\/jpeg"}],"twitter_card":"summary_large_image","schema":{"@context":"https:\/\/schema.org","@graph":[{"@type":"WebPage","@id":"https:\/\/www.icon-icon.com\/en\/produit\/tesseron-lot-n29-x-o\/","url":"https:\/\/www.icon-icon.com\/en\/produit\/tesseron-lot-n29-x-o\/","name":"Tesseron Lot n\u00b029 X.O - ICON-ICON","isPartOf":{"@id":"https:\/\/www.icon-icon.com\/#website"},"primaryImageOfPage":{"@id":"https:\/\/www.icon-icon.com\/en\/produit\/tesseron-lot-n29-x-o\/#primaryimage"},"image":{"@id":"https:\/\/www.icon-icon.com\/en\/produit\/tesseron-lot-n29-x-o\/#primaryimage"},"thumbnailUrl":"https:\/\/www.icon-icon.com\/wp-content\/uploads\/2021\/11\/Tesseron-lot-n\u00b029-.jpg","datePublished":"2021-11-09T11:40:24+00:00","dateModified":"2021-11-09T11:40:41+00:00","breadcrumb":{"@id":"https:\/\/www.icon-icon.com\/en\/produit\/tesseron-lot-n29-x-o\/#breadcrumb"},"inLanguage":"en-US","potentialAction":[{"@type":"ReadAction","target":["https:\/\/www.icon-icon.com\/en\/produit\/tesseron-lot-n29-x-o\/"]}]},{"@type":"ImageObject","inLanguage":"en-US","@id":"https:\/\/www.icon-icon.com\/en\/produit\/tesseron-lot-n29-x-o\/#primaryimage","url":"https:\/\/www.icon-icon.com\/wp-content\/uploads\/2021\/11\/Tesseron-lot-n\u00b029-.jpg","contentUrl":"https:\/\/www.icon-icon.com\/wp-content\/uploads\/2021\/11\/Tesseron-lot-n\u00b029-.jpg","width":375,"height":375},{"@type":"BreadcrumbList","@id":"https:\/\/www.icon-icon.com\/en\/produit\/tesseron-lot-n29-x-o\/#breadcrumb","itemListElement":[{"@type":"ListItem","position":1,"name":"Accueil","item":"https:\/\/www.icon-icon.com\/en\/"},{"@type":"ListItem","position":2,"name":"Shop","item":"https:\/\/www.icon-icon.com\/en\/shop-2\/"},{"@type":"ListItem","position":3,"name":"Tesseron Lot n\u00b029 X.O"}]},{"@type":"WebSite","@id":"https:\/\/www.icon-icon.com\/#website","url":"https:\/\/www.icon-icon.com\/","name":"ICON-ICON","description":"Luxury Stories","potentialAction":[{"@type":"SearchAction","target":{"@type":"EntryPoint","urlTemplate":"https:\/\/www.icon-icon.com\/?s={search_term_string}"},"query-input":{"@type":"PropertyValueSpecification","valueRequired":true,"valueName":"search_term_string"}}],"inLanguage":"en-US"}]}},"_links":{"self":[{"href":"https:\/\/www.icon-icon.com\/en\/wp-json\/wp\/v2\/product\/57014","targetHints":{"allow":["GET"]}}],"collection":[{"href":"https:\/\/www.icon-icon.com\/en\/wp-json\/wp\/v2\/product"}],"about":[{"href":"https:\/\/www.icon-icon.com\/en\/wp-json\/wp\/v2\/types\/product"}],"wp:featuredmedia":[{"embeddable":true,"href":"https:\/\/www.icon-icon.com\/en\/wp-json\/wp\/v2\/media\/59541"}],"wp:attachment":[{"href":"https:\/\/www.icon-icon.com\/en\/wp-json\/wp\/v2\/media?parent=57014"}],"wp:term":[{"taxonomy":"product_brand","embeddable":true,"href":"https:\/\/www.icon-icon.com\/en\/wp-json\/wp\/v2\/product_brand?post=57014"},{"taxonomy":"product_cat","embeddable":true,"href":"https:\/\/www.icon-icon.com\/en\/wp-json\/wp\/v2\/product_cat?post=57014"},{"taxonomy":"product_tag","embeddable":true,"href":"https:\/\/www.icon-icon.com\/en\/wp-json\/wp\/v2\/product_tag?post=57014"}],"curies":[{"name":"wp","href":"https:\/\/api.w.org\/{rel}","templated":true}]}}