


{"id":56512,"date":"2021-10-15T12:16:46","date_gmt":"2021-10-15T10:17:22","guid":{"rendered":"https:\/\/www.icon-icon.com\/?post_type=product&#038;p=56512"},"modified":"2022-06-13T15:10:57","modified_gmt":"2022-06-13T13:10:57","slug":"mascara-hypnose-lancome","status":"publish","type":"product","link":"https:\/\/www.icon-icon.com\/en\/produit\/mascara-hypnose-lancome\/","title":{"rendered":"Mascara Hypn\u00f4se Lanc\u00f4me"},"content":{"rendered":"","protected":false},"excerpt":{"rendered":"<p class=\"p1\"><b>Icon-Icon Opinion : <\/b><\/p>\n<p class=\"p1\">A brand staple since its launch in 2004, the Hypn\u00f4se mascara amplifies the curvature of the lashes to mimic a rose\u2019s cornea opening; the rose, which has so inspired Lanc\u00f4me\u2019s founder, Armand Petitjean, that it became the house symbol.<\/p>\n<p><strong>Name of the product :<\/strong> Hypn\u00f4se<\/p>\n<p><strong>Brand :<\/strong> Lanc\u00f4me<\/p>\n<p><strong>Description : <\/strong>Our Iconic Hypn\u00f4se mascara offering volume control in a new luxurious packaging.<\/p>\n<p>Go as bold, or natural as you desire with every stroke. The SoftSculpt \u2122 formula is enriched in ProVitamin B5 and leaves lashes feeling soft and supple.<\/p>\n<p>Create day to evening looks with this buildable mascara, and achieve up to 8 times the volume.<\/p>\n<p>91%* saw this mascara leave lashes feeling supple<br \/>\n89%* saw a precise makeup result<br \/>\n79%* saw a more intense look to the eyes<\/p>\n","protected":false},"featured_media":57804,"template":"","meta":{"_acf_changed":false},"product_brand":[],"product_cat":[22732,22783,22976],"product_tag":[22527,23521,22520,23504,23503],"class_list":{"0":"post-56512","1":"product","2":"type-product","3":"status-publish","4":"has-post-thumbnail","6":"product_cat-beauty-and-perfumes","7":"product_cat-make-up","8":"product_cat-mascara-en","9":"product_tag-beauty","10":"product_tag-hypnose-lancome-en","11":"product_tag-lancome-en","12":"product_tag-maquillage-en","13":"product_tag-mascara-en","15":"first","16":"instock","17":"product-type-external"},"acf":[],"yoast_head":"<!-- This site is optimized with the Yoast SEO plugin v27.2 - https:\/\/yoast.com\/product\/yoast-seo-wordpress\/ -->\n<title>Mascara Hypn\u00f4se Lanc\u00f4me - ICON-ICON<\/title>\n<meta name=\"robots\" content=\"index, follow, max-snippet:-1, max-image-preview:large, max-video-preview:-1\" \/>\n<link rel=\"canonical\" href=\"http:\/\/www.icon-icon.com\/en\/produit\/mascara-hypnose-lancome\/\" \/>\n<meta property=\"og:locale\" content=\"en_US\" \/>\n<meta property=\"og:type\" content=\"article\" \/>\n<meta property=\"og:title\" content=\"Mascara Hypn\u00f4se Lanc\u00f4me - ICON-ICON\" \/>\n<meta property=\"og:description\" content=\"Icon-Icon Opinion :  A brand staple since its launch in 2004, the Hypn\u00f4se mascara amplifies the curvature of the lashes to mimic a rose\u2019s cornea opening; the rose, which has so inspired Lanc\u00f4me\u2019s founder, Armand Petitjean, that it became the house symbol. Name of the product : Hypn\u00f4se  Brand : Lanc\u00f4me  Description : Our Iconic Hypn\u00f4se mascara offering volume control in a new luxurious packaging.  Go as bold, or natural as you desire with every stroke. The SoftSculpt \u2122 formula is enriched in ProVitamin B5 and leaves lashes feeling soft and supple.  Create day to evening looks with this buildable mascara, and achieve up to 8 times the volume.  91%* saw this mascara leave lashes feeling supple 89%* saw a precise makeup result 79%* saw a more intense look to the eyes\" \/>\n<meta property=\"og:url\" content=\"http:\/\/www.icon-icon.com\/en\/produit\/mascara-hypnose-lancome\/\" \/>\n<meta property=\"og:site_name\" content=\"ICON-ICON\" \/>\n<meta property=\"article:modified_time\" content=\"2022-06-13T13:10:57+00:00\" \/>\n<meta property=\"og:image\" content=\"http:\/\/www.icon-icon.com\/wp-content\/uploads\/2021\/10\/hypnose-.jpg\" \/>\n\t<meta property=\"og:image:width\" content=\"449\" \/>\n\t<meta property=\"og:image:height\" content=\"449\" \/>\n\t<meta property=\"og:image:type\" content=\"image\/jpeg\" \/>\n<meta name=\"twitter:card\" content=\"summary_large_image\" \/>\n<script type=\"application\/ld+json\" class=\"yoast-schema-graph\">{\"@context\":\"https:\/\/schema.org\",\"@graph\":[{\"@type\":\"WebPage\",\"@id\":\"http:\/\/www.icon-icon.com\/en\/produit\/mascara-hypnose-lancome\/\",\"url\":\"http:\/\/www.icon-icon.com\/en\/produit\/mascara-hypnose-lancome\/\",\"name\":\"Mascara Hypn\u00f4se Lanc\u00f4me - ICON-ICON\",\"isPartOf\":{\"@id\":\"https:\/\/www.icon-icon.com\/#website\"},\"primaryImageOfPage\":{\"@id\":\"http:\/\/www.icon-icon.com\/en\/produit\/mascara-hypnose-lancome\/#primaryimage\"},\"image\":{\"@id\":\"http:\/\/www.icon-icon.com\/en\/produit\/mascara-hypnose-lancome\/#primaryimage\"},\"thumbnailUrl\":\"https:\/\/www.icon-icon.com\/wp-content\/uploads\/2021\/10\/hypnose-.jpg\",\"datePublished\":\"2021-10-15T10:17:22+00:00\",\"dateModified\":\"2022-06-13T13:10:57+00:00\",\"breadcrumb\":{\"@id\":\"http:\/\/www.icon-icon.com\/en\/produit\/mascara-hypnose-lancome\/#breadcrumb\"},\"inLanguage\":\"en-US\",\"potentialAction\":[{\"@type\":\"ReadAction\",\"target\":[\"http:\/\/www.icon-icon.com\/en\/produit\/mascara-hypnose-lancome\/\"]}]},{\"@type\":\"ImageObject\",\"inLanguage\":\"en-US\",\"@id\":\"http:\/\/www.icon-icon.com\/en\/produit\/mascara-hypnose-lancome\/#primaryimage\",\"url\":\"https:\/\/www.icon-icon.com\/wp-content\/uploads\/2021\/10\/hypnose-.jpg\",\"contentUrl\":\"https:\/\/www.icon-icon.com\/wp-content\/uploads\/2021\/10\/hypnose-.jpg\",\"width\":449,\"height\":449},{\"@type\":\"BreadcrumbList\",\"@id\":\"http:\/\/www.icon-icon.com\/en\/produit\/mascara-hypnose-lancome\/#breadcrumb\",\"itemListElement\":[{\"@type\":\"ListItem\",\"position\":1,\"name\":\"Accueil\",\"item\":\"https:\/\/www.icon-icon.com\/en\/\"},{\"@type\":\"ListItem\",\"position\":2,\"name\":\"Shop\",\"item\":\"https:\/\/www.icon-icon.com\/en\/shop-2\/\"},{\"@type\":\"ListItem\",\"position\":3,\"name\":\"Mascara Hypn\u00f4se Lanc\u00f4me\"}]},{\"@type\":\"WebSite\",\"@id\":\"https:\/\/www.icon-icon.com\/#website\",\"url\":\"https:\/\/www.icon-icon.com\/\",\"name\":\"ICON-ICON\",\"description\":\"Luxury Stories\",\"potentialAction\":[{\"@type\":\"SearchAction\",\"target\":{\"@type\":\"EntryPoint\",\"urlTemplate\":\"https:\/\/www.icon-icon.com\/?s={search_term_string}\"},\"query-input\":{\"@type\":\"PropertyValueSpecification\",\"valueRequired\":true,\"valueName\":\"search_term_string\"}}],\"inLanguage\":\"en-US\"}]}<\/script>\n<!-- \/ Yoast SEO plugin. -->","yoast_head_json":{"title":"Mascara Hypn\u00f4se Lanc\u00f4me - ICON-ICON","robots":{"index":"index","follow":"follow","max-snippet":"max-snippet:-1","max-image-preview":"max-image-preview:large","max-video-preview":"max-video-preview:-1"},"canonical":"http:\/\/www.icon-icon.com\/en\/produit\/mascara-hypnose-lancome\/","og_locale":"en_US","og_type":"article","og_title":"Mascara Hypn\u00f4se Lanc\u00f4me - ICON-ICON","og_description":"Icon-Icon Opinion :  A brand staple since its launch in 2004, the Hypn\u00f4se mascara amplifies the curvature of the lashes to mimic a rose\u2019s cornea opening; the rose, which has so inspired Lanc\u00f4me\u2019s founder, Armand Petitjean, that it became the house symbol. Name of the product : Hypn\u00f4se  Brand : Lanc\u00f4me  Description : Our Iconic Hypn\u00f4se mascara offering volume control in a new luxurious packaging.  Go as bold, or natural as you desire with every stroke. The SoftSculpt \u2122 formula is enriched in ProVitamin B5 and leaves lashes feeling soft and supple.  Create day to evening looks with this buildable mascara, and achieve up to 8 times the volume.  91%* saw this mascara leave lashes feeling supple 89%* saw a precise makeup result 79%* saw a more intense look to the eyes","og_url":"http:\/\/www.icon-icon.com\/en\/produit\/mascara-hypnose-lancome\/","og_site_name":"ICON-ICON","article_modified_time":"2022-06-13T13:10:57+00:00","og_image":[{"width":449,"height":449,"url":"http:\/\/www.icon-icon.com\/wp-content\/uploads\/2021\/10\/hypnose-.jpg","type":"image\/jpeg"}],"twitter_card":"summary_large_image","schema":{"@context":"https:\/\/schema.org","@graph":[{"@type":"WebPage","@id":"http:\/\/www.icon-icon.com\/en\/produit\/mascara-hypnose-lancome\/","url":"http:\/\/www.icon-icon.com\/en\/produit\/mascara-hypnose-lancome\/","name":"Mascara Hypn\u00f4se Lanc\u00f4me - ICON-ICON","isPartOf":{"@id":"https:\/\/www.icon-icon.com\/#website"},"primaryImageOfPage":{"@id":"http:\/\/www.icon-icon.com\/en\/produit\/mascara-hypnose-lancome\/#primaryimage"},"image":{"@id":"http:\/\/www.icon-icon.com\/en\/produit\/mascara-hypnose-lancome\/#primaryimage"},"thumbnailUrl":"https:\/\/www.icon-icon.com\/wp-content\/uploads\/2021\/10\/hypnose-.jpg","datePublished":"2021-10-15T10:17:22+00:00","dateModified":"2022-06-13T13:10:57+00:00","breadcrumb":{"@id":"http:\/\/www.icon-icon.com\/en\/produit\/mascara-hypnose-lancome\/#breadcrumb"},"inLanguage":"en-US","potentialAction":[{"@type":"ReadAction","target":["http:\/\/www.icon-icon.com\/en\/produit\/mascara-hypnose-lancome\/"]}]},{"@type":"ImageObject","inLanguage":"en-US","@id":"http:\/\/www.icon-icon.com\/en\/produit\/mascara-hypnose-lancome\/#primaryimage","url":"https:\/\/www.icon-icon.com\/wp-content\/uploads\/2021\/10\/hypnose-.jpg","contentUrl":"https:\/\/www.icon-icon.com\/wp-content\/uploads\/2021\/10\/hypnose-.jpg","width":449,"height":449},{"@type":"BreadcrumbList","@id":"http:\/\/www.icon-icon.com\/en\/produit\/mascara-hypnose-lancome\/#breadcrumb","itemListElement":[{"@type":"ListItem","position":1,"name":"Accueil","item":"https:\/\/www.icon-icon.com\/en\/"},{"@type":"ListItem","position":2,"name":"Shop","item":"https:\/\/www.icon-icon.com\/en\/shop-2\/"},{"@type":"ListItem","position":3,"name":"Mascara Hypn\u00f4se Lanc\u00f4me"}]},{"@type":"WebSite","@id":"https:\/\/www.icon-icon.com\/#website","url":"https:\/\/www.icon-icon.com\/","name":"ICON-ICON","description":"Luxury Stories","potentialAction":[{"@type":"SearchAction","target":{"@type":"EntryPoint","urlTemplate":"https:\/\/www.icon-icon.com\/?s={search_term_string}"},"query-input":{"@type":"PropertyValueSpecification","valueRequired":true,"valueName":"search_term_string"}}],"inLanguage":"en-US"}]}},"_links":{"self":[{"href":"https:\/\/www.icon-icon.com\/en\/wp-json\/wp\/v2\/product\/56512","targetHints":{"allow":["GET"]}}],"collection":[{"href":"https:\/\/www.icon-icon.com\/en\/wp-json\/wp\/v2\/product"}],"about":[{"href":"https:\/\/www.icon-icon.com\/en\/wp-json\/wp\/v2\/types\/product"}],"wp:featuredmedia":[{"embeddable":true,"href":"https:\/\/www.icon-icon.com\/en\/wp-json\/wp\/v2\/media\/57804"}],"wp:attachment":[{"href":"https:\/\/www.icon-icon.com\/en\/wp-json\/wp\/v2\/media?parent=56512"}],"wp:term":[{"taxonomy":"product_brand","embeddable":true,"href":"https:\/\/www.icon-icon.com\/en\/wp-json\/wp\/v2\/product_brand?post=56512"},{"taxonomy":"product_cat","embeddable":true,"href":"https:\/\/www.icon-icon.com\/en\/wp-json\/wp\/v2\/product_cat?post=56512"},{"taxonomy":"product_tag","embeddable":true,"href":"https:\/\/www.icon-icon.com\/en\/wp-json\/wp\/v2\/product_tag?post=56512"}],"curies":[{"name":"wp","href":"https:\/\/api.w.org\/{rel}","templated":true}]}}