


{"id":56487,"date":"2021-10-15T10:49:06","date_gmt":"2021-10-15T08:50:49","guid":{"rendered":"https:\/\/www.icon-icon.com\/?post_type=product&#038;p=56487"},"modified":"2021-10-15T10:53:01","modified_gmt":"2021-10-15T08:53:01","slug":"absolue-lextrait-concentre-elixir","status":"publish","type":"product","link":"https:\/\/www.icon-icon.com\/en\/produit\/absolue-lextrait-concentre-elixir\/","title":{"rendered":"ABSOLUE L&#8217;EXTRAIT CONCENTR\u00c9-\u00c9LIXIR"},"content":{"rendered":"","protected":false},"excerpt":{"rendered":"<p class=\"p1\"><b>Icon-Icon Opinion : <\/b><\/p>\n<p class=\"p1\">Taking heed of the brand\u2019s extensive research, Absolue L\u2019Extrait keeps giving women a new generation of efficient skincare rejuvenation products; inspired by the rose, the symbol of the house\u2019s very origin.<span class=\"Apple-converted-space\">\u00a0<\/span><\/p>\n<p class=\"p1\"><b>Name of the product : <\/b>ABSOLUE L&#8217;EXTRAIT CONCENTR\u00c9-\u00c9LIXIR<\/p>\n<p class=\"p1\"><b>Brand : <\/b>Lanc\u00f4me<\/p>\n<p class=\"p1\"><b>Description :\u00a0<\/b>The Absolue L&#8217;Extrait concentrate-elixir exceptionally revitalizes and illuminates the skin. Its latest generation formula is enriched with precious extracts: Native Cells Press\u00e9 by Rose Lanc\u00f4me.<br \/>\nThe skin appears softer, more supple and firmer. Day after day, it is strengthened, regenerated and the complexion appears brighter.<\/p>\n","protected":false},"featured_media":57532,"template":"","meta":{"_acf_changed":false},"product_brand":[],"product_cat":[23400,22732,23398],"product_tag":[23493,23724,23452,23446,22520,22284,22535],"class_list":{"0":"post-56487","1":"product","2":"type-product","3":"status-publish","4":"has-post-thumbnail","6":"product_cat-anti-wrinkles","7":"product_cat-beauty-and-perfumes","8":"product_cat-cosmetics","9":"product_tag-absolue-lextrait-concentre-elixir-en","10":"product_tag-anti-wrinkle-en-2","11":"product_tag-beauty-en","12":"product_tag-cosmetics-en","13":"product_tag-lancome-en","14":"product_tag-luxury-en","15":"product_tag-women","17":"first","18":"instock","19":"product-type-external"},"acf":[],"yoast_head":"<!-- This site is optimized with the Yoast SEO plugin v27.2 - https:\/\/yoast.com\/product\/yoast-seo-wordpress\/ -->\n<title>ABSOLUE L&#039;EXTRAIT CONCENTR\u00c9-\u00c9LIXIR - ICON-ICON<\/title>\n<meta name=\"robots\" content=\"index, follow, max-snippet:-1, max-image-preview:large, max-video-preview:-1\" \/>\n<link rel=\"canonical\" href=\"http:\/\/www.icon-icon.com\/en\/produit\/absolue-lextrait-concentre-elixir\/\" \/>\n<meta property=\"og:locale\" content=\"en_US\" \/>\n<meta property=\"og:type\" content=\"article\" \/>\n<meta property=\"og:title\" content=\"ABSOLUE L&#039;EXTRAIT CONCENTR\u00c9-\u00c9LIXIR - ICON-ICON\" \/>\n<meta property=\"og:description\" content=\"Icon-Icon Opinion :  Taking heed of the brand\u2019s extensive research, Absolue L\u2019Extrait keeps giving women a new generation of efficient skincare rejuvenation products; inspired by the rose, the symbol of the house\u2019s very origin.\u00a0 Name of the product : ABSOLUE L&#039;EXTRAIT CONCENTR\u00c9-\u00c9LIXIR Brand : Lanc\u00f4me Description :\u00a0The Absolue L&#039;Extrait concentrate-elixir exceptionally revitalizes and illuminates the skin. Its latest generation formula is enriched with precious extracts: Native Cells Press\u00e9 by Rose Lanc\u00f4me. The skin appears softer, more supple and firmer. Day after day, it is strengthened, regenerated and the complexion appears brighter.\" \/>\n<meta property=\"og:url\" content=\"http:\/\/www.icon-icon.com\/en\/produit\/absolue-lextrait-concentre-elixir\/\" \/>\n<meta property=\"og:site_name\" content=\"ICON-ICON\" \/>\n<meta property=\"article:modified_time\" content=\"2021-10-15T08:53:01+00:00\" \/>\n<meta property=\"og:image\" content=\"http:\/\/www.icon-icon.com\/wp-content\/uploads\/2021\/10\/lancome-2-1.jpg\" \/>\n\t<meta property=\"og:image:width\" content=\"453\" \/>\n\t<meta property=\"og:image:height\" content=\"453\" \/>\n\t<meta property=\"og:image:type\" content=\"image\/jpeg\" \/>\n<meta name=\"twitter:card\" content=\"summary_large_image\" \/>\n<script type=\"application\/ld+json\" class=\"yoast-schema-graph\">{\"@context\":\"https:\/\/schema.org\",\"@graph\":[{\"@type\":\"WebPage\",\"@id\":\"http:\/\/www.icon-icon.com\/en\/produit\/absolue-lextrait-concentre-elixir\/\",\"url\":\"http:\/\/www.icon-icon.com\/en\/produit\/absolue-lextrait-concentre-elixir\/\",\"name\":\"ABSOLUE L'EXTRAIT CONCENTR\u00c9-\u00c9LIXIR - ICON-ICON\",\"isPartOf\":{\"@id\":\"https:\/\/www.icon-icon.com\/#website\"},\"primaryImageOfPage\":{\"@id\":\"http:\/\/www.icon-icon.com\/en\/produit\/absolue-lextrait-concentre-elixir\/#primaryimage\"},\"image\":{\"@id\":\"http:\/\/www.icon-icon.com\/en\/produit\/absolue-lextrait-concentre-elixir\/#primaryimage\"},\"thumbnailUrl\":\"https:\/\/www.icon-icon.com\/wp-content\/uploads\/2021\/10\/lancome-2-1.jpg\",\"datePublished\":\"2021-10-15T08:50:49+00:00\",\"dateModified\":\"2021-10-15T08:53:01+00:00\",\"breadcrumb\":{\"@id\":\"http:\/\/www.icon-icon.com\/en\/produit\/absolue-lextrait-concentre-elixir\/#breadcrumb\"},\"inLanguage\":\"en-US\",\"potentialAction\":[{\"@type\":\"ReadAction\",\"target\":[\"http:\/\/www.icon-icon.com\/en\/produit\/absolue-lextrait-concentre-elixir\/\"]}]},{\"@type\":\"ImageObject\",\"inLanguage\":\"en-US\",\"@id\":\"http:\/\/www.icon-icon.com\/en\/produit\/absolue-lextrait-concentre-elixir\/#primaryimage\",\"url\":\"https:\/\/www.icon-icon.com\/wp-content\/uploads\/2021\/10\/lancome-2-1.jpg\",\"contentUrl\":\"https:\/\/www.icon-icon.com\/wp-content\/uploads\/2021\/10\/lancome-2-1.jpg\",\"width\":453,\"height\":453},{\"@type\":\"BreadcrumbList\",\"@id\":\"http:\/\/www.icon-icon.com\/en\/produit\/absolue-lextrait-concentre-elixir\/#breadcrumb\",\"itemListElement\":[{\"@type\":\"ListItem\",\"position\":1,\"name\":\"Accueil\",\"item\":\"https:\/\/www.icon-icon.com\/en\/\"},{\"@type\":\"ListItem\",\"position\":2,\"name\":\"Shop\",\"item\":\"https:\/\/www.icon-icon.com\/en\/shop-2\/\"},{\"@type\":\"ListItem\",\"position\":3,\"name\":\"ABSOLUE L&#8217;EXTRAIT CONCENTR\u00c9-\u00c9LIXIR\"}]},{\"@type\":\"WebSite\",\"@id\":\"https:\/\/www.icon-icon.com\/#website\",\"url\":\"https:\/\/www.icon-icon.com\/\",\"name\":\"ICON-ICON\",\"description\":\"Luxury Stories\",\"potentialAction\":[{\"@type\":\"SearchAction\",\"target\":{\"@type\":\"EntryPoint\",\"urlTemplate\":\"https:\/\/www.icon-icon.com\/?s={search_term_string}\"},\"query-input\":{\"@type\":\"PropertyValueSpecification\",\"valueRequired\":true,\"valueName\":\"search_term_string\"}}],\"inLanguage\":\"en-US\"}]}<\/script>\n<!-- \/ Yoast SEO plugin. -->","yoast_head_json":{"title":"ABSOLUE L'EXTRAIT CONCENTR\u00c9-\u00c9LIXIR - ICON-ICON","robots":{"index":"index","follow":"follow","max-snippet":"max-snippet:-1","max-image-preview":"max-image-preview:large","max-video-preview":"max-video-preview:-1"},"canonical":"http:\/\/www.icon-icon.com\/en\/produit\/absolue-lextrait-concentre-elixir\/","og_locale":"en_US","og_type":"article","og_title":"ABSOLUE L'EXTRAIT CONCENTR\u00c9-\u00c9LIXIR - ICON-ICON","og_description":"Icon-Icon Opinion :  Taking heed of the brand\u2019s extensive research, Absolue L\u2019Extrait keeps giving women a new generation of efficient skincare rejuvenation products; inspired by the rose, the symbol of the house\u2019s very origin.\u00a0 Name of the product : ABSOLUE L'EXTRAIT CONCENTR\u00c9-\u00c9LIXIR Brand : Lanc\u00f4me Description :\u00a0The Absolue L'Extrait concentrate-elixir exceptionally revitalizes and illuminates the skin. Its latest generation formula is enriched with precious extracts: Native Cells Press\u00e9 by Rose Lanc\u00f4me. The skin appears softer, more supple and firmer. Day after day, it is strengthened, regenerated and the complexion appears brighter.","og_url":"http:\/\/www.icon-icon.com\/en\/produit\/absolue-lextrait-concentre-elixir\/","og_site_name":"ICON-ICON","article_modified_time":"2021-10-15T08:53:01+00:00","og_image":[{"width":453,"height":453,"url":"http:\/\/www.icon-icon.com\/wp-content\/uploads\/2021\/10\/lancome-2-1.jpg","type":"image\/jpeg"}],"twitter_card":"summary_large_image","schema":{"@context":"https:\/\/schema.org","@graph":[{"@type":"WebPage","@id":"http:\/\/www.icon-icon.com\/en\/produit\/absolue-lextrait-concentre-elixir\/","url":"http:\/\/www.icon-icon.com\/en\/produit\/absolue-lextrait-concentre-elixir\/","name":"ABSOLUE L'EXTRAIT CONCENTR\u00c9-\u00c9LIXIR - ICON-ICON","isPartOf":{"@id":"https:\/\/www.icon-icon.com\/#website"},"primaryImageOfPage":{"@id":"http:\/\/www.icon-icon.com\/en\/produit\/absolue-lextrait-concentre-elixir\/#primaryimage"},"image":{"@id":"http:\/\/www.icon-icon.com\/en\/produit\/absolue-lextrait-concentre-elixir\/#primaryimage"},"thumbnailUrl":"https:\/\/www.icon-icon.com\/wp-content\/uploads\/2021\/10\/lancome-2-1.jpg","datePublished":"2021-10-15T08:50:49+00:00","dateModified":"2021-10-15T08:53:01+00:00","breadcrumb":{"@id":"http:\/\/www.icon-icon.com\/en\/produit\/absolue-lextrait-concentre-elixir\/#breadcrumb"},"inLanguage":"en-US","potentialAction":[{"@type":"ReadAction","target":["http:\/\/www.icon-icon.com\/en\/produit\/absolue-lextrait-concentre-elixir\/"]}]},{"@type":"ImageObject","inLanguage":"en-US","@id":"http:\/\/www.icon-icon.com\/en\/produit\/absolue-lextrait-concentre-elixir\/#primaryimage","url":"https:\/\/www.icon-icon.com\/wp-content\/uploads\/2021\/10\/lancome-2-1.jpg","contentUrl":"https:\/\/www.icon-icon.com\/wp-content\/uploads\/2021\/10\/lancome-2-1.jpg","width":453,"height":453},{"@type":"BreadcrumbList","@id":"http:\/\/www.icon-icon.com\/en\/produit\/absolue-lextrait-concentre-elixir\/#breadcrumb","itemListElement":[{"@type":"ListItem","position":1,"name":"Accueil","item":"https:\/\/www.icon-icon.com\/en\/"},{"@type":"ListItem","position":2,"name":"Shop","item":"https:\/\/www.icon-icon.com\/en\/shop-2\/"},{"@type":"ListItem","position":3,"name":"ABSOLUE L&#8217;EXTRAIT CONCENTR\u00c9-\u00c9LIXIR"}]},{"@type":"WebSite","@id":"https:\/\/www.icon-icon.com\/#website","url":"https:\/\/www.icon-icon.com\/","name":"ICON-ICON","description":"Luxury Stories","potentialAction":[{"@type":"SearchAction","target":{"@type":"EntryPoint","urlTemplate":"https:\/\/www.icon-icon.com\/?s={search_term_string}"},"query-input":{"@type":"PropertyValueSpecification","valueRequired":true,"valueName":"search_term_string"}}],"inLanguage":"en-US"}]}},"_links":{"self":[{"href":"https:\/\/www.icon-icon.com\/en\/wp-json\/wp\/v2\/product\/56487","targetHints":{"allow":["GET"]}}],"collection":[{"href":"https:\/\/www.icon-icon.com\/en\/wp-json\/wp\/v2\/product"}],"about":[{"href":"https:\/\/www.icon-icon.com\/en\/wp-json\/wp\/v2\/types\/product"}],"wp:featuredmedia":[{"embeddable":true,"href":"https:\/\/www.icon-icon.com\/en\/wp-json\/wp\/v2\/media\/57532"}],"wp:attachment":[{"href":"https:\/\/www.icon-icon.com\/en\/wp-json\/wp\/v2\/media?parent=56487"}],"wp:term":[{"taxonomy":"product_brand","embeddable":true,"href":"https:\/\/www.icon-icon.com\/en\/wp-json\/wp\/v2\/product_brand?post=56487"},{"taxonomy":"product_cat","embeddable":true,"href":"https:\/\/www.icon-icon.com\/en\/wp-json\/wp\/v2\/product_cat?post=56487"},{"taxonomy":"product_tag","embeddable":true,"href":"https:\/\/www.icon-icon.com\/en\/wp-json\/wp\/v2\/product_tag?post=56487"}],"curies":[{"name":"wp","href":"https:\/\/api.w.org\/{rel}","templated":true}]}}