


{"id":54877,"date":"2021-09-28T17:40:29","date_gmt":"2021-10-01T13:49:29","guid":{"rendered":"https:\/\/www.icon-icon.com\/?post_type=product&#038;p=54877"},"modified":"2022-06-10T12:54:47","modified_gmt":"2022-06-10T10:54:47","slug":"caleche-hermes","status":"publish","type":"product","link":"https:\/\/www.icon-icon.com\/en\/produit\/caleche-hermes\/","title":{"rendered":"Cal\u00e8che Herm\u00e8s"},"content":{"rendered":"","protected":false},"excerpt":{"rendered":"<p><strong>Icon-Icon Opinion :<\/strong><\/p>\n<p>\u201cIt&#8217;s all a woman needs to wear.\u201d The slogan that accompanied the release of the Cal\u00e8che Herm\u00e8s perfume quickly captivated women around the world. Cal\u00e8che is a fragrance with the scent of Amazon femininity. Subtle and bewitching by its sophistication!<\/p>\n<p><strong>Name of the product :<\/strong> Cal\u00e8che<\/p>\n<p><strong>Brand :<\/strong> Herm\u00e8s<\/p>\n<p><strong>Composition :<\/strong> The first fragrance for women by Hermes. The elegance of vetiver, matched with jasmine, rose and iris.<\/p>\n<p>Olfactory emotion: Warm, Sensual<br \/>\nMain raw materials: Aldehyde, Jasmine, Rose.<\/p>\n","protected":false},"featured_media":63099,"template":"","meta":{"_acf_changed":false},"product_brand":[],"product_cat":[22732,22502,22501],"product_tag":[22530,22507,22531,22283,22281,22284,22504,22516],"class_list":{"0":"post-54877","1":"product","2":"type-product","3":"status-publish","4":"has-post-thumbnail","6":"product_cat-beauty-and-perfumes","7":"product_cat-iconics-perfume","8":"product_cat-moments-fragrance","9":"product_tag-caleche-en","10":"product_tag-classic","11":"product_tag-hermes-en","12":"product_tag-iconique-en","13":"product_tag-luxe-en","14":"product_tag-luxury-en","15":"product_tag-perfum-en","16":"product_tag-perfum-en-3","18":"first","19":"instock","20":"product-type-external"},"acf":[],"yoast_head":"<!-- This site is optimized with the Yoast SEO plugin v27.2 - https:\/\/yoast.com\/product\/yoast-seo-wordpress\/ -->\n<title>Cal\u00e8che Herm\u00e8s - ICON-ICON<\/title>\n<meta name=\"robots\" content=\"index, follow, max-snippet:-1, max-image-preview:large, max-video-preview:-1\" \/>\n<link rel=\"canonical\" href=\"https:\/\/www.icon-icon.com\/en\/produit\/caleche-hermes\/\" \/>\n<meta property=\"og:locale\" content=\"en_US\" \/>\n<meta property=\"og:type\" content=\"article\" \/>\n<meta property=\"og:title\" content=\"Cal\u00e8che Herm\u00e8s - ICON-ICON\" \/>\n<meta property=\"og:description\" content=\"Icon-Icon Opinion :  \u201cIt&#039;s all a woman needs to wear.\u201d The slogan that accompanied the release of the Cal\u00e8che Herm\u00e8s perfume quickly captivated women around the world. Cal\u00e8che is a fragrance with the scent of Amazon femininity. Subtle and bewitching by its sophistication!  Name of the product : Cal\u00e8che  Brand : Herm\u00e8s  Composition : The first fragrance for women by Hermes. The elegance of vetiver, matched with jasmine, rose and iris.  Olfactory emotion: Warm, Sensual Main raw materials: Aldehyde, Jasmine, Rose.\" \/>\n<meta property=\"og:url\" content=\"https:\/\/www.icon-icon.com\/en\/produit\/caleche-hermes\/\" \/>\n<meta property=\"og:site_name\" content=\"ICON-ICON\" \/>\n<meta property=\"article:modified_time\" content=\"2022-06-10T10:54:47+00:00\" \/>\n<meta property=\"og:image\" content=\"https:\/\/www.icon-icon.com\/wp-content\/uploads\/2021\/09\/Cale\u0300che-Herme\u0300s-scaled.jpg\" \/>\n\t<meta property=\"og:image:width\" content=\"2556\" \/>\n\t<meta property=\"og:image:height\" content=\"2560\" \/>\n\t<meta property=\"og:image:type\" content=\"image\/jpeg\" \/>\n<meta name=\"twitter:card\" content=\"summary_large_image\" \/>\n<script type=\"application\/ld+json\" class=\"yoast-schema-graph\">{\"@context\":\"https:\/\/schema.org\",\"@graph\":[{\"@type\":\"WebPage\",\"@id\":\"https:\/\/www.icon-icon.com\/en\/produit\/caleche-hermes\/\",\"url\":\"https:\/\/www.icon-icon.com\/en\/produit\/caleche-hermes\/\",\"name\":\"Cal\u00e8che Herm\u00e8s - ICON-ICON\",\"isPartOf\":{\"@id\":\"https:\/\/www.icon-icon.com\/#website\"},\"primaryImageOfPage\":{\"@id\":\"https:\/\/www.icon-icon.com\/en\/produit\/caleche-hermes\/#primaryimage\"},\"image\":{\"@id\":\"https:\/\/www.icon-icon.com\/en\/produit\/caleche-hermes\/#primaryimage\"},\"thumbnailUrl\":\"https:\/\/www.icon-icon.com\/wp-content\/uploads\/2021\/09\/Cale\u0300che-Herme\u0300s-scaled.jpg\",\"datePublished\":\"2021-10-01T13:49:29+00:00\",\"dateModified\":\"2022-06-10T10:54:47+00:00\",\"breadcrumb\":{\"@id\":\"https:\/\/www.icon-icon.com\/en\/produit\/caleche-hermes\/#breadcrumb\"},\"inLanguage\":\"en-US\",\"potentialAction\":[{\"@type\":\"ReadAction\",\"target\":[\"https:\/\/www.icon-icon.com\/en\/produit\/caleche-hermes\/\"]}]},{\"@type\":\"ImageObject\",\"inLanguage\":\"en-US\",\"@id\":\"https:\/\/www.icon-icon.com\/en\/produit\/caleche-hermes\/#primaryimage\",\"url\":\"https:\/\/www.icon-icon.com\/wp-content\/uploads\/2021\/09\/Cale\u0300che-Herme\u0300s-scaled.jpg\",\"contentUrl\":\"https:\/\/www.icon-icon.com\/wp-content\/uploads\/2021\/09\/Cale\u0300che-Herme\u0300s-scaled.jpg\",\"width\":2556,\"height\":2560},{\"@type\":\"BreadcrumbList\",\"@id\":\"https:\/\/www.icon-icon.com\/en\/produit\/caleche-hermes\/#breadcrumb\",\"itemListElement\":[{\"@type\":\"ListItem\",\"position\":1,\"name\":\"Accueil\",\"item\":\"https:\/\/www.icon-icon.com\/en\/\"},{\"@type\":\"ListItem\",\"position\":2,\"name\":\"Shop\",\"item\":\"https:\/\/www.icon-icon.com\/en\/shop-2\/\"},{\"@type\":\"ListItem\",\"position\":3,\"name\":\"Cal\u00e8che Herm\u00e8s\"}]},{\"@type\":\"WebSite\",\"@id\":\"https:\/\/www.icon-icon.com\/#website\",\"url\":\"https:\/\/www.icon-icon.com\/\",\"name\":\"ICON-ICON\",\"description\":\"Luxury Stories\",\"potentialAction\":[{\"@type\":\"SearchAction\",\"target\":{\"@type\":\"EntryPoint\",\"urlTemplate\":\"https:\/\/www.icon-icon.com\/?s={search_term_string}\"},\"query-input\":{\"@type\":\"PropertyValueSpecification\",\"valueRequired\":true,\"valueName\":\"search_term_string\"}}],\"inLanguage\":\"en-US\"}]}<\/script>\n<!-- \/ Yoast SEO plugin. -->","yoast_head_json":{"title":"Cal\u00e8che Herm\u00e8s - ICON-ICON","robots":{"index":"index","follow":"follow","max-snippet":"max-snippet:-1","max-image-preview":"max-image-preview:large","max-video-preview":"max-video-preview:-1"},"canonical":"https:\/\/www.icon-icon.com\/en\/produit\/caleche-hermes\/","og_locale":"en_US","og_type":"article","og_title":"Cal\u00e8che Herm\u00e8s - ICON-ICON","og_description":"Icon-Icon Opinion :  \u201cIt's all a woman needs to wear.\u201d The slogan that accompanied the release of the Cal\u00e8che Herm\u00e8s perfume quickly captivated women around the world. Cal\u00e8che is a fragrance with the scent of Amazon femininity. Subtle and bewitching by its sophistication!  Name of the product : Cal\u00e8che  Brand : Herm\u00e8s  Composition : The first fragrance for women by Hermes. The elegance of vetiver, matched with jasmine, rose and iris.  Olfactory emotion: Warm, Sensual Main raw materials: Aldehyde, Jasmine, Rose.","og_url":"https:\/\/www.icon-icon.com\/en\/produit\/caleche-hermes\/","og_site_name":"ICON-ICON","article_modified_time":"2022-06-10T10:54:47+00:00","og_image":[{"width":2556,"height":2560,"url":"https:\/\/www.icon-icon.com\/wp-content\/uploads\/2021\/09\/Cale\u0300che-Herme\u0300s-scaled.jpg","type":"image\/jpeg"}],"twitter_card":"summary_large_image","schema":{"@context":"https:\/\/schema.org","@graph":[{"@type":"WebPage","@id":"https:\/\/www.icon-icon.com\/en\/produit\/caleche-hermes\/","url":"https:\/\/www.icon-icon.com\/en\/produit\/caleche-hermes\/","name":"Cal\u00e8che Herm\u00e8s - ICON-ICON","isPartOf":{"@id":"https:\/\/www.icon-icon.com\/#website"},"primaryImageOfPage":{"@id":"https:\/\/www.icon-icon.com\/en\/produit\/caleche-hermes\/#primaryimage"},"image":{"@id":"https:\/\/www.icon-icon.com\/en\/produit\/caleche-hermes\/#primaryimage"},"thumbnailUrl":"https:\/\/www.icon-icon.com\/wp-content\/uploads\/2021\/09\/Cale\u0300che-Herme\u0300s-scaled.jpg","datePublished":"2021-10-01T13:49:29+00:00","dateModified":"2022-06-10T10:54:47+00:00","breadcrumb":{"@id":"https:\/\/www.icon-icon.com\/en\/produit\/caleche-hermes\/#breadcrumb"},"inLanguage":"en-US","potentialAction":[{"@type":"ReadAction","target":["https:\/\/www.icon-icon.com\/en\/produit\/caleche-hermes\/"]}]},{"@type":"ImageObject","inLanguage":"en-US","@id":"https:\/\/www.icon-icon.com\/en\/produit\/caleche-hermes\/#primaryimage","url":"https:\/\/www.icon-icon.com\/wp-content\/uploads\/2021\/09\/Cale\u0300che-Herme\u0300s-scaled.jpg","contentUrl":"https:\/\/www.icon-icon.com\/wp-content\/uploads\/2021\/09\/Cale\u0300che-Herme\u0300s-scaled.jpg","width":2556,"height":2560},{"@type":"BreadcrumbList","@id":"https:\/\/www.icon-icon.com\/en\/produit\/caleche-hermes\/#breadcrumb","itemListElement":[{"@type":"ListItem","position":1,"name":"Accueil","item":"https:\/\/www.icon-icon.com\/en\/"},{"@type":"ListItem","position":2,"name":"Shop","item":"https:\/\/www.icon-icon.com\/en\/shop-2\/"},{"@type":"ListItem","position":3,"name":"Cal\u00e8che Herm\u00e8s"}]},{"@type":"WebSite","@id":"https:\/\/www.icon-icon.com\/#website","url":"https:\/\/www.icon-icon.com\/","name":"ICON-ICON","description":"Luxury Stories","potentialAction":[{"@type":"SearchAction","target":{"@type":"EntryPoint","urlTemplate":"https:\/\/www.icon-icon.com\/?s={search_term_string}"},"query-input":{"@type":"PropertyValueSpecification","valueRequired":true,"valueName":"search_term_string"}}],"inLanguage":"en-US"}]}},"_links":{"self":[{"href":"https:\/\/www.icon-icon.com\/en\/wp-json\/wp\/v2\/product\/54877","targetHints":{"allow":["GET"]}}],"collection":[{"href":"https:\/\/www.icon-icon.com\/en\/wp-json\/wp\/v2\/product"}],"about":[{"href":"https:\/\/www.icon-icon.com\/en\/wp-json\/wp\/v2\/types\/product"}],"wp:featuredmedia":[{"embeddable":true,"href":"https:\/\/www.icon-icon.com\/en\/wp-json\/wp\/v2\/media\/63099"}],"wp:attachment":[{"href":"https:\/\/www.icon-icon.com\/en\/wp-json\/wp\/v2\/media?parent=54877"}],"wp:term":[{"taxonomy":"product_brand","embeddable":true,"href":"https:\/\/www.icon-icon.com\/en\/wp-json\/wp\/v2\/product_brand?post=54877"},{"taxonomy":"product_cat","embeddable":true,"href":"https:\/\/www.icon-icon.com\/en\/wp-json\/wp\/v2\/product_cat?post=54877"},{"taxonomy":"product_tag","embeddable":true,"href":"https:\/\/www.icon-icon.com\/en\/wp-json\/wp\/v2\/product_tag?post=54877"}],"curies":[{"name":"wp","href":"https:\/\/api.w.org\/{rel}","templated":true}]}}