


{"id":52926,"date":"2021-09-12T13:10:35","date_gmt":"2021-11-18T15:14:33","guid":{"rendered":"https:\/\/www.icon-icon.com\/?post_type=product&#038;p=52926"},"modified":"2021-11-18T16:15:46","modified_gmt":"2021-11-18T15:15:46","slug":"cereals-pulses","status":"publish","type":"product","link":"https:\/\/www.icon-icon.com\/en\/produit\/cereals-pulses\/","title":{"rendered":"Cereals &#038; pulses"},"content":{"rendered":"","protected":false},"excerpt":{"rendered":"<p><b>Authors<\/b><span style=\"font-weight: 400;\">: R\u00e9gis M<\/span><span style=\"font-weight: 400;\">arcon, Philippe Barret, Nathalie Nannini<\/span><\/p>\n<p><b>Publishing House<\/b><span style=\"font-weight: 400;\">: La Martini\u00e8re<\/span><\/p>\n<p><b>Publication Date<\/b><span style=\"font-weight: 400;\">: October, 2018<\/span><\/p>\n<p><span style=\"font-weight: 400;\"><b>Description :<\/b>After the success of Mushrooms and Herbs, R\u00e9gis Marcon highlights legumes and cereals. Lentils, beans, chickpeas, flageolets, azukis\u2026 but also quinoa, amaranth, oats, barley, spelt\u2026: it is a rich universe, both familiar and unknown, that the Auvergne-Ard\u00e8che chef makes us discover. Each variety is presented in the form of cards, with its benefits, the derived products (flours, flakes, etc.) to teach us how to select them, prepare them, cook them but also associate them with the rhythms of desires and seasons. At breakfast, in soup, terrine, salad or dessert, there are a thousand and one ways to decline legumes and cereals. R\u00e9gis Marcon offers more than 100 recipes, from the simplest and fastest to the most sophisticated: Hummus, falafels, risottos, but also Cake small spelt; Couscous of vegetables; Cake with blond and orange peas; Tabbouleh of wheat, orange and Saint-LaurentScallops; Puy green lentil stew with truffles, poached egg; Polenta with two chanterelles\u2026<\/span><\/p>\n","protected":false},"featured_media":52853,"template":"","meta":{"_acf_changed":false},"product_brand":[],"product_cat":[21562,22973,21742,24887,21728],"product_tag":[24902,24900,22284,24972],"class_list":{"0":"post-52926","1":"product","2":"type-product","3":"status-publish","4":"has-post-thumbnail","6":"product_cat-books","7":"product_cat-culture-and-technology","8":"product_cat-iconic-chefs-selection","9":"product_cat-luxury-and-lifestyle","10":"product_cat-wines-spirits-gastronomy-selection","11":"product_tag-la-martiniere-en","12":"product_tag-livres-et-documentaires-en","13":"product_tag-luxury-en","14":"product_tag-nathalie-nannini-en","16":"first","17":"instock","18":"product-type-external"},"acf":[],"yoast_head":"<!-- This site is optimized with the Yoast SEO plugin v27.2 - https:\/\/yoast.com\/product\/yoast-seo-wordpress\/ -->\n<title>Cereals &amp; pulses - ICON-ICON<\/title>\n<meta name=\"robots\" content=\"index, follow, max-snippet:-1, max-image-preview:large, max-video-preview:-1\" \/>\n<link rel=\"canonical\" href=\"https:\/\/www.icon-icon.com\/en\/produit\/cereals-pulses\/\" \/>\n<meta property=\"og:locale\" content=\"en_US\" \/>\n<meta property=\"og:type\" content=\"article\" \/>\n<meta property=\"og:title\" content=\"Cereals &amp; pulses - ICON-ICON\" \/>\n<meta property=\"og:description\" content=\"Authors: R\u00e9gis Marcon, Philippe Barret, Nathalie Nannini  Publishing House: La Martini\u00e8re  Publication Date: October, 2018  Description :After the success of Mushrooms and Herbs, R\u00e9gis Marcon highlights legumes and cereals. Lentils, beans, chickpeas, flageolets, azukis\u2026 but also quinoa, amaranth, oats, barley, spelt\u2026: it is a rich universe, both familiar and unknown, that the Auvergne-Ard\u00e8che chef makes us discover. Each variety is presented in the form of cards, with its benefits, the derived products (flours, flakes, etc.) to teach us how to select them, prepare them, cook them but also associate them with the rhythms of desires and seasons. At breakfast, in soup, terrine, salad or dessert, there are a thousand and one ways to decline legumes and cereals. R\u00e9gis Marcon offers more than 100 recipes, from the simplest and fastest to the most sophisticated: Hummus, falafels, risottos, but also Cake small spelt; Couscous of vegetables; Cake with blond and orange peas; Tabbouleh of wheat, orange and Saint-LaurentScallops; Puy green lentil stew with truffles, poached egg; Polenta with two chanterelles\u2026\" \/>\n<meta property=\"og:url\" content=\"https:\/\/www.icon-icon.com\/en\/produit\/cereals-pulses\/\" \/>\n<meta property=\"og:site_name\" content=\"ICON-ICON\" \/>\n<meta property=\"article:modified_time\" content=\"2021-11-18T15:15:46+00:00\" \/>\n<meta property=\"og:image\" content=\"https:\/\/www.icon-icon.com\/wp-content\/uploads\/2021\/08\/Cereales-Legumineuses.jpeg\" \/>\n\t<meta property=\"og:image:width\" content=\"600\" \/>\n\t<meta property=\"og:image:height\" content=\"769\" \/>\n\t<meta property=\"og:image:type\" content=\"image\/jpeg\" \/>\n<meta name=\"twitter:card\" content=\"summary_large_image\" \/>\n<script type=\"application\/ld+json\" class=\"yoast-schema-graph\">{\"@context\":\"https:\/\/schema.org\",\"@graph\":[{\"@type\":\"WebPage\",\"@id\":\"https:\/\/www.icon-icon.com\/en\/produit\/cereals-pulses\/\",\"url\":\"https:\/\/www.icon-icon.com\/en\/produit\/cereals-pulses\/\",\"name\":\"Cereals & pulses - ICON-ICON\",\"isPartOf\":{\"@id\":\"https:\/\/www.icon-icon.com\/#website\"},\"primaryImageOfPage\":{\"@id\":\"https:\/\/www.icon-icon.com\/en\/produit\/cereals-pulses\/#primaryimage\"},\"image\":{\"@id\":\"https:\/\/www.icon-icon.com\/en\/produit\/cereals-pulses\/#primaryimage\"},\"thumbnailUrl\":\"https:\/\/www.icon-icon.com\/wp-content\/uploads\/2021\/08\/Cereales-Legumineuses.jpeg\",\"datePublished\":\"2021-11-18T15:14:33+00:00\",\"dateModified\":\"2021-11-18T15:15:46+00:00\",\"breadcrumb\":{\"@id\":\"https:\/\/www.icon-icon.com\/en\/produit\/cereals-pulses\/#breadcrumb\"},\"inLanguage\":\"en-US\",\"potentialAction\":[{\"@type\":\"ReadAction\",\"target\":[\"https:\/\/www.icon-icon.com\/en\/produit\/cereals-pulses\/\"]}]},{\"@type\":\"ImageObject\",\"inLanguage\":\"en-US\",\"@id\":\"https:\/\/www.icon-icon.com\/en\/produit\/cereals-pulses\/#primaryimage\",\"url\":\"https:\/\/www.icon-icon.com\/wp-content\/uploads\/2021\/08\/Cereales-Legumineuses.jpeg\",\"contentUrl\":\"https:\/\/www.icon-icon.com\/wp-content\/uploads\/2021\/08\/Cereales-Legumineuses.jpeg\",\"width\":600,\"height\":769},{\"@type\":\"BreadcrumbList\",\"@id\":\"https:\/\/www.icon-icon.com\/en\/produit\/cereals-pulses\/#breadcrumb\",\"itemListElement\":[{\"@type\":\"ListItem\",\"position\":1,\"name\":\"Accueil\",\"item\":\"https:\/\/www.icon-icon.com\/en\/\"},{\"@type\":\"ListItem\",\"position\":2,\"name\":\"Shop\",\"item\":\"https:\/\/www.icon-icon.com\/en\/shop-2\/\"},{\"@type\":\"ListItem\",\"position\":3,\"name\":\"Cereals &#038; pulses\"}]},{\"@type\":\"WebSite\",\"@id\":\"https:\/\/www.icon-icon.com\/#website\",\"url\":\"https:\/\/www.icon-icon.com\/\",\"name\":\"ICON-ICON\",\"description\":\"Luxury Stories\",\"potentialAction\":[{\"@type\":\"SearchAction\",\"target\":{\"@type\":\"EntryPoint\",\"urlTemplate\":\"https:\/\/www.icon-icon.com\/?s={search_term_string}\"},\"query-input\":{\"@type\":\"PropertyValueSpecification\",\"valueRequired\":true,\"valueName\":\"search_term_string\"}}],\"inLanguage\":\"en-US\"}]}<\/script>\n<!-- \/ Yoast SEO plugin. -->","yoast_head_json":{"title":"Cereals & pulses - ICON-ICON","robots":{"index":"index","follow":"follow","max-snippet":"max-snippet:-1","max-image-preview":"max-image-preview:large","max-video-preview":"max-video-preview:-1"},"canonical":"https:\/\/www.icon-icon.com\/en\/produit\/cereals-pulses\/","og_locale":"en_US","og_type":"article","og_title":"Cereals & pulses - ICON-ICON","og_description":"Authors: R\u00e9gis Marcon, Philippe Barret, Nathalie Nannini  Publishing House: La Martini\u00e8re  Publication Date: October, 2018  Description :After the success of Mushrooms and Herbs, R\u00e9gis Marcon highlights legumes and cereals. Lentils, beans, chickpeas, flageolets, azukis\u2026 but also quinoa, amaranth, oats, barley, spelt\u2026: it is a rich universe, both familiar and unknown, that the Auvergne-Ard\u00e8che chef makes us discover. Each variety is presented in the form of cards, with its benefits, the derived products (flours, flakes, etc.) to teach us how to select them, prepare them, cook them but also associate them with the rhythms of desires and seasons. At breakfast, in soup, terrine, salad or dessert, there are a thousand and one ways to decline legumes and cereals. R\u00e9gis Marcon offers more than 100 recipes, from the simplest and fastest to the most sophisticated: Hummus, falafels, risottos, but also Cake small spelt; Couscous of vegetables; Cake with blond and orange peas; Tabbouleh of wheat, orange and Saint-LaurentScallops; Puy green lentil stew with truffles, poached egg; Polenta with two chanterelles\u2026","og_url":"https:\/\/www.icon-icon.com\/en\/produit\/cereals-pulses\/","og_site_name":"ICON-ICON","article_modified_time":"2021-11-18T15:15:46+00:00","og_image":[{"width":600,"height":769,"url":"https:\/\/www.icon-icon.com\/wp-content\/uploads\/2021\/08\/Cereales-Legumineuses.jpeg","type":"image\/jpeg"}],"twitter_card":"summary_large_image","schema":{"@context":"https:\/\/schema.org","@graph":[{"@type":"WebPage","@id":"https:\/\/www.icon-icon.com\/en\/produit\/cereals-pulses\/","url":"https:\/\/www.icon-icon.com\/en\/produit\/cereals-pulses\/","name":"Cereals & pulses - ICON-ICON","isPartOf":{"@id":"https:\/\/www.icon-icon.com\/#website"},"primaryImageOfPage":{"@id":"https:\/\/www.icon-icon.com\/en\/produit\/cereals-pulses\/#primaryimage"},"image":{"@id":"https:\/\/www.icon-icon.com\/en\/produit\/cereals-pulses\/#primaryimage"},"thumbnailUrl":"https:\/\/www.icon-icon.com\/wp-content\/uploads\/2021\/08\/Cereales-Legumineuses.jpeg","datePublished":"2021-11-18T15:14:33+00:00","dateModified":"2021-11-18T15:15:46+00:00","breadcrumb":{"@id":"https:\/\/www.icon-icon.com\/en\/produit\/cereals-pulses\/#breadcrumb"},"inLanguage":"en-US","potentialAction":[{"@type":"ReadAction","target":["https:\/\/www.icon-icon.com\/en\/produit\/cereals-pulses\/"]}]},{"@type":"ImageObject","inLanguage":"en-US","@id":"https:\/\/www.icon-icon.com\/en\/produit\/cereals-pulses\/#primaryimage","url":"https:\/\/www.icon-icon.com\/wp-content\/uploads\/2021\/08\/Cereales-Legumineuses.jpeg","contentUrl":"https:\/\/www.icon-icon.com\/wp-content\/uploads\/2021\/08\/Cereales-Legumineuses.jpeg","width":600,"height":769},{"@type":"BreadcrumbList","@id":"https:\/\/www.icon-icon.com\/en\/produit\/cereals-pulses\/#breadcrumb","itemListElement":[{"@type":"ListItem","position":1,"name":"Accueil","item":"https:\/\/www.icon-icon.com\/en\/"},{"@type":"ListItem","position":2,"name":"Shop","item":"https:\/\/www.icon-icon.com\/en\/shop-2\/"},{"@type":"ListItem","position":3,"name":"Cereals &#038; pulses"}]},{"@type":"WebSite","@id":"https:\/\/www.icon-icon.com\/#website","url":"https:\/\/www.icon-icon.com\/","name":"ICON-ICON","description":"Luxury Stories","potentialAction":[{"@type":"SearchAction","target":{"@type":"EntryPoint","urlTemplate":"https:\/\/www.icon-icon.com\/?s={search_term_string}"},"query-input":{"@type":"PropertyValueSpecification","valueRequired":true,"valueName":"search_term_string"}}],"inLanguage":"en-US"}]}},"_links":{"self":[{"href":"https:\/\/www.icon-icon.com\/en\/wp-json\/wp\/v2\/product\/52926","targetHints":{"allow":["GET"]}}],"collection":[{"href":"https:\/\/www.icon-icon.com\/en\/wp-json\/wp\/v2\/product"}],"about":[{"href":"https:\/\/www.icon-icon.com\/en\/wp-json\/wp\/v2\/types\/product"}],"wp:featuredmedia":[{"embeddable":true,"href":"https:\/\/www.icon-icon.com\/en\/wp-json\/wp\/v2\/media\/52853"}],"wp:attachment":[{"href":"https:\/\/www.icon-icon.com\/en\/wp-json\/wp\/v2\/media?parent=52926"}],"wp:term":[{"taxonomy":"product_brand","embeddable":true,"href":"https:\/\/www.icon-icon.com\/en\/wp-json\/wp\/v2\/product_brand?post=52926"},{"taxonomy":"product_cat","embeddable":true,"href":"https:\/\/www.icon-icon.com\/en\/wp-json\/wp\/v2\/product_cat?post=52926"},{"taxonomy":"product_tag","embeddable":true,"href":"https:\/\/www.icon-icon.com\/en\/wp-json\/wp\/v2\/product_tag?post=52926"}],"curies":[{"name":"wp","href":"https:\/\/api.w.org\/{rel}","templated":true}]}}