


{"id":52912,"date":"2021-09-12T13:15:43","date_gmt":"2021-11-19T10:43:28","guid":{"rendered":"https:\/\/www.icon-icon.com\/?post_type=product&#038;p=52912"},"modified":"2021-11-19T11:45:43","modified_gmt":"2021-11-19T10:45:43","slug":"joia","status":"publish","type":"product","link":"https:\/\/www.icon-icon.com\/en\/produit\/joia\/","title":{"rendered":"J\u00f3ia"},"content":{"rendered":"","protected":false},"excerpt":{"rendered":"<p><b>Author<\/b><span style=\"font-weight: 400;\">: <\/span><span style=\"font-weight: 400;\">H\u00e9l\u00e8ne Darroze\u00a0<\/span><\/p>\n<p><b>Publishing House<\/b><span style=\"font-weight: 400;\">: Le Cherche Midi<\/span><\/p>\n<p><b>Publication Date<\/b><span style=\"font-weight: 400;\">: March, 2019<\/span><\/p>\n<p><span style=\"font-weight: 400;\"><b>Description :\u00a0<\/b>A kitchen of sharing reassuring and accessible.<\/span><\/p>\n<p><span style=\"font-weight: 400;\">&#8220;To cook is to live&#8230; and to live is to cook&#8221;&#8230; This motto has guided me all my life, and today more than ever, it is at the heart of my journey as a woman and as a cook. So, after twenty-five years of great gastronomic moments, I wanted to create a new restaurant, find a unique place, open to the city, open to life; an address of neighborhood conducive to meetings and sharing, confidences as well as bursts of laughter; a house of taste that reconciles requirement and simplicity, small dishes from here and delicacies from elsewhere, recipes from grandmothers and haute couture cocktails; a place of epicurean and elegant life, in which everyone will be able to recognize themselves, in which we simply feel good.<\/span><\/p>\n","protected":false},"featured_media":52871,"template":"","meta":{"_acf_changed":false},"product_brand":[],"product_cat":[21562,22973,21742,24887,21728],"product_tag":[25003,25002,24900,22284],"class_list":{"0":"post-52912","1":"product","2":"type-product","3":"status-publish","4":"has-post-thumbnail","6":"product_cat-books","7":"product_cat-culture-and-technology","8":"product_cat-iconic-chefs-selection","9":"product_cat-luxury-and-lifestyle","10":"product_cat-wines-spirits-gastronomy-selection","11":"product_tag-helene-darroze-en","12":"product_tag-le-cherche-midi-en","13":"product_tag-livres-et-documentaires-en","14":"product_tag-luxury-en","16":"first","17":"instock","18":"product-type-external"},"acf":[],"yoast_head":"<!-- This site is optimized with the Yoast SEO plugin v27.2 - https:\/\/yoast.com\/product\/yoast-seo-wordpress\/ -->\n<title>J\u00f3ia - ICON-ICON<\/title>\n<meta name=\"robots\" content=\"index, follow, max-snippet:-1, max-image-preview:large, max-video-preview:-1\" \/>\n<link rel=\"canonical\" href=\"http:\/\/www.icon-icon.com\/en\/produit\/joia\/\" \/>\n<meta property=\"og:locale\" content=\"en_US\" \/>\n<meta property=\"og:type\" content=\"article\" \/>\n<meta property=\"og:title\" content=\"J\u00f3ia - ICON-ICON\" \/>\n<meta property=\"og:description\" content=\"Author: H\u00e9l\u00e8ne Darroze\u00a0  Publishing House: Le Cherche Midi  Publication Date: March, 2019  Description :\u00a0A kitchen of sharing reassuring and accessible.  &quot;To cook is to live... and to live is to cook&quot;... This motto has guided me all my life, and today more than ever, it is at the heart of my journey as a woman and as a cook. So, after twenty-five years of great gastronomic moments, I wanted to create a new restaurant, find a unique place, open to the city, open to life; an address of neighborhood conducive to meetings and sharing, confidences as well as bursts of laughter; a house of taste that reconciles requirement and simplicity, small dishes from here and delicacies from elsewhere, recipes from grandmothers and haute couture cocktails; a place of epicurean and elegant life, in which everyone will be able to recognize themselves, in which we simply feel good.\" \/>\n<meta property=\"og:url\" content=\"http:\/\/www.icon-icon.com\/en\/produit\/joia\/\" \/>\n<meta property=\"og:site_name\" content=\"ICON-ICON\" \/>\n<meta property=\"article:modified_time\" content=\"2021-11-19T10:45:43+00:00\" \/>\n<meta property=\"og:image\" content=\"http:\/\/www.icon-icon.com\/wp-content\/uploads\/2021\/08\/Joia.jpeg\" \/>\n\t<meta property=\"og:image:width\" content=\"600\" \/>\n\t<meta property=\"og:image:height\" content=\"767\" \/>\n\t<meta property=\"og:image:type\" content=\"image\/jpeg\" \/>\n<meta name=\"twitter:card\" content=\"summary_large_image\" \/>\n<script type=\"application\/ld+json\" class=\"yoast-schema-graph\">{\"@context\":\"https:\/\/schema.org\",\"@graph\":[{\"@type\":\"WebPage\",\"@id\":\"http:\/\/www.icon-icon.com\/en\/produit\/joia\/\",\"url\":\"http:\/\/www.icon-icon.com\/en\/produit\/joia\/\",\"name\":\"J\u00f3ia - ICON-ICON\",\"isPartOf\":{\"@id\":\"https:\/\/www.icon-icon.com\/#website\"},\"primaryImageOfPage\":{\"@id\":\"http:\/\/www.icon-icon.com\/en\/produit\/joia\/#primaryimage\"},\"image\":{\"@id\":\"http:\/\/www.icon-icon.com\/en\/produit\/joia\/#primaryimage\"},\"thumbnailUrl\":\"https:\/\/www.icon-icon.com\/wp-content\/uploads\/2021\/08\/Joia.jpeg\",\"datePublished\":\"2021-11-19T10:43:28+00:00\",\"dateModified\":\"2021-11-19T10:45:43+00:00\",\"breadcrumb\":{\"@id\":\"http:\/\/www.icon-icon.com\/en\/produit\/joia\/#breadcrumb\"},\"inLanguage\":\"en-US\",\"potentialAction\":[{\"@type\":\"ReadAction\",\"target\":[\"http:\/\/www.icon-icon.com\/en\/produit\/joia\/\"]}]},{\"@type\":\"ImageObject\",\"inLanguage\":\"en-US\",\"@id\":\"http:\/\/www.icon-icon.com\/en\/produit\/joia\/#primaryimage\",\"url\":\"https:\/\/www.icon-icon.com\/wp-content\/uploads\/2021\/08\/Joia.jpeg\",\"contentUrl\":\"https:\/\/www.icon-icon.com\/wp-content\/uploads\/2021\/08\/Joia.jpeg\",\"width\":600,\"height\":767},{\"@type\":\"BreadcrumbList\",\"@id\":\"http:\/\/www.icon-icon.com\/en\/produit\/joia\/#breadcrumb\",\"itemListElement\":[{\"@type\":\"ListItem\",\"position\":1,\"name\":\"Accueil\",\"item\":\"https:\/\/www.icon-icon.com\/en\/\"},{\"@type\":\"ListItem\",\"position\":2,\"name\":\"Shop\",\"item\":\"https:\/\/www.icon-icon.com\/en\/shop-2\/\"},{\"@type\":\"ListItem\",\"position\":3,\"name\":\"J\u00f3ia\"}]},{\"@type\":\"WebSite\",\"@id\":\"https:\/\/www.icon-icon.com\/#website\",\"url\":\"https:\/\/www.icon-icon.com\/\",\"name\":\"ICON-ICON\",\"description\":\"Luxury Stories\",\"potentialAction\":[{\"@type\":\"SearchAction\",\"target\":{\"@type\":\"EntryPoint\",\"urlTemplate\":\"https:\/\/www.icon-icon.com\/?s={search_term_string}\"},\"query-input\":{\"@type\":\"PropertyValueSpecification\",\"valueRequired\":true,\"valueName\":\"search_term_string\"}}],\"inLanguage\":\"en-US\"}]}<\/script>\n<!-- \/ Yoast SEO plugin. -->","yoast_head_json":{"title":"J\u00f3ia - ICON-ICON","robots":{"index":"index","follow":"follow","max-snippet":"max-snippet:-1","max-image-preview":"max-image-preview:large","max-video-preview":"max-video-preview:-1"},"canonical":"http:\/\/www.icon-icon.com\/en\/produit\/joia\/","og_locale":"en_US","og_type":"article","og_title":"J\u00f3ia - ICON-ICON","og_description":"Author: H\u00e9l\u00e8ne Darroze\u00a0  Publishing House: Le Cherche Midi  Publication Date: March, 2019  Description :\u00a0A kitchen of sharing reassuring and accessible.  \"To cook is to live... and to live is to cook\"... This motto has guided me all my life, and today more than ever, it is at the heart of my journey as a woman and as a cook. So, after twenty-five years of great gastronomic moments, I wanted to create a new restaurant, find a unique place, open to the city, open to life; an address of neighborhood conducive to meetings and sharing, confidences as well as bursts of laughter; a house of taste that reconciles requirement and simplicity, small dishes from here and delicacies from elsewhere, recipes from grandmothers and haute couture cocktails; a place of epicurean and elegant life, in which everyone will be able to recognize themselves, in which we simply feel good.","og_url":"http:\/\/www.icon-icon.com\/en\/produit\/joia\/","og_site_name":"ICON-ICON","article_modified_time":"2021-11-19T10:45:43+00:00","og_image":[{"width":600,"height":767,"url":"http:\/\/www.icon-icon.com\/wp-content\/uploads\/2021\/08\/Joia.jpeg","type":"image\/jpeg"}],"twitter_card":"summary_large_image","schema":{"@context":"https:\/\/schema.org","@graph":[{"@type":"WebPage","@id":"http:\/\/www.icon-icon.com\/en\/produit\/joia\/","url":"http:\/\/www.icon-icon.com\/en\/produit\/joia\/","name":"J\u00f3ia - ICON-ICON","isPartOf":{"@id":"https:\/\/www.icon-icon.com\/#website"},"primaryImageOfPage":{"@id":"http:\/\/www.icon-icon.com\/en\/produit\/joia\/#primaryimage"},"image":{"@id":"http:\/\/www.icon-icon.com\/en\/produit\/joia\/#primaryimage"},"thumbnailUrl":"https:\/\/www.icon-icon.com\/wp-content\/uploads\/2021\/08\/Joia.jpeg","datePublished":"2021-11-19T10:43:28+00:00","dateModified":"2021-11-19T10:45:43+00:00","breadcrumb":{"@id":"http:\/\/www.icon-icon.com\/en\/produit\/joia\/#breadcrumb"},"inLanguage":"en-US","potentialAction":[{"@type":"ReadAction","target":["http:\/\/www.icon-icon.com\/en\/produit\/joia\/"]}]},{"@type":"ImageObject","inLanguage":"en-US","@id":"http:\/\/www.icon-icon.com\/en\/produit\/joia\/#primaryimage","url":"https:\/\/www.icon-icon.com\/wp-content\/uploads\/2021\/08\/Joia.jpeg","contentUrl":"https:\/\/www.icon-icon.com\/wp-content\/uploads\/2021\/08\/Joia.jpeg","width":600,"height":767},{"@type":"BreadcrumbList","@id":"http:\/\/www.icon-icon.com\/en\/produit\/joia\/#breadcrumb","itemListElement":[{"@type":"ListItem","position":1,"name":"Accueil","item":"https:\/\/www.icon-icon.com\/en\/"},{"@type":"ListItem","position":2,"name":"Shop","item":"https:\/\/www.icon-icon.com\/en\/shop-2\/"},{"@type":"ListItem","position":3,"name":"J\u00f3ia"}]},{"@type":"WebSite","@id":"https:\/\/www.icon-icon.com\/#website","url":"https:\/\/www.icon-icon.com\/","name":"ICON-ICON","description":"Luxury Stories","potentialAction":[{"@type":"SearchAction","target":{"@type":"EntryPoint","urlTemplate":"https:\/\/www.icon-icon.com\/?s={search_term_string}"},"query-input":{"@type":"PropertyValueSpecification","valueRequired":true,"valueName":"search_term_string"}}],"inLanguage":"en-US"}]}},"_links":{"self":[{"href":"https:\/\/www.icon-icon.com\/en\/wp-json\/wp\/v2\/product\/52912","targetHints":{"allow":["GET"]}}],"collection":[{"href":"https:\/\/www.icon-icon.com\/en\/wp-json\/wp\/v2\/product"}],"about":[{"href":"https:\/\/www.icon-icon.com\/en\/wp-json\/wp\/v2\/types\/product"}],"wp:featuredmedia":[{"embeddable":true,"href":"https:\/\/www.icon-icon.com\/en\/wp-json\/wp\/v2\/media\/52871"}],"wp:attachment":[{"href":"https:\/\/www.icon-icon.com\/en\/wp-json\/wp\/v2\/media?parent=52912"}],"wp:term":[{"taxonomy":"product_brand","embeddable":true,"href":"https:\/\/www.icon-icon.com\/en\/wp-json\/wp\/v2\/product_brand?post=52912"},{"taxonomy":"product_cat","embeddable":true,"href":"https:\/\/www.icon-icon.com\/en\/wp-json\/wp\/v2\/product_cat?post=52912"},{"taxonomy":"product_tag","embeddable":true,"href":"https:\/\/www.icon-icon.com\/en\/wp-json\/wp\/v2\/product_tag?post=52912"}],"curies":[{"name":"wp","href":"https:\/\/api.w.org\/{rel}","templated":true}]}}