


{"id":52910,"date":"2021-09-12T13:16:26","date_gmt":"2021-11-18T15:40:54","guid":{"rendered":"https:\/\/www.icon-icon.com\/?post_type=product&#038;p=52910"},"modified":"2021-11-18T16:40:59","modified_gmt":"2021-11-18T15:40:59","slug":"fetes-vegetales","status":"publish","type":"product","link":"https:\/\/www.icon-icon.com\/en\/produit\/fetes-vegetales\/","title":{"rendered":"F\u00eates v\u00e9g\u00e9tales"},"content":{"rendered":"","protected":false},"excerpt":{"rendered":"<p><b>Authors: <\/b><span style=\"font-weight: 400;\">Alain Ducasse<\/span><span style=\"font-weight: 400;\">, <\/span><span style=\"font-weight: 400;\">Ang\u00e8le Ferreux Maeght<\/span><span style=\"font-weight: 400;\">, <\/span><span style=\"font-weight: 400;\">Romain Meder<\/span><\/p>\n<p><b>Publishing House:<\/b><span style=\"font-weight: 400;\"> Alain Ducasse Eds<\/span><\/p>\n<p><b>Publication Date: <\/b><span style=\"font-weight: 400;\">october, 2018<\/span><\/p>\n<p><span style=\"font-weight: 400;\"><b>Description :\u00a0<\/b>Finally, healthy holiday meals!<\/span><\/p>\n<p><span style=\"font-weight: 400;\">Vegetarian friends, rejoice! With 60 simple and refined recipes, both festive and vegetal, our three authors combine their talents to make accessible a pleasure cuisine, respectful of the environment and our health. Barbecue of summer vegetables, pumpkin latte, celeriac with a spoon and peanut condiment, almond yogurt or cake with blood oranges without gluten: this book will become essential for the preparation of your big tables in the four seasons, for all occasions!<\/span><\/p>\n","protected":false},"featured_media":52865,"template":"","meta":{"_acf_changed":false},"product_brand":[],"product_cat":[21562,22973,21742,24887,21728],"product_tag":[24991,24900,22284,24992],"class_list":{"0":"post-52910","1":"product","2":"type-product","3":"status-publish","4":"has-post-thumbnail","6":"product_cat-books","7":"product_cat-culture-and-technology","8":"product_cat-iconic-chefs-selection","9":"product_cat-luxury-and-lifestyle","10":"product_cat-wines-spirits-gastronomy-selection","11":"product_tag-alain-ducasse-eds-en","12":"product_tag-livres-et-documentaires-en","13":"product_tag-luxury-en","14":"product_tag-romain-meder-en","16":"first","17":"instock","18":"product-type-external"},"acf":[],"yoast_head":"<!-- This site is optimized with the Yoast SEO plugin v27.2 - https:\/\/yoast.com\/product\/yoast-seo-wordpress\/ -->\n<title>F\u00eates v\u00e9g\u00e9tales - ICON-ICON<\/title>\n<meta name=\"robots\" content=\"index, follow, max-snippet:-1, max-image-preview:large, max-video-preview:-1\" \/>\n<link rel=\"canonical\" href=\"http:\/\/www.icon-icon.com\/en\/produit\/fetes-vegetales\/\" \/>\n<meta property=\"og:locale\" content=\"en_US\" \/>\n<meta property=\"og:type\" content=\"article\" \/>\n<meta property=\"og:title\" content=\"F\u00eates v\u00e9g\u00e9tales - ICON-ICON\" \/>\n<meta property=\"og:description\" content=\"Authors: Alain Ducasse, Ang\u00e8le Ferreux Maeght, Romain Meder  Publishing House: Alain Ducasse Eds  Publication Date: october, 2018  Description :\u00a0Finally, healthy holiday meals!  Vegetarian friends, rejoice! With 60 simple and refined recipes, both festive and vegetal, our three authors combine their talents to make accessible a pleasure cuisine, respectful of the environment and our health. Barbecue of summer vegetables, pumpkin latte, celeriac with a spoon and peanut condiment, almond yogurt or cake with blood oranges without gluten: this book will become essential for the preparation of your big tables in the four seasons, for all occasions!\" \/>\n<meta property=\"og:url\" content=\"http:\/\/www.icon-icon.com\/en\/produit\/fetes-vegetales\/\" \/>\n<meta property=\"og:site_name\" content=\"ICON-ICON\" \/>\n<meta property=\"article:modified_time\" content=\"2021-11-18T15:40:59+00:00\" \/>\n<meta property=\"og:image\" content=\"http:\/\/www.icon-icon.com\/wp-content\/uploads\/2021\/08\/Fetes-vegetales-.jpeg\" \/>\n\t<meta property=\"og:image:width\" content=\"600\" \/>\n\t<meta property=\"og:image:height\" content=\"600\" \/>\n\t<meta property=\"og:image:type\" content=\"image\/jpeg\" \/>\n<meta name=\"twitter:card\" content=\"summary_large_image\" \/>\n<script type=\"application\/ld+json\" class=\"yoast-schema-graph\">{\"@context\":\"https:\/\/schema.org\",\"@graph\":[{\"@type\":\"WebPage\",\"@id\":\"http:\/\/www.icon-icon.com\/en\/produit\/fetes-vegetales\/\",\"url\":\"http:\/\/www.icon-icon.com\/en\/produit\/fetes-vegetales\/\",\"name\":\"F\u00eates v\u00e9g\u00e9tales - ICON-ICON\",\"isPartOf\":{\"@id\":\"https:\/\/www.icon-icon.com\/#website\"},\"primaryImageOfPage\":{\"@id\":\"http:\/\/www.icon-icon.com\/en\/produit\/fetes-vegetales\/#primaryimage\"},\"image\":{\"@id\":\"http:\/\/www.icon-icon.com\/en\/produit\/fetes-vegetales\/#primaryimage\"},\"thumbnailUrl\":\"https:\/\/www.icon-icon.com\/wp-content\/uploads\/2021\/08\/Fetes-vegetales-.jpeg\",\"datePublished\":\"2021-11-18T15:40:54+00:00\",\"dateModified\":\"2021-11-18T15:40:59+00:00\",\"breadcrumb\":{\"@id\":\"http:\/\/www.icon-icon.com\/en\/produit\/fetes-vegetales\/#breadcrumb\"},\"inLanguage\":\"en-US\",\"potentialAction\":[{\"@type\":\"ReadAction\",\"target\":[\"http:\/\/www.icon-icon.com\/en\/produit\/fetes-vegetales\/\"]}]},{\"@type\":\"ImageObject\",\"inLanguage\":\"en-US\",\"@id\":\"http:\/\/www.icon-icon.com\/en\/produit\/fetes-vegetales\/#primaryimage\",\"url\":\"https:\/\/www.icon-icon.com\/wp-content\/uploads\/2021\/08\/Fetes-vegetales-.jpeg\",\"contentUrl\":\"https:\/\/www.icon-icon.com\/wp-content\/uploads\/2021\/08\/Fetes-vegetales-.jpeg\",\"width\":600,\"height\":600},{\"@type\":\"BreadcrumbList\",\"@id\":\"http:\/\/www.icon-icon.com\/en\/produit\/fetes-vegetales\/#breadcrumb\",\"itemListElement\":[{\"@type\":\"ListItem\",\"position\":1,\"name\":\"Accueil\",\"item\":\"https:\/\/www.icon-icon.com\/en\/\"},{\"@type\":\"ListItem\",\"position\":2,\"name\":\"Shop\",\"item\":\"https:\/\/www.icon-icon.com\/en\/shop-2\/\"},{\"@type\":\"ListItem\",\"position\":3,\"name\":\"F\u00eates v\u00e9g\u00e9tales\"}]},{\"@type\":\"WebSite\",\"@id\":\"https:\/\/www.icon-icon.com\/#website\",\"url\":\"https:\/\/www.icon-icon.com\/\",\"name\":\"ICON-ICON\",\"description\":\"Luxury Stories\",\"potentialAction\":[{\"@type\":\"SearchAction\",\"target\":{\"@type\":\"EntryPoint\",\"urlTemplate\":\"https:\/\/www.icon-icon.com\/?s={search_term_string}\"},\"query-input\":{\"@type\":\"PropertyValueSpecification\",\"valueRequired\":true,\"valueName\":\"search_term_string\"}}],\"inLanguage\":\"en-US\"}]}<\/script>\n<!-- \/ Yoast SEO plugin. -->","yoast_head_json":{"title":"F\u00eates v\u00e9g\u00e9tales - ICON-ICON","robots":{"index":"index","follow":"follow","max-snippet":"max-snippet:-1","max-image-preview":"max-image-preview:large","max-video-preview":"max-video-preview:-1"},"canonical":"http:\/\/www.icon-icon.com\/en\/produit\/fetes-vegetales\/","og_locale":"en_US","og_type":"article","og_title":"F\u00eates v\u00e9g\u00e9tales - ICON-ICON","og_description":"Authors: Alain Ducasse, Ang\u00e8le Ferreux Maeght, Romain Meder  Publishing House: Alain Ducasse Eds  Publication Date: october, 2018  Description :\u00a0Finally, healthy holiday meals!  Vegetarian friends, rejoice! With 60 simple and refined recipes, both festive and vegetal, our three authors combine their talents to make accessible a pleasure cuisine, respectful of the environment and our health. Barbecue of summer vegetables, pumpkin latte, celeriac with a spoon and peanut condiment, almond yogurt or cake with blood oranges without gluten: this book will become essential for the preparation of your big tables in the four seasons, for all occasions!","og_url":"http:\/\/www.icon-icon.com\/en\/produit\/fetes-vegetales\/","og_site_name":"ICON-ICON","article_modified_time":"2021-11-18T15:40:59+00:00","og_image":[{"width":600,"height":600,"url":"http:\/\/www.icon-icon.com\/wp-content\/uploads\/2021\/08\/Fetes-vegetales-.jpeg","type":"image\/jpeg"}],"twitter_card":"summary_large_image","schema":{"@context":"https:\/\/schema.org","@graph":[{"@type":"WebPage","@id":"http:\/\/www.icon-icon.com\/en\/produit\/fetes-vegetales\/","url":"http:\/\/www.icon-icon.com\/en\/produit\/fetes-vegetales\/","name":"F\u00eates v\u00e9g\u00e9tales - ICON-ICON","isPartOf":{"@id":"https:\/\/www.icon-icon.com\/#website"},"primaryImageOfPage":{"@id":"http:\/\/www.icon-icon.com\/en\/produit\/fetes-vegetales\/#primaryimage"},"image":{"@id":"http:\/\/www.icon-icon.com\/en\/produit\/fetes-vegetales\/#primaryimage"},"thumbnailUrl":"https:\/\/www.icon-icon.com\/wp-content\/uploads\/2021\/08\/Fetes-vegetales-.jpeg","datePublished":"2021-11-18T15:40:54+00:00","dateModified":"2021-11-18T15:40:59+00:00","breadcrumb":{"@id":"http:\/\/www.icon-icon.com\/en\/produit\/fetes-vegetales\/#breadcrumb"},"inLanguage":"en-US","potentialAction":[{"@type":"ReadAction","target":["http:\/\/www.icon-icon.com\/en\/produit\/fetes-vegetales\/"]}]},{"@type":"ImageObject","inLanguage":"en-US","@id":"http:\/\/www.icon-icon.com\/en\/produit\/fetes-vegetales\/#primaryimage","url":"https:\/\/www.icon-icon.com\/wp-content\/uploads\/2021\/08\/Fetes-vegetales-.jpeg","contentUrl":"https:\/\/www.icon-icon.com\/wp-content\/uploads\/2021\/08\/Fetes-vegetales-.jpeg","width":600,"height":600},{"@type":"BreadcrumbList","@id":"http:\/\/www.icon-icon.com\/en\/produit\/fetes-vegetales\/#breadcrumb","itemListElement":[{"@type":"ListItem","position":1,"name":"Accueil","item":"https:\/\/www.icon-icon.com\/en\/"},{"@type":"ListItem","position":2,"name":"Shop","item":"https:\/\/www.icon-icon.com\/en\/shop-2\/"},{"@type":"ListItem","position":3,"name":"F\u00eates v\u00e9g\u00e9tales"}]},{"@type":"WebSite","@id":"https:\/\/www.icon-icon.com\/#website","url":"https:\/\/www.icon-icon.com\/","name":"ICON-ICON","description":"Luxury Stories","potentialAction":[{"@type":"SearchAction","target":{"@type":"EntryPoint","urlTemplate":"https:\/\/www.icon-icon.com\/?s={search_term_string}"},"query-input":{"@type":"PropertyValueSpecification","valueRequired":true,"valueName":"search_term_string"}}],"inLanguage":"en-US"}]}},"_links":{"self":[{"href":"https:\/\/www.icon-icon.com\/en\/wp-json\/wp\/v2\/product\/52910","targetHints":{"allow":["GET"]}}],"collection":[{"href":"https:\/\/www.icon-icon.com\/en\/wp-json\/wp\/v2\/product"}],"about":[{"href":"https:\/\/www.icon-icon.com\/en\/wp-json\/wp\/v2\/types\/product"}],"wp:featuredmedia":[{"embeddable":true,"href":"https:\/\/www.icon-icon.com\/en\/wp-json\/wp\/v2\/media\/52865"}],"wp:attachment":[{"href":"https:\/\/www.icon-icon.com\/en\/wp-json\/wp\/v2\/media?parent=52910"}],"wp:term":[{"taxonomy":"product_brand","embeddable":true,"href":"https:\/\/www.icon-icon.com\/en\/wp-json\/wp\/v2\/product_brand?post=52910"},{"taxonomy":"product_cat","embeddable":true,"href":"https:\/\/www.icon-icon.com\/en\/wp-json\/wp\/v2\/product_cat?post=52910"},{"taxonomy":"product_tag","embeddable":true,"href":"https:\/\/www.icon-icon.com\/en\/wp-json\/wp\/v2\/product_tag?post=52910"}],"curies":[{"name":"wp","href":"https:\/\/api.w.org\/{rel}","templated":true}]}}