


{"id":52908,"date":"2021-09-12T13:16:52","date_gmt":"2021-11-19T12:14:18","guid":{"rendered":"https:\/\/www.icon-icon.com\/?post_type=product&#038;p=52908"},"modified":"2021-11-19T13:15:00","modified_gmt":"2021-11-19T12:15:00","slug":"the-grand-livre-de-la-naturalite-by-alain-ducasse","status":"publish","type":"product","link":"https:\/\/www.icon-icon.com\/en\/produit\/the-grand-livre-de-la-naturalite-by-alain-ducasse\/","title":{"rendered":"The Grand Livre de la Naturalit\u00e9 by Alain Ducasse"},"content":{"rendered":"","protected":false},"excerpt":{"rendered":"<p><b>Authors<\/b><span style=\"font-weight: 400;\">: <\/span><span style=\"font-weight: 400;\">Alain Ducasse<\/span><span style=\"font-weight: 400;\">, <\/span><span style=\"font-weight: 400;\">Romain Meder<\/span><span style=\"font-weight: 400;\">,\u00a0<\/span><\/p>\n<p><b>Publishing House<\/b><span style=\"font-weight: 400;\">: Alain Ducasse Editions<\/span><\/p>\n<p><b>Publication Date<\/b><span style=\"font-weight: 400;\">: october, 2020<\/span><\/p>\n<p><i><span style=\"font-weight: 400;\"><b>Description :\u00a0<\/b>The Grand Livre de la Naturalit\u00e9 <\/span><\/i><span style=\"font-weight: 400;\">offers more than 120 unpublished recipes served at the Plaza Ath\u00e9n\u00e9e since Alain Ducasse imposed Naturalit\u00e9. 2014, vegetables, fish, cereals, Alain Ducasse sets with Naturalit\u00e9 a demanding and visionary setting for the cuisine he wants to serve in his restaurant at the Plaza Ath\u00e9n\u00e9e in Paris. Since then, Alain Ducasse\u2019s kitchens at the Plaza Ath\u00e9n\u00e9e have become a place of culinary creation guided by nature. Divided into 2 parts, the Cuisinalit\u00e9 orchestrated by Romain Meder and the Desseralit\u00e9 orchestrated by Jessica Pr\u00e9alpato, this book presents chronologically the most emblematic recipes of this culinary philosophy. Using techniques such as fermentation, roasting or extraction, chef Romain Meder reveals the original flavours of the products. Pastry chef Jessica Pr\u00e9alpato offers simple desserts whose purity of taste appeals. This new approach enabled him to obtain the title of Best Pastry Pastry Chef in the World in 2019.<\/span><\/p>\n","protected":false},"featured_media":52881,"template":"","meta":{"_acf_changed":false},"product_brand":[],"product_cat":[21562,22973,21742,24887,21728],"product_tag":[25016,24900,22284,24992],"class_list":{"0":"post-52908","1":"product","2":"type-product","3":"status-publish","4":"has-post-thumbnail","6":"product_cat-books","7":"product_cat-culture-and-technology","8":"product_cat-iconic-chefs-selection","9":"product_cat-luxury-and-lifestyle","10":"product_cat-wines-spirits-gastronomy-selection","11":"product_tag-alain-ducasse-editions-en","12":"product_tag-livres-et-documentaires-en","13":"product_tag-luxury-en","14":"product_tag-romain-meder-en","16":"first","17":"instock","18":"product-type-external"},"acf":[],"yoast_head":"<!-- This site is optimized with the Yoast SEO plugin v27.2 - https:\/\/yoast.com\/product\/yoast-seo-wordpress\/ -->\n<title>The Grand Livre de la Naturalit\u00e9 by Alain Ducasse - ICON-ICON<\/title>\n<meta name=\"robots\" content=\"index, follow, max-snippet:-1, max-image-preview:large, max-video-preview:-1\" \/>\n<link rel=\"canonical\" href=\"http:\/\/www.icon-icon.com\/en\/produit\/the-grand-livre-de-la-naturalite-by-alain-ducasse\/\" \/>\n<meta property=\"og:locale\" content=\"en_US\" \/>\n<meta property=\"og:type\" content=\"article\" \/>\n<meta property=\"og:title\" content=\"The Grand Livre de la Naturalit\u00e9 by Alain Ducasse - ICON-ICON\" \/>\n<meta property=\"og:description\" content=\"Authors: Alain Ducasse, Romain Meder,\u00a0  Publishing House: Alain Ducasse Editions  Publication Date: october, 2020  Description :\u00a0The Grand Livre de la Naturalit\u00e9 offers more than 120 unpublished recipes served at the Plaza Ath\u00e9n\u00e9e since Alain Ducasse imposed Naturalit\u00e9. 2014, vegetables, fish, cereals, Alain Ducasse sets with Naturalit\u00e9 a demanding and visionary setting for the cuisine he wants to serve in his restaurant at the Plaza Ath\u00e9n\u00e9e in Paris. Since then, Alain Ducasse\u2019s kitchens at the Plaza Ath\u00e9n\u00e9e have become a place of culinary creation guided by nature. Divided into 2 parts, the Cuisinalit\u00e9 orchestrated by Romain Meder and the Desseralit\u00e9 orchestrated by Jessica Pr\u00e9alpato, this book presents chronologically the most emblematic recipes of this culinary philosophy. Using techniques such as fermentation, roasting or extraction, chef Romain Meder reveals the original flavours of the products. Pastry chef Jessica Pr\u00e9alpato offers simple desserts whose purity of taste appeals. This new approach enabled him to obtain the title of Best Pastry Pastry Chef in the World in 2019.\" \/>\n<meta property=\"og:url\" content=\"http:\/\/www.icon-icon.com\/en\/produit\/the-grand-livre-de-la-naturalite-by-alain-ducasse\/\" \/>\n<meta property=\"og:site_name\" content=\"ICON-ICON\" \/>\n<meta property=\"article:modified_time\" content=\"2021-11-19T12:15:00+00:00\" \/>\n<meta property=\"og:image\" content=\"http:\/\/www.icon-icon.com\/wp-content\/uploads\/2021\/08\/Le-Grand-livre-de-la-Naturalite-dAlain-Ducasse-.jpg\" \/>\n\t<meta property=\"og:image:width\" content=\"600\" \/>\n\t<meta property=\"og:image:height\" content=\"783\" \/>\n\t<meta property=\"og:image:type\" content=\"image\/jpeg\" \/>\n<meta name=\"twitter:card\" content=\"summary_large_image\" \/>\n<script type=\"application\/ld+json\" class=\"yoast-schema-graph\">{\"@context\":\"https:\/\/schema.org\",\"@graph\":[{\"@type\":\"WebPage\",\"@id\":\"http:\/\/www.icon-icon.com\/en\/produit\/the-grand-livre-de-la-naturalite-by-alain-ducasse\/\",\"url\":\"http:\/\/www.icon-icon.com\/en\/produit\/the-grand-livre-de-la-naturalite-by-alain-ducasse\/\",\"name\":\"The Grand Livre de la Naturalit\u00e9 by Alain Ducasse - ICON-ICON\",\"isPartOf\":{\"@id\":\"https:\/\/www.icon-icon.com\/#website\"},\"primaryImageOfPage\":{\"@id\":\"http:\/\/www.icon-icon.com\/en\/produit\/the-grand-livre-de-la-naturalite-by-alain-ducasse\/#primaryimage\"},\"image\":{\"@id\":\"http:\/\/www.icon-icon.com\/en\/produit\/the-grand-livre-de-la-naturalite-by-alain-ducasse\/#primaryimage\"},\"thumbnailUrl\":\"https:\/\/www.icon-icon.com\/wp-content\/uploads\/2021\/08\/Le-Grand-livre-de-la-Naturalite-dAlain-Ducasse-.jpg\",\"datePublished\":\"2021-11-19T12:14:18+00:00\",\"dateModified\":\"2021-11-19T12:15:00+00:00\",\"breadcrumb\":{\"@id\":\"http:\/\/www.icon-icon.com\/en\/produit\/the-grand-livre-de-la-naturalite-by-alain-ducasse\/#breadcrumb\"},\"inLanguage\":\"en-US\",\"potentialAction\":[{\"@type\":\"ReadAction\",\"target\":[\"http:\/\/www.icon-icon.com\/en\/produit\/the-grand-livre-de-la-naturalite-by-alain-ducasse\/\"]}]},{\"@type\":\"ImageObject\",\"inLanguage\":\"en-US\",\"@id\":\"http:\/\/www.icon-icon.com\/en\/produit\/the-grand-livre-de-la-naturalite-by-alain-ducasse\/#primaryimage\",\"url\":\"https:\/\/www.icon-icon.com\/wp-content\/uploads\/2021\/08\/Le-Grand-livre-de-la-Naturalite-dAlain-Ducasse-.jpg\",\"contentUrl\":\"https:\/\/www.icon-icon.com\/wp-content\/uploads\/2021\/08\/Le-Grand-livre-de-la-Naturalite-dAlain-Ducasse-.jpg\",\"width\":600,\"height\":783},{\"@type\":\"BreadcrumbList\",\"@id\":\"http:\/\/www.icon-icon.com\/en\/produit\/the-grand-livre-de-la-naturalite-by-alain-ducasse\/#breadcrumb\",\"itemListElement\":[{\"@type\":\"ListItem\",\"position\":1,\"name\":\"Accueil\",\"item\":\"https:\/\/www.icon-icon.com\/en\/\"},{\"@type\":\"ListItem\",\"position\":2,\"name\":\"Shop\",\"item\":\"https:\/\/www.icon-icon.com\/en\/shop-2\/\"},{\"@type\":\"ListItem\",\"position\":3,\"name\":\"The Grand Livre de la Naturalit\u00e9 by Alain Ducasse\"}]},{\"@type\":\"WebSite\",\"@id\":\"https:\/\/www.icon-icon.com\/#website\",\"url\":\"https:\/\/www.icon-icon.com\/\",\"name\":\"ICON-ICON\",\"description\":\"Luxury Stories\",\"potentialAction\":[{\"@type\":\"SearchAction\",\"target\":{\"@type\":\"EntryPoint\",\"urlTemplate\":\"https:\/\/www.icon-icon.com\/?s={search_term_string}\"},\"query-input\":{\"@type\":\"PropertyValueSpecification\",\"valueRequired\":true,\"valueName\":\"search_term_string\"}}],\"inLanguage\":\"en-US\"}]}<\/script>\n<!-- \/ Yoast SEO plugin. -->","yoast_head_json":{"title":"The Grand Livre de la Naturalit\u00e9 by Alain Ducasse - ICON-ICON","robots":{"index":"index","follow":"follow","max-snippet":"max-snippet:-1","max-image-preview":"max-image-preview:large","max-video-preview":"max-video-preview:-1"},"canonical":"http:\/\/www.icon-icon.com\/en\/produit\/the-grand-livre-de-la-naturalite-by-alain-ducasse\/","og_locale":"en_US","og_type":"article","og_title":"The Grand Livre de la Naturalit\u00e9 by Alain Ducasse - ICON-ICON","og_description":"Authors: Alain Ducasse, Romain Meder,\u00a0  Publishing House: Alain Ducasse Editions  Publication Date: october, 2020  Description :\u00a0The Grand Livre de la Naturalit\u00e9 offers more than 120 unpublished recipes served at the Plaza Ath\u00e9n\u00e9e since Alain Ducasse imposed Naturalit\u00e9. 2014, vegetables, fish, cereals, Alain Ducasse sets with Naturalit\u00e9 a demanding and visionary setting for the cuisine he wants to serve in his restaurant at the Plaza Ath\u00e9n\u00e9e in Paris. Since then, Alain Ducasse\u2019s kitchens at the Plaza Ath\u00e9n\u00e9e have become a place of culinary creation guided by nature. Divided into 2 parts, the Cuisinalit\u00e9 orchestrated by Romain Meder and the Desseralit\u00e9 orchestrated by Jessica Pr\u00e9alpato, this book presents chronologically the most emblematic recipes of this culinary philosophy. Using techniques such as fermentation, roasting or extraction, chef Romain Meder reveals the original flavours of the products. Pastry chef Jessica Pr\u00e9alpato offers simple desserts whose purity of taste appeals. This new approach enabled him to obtain the title of Best Pastry Pastry Chef in the World in 2019.","og_url":"http:\/\/www.icon-icon.com\/en\/produit\/the-grand-livre-de-la-naturalite-by-alain-ducasse\/","og_site_name":"ICON-ICON","article_modified_time":"2021-11-19T12:15:00+00:00","og_image":[{"width":600,"height":783,"url":"http:\/\/www.icon-icon.com\/wp-content\/uploads\/2021\/08\/Le-Grand-livre-de-la-Naturalite-dAlain-Ducasse-.jpg","type":"image\/jpeg"}],"twitter_card":"summary_large_image","schema":{"@context":"https:\/\/schema.org","@graph":[{"@type":"WebPage","@id":"http:\/\/www.icon-icon.com\/en\/produit\/the-grand-livre-de-la-naturalite-by-alain-ducasse\/","url":"http:\/\/www.icon-icon.com\/en\/produit\/the-grand-livre-de-la-naturalite-by-alain-ducasse\/","name":"The Grand Livre de la Naturalit\u00e9 by Alain Ducasse - ICON-ICON","isPartOf":{"@id":"https:\/\/www.icon-icon.com\/#website"},"primaryImageOfPage":{"@id":"http:\/\/www.icon-icon.com\/en\/produit\/the-grand-livre-de-la-naturalite-by-alain-ducasse\/#primaryimage"},"image":{"@id":"http:\/\/www.icon-icon.com\/en\/produit\/the-grand-livre-de-la-naturalite-by-alain-ducasse\/#primaryimage"},"thumbnailUrl":"https:\/\/www.icon-icon.com\/wp-content\/uploads\/2021\/08\/Le-Grand-livre-de-la-Naturalite-dAlain-Ducasse-.jpg","datePublished":"2021-11-19T12:14:18+00:00","dateModified":"2021-11-19T12:15:00+00:00","breadcrumb":{"@id":"http:\/\/www.icon-icon.com\/en\/produit\/the-grand-livre-de-la-naturalite-by-alain-ducasse\/#breadcrumb"},"inLanguage":"en-US","potentialAction":[{"@type":"ReadAction","target":["http:\/\/www.icon-icon.com\/en\/produit\/the-grand-livre-de-la-naturalite-by-alain-ducasse\/"]}]},{"@type":"ImageObject","inLanguage":"en-US","@id":"http:\/\/www.icon-icon.com\/en\/produit\/the-grand-livre-de-la-naturalite-by-alain-ducasse\/#primaryimage","url":"https:\/\/www.icon-icon.com\/wp-content\/uploads\/2021\/08\/Le-Grand-livre-de-la-Naturalite-dAlain-Ducasse-.jpg","contentUrl":"https:\/\/www.icon-icon.com\/wp-content\/uploads\/2021\/08\/Le-Grand-livre-de-la-Naturalite-dAlain-Ducasse-.jpg","width":600,"height":783},{"@type":"BreadcrumbList","@id":"http:\/\/www.icon-icon.com\/en\/produit\/the-grand-livre-de-la-naturalite-by-alain-ducasse\/#breadcrumb","itemListElement":[{"@type":"ListItem","position":1,"name":"Accueil","item":"https:\/\/www.icon-icon.com\/en\/"},{"@type":"ListItem","position":2,"name":"Shop","item":"https:\/\/www.icon-icon.com\/en\/shop-2\/"},{"@type":"ListItem","position":3,"name":"The Grand Livre de la Naturalit\u00e9 by Alain Ducasse"}]},{"@type":"WebSite","@id":"https:\/\/www.icon-icon.com\/#website","url":"https:\/\/www.icon-icon.com\/","name":"ICON-ICON","description":"Luxury Stories","potentialAction":[{"@type":"SearchAction","target":{"@type":"EntryPoint","urlTemplate":"https:\/\/www.icon-icon.com\/?s={search_term_string}"},"query-input":{"@type":"PropertyValueSpecification","valueRequired":true,"valueName":"search_term_string"}}],"inLanguage":"en-US"}]}},"_links":{"self":[{"href":"https:\/\/www.icon-icon.com\/en\/wp-json\/wp\/v2\/product\/52908","targetHints":{"allow":["GET"]}}],"collection":[{"href":"https:\/\/www.icon-icon.com\/en\/wp-json\/wp\/v2\/product"}],"about":[{"href":"https:\/\/www.icon-icon.com\/en\/wp-json\/wp\/v2\/types\/product"}],"wp:featuredmedia":[{"embeddable":true,"href":"https:\/\/www.icon-icon.com\/en\/wp-json\/wp\/v2\/media\/52881"}],"wp:attachment":[{"href":"https:\/\/www.icon-icon.com\/en\/wp-json\/wp\/v2\/media?parent=52908"}],"wp:term":[{"taxonomy":"product_brand","embeddable":true,"href":"https:\/\/www.icon-icon.com\/en\/wp-json\/wp\/v2\/product_brand?post=52908"},{"taxonomy":"product_cat","embeddable":true,"href":"https:\/\/www.icon-icon.com\/en\/wp-json\/wp\/v2\/product_cat?post=52908"},{"taxonomy":"product_tag","embeddable":true,"href":"https:\/\/www.icon-icon.com\/en\/wp-json\/wp\/v2\/product_tag?post=52908"}],"curies":[{"name":"wp","href":"https:\/\/api.w.org\/{rel}","templated":true}]}}