


{"id":52906,"date":"2021-09-12T13:16:56","date_gmt":"2021-11-18T14:46:00","guid":{"rendered":"https:\/\/www.icon-icon.com\/?post_type=product&#038;p=52906"},"modified":"2021-11-18T15:46:05","modified_gmt":"2021-11-18T14:46:05","slug":"alexandre-gauthier-cook","status":"publish","type":"product","link":"https:\/\/www.icon-icon.com\/en\/produit\/alexandre-gauthier-cook\/","title":{"rendered":"Alexandre Gauthier, cook"},"content":{"rendered":"","protected":false},"excerpt":{"rendered":"<p><b>Authors<\/b><span style=\"font-weight: 400;\">: Jean-Claude Lebensztejn, \u00c9ric Poitevin, C\u00e9sar Troisgros, Michel Troisgros<\/span><\/p>\n<p><b>Publishing House<\/b><span style=\"font-weight: 400;\">: La Martini\u00e8re<\/span><\/p>\n<p><b>Publication Date<\/b><span style=\"font-weight: 400;\">: december, 2019<\/span><\/p>\n<p><span style=\"font-weight: 400;\">After a first remarkable opus, Alexandre Gauthier, Michelin-starred Chef, proposes a new book on La Grenouill\u00e8re, the incarnation of a demanding contemporary cuisine, anchored in a rich and singular territory, in 100 recipes. We are familiar with Alexandre Gauthier\u2019s La Grenouill\u00e8re published in 2014. It is the heir of a family house installed in an old farm of the sixteenth century located on the coast of Opale. Since its renovation by Patrick Bouchain and the publication of the book Alexandre Gauthier, cook, La Grenouill\u00e8re has evolved and received numerous awards. It is the embodiment of a demanding contemporary cuisine, anchored in a rich and singular territory. In this second volume, Alexandre Gauthier delivers a hundred new recipes. This book invites you to discover a taste, a place, a team and a man. Like La Grenouill\u00e8re, this book is sincere, poetic. The object remains the same: beautiful, original and modern.<\/span><\/p>\n","protected":false},"featured_media":52849,"template":"","meta":{"_acf_changed":false},"product_brand":[],"product_cat":[21562,22973,21742,24887,21728],"product_tag":[24902,24900,22284,24964],"class_list":{"0":"post-52906","1":"product","2":"type-product","3":"status-publish","4":"has-post-thumbnail","6":"product_cat-books","7":"product_cat-culture-and-technology","8":"product_cat-iconic-chefs-selection","9":"product_cat-luxury-and-lifestyle","10":"product_cat-wines-spirits-gastronomy-selection","11":"product_tag-la-martiniere-en","12":"product_tag-livres-et-documentaires-en","13":"product_tag-luxury-en","14":"product_tag-michel-troisgros-en","16":"first","17":"instock","18":"product-type-external"},"acf":[],"yoast_head":"<!-- This site is optimized with the Yoast SEO plugin v27.2 - https:\/\/yoast.com\/product\/yoast-seo-wordpress\/ -->\n<title>Alexandre Gauthier, cook - ICON-ICON<\/title>\n<meta name=\"robots\" content=\"index, follow, max-snippet:-1, max-image-preview:large, max-video-preview:-1\" \/>\n<link rel=\"canonical\" href=\"http:\/\/www.icon-icon.com\/en\/produit\/alexandre-gauthier-cook\/\" \/>\n<meta property=\"og:locale\" content=\"en_US\" \/>\n<meta property=\"og:type\" content=\"article\" \/>\n<meta property=\"og:title\" content=\"Alexandre Gauthier, cook - ICON-ICON\" \/>\n<meta property=\"og:description\" content=\"Authors: Jean-Claude Lebensztejn, \u00c9ric Poitevin, C\u00e9sar Troisgros, Michel Troisgros  Publishing House: La Martini\u00e8re  Publication Date: december, 2019  After a first remarkable opus, Alexandre Gauthier, Michelin-starred Chef, proposes a new book on La Grenouill\u00e8re, the incarnation of a demanding contemporary cuisine, anchored in a rich and singular territory, in 100 recipes. We are familiar with Alexandre Gauthier\u2019s La Grenouill\u00e8re published in 2014. It is the heir of a family house installed in an old farm of the sixteenth century located on the coast of Opale. Since its renovation by Patrick Bouchain and the publication of the book Alexandre Gauthier, cook, La Grenouill\u00e8re has evolved and received numerous awards. It is the embodiment of a demanding contemporary cuisine, anchored in a rich and singular territory. In this second volume, Alexandre Gauthier delivers a hundred new recipes. This book invites you to discover a taste, a place, a team and a man. Like La Grenouill\u00e8re, this book is sincere, poetic. The object remains the same: beautiful, original and modern.\" \/>\n<meta property=\"og:url\" content=\"http:\/\/www.icon-icon.com\/en\/produit\/alexandre-gauthier-cook\/\" \/>\n<meta property=\"og:site_name\" content=\"ICON-ICON\" \/>\n<meta property=\"article:modified_time\" content=\"2021-11-18T14:46:05+00:00\" \/>\n<meta property=\"og:image\" content=\"http:\/\/www.icon-icon.com\/wp-content\/uploads\/2021\/08\/Alexandre-Gauthier-cuisinier-.jpeg\" \/>\n\t<meta property=\"og:image:width\" content=\"600\" \/>\n\t<meta property=\"og:image:height\" content=\"827\" \/>\n\t<meta property=\"og:image:type\" content=\"image\/jpeg\" \/>\n<meta name=\"twitter:card\" content=\"summary_large_image\" \/>\n<script type=\"application\/ld+json\" class=\"yoast-schema-graph\">{\"@context\":\"https:\/\/schema.org\",\"@graph\":[{\"@type\":\"WebPage\",\"@id\":\"http:\/\/www.icon-icon.com\/en\/produit\/alexandre-gauthier-cook\/\",\"url\":\"http:\/\/www.icon-icon.com\/en\/produit\/alexandre-gauthier-cook\/\",\"name\":\"Alexandre Gauthier, cook - ICON-ICON\",\"isPartOf\":{\"@id\":\"https:\/\/www.icon-icon.com\/#website\"},\"primaryImageOfPage\":{\"@id\":\"http:\/\/www.icon-icon.com\/en\/produit\/alexandre-gauthier-cook\/#primaryimage\"},\"image\":{\"@id\":\"http:\/\/www.icon-icon.com\/en\/produit\/alexandre-gauthier-cook\/#primaryimage\"},\"thumbnailUrl\":\"https:\/\/www.icon-icon.com\/wp-content\/uploads\/2021\/08\/Alexandre-Gauthier-cuisinier-.jpeg\",\"datePublished\":\"2021-11-18T14:46:00+00:00\",\"dateModified\":\"2021-11-18T14:46:05+00:00\",\"breadcrumb\":{\"@id\":\"http:\/\/www.icon-icon.com\/en\/produit\/alexandre-gauthier-cook\/#breadcrumb\"},\"inLanguage\":\"en-US\",\"potentialAction\":[{\"@type\":\"ReadAction\",\"target\":[\"http:\/\/www.icon-icon.com\/en\/produit\/alexandre-gauthier-cook\/\"]}]},{\"@type\":\"ImageObject\",\"inLanguage\":\"en-US\",\"@id\":\"http:\/\/www.icon-icon.com\/en\/produit\/alexandre-gauthier-cook\/#primaryimage\",\"url\":\"https:\/\/www.icon-icon.com\/wp-content\/uploads\/2021\/08\/Alexandre-Gauthier-cuisinier-.jpeg\",\"contentUrl\":\"https:\/\/www.icon-icon.com\/wp-content\/uploads\/2021\/08\/Alexandre-Gauthier-cuisinier-.jpeg\",\"width\":600,\"height\":827},{\"@type\":\"BreadcrumbList\",\"@id\":\"http:\/\/www.icon-icon.com\/en\/produit\/alexandre-gauthier-cook\/#breadcrumb\",\"itemListElement\":[{\"@type\":\"ListItem\",\"position\":1,\"name\":\"Accueil\",\"item\":\"https:\/\/www.icon-icon.com\/en\/\"},{\"@type\":\"ListItem\",\"position\":2,\"name\":\"Shop\",\"item\":\"https:\/\/www.icon-icon.com\/en\/shop-2\/\"},{\"@type\":\"ListItem\",\"position\":3,\"name\":\"Alexandre Gauthier, cook\"}]},{\"@type\":\"WebSite\",\"@id\":\"https:\/\/www.icon-icon.com\/#website\",\"url\":\"https:\/\/www.icon-icon.com\/\",\"name\":\"ICON-ICON\",\"description\":\"Luxury Stories\",\"potentialAction\":[{\"@type\":\"SearchAction\",\"target\":{\"@type\":\"EntryPoint\",\"urlTemplate\":\"https:\/\/www.icon-icon.com\/?s={search_term_string}\"},\"query-input\":{\"@type\":\"PropertyValueSpecification\",\"valueRequired\":true,\"valueName\":\"search_term_string\"}}],\"inLanguage\":\"en-US\"}]}<\/script>\n<!-- \/ Yoast SEO plugin. -->","yoast_head_json":{"title":"Alexandre Gauthier, cook - ICON-ICON","robots":{"index":"index","follow":"follow","max-snippet":"max-snippet:-1","max-image-preview":"max-image-preview:large","max-video-preview":"max-video-preview:-1"},"canonical":"http:\/\/www.icon-icon.com\/en\/produit\/alexandre-gauthier-cook\/","og_locale":"en_US","og_type":"article","og_title":"Alexandre Gauthier, cook - ICON-ICON","og_description":"Authors: Jean-Claude Lebensztejn, \u00c9ric Poitevin, C\u00e9sar Troisgros, Michel Troisgros  Publishing House: La Martini\u00e8re  Publication Date: december, 2019  After a first remarkable opus, Alexandre Gauthier, Michelin-starred Chef, proposes a new book on La Grenouill\u00e8re, the incarnation of a demanding contemporary cuisine, anchored in a rich and singular territory, in 100 recipes. We are familiar with Alexandre Gauthier\u2019s La Grenouill\u00e8re published in 2014. It is the heir of a family house installed in an old farm of the sixteenth century located on the coast of Opale. Since its renovation by Patrick Bouchain and the publication of the book Alexandre Gauthier, cook, La Grenouill\u00e8re has evolved and received numerous awards. It is the embodiment of a demanding contemporary cuisine, anchored in a rich and singular territory. In this second volume, Alexandre Gauthier delivers a hundred new recipes. This book invites you to discover a taste, a place, a team and a man. Like La Grenouill\u00e8re, this book is sincere, poetic. The object remains the same: beautiful, original and modern.","og_url":"http:\/\/www.icon-icon.com\/en\/produit\/alexandre-gauthier-cook\/","og_site_name":"ICON-ICON","article_modified_time":"2021-11-18T14:46:05+00:00","og_image":[{"width":600,"height":827,"url":"http:\/\/www.icon-icon.com\/wp-content\/uploads\/2021\/08\/Alexandre-Gauthier-cuisinier-.jpeg","type":"image\/jpeg"}],"twitter_card":"summary_large_image","schema":{"@context":"https:\/\/schema.org","@graph":[{"@type":"WebPage","@id":"http:\/\/www.icon-icon.com\/en\/produit\/alexandre-gauthier-cook\/","url":"http:\/\/www.icon-icon.com\/en\/produit\/alexandre-gauthier-cook\/","name":"Alexandre Gauthier, cook - ICON-ICON","isPartOf":{"@id":"https:\/\/www.icon-icon.com\/#website"},"primaryImageOfPage":{"@id":"http:\/\/www.icon-icon.com\/en\/produit\/alexandre-gauthier-cook\/#primaryimage"},"image":{"@id":"http:\/\/www.icon-icon.com\/en\/produit\/alexandre-gauthier-cook\/#primaryimage"},"thumbnailUrl":"https:\/\/www.icon-icon.com\/wp-content\/uploads\/2021\/08\/Alexandre-Gauthier-cuisinier-.jpeg","datePublished":"2021-11-18T14:46:00+00:00","dateModified":"2021-11-18T14:46:05+00:00","breadcrumb":{"@id":"http:\/\/www.icon-icon.com\/en\/produit\/alexandre-gauthier-cook\/#breadcrumb"},"inLanguage":"en-US","potentialAction":[{"@type":"ReadAction","target":["http:\/\/www.icon-icon.com\/en\/produit\/alexandre-gauthier-cook\/"]}]},{"@type":"ImageObject","inLanguage":"en-US","@id":"http:\/\/www.icon-icon.com\/en\/produit\/alexandre-gauthier-cook\/#primaryimage","url":"https:\/\/www.icon-icon.com\/wp-content\/uploads\/2021\/08\/Alexandre-Gauthier-cuisinier-.jpeg","contentUrl":"https:\/\/www.icon-icon.com\/wp-content\/uploads\/2021\/08\/Alexandre-Gauthier-cuisinier-.jpeg","width":600,"height":827},{"@type":"BreadcrumbList","@id":"http:\/\/www.icon-icon.com\/en\/produit\/alexandre-gauthier-cook\/#breadcrumb","itemListElement":[{"@type":"ListItem","position":1,"name":"Accueil","item":"https:\/\/www.icon-icon.com\/en\/"},{"@type":"ListItem","position":2,"name":"Shop","item":"https:\/\/www.icon-icon.com\/en\/shop-2\/"},{"@type":"ListItem","position":3,"name":"Alexandre Gauthier, cook"}]},{"@type":"WebSite","@id":"https:\/\/www.icon-icon.com\/#website","url":"https:\/\/www.icon-icon.com\/","name":"ICON-ICON","description":"Luxury Stories","potentialAction":[{"@type":"SearchAction","target":{"@type":"EntryPoint","urlTemplate":"https:\/\/www.icon-icon.com\/?s={search_term_string}"},"query-input":{"@type":"PropertyValueSpecification","valueRequired":true,"valueName":"search_term_string"}}],"inLanguage":"en-US"}]}},"_links":{"self":[{"href":"https:\/\/www.icon-icon.com\/en\/wp-json\/wp\/v2\/product\/52906","targetHints":{"allow":["GET"]}}],"collection":[{"href":"https:\/\/www.icon-icon.com\/en\/wp-json\/wp\/v2\/product"}],"about":[{"href":"https:\/\/www.icon-icon.com\/en\/wp-json\/wp\/v2\/types\/product"}],"wp:featuredmedia":[{"embeddable":true,"href":"https:\/\/www.icon-icon.com\/en\/wp-json\/wp\/v2\/media\/52849"}],"wp:attachment":[{"href":"https:\/\/www.icon-icon.com\/en\/wp-json\/wp\/v2\/media?parent=52906"}],"wp:term":[{"taxonomy":"product_brand","embeddable":true,"href":"https:\/\/www.icon-icon.com\/en\/wp-json\/wp\/v2\/product_brand?post=52906"},{"taxonomy":"product_cat","embeddable":true,"href":"https:\/\/www.icon-icon.com\/en\/wp-json\/wp\/v2\/product_cat?post=52906"},{"taxonomy":"product_tag","embeddable":true,"href":"https:\/\/www.icon-icon.com\/en\/wp-json\/wp\/v2\/product_tag?post=52906"}],"curies":[{"name":"wp","href":"https:\/\/api.w.org\/{rel}","templated":true}]}}