


{"id":52390,"date":"2021-08-09T14:16:01","date_gmt":"2021-08-09T12:16:01","guid":{"rendered":"https:\/\/www.icon-icon.com\/produit\/wine-by-design\/"},"modified":"2022-07-11T10:40:22","modified_gmt":"2022-07-11T08:40:22","slug":"wine-by-design","status":"publish","type":"product","link":"https:\/\/www.icon-icon.com\/en\/produit\/wine-by-design\/","title":{"rendered":"Wine by Design"},"content":{"rendered":"","protected":false},"excerpt":{"rendered":"<p><strong>Icon Icon Opinion :<\/strong><\/p>\n<p>The composition of great wines is inherent to that of their cellars &#8211; and this beautiful book explains for the first time the relationship between the great architects and the creation of cellars specifically dedicated to giving a precise architecture to these wines of pleasure! A story that begins with Ricardo Bofill and Lafite Rothschild&#8230; An ideal book for wine lovers and professionals!<\/p>\n<p><b>Author: <\/b>Philippe Chaix<\/p>\n<p><b>Publishing House: <\/b>Flammarion<\/p>\n<p><b>Publication Date<\/b>: March 2016<\/p>\n<p><b>Description :<\/b>Lafite Rothschild, Margaux, Mouton Rothschild, Pichon Baron, Montrose, Cos d&#8217;Estournel, P\u00e9desclaux, Petrus, Cheval Blanc, Ang\u00e9lus, La Dominique, Faug\u00e8res&#8230; This book offers the pleasure of discovering these great areas where wine and architecture magnify each other with always at the heart the passion of excellence.<\/p>\n","protected":false},"featured_media":52230,"template":"","meta":{"_acf_changed":false},"product_brand":[],"product_cat":[21562,22973,24887,21734,21728],"product_tag":[24907,24900,22284,24954],"class_list":{"0":"post-52390","1":"product","2":"type-product","3":"status-publish","4":"has-post-thumbnail","6":"product_cat-books","7":"product_cat-culture-and-technology","8":"product_cat-luxury-and-lifestyle","9":"product_cat-wines-selection","10":"product_cat-wines-spirits-gastronomy-selection","11":"product_tag-flammarion-en","12":"product_tag-livres-et-documentaires-en","13":"product_tag-luxury-en","14":"product_tag-philippe-chaix-en","16":"first","17":"instock","18":"product-type-external"},"acf":[],"yoast_head":"<!-- This site is optimized with the Yoast SEO plugin v27.2 - https:\/\/yoast.com\/product\/yoast-seo-wordpress\/ -->\n<title>Wine by Design - ICON-ICON<\/title>\n<meta name=\"robots\" content=\"index, follow, max-snippet:-1, max-image-preview:large, max-video-preview:-1\" \/>\n<link rel=\"canonical\" href=\"https:\/\/www.icon-icon.com\/en\/produit\/wine-by-design\/\" \/>\n<meta property=\"og:locale\" content=\"en_US\" \/>\n<meta property=\"og:type\" content=\"article\" \/>\n<meta property=\"og:title\" content=\"Wine by Design - ICON-ICON\" \/>\n<meta property=\"og:description\" content=\"Icon Icon Opinion :  The composition of great wines is inherent to that of their cellars - and this beautiful book explains for the first time the relationship between the great architects and the creation of cellars specifically dedicated to giving a precise architecture to these wines of pleasure! A story that begins with Ricardo Bofill and Lafite Rothschild... An ideal book for wine lovers and professionals!  Author: Philippe Chaix  Publishing House: Flammarion  Publication Date: March 2016  Description :Lafite Rothschild, Margaux, Mouton Rothschild, Pichon Baron, Montrose, Cos d&#039;Estournel, P\u00e9desclaux, Petrus, Cheval Blanc, Ang\u00e9lus, La Dominique, Faug\u00e8res... This book offers the pleasure of discovering these great areas where wine and architecture magnify each other with always at the heart the passion of excellence.\" \/>\n<meta property=\"og:url\" content=\"https:\/\/www.icon-icon.com\/en\/produit\/wine-by-design\/\" \/>\n<meta property=\"og:site_name\" content=\"ICON-ICON\" \/>\n<meta property=\"article:modified_time\" content=\"2022-07-11T08:40:22+00:00\" \/>\n<meta property=\"og:image\" content=\"https:\/\/www.icon-icon.com\/wp-content\/uploads\/2021\/08\/9782081368156.jpg\" \/>\n\t<meta property=\"og:image:width\" content=\"600\" \/>\n\t<meta property=\"og:image:height\" content=\"659\" \/>\n\t<meta property=\"og:image:type\" content=\"image\/jpeg\" \/>\n<meta name=\"twitter:card\" content=\"summary_large_image\" \/>\n<script type=\"application\/ld+json\" class=\"yoast-schema-graph\">{\"@context\":\"https:\/\/schema.org\",\"@graph\":[{\"@type\":\"WebPage\",\"@id\":\"https:\/\/www.icon-icon.com\/en\/produit\/wine-by-design\/\",\"url\":\"https:\/\/www.icon-icon.com\/en\/produit\/wine-by-design\/\",\"name\":\"Wine by Design - ICON-ICON\",\"isPartOf\":{\"@id\":\"https:\/\/www.icon-icon.com\/en\/#website\"},\"primaryImageOfPage\":{\"@id\":\"https:\/\/www.icon-icon.com\/en\/produit\/wine-by-design\/#primaryimage\"},\"image\":{\"@id\":\"https:\/\/www.icon-icon.com\/en\/produit\/wine-by-design\/#primaryimage\"},\"thumbnailUrl\":\"https:\/\/www.icon-icon.com\/wp-content\/uploads\/2021\/08\/9782081368156.jpg\",\"datePublished\":\"2021-08-09T12:16:01+00:00\",\"dateModified\":\"2022-07-11T08:40:22+00:00\",\"breadcrumb\":{\"@id\":\"https:\/\/www.icon-icon.com\/en\/produit\/wine-by-design\/#breadcrumb\"},\"inLanguage\":\"en-US\",\"potentialAction\":[{\"@type\":\"ReadAction\",\"target\":[\"https:\/\/www.icon-icon.com\/en\/produit\/wine-by-design\/\"]}]},{\"@type\":\"ImageObject\",\"inLanguage\":\"en-US\",\"@id\":\"https:\/\/www.icon-icon.com\/en\/produit\/wine-by-design\/#primaryimage\",\"url\":\"https:\/\/www.icon-icon.com\/wp-content\/uploads\/2021\/08\/9782081368156.jpg\",\"contentUrl\":\"https:\/\/www.icon-icon.com\/wp-content\/uploads\/2021\/08\/9782081368156.jpg\",\"width\":600,\"height\":659},{\"@type\":\"BreadcrumbList\",\"@id\":\"https:\/\/www.icon-icon.com\/en\/produit\/wine-by-design\/#breadcrumb\",\"itemListElement\":[{\"@type\":\"ListItem\",\"position\":1,\"name\":\"Accueil\",\"item\":\"https:\/\/www.icon-icon.com\/en\/\"},{\"@type\":\"ListItem\",\"position\":2,\"name\":\"Shop\",\"item\":\"https:\/\/www.icon-icon.com\/en\/shop-2\/\"},{\"@type\":\"ListItem\",\"position\":3,\"name\":\"Wine by Design\"}]},{\"@type\":\"WebSite\",\"@id\":\"https:\/\/www.icon-icon.com\/en\/#website\",\"url\":\"https:\/\/www.icon-icon.com\/en\/\",\"name\":\"ICON-ICON\",\"description\":\"Luxury Stories\",\"potentialAction\":[{\"@type\":\"SearchAction\",\"target\":{\"@type\":\"EntryPoint\",\"urlTemplate\":\"https:\/\/www.icon-icon.com\/en\/?s={search_term_string}\"},\"query-input\":{\"@type\":\"PropertyValueSpecification\",\"valueRequired\":true,\"valueName\":\"search_term_string\"}}],\"inLanguage\":\"en-US\"}]}<\/script>\n<!-- \/ Yoast SEO plugin. -->","yoast_head_json":{"title":"Wine by Design - ICON-ICON","robots":{"index":"index","follow":"follow","max-snippet":"max-snippet:-1","max-image-preview":"max-image-preview:large","max-video-preview":"max-video-preview:-1"},"canonical":"https:\/\/www.icon-icon.com\/en\/produit\/wine-by-design\/","og_locale":"en_US","og_type":"article","og_title":"Wine by Design - ICON-ICON","og_description":"Icon Icon Opinion :  The composition of great wines is inherent to that of their cellars - and this beautiful book explains for the first time the relationship between the great architects and the creation of cellars specifically dedicated to giving a precise architecture to these wines of pleasure! A story that begins with Ricardo Bofill and Lafite Rothschild... An ideal book for wine lovers and professionals!  Author: Philippe Chaix  Publishing House: Flammarion  Publication Date: March 2016  Description :Lafite Rothschild, Margaux, Mouton Rothschild, Pichon Baron, Montrose, Cos d'Estournel, P\u00e9desclaux, Petrus, Cheval Blanc, Ang\u00e9lus, La Dominique, Faug\u00e8res... This book offers the pleasure of discovering these great areas where wine and architecture magnify each other with always at the heart the passion of excellence.","og_url":"https:\/\/www.icon-icon.com\/en\/produit\/wine-by-design\/","og_site_name":"ICON-ICON","article_modified_time":"2022-07-11T08:40:22+00:00","og_image":[{"width":600,"height":659,"url":"https:\/\/www.icon-icon.com\/wp-content\/uploads\/2021\/08\/9782081368156.jpg","type":"image\/jpeg"}],"twitter_card":"summary_large_image","schema":{"@context":"https:\/\/schema.org","@graph":[{"@type":"WebPage","@id":"https:\/\/www.icon-icon.com\/en\/produit\/wine-by-design\/","url":"https:\/\/www.icon-icon.com\/en\/produit\/wine-by-design\/","name":"Wine by Design - ICON-ICON","isPartOf":{"@id":"https:\/\/www.icon-icon.com\/en\/#website"},"primaryImageOfPage":{"@id":"https:\/\/www.icon-icon.com\/en\/produit\/wine-by-design\/#primaryimage"},"image":{"@id":"https:\/\/www.icon-icon.com\/en\/produit\/wine-by-design\/#primaryimage"},"thumbnailUrl":"https:\/\/www.icon-icon.com\/wp-content\/uploads\/2021\/08\/9782081368156.jpg","datePublished":"2021-08-09T12:16:01+00:00","dateModified":"2022-07-11T08:40:22+00:00","breadcrumb":{"@id":"https:\/\/www.icon-icon.com\/en\/produit\/wine-by-design\/#breadcrumb"},"inLanguage":"en-US","potentialAction":[{"@type":"ReadAction","target":["https:\/\/www.icon-icon.com\/en\/produit\/wine-by-design\/"]}]},{"@type":"ImageObject","inLanguage":"en-US","@id":"https:\/\/www.icon-icon.com\/en\/produit\/wine-by-design\/#primaryimage","url":"https:\/\/www.icon-icon.com\/wp-content\/uploads\/2021\/08\/9782081368156.jpg","contentUrl":"https:\/\/www.icon-icon.com\/wp-content\/uploads\/2021\/08\/9782081368156.jpg","width":600,"height":659},{"@type":"BreadcrumbList","@id":"https:\/\/www.icon-icon.com\/en\/produit\/wine-by-design\/#breadcrumb","itemListElement":[{"@type":"ListItem","position":1,"name":"Accueil","item":"https:\/\/www.icon-icon.com\/en\/"},{"@type":"ListItem","position":2,"name":"Shop","item":"https:\/\/www.icon-icon.com\/en\/shop-2\/"},{"@type":"ListItem","position":3,"name":"Wine by Design"}]},{"@type":"WebSite","@id":"https:\/\/www.icon-icon.com\/en\/#website","url":"https:\/\/www.icon-icon.com\/en\/","name":"ICON-ICON","description":"Luxury Stories","potentialAction":[{"@type":"SearchAction","target":{"@type":"EntryPoint","urlTemplate":"https:\/\/www.icon-icon.com\/en\/?s={search_term_string}"},"query-input":{"@type":"PropertyValueSpecification","valueRequired":true,"valueName":"search_term_string"}}],"inLanguage":"en-US"}]}},"_links":{"self":[{"href":"https:\/\/www.icon-icon.com\/en\/wp-json\/wp\/v2\/product\/52390","targetHints":{"allow":["GET"]}}],"collection":[{"href":"https:\/\/www.icon-icon.com\/en\/wp-json\/wp\/v2\/product"}],"about":[{"href":"https:\/\/www.icon-icon.com\/en\/wp-json\/wp\/v2\/types\/product"}],"wp:featuredmedia":[{"embeddable":true,"href":"https:\/\/www.icon-icon.com\/en\/wp-json\/wp\/v2\/media\/52230"}],"wp:attachment":[{"href":"https:\/\/www.icon-icon.com\/en\/wp-json\/wp\/v2\/media?parent=52390"}],"wp:term":[{"taxonomy":"product_brand","embeddable":true,"href":"https:\/\/www.icon-icon.com\/en\/wp-json\/wp\/v2\/product_brand?post=52390"},{"taxonomy":"product_cat","embeddable":true,"href":"https:\/\/www.icon-icon.com\/en\/wp-json\/wp\/v2\/product_cat?post=52390"},{"taxonomy":"product_tag","embeddable":true,"href":"https:\/\/www.icon-icon.com\/en\/wp-json\/wp\/v2\/product_tag?post=52390"}],"curies":[{"name":"wp","href":"https:\/\/api.w.org\/{rel}","templated":true}]}}