


{"id":52386,"date":"2021-08-09T17:34:46","date_gmt":"2021-08-09T15:34:46","guid":{"rendered":"https:\/\/www.icon-icon.com\/produit\/french-wine-2\/"},"modified":"2021-11-18T14:53:57","modified_gmt":"2021-11-18T13:53:57","slug":"french-wine-2","status":"publish","type":"product","link":"https:\/\/www.icon-icon.com\/en\/produit\/french-wine-2\/","title":{"rendered":"French Wine"},"content":{"rendered":"","protected":false},"excerpt":{"rendered":"<p><b>Author:\u00a0 <\/b>Alain Stella<\/p>\n<p><b>Publishing House: <\/b>Flammarion<\/p>\n<p><b>Publication Date<\/b>: October 2012<\/p>\n<p><b>Description :<\/b>An exclusive behind-the-scenes look at the stunning estates of France\u2019s most prestigious and long-standing vineyards. Hennessy, Mo\u00ebt &amp; Chandon, Dom P\u00e9rignon, Mercier, Krug, Ruinart, Veuve Clicquot, Ch\u00e2teau d\u2019Yquem, and Cheval Blanc: across the world these names are synonymous with prestige, secrets passed down from generation to generation, and the inimitable genius of French wine production. These producers, who together comprise the Mo\u00ebt Hennessy group, weren\u2019t satisfied with simply striving to make the best Cognac, Champagne, Sauternes, or Saint-Emilion. Since they were founded, each has been dedicated to cultivating an environment in which these exceptional French products can be fully appreciated. And so, in order to entertain in style, these legendary institutions have constructed elegant estates. Guests savor meals that have been composed to subtly complement and ultimately intensify the experience of tasting the sought-after libations. Stunning countryside surroundings, beautiful interior design, a friendly atmosphere, and often contemporary art all play a role in entertaining guests; many eminent designers and architects have contributed to these exquisite locales. This volume is an invitation to discover the magic of these beautiful retreats, and the institutions behind them.<\/p>\n","protected":false},"featured_media":52245,"template":"","meta":{"_acf_changed":false},"product_brand":[],"product_cat":[21562,22973,24887,21734,21728],"product_tag":[24948,24907,24900,22284],"class_list":{"0":"post-52386","1":"product","2":"type-product","3":"status-publish","4":"has-post-thumbnail","6":"product_cat-books","7":"product_cat-culture-and-technology","8":"product_cat-luxury-and-lifestyle","9":"product_cat-wines-selection","10":"product_cat-wines-spirits-gastronomy-selection","11":"product_tag-alain-stella-en","12":"product_tag-flammarion-en","13":"product_tag-livres-et-documentaires-en","14":"product_tag-luxury-en","16":"first","17":"instock","18":"product-type-external"},"acf":[],"yoast_head":"<!-- This site is optimized with the Yoast SEO plugin v27.2 - https:\/\/yoast.com\/product\/yoast-seo-wordpress\/ -->\n<title>French Wine - ICON-ICON<\/title>\n<meta name=\"robots\" content=\"index, follow, max-snippet:-1, max-image-preview:large, max-video-preview:-1\" \/>\n<link rel=\"canonical\" href=\"https:\/\/www.icon-icon.com\/en\/produit\/french-wine-2\/\" \/>\n<meta property=\"og:locale\" content=\"en_US\" \/>\n<meta property=\"og:type\" content=\"article\" \/>\n<meta property=\"og:title\" content=\"French Wine - ICON-ICON\" \/>\n<meta property=\"og:description\" content=\"Author:\u00a0 Alain Stella  Publishing House: Flammarion  Publication Date: October 2012  Description :An exclusive behind-the-scenes look at the stunning estates of France\u2019s most prestigious and long-standing vineyards. Hennessy, Mo\u00ebt &amp; Chandon, Dom P\u00e9rignon, Mercier, Krug, Ruinart, Veuve Clicquot, Ch\u00e2teau d\u2019Yquem, and Cheval Blanc: across the world these names are synonymous with prestige, secrets passed down from generation to generation, and the inimitable genius of French wine production. These producers, who together comprise the Mo\u00ebt Hennessy group, weren\u2019t satisfied with simply striving to make the best Cognac, Champagne, Sauternes, or Saint-Emilion. Since they were founded, each has been dedicated to cultivating an environment in which these exceptional French products can be fully appreciated. And so, in order to entertain in style, these legendary institutions have constructed elegant estates. Guests savor meals that have been composed to subtly complement and ultimately intensify the experience of tasting the sought-after libations. Stunning countryside surroundings, beautiful interior design, a friendly atmosphere, and often contemporary art all play a role in entertaining guests; many eminent designers and architects have contributed to these exquisite locales. This volume is an invitation to discover the magic of these beautiful retreats, and the institutions behind them.\" \/>\n<meta property=\"og:url\" content=\"https:\/\/www.icon-icon.com\/en\/produit\/french-wine-2\/\" \/>\n<meta property=\"og:site_name\" content=\"ICON-ICON\" \/>\n<meta property=\"article:modified_time\" content=\"2021-11-18T13:53:57+00:00\" \/>\n<meta property=\"og:image\" content=\"https:\/\/www.icon-icon.com\/wp-content\/uploads\/2021\/08\/51afJUjKIgL._SX386_BO1204203200_.jpg\" \/>\n\t<meta property=\"og:image:width\" content=\"600\" \/>\n\t<meta property=\"og:image:height\" content=\"772\" \/>\n\t<meta property=\"og:image:type\" content=\"image\/jpeg\" \/>\n<meta name=\"twitter:card\" content=\"summary_large_image\" \/>\n<script type=\"application\/ld+json\" class=\"yoast-schema-graph\">{\"@context\":\"https:\/\/schema.org\",\"@graph\":[{\"@type\":\"WebPage\",\"@id\":\"https:\/\/www.icon-icon.com\/en\/produit\/french-wine-2\/\",\"url\":\"https:\/\/www.icon-icon.com\/en\/produit\/french-wine-2\/\",\"name\":\"French Wine - ICON-ICON\",\"isPartOf\":{\"@id\":\"https:\/\/www.icon-icon.com\/#website\"},\"primaryImageOfPage\":{\"@id\":\"https:\/\/www.icon-icon.com\/en\/produit\/french-wine-2\/#primaryimage\"},\"image\":{\"@id\":\"https:\/\/www.icon-icon.com\/en\/produit\/french-wine-2\/#primaryimage\"},\"thumbnailUrl\":\"https:\/\/www.icon-icon.com\/wp-content\/uploads\/2021\/08\/51afJUjKIgL._SX386_BO1204203200_.jpg\",\"datePublished\":\"2021-08-09T15:34:46+00:00\",\"dateModified\":\"2021-11-18T13:53:57+00:00\",\"breadcrumb\":{\"@id\":\"https:\/\/www.icon-icon.com\/en\/produit\/french-wine-2\/#breadcrumb\"},\"inLanguage\":\"en-US\",\"potentialAction\":[{\"@type\":\"ReadAction\",\"target\":[\"https:\/\/www.icon-icon.com\/en\/produit\/french-wine-2\/\"]}]},{\"@type\":\"ImageObject\",\"inLanguage\":\"en-US\",\"@id\":\"https:\/\/www.icon-icon.com\/en\/produit\/french-wine-2\/#primaryimage\",\"url\":\"https:\/\/www.icon-icon.com\/wp-content\/uploads\/2021\/08\/51afJUjKIgL._SX386_BO1204203200_.jpg\",\"contentUrl\":\"https:\/\/www.icon-icon.com\/wp-content\/uploads\/2021\/08\/51afJUjKIgL._SX386_BO1204203200_.jpg\",\"width\":600,\"height\":772},{\"@type\":\"BreadcrumbList\",\"@id\":\"https:\/\/www.icon-icon.com\/en\/produit\/french-wine-2\/#breadcrumb\",\"itemListElement\":[{\"@type\":\"ListItem\",\"position\":1,\"name\":\"Accueil\",\"item\":\"https:\/\/www.icon-icon.com\/en\/\"},{\"@type\":\"ListItem\",\"position\":2,\"name\":\"Shop\",\"item\":\"https:\/\/www.icon-icon.com\/en\/shop-2\/\"},{\"@type\":\"ListItem\",\"position\":3,\"name\":\"French Wine\"}]},{\"@type\":\"WebSite\",\"@id\":\"https:\/\/www.icon-icon.com\/#website\",\"url\":\"https:\/\/www.icon-icon.com\/\",\"name\":\"ICON-ICON\",\"description\":\"Luxury Stories\",\"potentialAction\":[{\"@type\":\"SearchAction\",\"target\":{\"@type\":\"EntryPoint\",\"urlTemplate\":\"https:\/\/www.icon-icon.com\/?s={search_term_string}\"},\"query-input\":{\"@type\":\"PropertyValueSpecification\",\"valueRequired\":true,\"valueName\":\"search_term_string\"}}],\"inLanguage\":\"en-US\"}]}<\/script>\n<!-- \/ Yoast SEO plugin. -->","yoast_head_json":{"title":"French Wine - ICON-ICON","robots":{"index":"index","follow":"follow","max-snippet":"max-snippet:-1","max-image-preview":"max-image-preview:large","max-video-preview":"max-video-preview:-1"},"canonical":"https:\/\/www.icon-icon.com\/en\/produit\/french-wine-2\/","og_locale":"en_US","og_type":"article","og_title":"French Wine - ICON-ICON","og_description":"Author:\u00a0 Alain Stella  Publishing House: Flammarion  Publication Date: October 2012  Description :An exclusive behind-the-scenes look at the stunning estates of France\u2019s most prestigious and long-standing vineyards. Hennessy, Mo\u00ebt &amp; Chandon, Dom P\u00e9rignon, Mercier, Krug, Ruinart, Veuve Clicquot, Ch\u00e2teau d\u2019Yquem, and Cheval Blanc: across the world these names are synonymous with prestige, secrets passed down from generation to generation, and the inimitable genius of French wine production. These producers, who together comprise the Mo\u00ebt Hennessy group, weren\u2019t satisfied with simply striving to make the best Cognac, Champagne, Sauternes, or Saint-Emilion. Since they were founded, each has been dedicated to cultivating an environment in which these exceptional French products can be fully appreciated. And so, in order to entertain in style, these legendary institutions have constructed elegant estates. Guests savor meals that have been composed to subtly complement and ultimately intensify the experience of tasting the sought-after libations. Stunning countryside surroundings, beautiful interior design, a friendly atmosphere, and often contemporary art all play a role in entertaining guests; many eminent designers and architects have contributed to these exquisite locales. This volume is an invitation to discover the magic of these beautiful retreats, and the institutions behind them.","og_url":"https:\/\/www.icon-icon.com\/en\/produit\/french-wine-2\/","og_site_name":"ICON-ICON","article_modified_time":"2021-11-18T13:53:57+00:00","og_image":[{"width":600,"height":772,"url":"https:\/\/www.icon-icon.com\/wp-content\/uploads\/2021\/08\/51afJUjKIgL._SX386_BO1204203200_.jpg","type":"image\/jpeg"}],"twitter_card":"summary_large_image","schema":{"@context":"https:\/\/schema.org","@graph":[{"@type":"WebPage","@id":"https:\/\/www.icon-icon.com\/en\/produit\/french-wine-2\/","url":"https:\/\/www.icon-icon.com\/en\/produit\/french-wine-2\/","name":"French Wine - ICON-ICON","isPartOf":{"@id":"https:\/\/www.icon-icon.com\/#website"},"primaryImageOfPage":{"@id":"https:\/\/www.icon-icon.com\/en\/produit\/french-wine-2\/#primaryimage"},"image":{"@id":"https:\/\/www.icon-icon.com\/en\/produit\/french-wine-2\/#primaryimage"},"thumbnailUrl":"https:\/\/www.icon-icon.com\/wp-content\/uploads\/2021\/08\/51afJUjKIgL._SX386_BO1204203200_.jpg","datePublished":"2021-08-09T15:34:46+00:00","dateModified":"2021-11-18T13:53:57+00:00","breadcrumb":{"@id":"https:\/\/www.icon-icon.com\/en\/produit\/french-wine-2\/#breadcrumb"},"inLanguage":"en-US","potentialAction":[{"@type":"ReadAction","target":["https:\/\/www.icon-icon.com\/en\/produit\/french-wine-2\/"]}]},{"@type":"ImageObject","inLanguage":"en-US","@id":"https:\/\/www.icon-icon.com\/en\/produit\/french-wine-2\/#primaryimage","url":"https:\/\/www.icon-icon.com\/wp-content\/uploads\/2021\/08\/51afJUjKIgL._SX386_BO1204203200_.jpg","contentUrl":"https:\/\/www.icon-icon.com\/wp-content\/uploads\/2021\/08\/51afJUjKIgL._SX386_BO1204203200_.jpg","width":600,"height":772},{"@type":"BreadcrumbList","@id":"https:\/\/www.icon-icon.com\/en\/produit\/french-wine-2\/#breadcrumb","itemListElement":[{"@type":"ListItem","position":1,"name":"Accueil","item":"https:\/\/www.icon-icon.com\/en\/"},{"@type":"ListItem","position":2,"name":"Shop","item":"https:\/\/www.icon-icon.com\/en\/shop-2\/"},{"@type":"ListItem","position":3,"name":"French Wine"}]},{"@type":"WebSite","@id":"https:\/\/www.icon-icon.com\/#website","url":"https:\/\/www.icon-icon.com\/","name":"ICON-ICON","description":"Luxury Stories","potentialAction":[{"@type":"SearchAction","target":{"@type":"EntryPoint","urlTemplate":"https:\/\/www.icon-icon.com\/?s={search_term_string}"},"query-input":{"@type":"PropertyValueSpecification","valueRequired":true,"valueName":"search_term_string"}}],"inLanguage":"en-US"}]}},"_links":{"self":[{"href":"https:\/\/www.icon-icon.com\/en\/wp-json\/wp\/v2\/product\/52386","targetHints":{"allow":["GET"]}}],"collection":[{"href":"https:\/\/www.icon-icon.com\/en\/wp-json\/wp\/v2\/product"}],"about":[{"href":"https:\/\/www.icon-icon.com\/en\/wp-json\/wp\/v2\/types\/product"}],"wp:featuredmedia":[{"embeddable":true,"href":"https:\/\/www.icon-icon.com\/en\/wp-json\/wp\/v2\/media\/52245"}],"wp:attachment":[{"href":"https:\/\/www.icon-icon.com\/en\/wp-json\/wp\/v2\/media?parent=52386"}],"wp:term":[{"taxonomy":"product_brand","embeddable":true,"href":"https:\/\/www.icon-icon.com\/en\/wp-json\/wp\/v2\/product_brand?post=52386"},{"taxonomy":"product_cat","embeddable":true,"href":"https:\/\/www.icon-icon.com\/en\/wp-json\/wp\/v2\/product_cat?post=52386"},{"taxonomy":"product_tag","embeddable":true,"href":"https:\/\/www.icon-icon.com\/en\/wp-json\/wp\/v2\/product_tag?post=52386"}],"curies":[{"name":"wp","href":"https:\/\/api.w.org\/{rel}","templated":true}]}}