


{"id":52384,"date":"2021-08-02T15:49:30","date_gmt":"2021-08-02T13:49:30","guid":{"rendered":"https:\/\/www.icon-icon.com\/produit\/mercedes-une-etoile-est-nee\/"},"modified":"2021-08-02T15:49:30","modified_gmt":"2021-08-02T13:49:30","slug":"mercedes-une-etoile-est-nee","status":"publish","type":"product","link":"https:\/\/www.icon-icon.com\/en\/produit\/mercedes-une-etoile-est-nee\/","title":{"rendered":"Mercedes, une \u00e9toile est n\u00e9e"},"content":{"rendered":"<div class=\"page\" title=\"Page 3\">\n<div class=\"layoutArea\">\n<div class=\"column\">\n<p>Being at the forefront of technical prowess. Combining talents. Allowing them to write a new page in the legend of F1&#8230; This beautifully illustrated book shares a new perspective on Mercedes\u2019 past and present times \u2014 racing cars Lewis Hamilton drives as he is writing a crazy new page in the history of F1.<\/p>\n<\/div>\n<\/div>\n<\/div>\n","protected":false},"excerpt":{"rendered":"<p><strong>Author:<\/strong> Olivier Bernis<\/p>\n<p><strong>Publishing House:<\/strong> Gl\u00e9nat<\/p>\n<p><strong>Publication Date:<\/strong> June 2021<\/p>\n<p>Prestigious like a limousine, racy like a coupe or a convertible, or even downright sportylike the AMG, each Mercedes model makes up a range that today covers almost all market segments. The three-pointed star of Mercedes-Benz, born from the merger of Daimler and Benz in 1926, originally symbolized the manufacturer&#8217;s activities in the land, air and sea sectors. Today, it stands for innovation, performance and technical perfection at the forefront of luxury automobiles. In the pre-war period, Mercedes distinguished itselfby creating models with incomparable lines, such as the SSK, which shone in competitions at the end of the 1920s, or by marketing the first mass-produced diesel vehicle, the 260 D, in 1936. But it is certainly during the second half of the 20th century that Mercedes will complete its prestige.\u00a0From the 300 SL with its legendary gull-wing doors to the current super-powered models of the AMG tuner, via the sublime 220 sedans with fins, the elegant SL roadsters or the luxurious S-Class, this exceptional book reviews all the Mercedes road cars produced from 1945 to today, more than eighty models and series in all.<\/p>\n","protected":false},"featured_media":51677,"template":"","meta":{"_acf_changed":false},"product_brand":[],"product_cat":[21562,21723,21702],"product_tag":[],"class_list":{"0":"post-52384","1":"product","2":"type-product","3":"status-publish","4":"has-post-thumbnail","6":"product_cat-books","7":"product_cat-cars-sports","8":"product_cat-luxury-cars","10":"first","11":"instock","12":"product-type-external"},"acf":[],"yoast_head":"<!-- This site is optimized with the Yoast SEO plugin v27.2 - https:\/\/yoast.com\/product\/yoast-seo-wordpress\/ -->\n<title>Mercedes, une \u00e9toile est n\u00e9e - ICON-ICON<\/title>\n<meta name=\"robots\" content=\"index, follow, max-snippet:-1, max-image-preview:large, max-video-preview:-1\" \/>\n<link rel=\"canonical\" href=\"http:\/\/www.icon-icon.com\/en\/produit\/mercedes-une-etoile-est-nee\/\" \/>\n<meta property=\"og:locale\" content=\"en_US\" \/>\n<meta property=\"og:type\" content=\"article\" \/>\n<meta property=\"og:title\" content=\"Mercedes, une \u00e9toile est n\u00e9e - ICON-ICON\" \/>\n<meta property=\"og:description\" content=\"Author: Olivier Bernis  Publishing House: Gl\u00e9nat  Publication Date: June 2021  Prestigious like a limousine, racy like a coupe or a convertible, or even downright sportylike the AMG, each Mercedes model makes up a range that today covers almost all market segments. The three-pointed star of Mercedes-Benz, born from the merger of Daimler and Benz in 1926, originally symbolized the manufacturer&#039;s activities in the land, air and sea sectors. Today, it stands for innovation, performance and technical perfection at the forefront of luxury automobiles. In the pre-war period, Mercedes distinguished itselfby creating models with incomparable lines, such as the SSK, which shone in competitions at the end of the 1920s, or by marketing the first mass-produced diesel vehicle, the 260 D, in 1936. But it is certainly during the second half of the 20th century that Mercedes will complete its prestige.\u00a0From the 300 SL with its legendary gull-wing doors to the current super-powered models of the AMG tuner, via the sublime 220 sedans with fins, the elegant SL roadsters or the luxurious S-Class, this exceptional book reviews all the Mercedes road cars produced from 1945 to today, more than eighty models and series in all.\" \/>\n<meta property=\"og:url\" content=\"http:\/\/www.icon-icon.com\/en\/produit\/mercedes-une-etoile-est-nee\/\" \/>\n<meta property=\"og:site_name\" content=\"ICON-ICON\" \/>\n<meta property=\"og:image\" content=\"http:\/\/www.icon-icon.com\/wp-content\/uploads\/2021\/07\/9782344047965-001-T.jpg\" \/>\n\t<meta property=\"og:image:width\" content=\"600\" \/>\n\t<meta property=\"og:image:height\" content=\"786\" \/>\n\t<meta property=\"og:image:type\" content=\"image\/jpeg\" \/>\n<meta name=\"twitter:card\" content=\"summary_large_image\" \/>\n<script type=\"application\/ld+json\" class=\"yoast-schema-graph\">{\"@context\":\"https:\/\/schema.org\",\"@graph\":[{\"@type\":\"WebPage\",\"@id\":\"http:\/\/www.icon-icon.com\/en\/produit\/mercedes-une-etoile-est-nee\/\",\"url\":\"http:\/\/www.icon-icon.com\/en\/produit\/mercedes-une-etoile-est-nee\/\",\"name\":\"Mercedes, une \u00e9toile est n\u00e9e - ICON-ICON\",\"isPartOf\":{\"@id\":\"https:\/\/www.icon-icon.com\/#website\"},\"primaryImageOfPage\":{\"@id\":\"http:\/\/www.icon-icon.com\/en\/produit\/mercedes-une-etoile-est-nee\/#primaryimage\"},\"image\":{\"@id\":\"http:\/\/www.icon-icon.com\/en\/produit\/mercedes-une-etoile-est-nee\/#primaryimage\"},\"thumbnailUrl\":\"https:\/\/www.icon-icon.com\/wp-content\/uploads\/2021\/07\/9782344047965-001-T.jpg\",\"datePublished\":\"2021-08-02T13:49:30+00:00\",\"breadcrumb\":{\"@id\":\"http:\/\/www.icon-icon.com\/en\/produit\/mercedes-une-etoile-est-nee\/#breadcrumb\"},\"inLanguage\":\"en-US\",\"potentialAction\":[{\"@type\":\"ReadAction\",\"target\":[\"http:\/\/www.icon-icon.com\/en\/produit\/mercedes-une-etoile-est-nee\/\"]}]},{\"@type\":\"ImageObject\",\"inLanguage\":\"en-US\",\"@id\":\"http:\/\/www.icon-icon.com\/en\/produit\/mercedes-une-etoile-est-nee\/#primaryimage\",\"url\":\"https:\/\/www.icon-icon.com\/wp-content\/uploads\/2021\/07\/9782344047965-001-T.jpg\",\"contentUrl\":\"https:\/\/www.icon-icon.com\/wp-content\/uploads\/2021\/07\/9782344047965-001-T.jpg\",\"width\":600,\"height\":786},{\"@type\":\"BreadcrumbList\",\"@id\":\"http:\/\/www.icon-icon.com\/en\/produit\/mercedes-une-etoile-est-nee\/#breadcrumb\",\"itemListElement\":[{\"@type\":\"ListItem\",\"position\":1,\"name\":\"Accueil\",\"item\":\"https:\/\/www.icon-icon.com\/en\/\"},{\"@type\":\"ListItem\",\"position\":2,\"name\":\"Shop\",\"item\":\"https:\/\/www.icon-icon.com\/en\/shop-2\/\"},{\"@type\":\"ListItem\",\"position\":3,\"name\":\"Mercedes, une \u00e9toile est n\u00e9e\"}]},{\"@type\":\"WebSite\",\"@id\":\"https:\/\/www.icon-icon.com\/#website\",\"url\":\"https:\/\/www.icon-icon.com\/\",\"name\":\"ICON-ICON\",\"description\":\"Luxury Stories\",\"potentialAction\":[{\"@type\":\"SearchAction\",\"target\":{\"@type\":\"EntryPoint\",\"urlTemplate\":\"https:\/\/www.icon-icon.com\/?s={search_term_string}\"},\"query-input\":{\"@type\":\"PropertyValueSpecification\",\"valueRequired\":true,\"valueName\":\"search_term_string\"}}],\"inLanguage\":\"en-US\"}]}<\/script>\n<!-- \/ Yoast SEO plugin. -->","yoast_head_json":{"title":"Mercedes, une \u00e9toile est n\u00e9e - ICON-ICON","robots":{"index":"index","follow":"follow","max-snippet":"max-snippet:-1","max-image-preview":"max-image-preview:large","max-video-preview":"max-video-preview:-1"},"canonical":"http:\/\/www.icon-icon.com\/en\/produit\/mercedes-une-etoile-est-nee\/","og_locale":"en_US","og_type":"article","og_title":"Mercedes, une \u00e9toile est n\u00e9e - ICON-ICON","og_description":"Author: Olivier Bernis  Publishing House: Gl\u00e9nat  Publication Date: June 2021  Prestigious like a limousine, racy like a coupe or a convertible, or even downright sportylike the AMG, each Mercedes model makes up a range that today covers almost all market segments. The three-pointed star of Mercedes-Benz, born from the merger of Daimler and Benz in 1926, originally symbolized the manufacturer's activities in the land, air and sea sectors. Today, it stands for innovation, performance and technical perfection at the forefront of luxury automobiles. In the pre-war period, Mercedes distinguished itselfby creating models with incomparable lines, such as the SSK, which shone in competitions at the end of the 1920s, or by marketing the first mass-produced diesel vehicle, the 260 D, in 1936. But it is certainly during the second half of the 20th century that Mercedes will complete its prestige.\u00a0From the 300 SL with its legendary gull-wing doors to the current super-powered models of the AMG tuner, via the sublime 220 sedans with fins, the elegant SL roadsters or the luxurious S-Class, this exceptional book reviews all the Mercedes road cars produced from 1945 to today, more than eighty models and series in all.","og_url":"http:\/\/www.icon-icon.com\/en\/produit\/mercedes-une-etoile-est-nee\/","og_site_name":"ICON-ICON","og_image":[{"width":600,"height":786,"url":"http:\/\/www.icon-icon.com\/wp-content\/uploads\/2021\/07\/9782344047965-001-T.jpg","type":"image\/jpeg"}],"twitter_card":"summary_large_image","schema":{"@context":"https:\/\/schema.org","@graph":[{"@type":"WebPage","@id":"http:\/\/www.icon-icon.com\/en\/produit\/mercedes-une-etoile-est-nee\/","url":"http:\/\/www.icon-icon.com\/en\/produit\/mercedes-une-etoile-est-nee\/","name":"Mercedes, une \u00e9toile est n\u00e9e - ICON-ICON","isPartOf":{"@id":"https:\/\/www.icon-icon.com\/#website"},"primaryImageOfPage":{"@id":"http:\/\/www.icon-icon.com\/en\/produit\/mercedes-une-etoile-est-nee\/#primaryimage"},"image":{"@id":"http:\/\/www.icon-icon.com\/en\/produit\/mercedes-une-etoile-est-nee\/#primaryimage"},"thumbnailUrl":"https:\/\/www.icon-icon.com\/wp-content\/uploads\/2021\/07\/9782344047965-001-T.jpg","datePublished":"2021-08-02T13:49:30+00:00","breadcrumb":{"@id":"http:\/\/www.icon-icon.com\/en\/produit\/mercedes-une-etoile-est-nee\/#breadcrumb"},"inLanguage":"en-US","potentialAction":[{"@type":"ReadAction","target":["http:\/\/www.icon-icon.com\/en\/produit\/mercedes-une-etoile-est-nee\/"]}]},{"@type":"ImageObject","inLanguage":"en-US","@id":"http:\/\/www.icon-icon.com\/en\/produit\/mercedes-une-etoile-est-nee\/#primaryimage","url":"https:\/\/www.icon-icon.com\/wp-content\/uploads\/2021\/07\/9782344047965-001-T.jpg","contentUrl":"https:\/\/www.icon-icon.com\/wp-content\/uploads\/2021\/07\/9782344047965-001-T.jpg","width":600,"height":786},{"@type":"BreadcrumbList","@id":"http:\/\/www.icon-icon.com\/en\/produit\/mercedes-une-etoile-est-nee\/#breadcrumb","itemListElement":[{"@type":"ListItem","position":1,"name":"Accueil","item":"https:\/\/www.icon-icon.com\/en\/"},{"@type":"ListItem","position":2,"name":"Shop","item":"https:\/\/www.icon-icon.com\/en\/shop-2\/"},{"@type":"ListItem","position":3,"name":"Mercedes, une \u00e9toile est n\u00e9e"}]},{"@type":"WebSite","@id":"https:\/\/www.icon-icon.com\/#website","url":"https:\/\/www.icon-icon.com\/","name":"ICON-ICON","description":"Luxury Stories","potentialAction":[{"@type":"SearchAction","target":{"@type":"EntryPoint","urlTemplate":"https:\/\/www.icon-icon.com\/?s={search_term_string}"},"query-input":{"@type":"PropertyValueSpecification","valueRequired":true,"valueName":"search_term_string"}}],"inLanguage":"en-US"}]}},"_links":{"self":[{"href":"https:\/\/www.icon-icon.com\/en\/wp-json\/wp\/v2\/product\/52384","targetHints":{"allow":["GET"]}}],"collection":[{"href":"https:\/\/www.icon-icon.com\/en\/wp-json\/wp\/v2\/product"}],"about":[{"href":"https:\/\/www.icon-icon.com\/en\/wp-json\/wp\/v2\/types\/product"}],"wp:featuredmedia":[{"embeddable":true,"href":"https:\/\/www.icon-icon.com\/en\/wp-json\/wp\/v2\/media\/51677"}],"wp:attachment":[{"href":"https:\/\/www.icon-icon.com\/en\/wp-json\/wp\/v2\/media?parent=52384"}],"wp:term":[{"taxonomy":"product_brand","embeddable":true,"href":"https:\/\/www.icon-icon.com\/en\/wp-json\/wp\/v2\/product_brand?post=52384"},{"taxonomy":"product_cat","embeddable":true,"href":"https:\/\/www.icon-icon.com\/en\/wp-json\/wp\/v2\/product_cat?post=52384"},{"taxonomy":"product_tag","embeddable":true,"href":"https:\/\/www.icon-icon.com\/en\/wp-json\/wp\/v2\/product_tag?post=52384"}],"curies":[{"name":"wp","href":"https:\/\/api.w.org\/{rel}","templated":true}]}}