


{"id":52375,"date":"2021-08-05T12:56:38","date_gmt":"2021-08-05T10:56:38","guid":{"rendered":"https:\/\/www.icon-icon.com\/produit\/lamborghini-les-monstres-sacres-a-moteurs-v12\/"},"modified":"2021-08-05T12:56:38","modified_gmt":"2021-08-05T10:56:38","slug":"lamborghini-les-monstres-sacres-a-moteurs-v12","status":"publish","type":"product","link":"https:\/\/www.icon-icon.com\/en\/produit\/lamborghini-les-monstres-sacres-a-moteurs-v12\/","title":{"rendered":"Lamborghini, les monstres sacr\u00e9s \u00e0 moteurs V12"},"content":{"rendered":"<div class=\"page\" title=\"Page 4\">\n<div class=\"layoutArea\">\n<div class=\"column\">\n<p>Thanks to very interesting information, statistics, stories and handbooks, this book reveals the boldness of Lamborghini\u2019s V12 engine. The very essence of car power!<\/p>\n<\/div>\n<\/div>\n<\/div>\n","protected":false},"excerpt":{"rendered":"<p><strong>Author:<\/strong> Serge Bellu<\/p>\n<p><strong>Publishing House:<\/strong> Gl\u00e9nat<\/p>\n<p><strong>Publication Date:<\/strong> November 2020<\/p>\n<p>When luxury cars rhyme with excess. Lamborghini is undoubtedly one of the most distinctive brands in the world. For over fifty years, it has represented exceptional cars, extreme performance and excess. This book proposes to discover the most extraordinary models of the brand: the berlinettes equippedwith twelve-cylinder engines. This selection includes a prodigious lineage of grand touring cars thatspans five generations. Each generation has given birth to exclusive variants that are now among the most sought-after &#8220;supercars&#8221; in the history of the automobile. The Miura, the Countach, the Diablo, the Murci\u00e9lago and finally the Aventador are these extraordinary models, which can be called &#8220;supercars&#8221;, ultra-sporty cars with extreme performance and high prices. Each model is described in detail in terms of style and technical features, complemented by revelations about their specificgenesis.\u00a0In addition, nearly 150 archival photos wonderfully reflect the spirit of the various erasrepresented.<\/p>\n","protected":false},"featured_media":52076,"template":"","meta":{"_acf_changed":false},"product_brand":[],"product_cat":[21562,21723,21702],"product_tag":[],"class_list":{"0":"post-52375","1":"product","2":"type-product","3":"status-publish","4":"has-post-thumbnail","6":"product_cat-books","7":"product_cat-cars-sports","8":"product_cat-luxury-cars","10":"first","11":"instock","12":"product-type-external"},"acf":[],"yoast_head":"<!-- This site is optimized with the Yoast SEO plugin v27.2 - https:\/\/yoast.com\/product\/yoast-seo-wordpress\/ -->\n<title>Lamborghini, les monstres sacr\u00e9s \u00e0 moteurs V12 - ICON-ICON<\/title>\n<meta name=\"robots\" content=\"index, follow, max-snippet:-1, max-image-preview:large, max-video-preview:-1\" \/>\n<link rel=\"canonical\" href=\"http:\/\/www.icon-icon.com\/en\/produit\/lamborghini-les-monstres-sacres-a-moteurs-v12\/\" \/>\n<meta property=\"og:locale\" content=\"en_US\" \/>\n<meta property=\"og:type\" content=\"article\" \/>\n<meta property=\"og:title\" content=\"Lamborghini, les monstres sacr\u00e9s \u00e0 moteurs V12 - ICON-ICON\" \/>\n<meta property=\"og:description\" content=\"Author: Serge Bellu  Publishing House: Gl\u00e9nat  Publication Date: November 2020  When luxury cars rhyme with excess. Lamborghini is undoubtedly one of the most distinctive brands in the world. For over fifty years, it has represented exceptional cars, extreme performance and excess. This book proposes to discover the most extraordinary models of the brand: the berlinettes equippedwith twelve-cylinder engines. This selection includes a prodigious lineage of grand touring cars thatspans five generations. Each generation has given birth to exclusive variants that are now among the most sought-after &quot;supercars&quot; in the history of the automobile. The Miura, the Countach, the Diablo, the Murci\u00e9lago and finally the Aventador are these extraordinary models, which can be called &quot;supercars&quot;, ultra-sporty cars with extreme performance and high prices. Each model is described in detail in terms of style and technical features, complemented by revelations about their specificgenesis.\u00a0In addition, nearly 150 archival photos wonderfully reflect the spirit of the various erasrepresented.\" \/>\n<meta property=\"og:url\" content=\"http:\/\/www.icon-icon.com\/en\/produit\/lamborghini-les-monstres-sacres-a-moteurs-v12\/\" \/>\n<meta property=\"og:site_name\" content=\"ICON-ICON\" \/>\n<meta property=\"og:image\" content=\"http:\/\/www.icon-icon.com\/wp-content\/uploads\/2021\/08\/61tbWYfhzL.jpg\" \/>\n\t<meta property=\"og:image:width\" content=\"600\" \/>\n\t<meta property=\"og:image:height\" content=\"786\" \/>\n\t<meta property=\"og:image:type\" content=\"image\/jpeg\" \/>\n<meta name=\"twitter:card\" content=\"summary_large_image\" \/>\n<script type=\"application\/ld+json\" class=\"yoast-schema-graph\">{\"@context\":\"https:\/\/schema.org\",\"@graph\":[{\"@type\":\"WebPage\",\"@id\":\"http:\/\/www.icon-icon.com\/en\/produit\/lamborghini-les-monstres-sacres-a-moteurs-v12\/\",\"url\":\"http:\/\/www.icon-icon.com\/en\/produit\/lamborghini-les-monstres-sacres-a-moteurs-v12\/\",\"name\":\"Lamborghini, les monstres sacr\u00e9s \u00e0 moteurs V12 - ICON-ICON\",\"isPartOf\":{\"@id\":\"https:\/\/www.icon-icon.com\/#website\"},\"primaryImageOfPage\":{\"@id\":\"http:\/\/www.icon-icon.com\/en\/produit\/lamborghini-les-monstres-sacres-a-moteurs-v12\/#primaryimage\"},\"image\":{\"@id\":\"http:\/\/www.icon-icon.com\/en\/produit\/lamborghini-les-monstres-sacres-a-moteurs-v12\/#primaryimage\"},\"thumbnailUrl\":\"https:\/\/www.icon-icon.com\/wp-content\/uploads\/2021\/08\/61tbWYfhzL.jpg\",\"datePublished\":\"2021-08-05T10:56:38+00:00\",\"breadcrumb\":{\"@id\":\"http:\/\/www.icon-icon.com\/en\/produit\/lamborghini-les-monstres-sacres-a-moteurs-v12\/#breadcrumb\"},\"inLanguage\":\"en-US\",\"potentialAction\":[{\"@type\":\"ReadAction\",\"target\":[\"http:\/\/www.icon-icon.com\/en\/produit\/lamborghini-les-monstres-sacres-a-moteurs-v12\/\"]}]},{\"@type\":\"ImageObject\",\"inLanguage\":\"en-US\",\"@id\":\"http:\/\/www.icon-icon.com\/en\/produit\/lamborghini-les-monstres-sacres-a-moteurs-v12\/#primaryimage\",\"url\":\"https:\/\/www.icon-icon.com\/wp-content\/uploads\/2021\/08\/61tbWYfhzL.jpg\",\"contentUrl\":\"https:\/\/www.icon-icon.com\/wp-content\/uploads\/2021\/08\/61tbWYfhzL.jpg\",\"width\":600,\"height\":786},{\"@type\":\"BreadcrumbList\",\"@id\":\"http:\/\/www.icon-icon.com\/en\/produit\/lamborghini-les-monstres-sacres-a-moteurs-v12\/#breadcrumb\",\"itemListElement\":[{\"@type\":\"ListItem\",\"position\":1,\"name\":\"Accueil\",\"item\":\"https:\/\/www.icon-icon.com\/en\/\"},{\"@type\":\"ListItem\",\"position\":2,\"name\":\"Shop\",\"item\":\"https:\/\/www.icon-icon.com\/en\/shop-2\/\"},{\"@type\":\"ListItem\",\"position\":3,\"name\":\"Lamborghini, les monstres sacr\u00e9s \u00e0 moteurs V12\"}]},{\"@type\":\"WebSite\",\"@id\":\"https:\/\/www.icon-icon.com\/#website\",\"url\":\"https:\/\/www.icon-icon.com\/\",\"name\":\"ICON-ICON\",\"description\":\"Luxury Stories\",\"potentialAction\":[{\"@type\":\"SearchAction\",\"target\":{\"@type\":\"EntryPoint\",\"urlTemplate\":\"https:\/\/www.icon-icon.com\/?s={search_term_string}\"},\"query-input\":{\"@type\":\"PropertyValueSpecification\",\"valueRequired\":true,\"valueName\":\"search_term_string\"}}],\"inLanguage\":\"en-US\"}]}<\/script>\n<!-- \/ Yoast SEO plugin. -->","yoast_head_json":{"title":"Lamborghini, les monstres sacr\u00e9s \u00e0 moteurs V12 - ICON-ICON","robots":{"index":"index","follow":"follow","max-snippet":"max-snippet:-1","max-image-preview":"max-image-preview:large","max-video-preview":"max-video-preview:-1"},"canonical":"http:\/\/www.icon-icon.com\/en\/produit\/lamborghini-les-monstres-sacres-a-moteurs-v12\/","og_locale":"en_US","og_type":"article","og_title":"Lamborghini, les monstres sacr\u00e9s \u00e0 moteurs V12 - ICON-ICON","og_description":"Author: Serge Bellu  Publishing House: Gl\u00e9nat  Publication Date: November 2020  When luxury cars rhyme with excess. Lamborghini is undoubtedly one of the most distinctive brands in the world. For over fifty years, it has represented exceptional cars, extreme performance and excess. This book proposes to discover the most extraordinary models of the brand: the berlinettes equippedwith twelve-cylinder engines. This selection includes a prodigious lineage of grand touring cars thatspans five generations. Each generation has given birth to exclusive variants that are now among the most sought-after \"supercars\" in the history of the automobile. The Miura, the Countach, the Diablo, the Murci\u00e9lago and finally the Aventador are these extraordinary models, which can be called \"supercars\", ultra-sporty cars with extreme performance and high prices. Each model is described in detail in terms of style and technical features, complemented by revelations about their specificgenesis.\u00a0In addition, nearly 150 archival photos wonderfully reflect the spirit of the various erasrepresented.","og_url":"http:\/\/www.icon-icon.com\/en\/produit\/lamborghini-les-monstres-sacres-a-moteurs-v12\/","og_site_name":"ICON-ICON","og_image":[{"width":600,"height":786,"url":"http:\/\/www.icon-icon.com\/wp-content\/uploads\/2021\/08\/61tbWYfhzL.jpg","type":"image\/jpeg"}],"twitter_card":"summary_large_image","schema":{"@context":"https:\/\/schema.org","@graph":[{"@type":"WebPage","@id":"http:\/\/www.icon-icon.com\/en\/produit\/lamborghini-les-monstres-sacres-a-moteurs-v12\/","url":"http:\/\/www.icon-icon.com\/en\/produit\/lamborghini-les-monstres-sacres-a-moteurs-v12\/","name":"Lamborghini, les monstres sacr\u00e9s \u00e0 moteurs V12 - ICON-ICON","isPartOf":{"@id":"https:\/\/www.icon-icon.com\/#website"},"primaryImageOfPage":{"@id":"http:\/\/www.icon-icon.com\/en\/produit\/lamborghini-les-monstres-sacres-a-moteurs-v12\/#primaryimage"},"image":{"@id":"http:\/\/www.icon-icon.com\/en\/produit\/lamborghini-les-monstres-sacres-a-moteurs-v12\/#primaryimage"},"thumbnailUrl":"https:\/\/www.icon-icon.com\/wp-content\/uploads\/2021\/08\/61tbWYfhzL.jpg","datePublished":"2021-08-05T10:56:38+00:00","breadcrumb":{"@id":"http:\/\/www.icon-icon.com\/en\/produit\/lamborghini-les-monstres-sacres-a-moteurs-v12\/#breadcrumb"},"inLanguage":"en-US","potentialAction":[{"@type":"ReadAction","target":["http:\/\/www.icon-icon.com\/en\/produit\/lamborghini-les-monstres-sacres-a-moteurs-v12\/"]}]},{"@type":"ImageObject","inLanguage":"en-US","@id":"http:\/\/www.icon-icon.com\/en\/produit\/lamborghini-les-monstres-sacres-a-moteurs-v12\/#primaryimage","url":"https:\/\/www.icon-icon.com\/wp-content\/uploads\/2021\/08\/61tbWYfhzL.jpg","contentUrl":"https:\/\/www.icon-icon.com\/wp-content\/uploads\/2021\/08\/61tbWYfhzL.jpg","width":600,"height":786},{"@type":"BreadcrumbList","@id":"http:\/\/www.icon-icon.com\/en\/produit\/lamborghini-les-monstres-sacres-a-moteurs-v12\/#breadcrumb","itemListElement":[{"@type":"ListItem","position":1,"name":"Accueil","item":"https:\/\/www.icon-icon.com\/en\/"},{"@type":"ListItem","position":2,"name":"Shop","item":"https:\/\/www.icon-icon.com\/en\/shop-2\/"},{"@type":"ListItem","position":3,"name":"Lamborghini, les monstres sacr\u00e9s \u00e0 moteurs V12"}]},{"@type":"WebSite","@id":"https:\/\/www.icon-icon.com\/#website","url":"https:\/\/www.icon-icon.com\/","name":"ICON-ICON","description":"Luxury Stories","potentialAction":[{"@type":"SearchAction","target":{"@type":"EntryPoint","urlTemplate":"https:\/\/www.icon-icon.com\/?s={search_term_string}"},"query-input":{"@type":"PropertyValueSpecification","valueRequired":true,"valueName":"search_term_string"}}],"inLanguage":"en-US"}]}},"_links":{"self":[{"href":"https:\/\/www.icon-icon.com\/en\/wp-json\/wp\/v2\/product\/52375","targetHints":{"allow":["GET"]}}],"collection":[{"href":"https:\/\/www.icon-icon.com\/en\/wp-json\/wp\/v2\/product"}],"about":[{"href":"https:\/\/www.icon-icon.com\/en\/wp-json\/wp\/v2\/types\/product"}],"wp:featuredmedia":[{"embeddable":true,"href":"https:\/\/www.icon-icon.com\/en\/wp-json\/wp\/v2\/media\/52076"}],"wp:attachment":[{"href":"https:\/\/www.icon-icon.com\/en\/wp-json\/wp\/v2\/media?parent=52375"}],"wp:term":[{"taxonomy":"product_brand","embeddable":true,"href":"https:\/\/www.icon-icon.com\/en\/wp-json\/wp\/v2\/product_brand?post=52375"},{"taxonomy":"product_cat","embeddable":true,"href":"https:\/\/www.icon-icon.com\/en\/wp-json\/wp\/v2\/product_cat?post=52375"},{"taxonomy":"product_tag","embeddable":true,"href":"https:\/\/www.icon-icon.com\/en\/wp-json\/wp\/v2\/product_tag?post=52375"}],"curies":[{"name":"wp","href":"https:\/\/api.w.org\/{rel}","templated":true}]}}