


{"id":52318,"date":"2021-09-12T13:30:52","date_gmt":"2021-11-19T14:27:14","guid":{"rendered":"https:\/\/www.icon-icon.com\/?post_type=product&#038;p=52318"},"modified":"2022-07-11T16:04:24","modified_gmt":"2022-07-11T14:04:24","slug":"mert-alas-and-marcus-piggott-3","status":"publish","type":"product","link":"https:\/\/www.icon-icon.com\/en\/produit\/mert-alas-and-marcus-piggott-3\/","title":{"rendered":"Mert Alas and Marcus Piggott"},"content":{"rendered":"","protected":false},"excerpt":{"rendered":"<p><b>Author<\/b>: Charlotte Cotton<\/p>\n<p><b>Publication Date<\/b>: 25 July 2018<\/p>\n<p><b>Publishing House<\/b>: TASCHEN<\/p>\n<p>Turkey-born Mert Alas and Wales-born Marcus Piggott met in 1994 at a party on a pier in Hastings, England. Piggott asked Alas a fire, the two began to chat, and quickly discovered a lot in common, including a love for fashion. Three years later, the duo now known as Mert &amp; Marcus moved into a dilapidated East London loft converted into a studio and sold their first collaborative work to Dazed &amp; Confused magazine.Today Mert and Marcus are shaping the global image of houses as renowned as Giorgio Armani, Roberto Cavalli, Fendi, Miu Miu, Gucci, Yves Saint Laurent, Givenchy and Lanc\u00f4me, and celebrities including Lady Gaga, Madonna, Jennifer Lopez, Linda Evangelista, Gisele B\u00fcndchen, Bj\u00f6rk, Angelina Jolie and Rihanna. Their photographs display a wide range of styles and influences, but are particularly known for their digital processing and the fascination they express for strong female subjects, which exude confidence and erotic power, \u201cpowerful women, women who mean something, women of the type no-need-to-say-or-do-too-much-to-tell-who-I-am \u201d.Transforming our famous Collector&#8217;s Edition into a compact and accessible book, this collection explores the unique vision of a creative pair who continues to redefine the standards in terms of charm, fashion and luxury. Some 300 images from Mert and Marcus&#8217; spirited portfolio are accompanied by an introduction by Charlotte Cotton.Originally published as a TASCHEN Collector&#8217;s Edition, now available in a compact and accessible edition!<\/p>\n","protected":false},"featured_media":60881,"template":"","meta":{"_acf_changed":false},"product_brand":[],"product_cat":[21562,22973,21724,21732,25037],"product_tag":[],"class_list":{"0":"post-52318","1":"product","2":"type-product","3":"status-publish","4":"has-post-thumbnail","6":"product_cat-books","7":"product_cat-culture-and-technology","8":"product_cat-design-and-art-selection","9":"product_cat-iconic-photographers-selection","10":"product_cat-mode-et-art-en","12":"first","13":"instock","14":"product-type-external"},"acf":[],"yoast_head":"<!-- This site is optimized with the Yoast SEO plugin v27.2 - https:\/\/yoast.com\/product\/yoast-seo-wordpress\/ -->\n<title>Mert Alas and Marcus Piggott - ICON-ICON<\/title>\n<meta name=\"robots\" content=\"index, follow, max-snippet:-1, max-image-preview:large, max-video-preview:-1\" \/>\n<link rel=\"canonical\" href=\"http:\/\/www.icon-icon.com\/en\/produit\/mert-alas-and-marcus-piggott-3\/\" \/>\n<meta property=\"og:locale\" content=\"en_US\" \/>\n<meta property=\"og:type\" content=\"article\" \/>\n<meta property=\"og:title\" content=\"Mert Alas and Marcus Piggott - ICON-ICON\" \/>\n<meta property=\"og:description\" content=\"Author: Charlotte Cotton  Publication Date: 25 July 2018  Publishing House: TASCHEN  Turkey-born Mert Alas and Wales-born Marcus Piggott met in 1994 at a party on a pier in Hastings, England. Piggott asked Alas a fire, the two began to chat, and quickly discovered a lot in common, including a love for fashion. Three years later, the duo now known as Mert &amp; Marcus moved into a dilapidated East London loft converted into a studio and sold their first collaborative work to Dazed &amp; Confused magazine.Today Mert and Marcus are shaping the global image of houses as renowned as Giorgio Armani, Roberto Cavalli, Fendi, Miu Miu, Gucci, Yves Saint Laurent, Givenchy and Lanc\u00f4me, and celebrities including Lady Gaga, Madonna, Jennifer Lopez, Linda Evangelista, Gisele B\u00fcndchen, Bj\u00f6rk, Angelina Jolie and Rihanna. Their photographs display a wide range of styles and influences, but are particularly known for their digital processing and the fascination they express for strong female subjects, which exude confidence and erotic power, \u201cpowerful women, women who mean something, women of the type no-need-to-say-or-do-too-much-to-tell-who-I-am \u201d.Transforming our famous Collector&#039;s Edition into a compact and accessible book, this collection explores the unique vision of a creative pair who continues to redefine the standards in terms of charm, fashion and luxury. Some 300 images from Mert and Marcus&#039; spirited portfolio are accompanied by an introduction by Charlotte Cotton.Originally published as a TASCHEN Collector&#039;s Edition, now available in a compact and accessible edition!\" \/>\n<meta property=\"og:url\" content=\"http:\/\/www.icon-icon.com\/en\/produit\/mert-alas-and-marcus-piggott-3\/\" \/>\n<meta property=\"og:site_name\" content=\"ICON-ICON\" \/>\n<meta property=\"article:modified_time\" content=\"2022-07-11T14:04:24+00:00\" \/>\n<meta property=\"og:image\" content=\"http:\/\/www.icon-icon.com\/wp-content\/uploads\/2021\/09\/Mart-Alas.jpg\" \/>\n\t<meta property=\"og:image:width\" content=\"388\" \/>\n\t<meta property=\"og:image:height\" content=\"388\" \/>\n\t<meta property=\"og:image:type\" content=\"image\/jpeg\" \/>\n<meta name=\"twitter:card\" content=\"summary_large_image\" \/>\n<script type=\"application\/ld+json\" class=\"yoast-schema-graph\">{\"@context\":\"https:\/\/schema.org\",\"@graph\":[{\"@type\":\"WebPage\",\"@id\":\"http:\/\/www.icon-icon.com\/en\/produit\/mert-alas-and-marcus-piggott-3\/\",\"url\":\"http:\/\/www.icon-icon.com\/en\/produit\/mert-alas-and-marcus-piggott-3\/\",\"name\":\"Mert Alas and Marcus Piggott - ICON-ICON\",\"isPartOf\":{\"@id\":\"https:\/\/www.icon-icon.com\/#website\"},\"primaryImageOfPage\":{\"@id\":\"http:\/\/www.icon-icon.com\/en\/produit\/mert-alas-and-marcus-piggott-3\/#primaryimage\"},\"image\":{\"@id\":\"http:\/\/www.icon-icon.com\/en\/produit\/mert-alas-and-marcus-piggott-3\/#primaryimage\"},\"thumbnailUrl\":\"https:\/\/www.icon-icon.com\/wp-content\/uploads\/2021\/09\/Mart-Alas.jpg\",\"datePublished\":\"2021-11-19T14:27:14+00:00\",\"dateModified\":\"2022-07-11T14:04:24+00:00\",\"breadcrumb\":{\"@id\":\"http:\/\/www.icon-icon.com\/en\/produit\/mert-alas-and-marcus-piggott-3\/#breadcrumb\"},\"inLanguage\":\"en-US\",\"potentialAction\":[{\"@type\":\"ReadAction\",\"target\":[\"http:\/\/www.icon-icon.com\/en\/produit\/mert-alas-and-marcus-piggott-3\/\"]}]},{\"@type\":\"ImageObject\",\"inLanguage\":\"en-US\",\"@id\":\"http:\/\/www.icon-icon.com\/en\/produit\/mert-alas-and-marcus-piggott-3\/#primaryimage\",\"url\":\"https:\/\/www.icon-icon.com\/wp-content\/uploads\/2021\/09\/Mart-Alas.jpg\",\"contentUrl\":\"https:\/\/www.icon-icon.com\/wp-content\/uploads\/2021\/09\/Mart-Alas.jpg\",\"width\":388,\"height\":388},{\"@type\":\"BreadcrumbList\",\"@id\":\"http:\/\/www.icon-icon.com\/en\/produit\/mert-alas-and-marcus-piggott-3\/#breadcrumb\",\"itemListElement\":[{\"@type\":\"ListItem\",\"position\":1,\"name\":\"Accueil\",\"item\":\"https:\/\/www.icon-icon.com\/en\/\"},{\"@type\":\"ListItem\",\"position\":2,\"name\":\"Shop\",\"item\":\"https:\/\/www.icon-icon.com\/en\/shop-2\/\"},{\"@type\":\"ListItem\",\"position\":3,\"name\":\"Mert Alas and Marcus Piggott\"}]},{\"@type\":\"WebSite\",\"@id\":\"https:\/\/www.icon-icon.com\/#website\",\"url\":\"https:\/\/www.icon-icon.com\/\",\"name\":\"ICON-ICON\",\"description\":\"Luxury Stories\",\"potentialAction\":[{\"@type\":\"SearchAction\",\"target\":{\"@type\":\"EntryPoint\",\"urlTemplate\":\"https:\/\/www.icon-icon.com\/?s={search_term_string}\"},\"query-input\":{\"@type\":\"PropertyValueSpecification\",\"valueRequired\":true,\"valueName\":\"search_term_string\"}}],\"inLanguage\":\"en-US\"}]}<\/script>\n<!-- \/ Yoast SEO plugin. -->","yoast_head_json":{"title":"Mert Alas and Marcus Piggott - ICON-ICON","robots":{"index":"index","follow":"follow","max-snippet":"max-snippet:-1","max-image-preview":"max-image-preview:large","max-video-preview":"max-video-preview:-1"},"canonical":"http:\/\/www.icon-icon.com\/en\/produit\/mert-alas-and-marcus-piggott-3\/","og_locale":"en_US","og_type":"article","og_title":"Mert Alas and Marcus Piggott - ICON-ICON","og_description":"Author: Charlotte Cotton  Publication Date: 25 July 2018  Publishing House: TASCHEN  Turkey-born Mert Alas and Wales-born Marcus Piggott met in 1994 at a party on a pier in Hastings, England. Piggott asked Alas a fire, the two began to chat, and quickly discovered a lot in common, including a love for fashion. Three years later, the duo now known as Mert &amp; Marcus moved into a dilapidated East London loft converted into a studio and sold their first collaborative work to Dazed &amp; Confused magazine.Today Mert and Marcus are shaping the global image of houses as renowned as Giorgio Armani, Roberto Cavalli, Fendi, Miu Miu, Gucci, Yves Saint Laurent, Givenchy and Lanc\u00f4me, and celebrities including Lady Gaga, Madonna, Jennifer Lopez, Linda Evangelista, Gisele B\u00fcndchen, Bj\u00f6rk, Angelina Jolie and Rihanna. Their photographs display a wide range of styles and influences, but are particularly known for their digital processing and the fascination they express for strong female subjects, which exude confidence and erotic power, \u201cpowerful women, women who mean something, women of the type no-need-to-say-or-do-too-much-to-tell-who-I-am \u201d.Transforming our famous Collector's Edition into a compact and accessible book, this collection explores the unique vision of a creative pair who continues to redefine the standards in terms of charm, fashion and luxury. Some 300 images from Mert and Marcus' spirited portfolio are accompanied by an introduction by Charlotte Cotton.Originally published as a TASCHEN Collector's Edition, now available in a compact and accessible edition!","og_url":"http:\/\/www.icon-icon.com\/en\/produit\/mert-alas-and-marcus-piggott-3\/","og_site_name":"ICON-ICON","article_modified_time":"2022-07-11T14:04:24+00:00","og_image":[{"width":388,"height":388,"url":"http:\/\/www.icon-icon.com\/wp-content\/uploads\/2021\/09\/Mart-Alas.jpg","type":"image\/jpeg"}],"twitter_card":"summary_large_image","schema":{"@context":"https:\/\/schema.org","@graph":[{"@type":"WebPage","@id":"http:\/\/www.icon-icon.com\/en\/produit\/mert-alas-and-marcus-piggott-3\/","url":"http:\/\/www.icon-icon.com\/en\/produit\/mert-alas-and-marcus-piggott-3\/","name":"Mert Alas and Marcus Piggott - ICON-ICON","isPartOf":{"@id":"https:\/\/www.icon-icon.com\/#website"},"primaryImageOfPage":{"@id":"http:\/\/www.icon-icon.com\/en\/produit\/mert-alas-and-marcus-piggott-3\/#primaryimage"},"image":{"@id":"http:\/\/www.icon-icon.com\/en\/produit\/mert-alas-and-marcus-piggott-3\/#primaryimage"},"thumbnailUrl":"https:\/\/www.icon-icon.com\/wp-content\/uploads\/2021\/09\/Mart-Alas.jpg","datePublished":"2021-11-19T14:27:14+00:00","dateModified":"2022-07-11T14:04:24+00:00","breadcrumb":{"@id":"http:\/\/www.icon-icon.com\/en\/produit\/mert-alas-and-marcus-piggott-3\/#breadcrumb"},"inLanguage":"en-US","potentialAction":[{"@type":"ReadAction","target":["http:\/\/www.icon-icon.com\/en\/produit\/mert-alas-and-marcus-piggott-3\/"]}]},{"@type":"ImageObject","inLanguage":"en-US","@id":"http:\/\/www.icon-icon.com\/en\/produit\/mert-alas-and-marcus-piggott-3\/#primaryimage","url":"https:\/\/www.icon-icon.com\/wp-content\/uploads\/2021\/09\/Mart-Alas.jpg","contentUrl":"https:\/\/www.icon-icon.com\/wp-content\/uploads\/2021\/09\/Mart-Alas.jpg","width":388,"height":388},{"@type":"BreadcrumbList","@id":"http:\/\/www.icon-icon.com\/en\/produit\/mert-alas-and-marcus-piggott-3\/#breadcrumb","itemListElement":[{"@type":"ListItem","position":1,"name":"Accueil","item":"https:\/\/www.icon-icon.com\/en\/"},{"@type":"ListItem","position":2,"name":"Shop","item":"https:\/\/www.icon-icon.com\/en\/shop-2\/"},{"@type":"ListItem","position":3,"name":"Mert Alas and Marcus Piggott"}]},{"@type":"WebSite","@id":"https:\/\/www.icon-icon.com\/#website","url":"https:\/\/www.icon-icon.com\/","name":"ICON-ICON","description":"Luxury Stories","potentialAction":[{"@type":"SearchAction","target":{"@type":"EntryPoint","urlTemplate":"https:\/\/www.icon-icon.com\/?s={search_term_string}"},"query-input":{"@type":"PropertyValueSpecification","valueRequired":true,"valueName":"search_term_string"}}],"inLanguage":"en-US"}]}},"_links":{"self":[{"href":"https:\/\/www.icon-icon.com\/en\/wp-json\/wp\/v2\/product\/52318","targetHints":{"allow":["GET"]}}],"collection":[{"href":"https:\/\/www.icon-icon.com\/en\/wp-json\/wp\/v2\/product"}],"about":[{"href":"https:\/\/www.icon-icon.com\/en\/wp-json\/wp\/v2\/types\/product"}],"wp:featuredmedia":[{"embeddable":true,"href":"https:\/\/www.icon-icon.com\/en\/wp-json\/wp\/v2\/media\/60881"}],"wp:attachment":[{"href":"https:\/\/www.icon-icon.com\/en\/wp-json\/wp\/v2\/media?parent=52318"}],"wp:term":[{"taxonomy":"product_brand","embeddable":true,"href":"https:\/\/www.icon-icon.com\/en\/wp-json\/wp\/v2\/product_brand?post=52318"},{"taxonomy":"product_cat","embeddable":true,"href":"https:\/\/www.icon-icon.com\/en\/wp-json\/wp\/v2\/product_cat?post=52318"},{"taxonomy":"product_tag","embeddable":true,"href":"https:\/\/www.icon-icon.com\/en\/wp-json\/wp\/v2\/product_tag?post=52318"}],"curies":[{"name":"wp","href":"https:\/\/api.w.org\/{rel}","templated":true}]}}